{"id":5169,"date":"2019-03-29T17:41:38","date_gmt":"2019-03-29T17:41:38","guid":{"rendered":"https:\/\/www.americanrider.eu\/product\/daytona-bike-week-eeuu\/"},"modified":"2019-03-29T17:41:44","modified_gmt":"2019-03-29T17:41:44","slug":"daytona-bike-week-eeuu","status":"publish","type":"product","link":"https:\/\/www.americanrider.net\/es\/producto\/daytona-bike-week-eeuu\/","title":{"rendered":"Daytona Bike Week (EEUU)"},"content":{"rendered":"<p>El gran padre de todos los eventos es la Semana de la Motocicleta de Daytona! En el mundo del motociclismo, ning\u00fan otro evento es m\u00e1s reconocido o esperado que este. Los jefes de motor de todo el mundo asisten para participar en esta celebraci\u00f3n americana de la libertad y la gran herencia de motocicletas estadounidense que es Harley-Davidson. Un evento que atrae a m\u00e1s de 100,000 motocicletas de carretera es realmente algo para presenciar. Este gran volumen de asistencia tambi\u00e9n atrae a fabricantes de todo lo relacionado con las motocicletas de todo el mundo. Nombres como HONDA y los cuatro grandes japoneses, Ducati, BMW, Victory Motorcycles y muchos otros, muestran por primera vez sus nuevos modelos y productos. Arlen Ness, O.C.C Inc., Bourget, Big Dog, Chica, Eddy Trotta, Jessy James, son algunos de los nombres m\u00e1s importantes presentes en el mercado de motocicletas personalizadas. El esp\u00edritu y la tradici\u00f3n de Harley-Davidson a lo largo de este evento son impresionantes. Los rugidos de estas motocicletas v-twin americanas se extienden por el bulevar principal de Daytona y en toda el \u00e1rea. Durante su visita, aproveche la oportunidad de montar en la misma playa de Daytona. Conocida por sus 26 millas de arena plana y compacta que fue el lugar de nacimiento de la herencia de carreras de Daytona. \u00a1Hay que hacerlo! \u00a1Este no puede faltar!<\/p>\n","protected":false},"excerpt":{"rendered":"<div style=\"font-family: 'Teko', sans-serif; font-size: 50px; font-weight: bold; line-height: 40px;\">Daytona Bike Week (EEUU)<\/div>\n<p><strong>Duraci\u00f3n: (5 a 9 d\u00edas)<\/strong><\/p>\n[maxbutton id=\"4\"]\n","protected":false},"featured_media":3712,"comment_status":"closed","ping_status":"closed","template":"","meta":[],"product_brand":[],"product_cat":[132],"product_tag":[],"class_list":{"0":"post-5169","1":"product","2":"type-product","3":"status-publish","4":"has-post-thumbnail","6":"product_cat-eventos","8":"first","9":"instock","10":"taxable","11":"shipping-taxable","12":"product-type-simple"},"yoast_head":"<!-- This site is optimized with the Yoast SEO plugin v25.5 - https:\/\/yoast.com\/wordpress\/plugins\/seo\/ -->\n<title>Daytona Bike Week (EEUU) - American Rider<\/title>\n<meta name=\"description\" content=\"Vamos a visitar la semana de motos de Daytona con American Rider. M\u00e1s de una semana con el festival m\u00e1s reconocido y esperado del mundo de la motocicleta. \u00a1Este no puede faltar!\" \/>\n<meta name=\"robots\" content=\"index, follow, max-snippet:-1, max-image-preview:large, max-video-preview:-1\" \/>\n<link rel=\"canonical\" href=\"https:\/\/www.americanrider.net\/es\/producto\/daytona-bike-week-eeuu\/\" \/>\n<meta property=\"og:locale\" content=\"es_ES\" \/>\n<meta property=\"og:type\" content=\"article\" \/>\n<meta property=\"og:title\" content=\"Daytona Bike Week (EEUU) - American Rider\" \/>\n<meta property=\"og:description\" content=\"Vamos a visitar la semana de motos de Daytona con American Rider. M\u00e1s de una semana con el festival m\u00e1s reconocido y esperado del mundo de la motocicleta. \u00a1Este no puede faltar!\" \/>\n<meta property=\"og:url\" content=\"https:\/\/www.americanrider.net\/es\/producto\/daytona-bike-week-eeuu\/\" \/>\n<meta property=\"og:site_name\" content=\"American Rider\" \/>\n<meta property=\"article:modified_time\" content=\"2019-03-29T17:41:44+00:00\" \/>\n<meta property=\"og:image\" content=\"https:\/\/www.americanrider.net\/wp-content\/uploads\/2019\/03\/00-events-daytona.jpg\" \/>\n\t<meta property=\"og:image:width\" content=\"1024\" \/>\n\t<meta property=\"og:image:height\" content=\"768\" \/>\n\t<meta property=\"og:image:type\" content=\"image\/jpeg\" \/>\n<meta name=\"twitter:card\" content=\"summary_large_image\" \/>\n<meta name=\"twitter:label1\" content=\"Tiempo de lectura\" \/>\n\t<meta name=\"twitter:data1\" content=\"1 minuto\" \/>\n<script type=\"application\/ld+json\" class=\"yoast-schema-graph\">{\"@context\":\"https:\/\/schema.org\",\"@graph\":[{\"@type\":\"WebPage\",\"@id\":\"https:\/\/www.americanrider.net\/es\/producto\/daytona-bike-week-eeuu\/\",\"url\":\"https:\/\/www.americanrider.net\/es\/producto\/daytona-bike-week-eeuu\/\",\"name\":\"Daytona Bike Week (EEUU) - American Rider\",\"isPartOf\":{\"@id\":\"https:\/\/www.americanrider.net\/es\/#website\"},\"primaryImageOfPage\":{\"@id\":\"https:\/\/www.americanrider.net\/es\/producto\/daytona-bike-week-eeuu\/#primaryimage\"},\"image\":{\"@id\":\"https:\/\/www.americanrider.net\/es\/producto\/daytona-bike-week-eeuu\/#primaryimage\"},\"thumbnailUrl\":\"https:\/\/www.americanrider.net\/wp-content\/uploads\/2019\/03\/00-events-daytona.jpg\",\"datePublished\":\"2019-03-29T17:41:38+00:00\",\"dateModified\":\"2019-03-29T17:41:44+00:00\",\"description\":\"Vamos a visitar la semana de motos de Daytona con American Rider. M\u00e1s de una semana con el festival m\u00e1s reconocido y esperado del mundo de la motocicleta. \u00a1Este no puede faltar!\",\"breadcrumb\":{\"@id\":\"https:\/\/www.americanrider.net\/es\/producto\/daytona-bike-week-eeuu\/#breadcrumb\"},\"inLanguage\":\"es\",\"potentialAction\":[{\"@type\":\"ReadAction\",\"target\":[\"https:\/\/www.americanrider.net\/es\/producto\/daytona-bike-week-eeuu\/\"]}]},{\"@type\":\"ImageObject\",\"inLanguage\":\"es\",\"@id\":\"https:\/\/www.americanrider.net\/es\/producto\/daytona-bike-week-eeuu\/#primaryimage\",\"url\":\"https:\/\/www.americanrider.net\/wp-content\/uploads\/2019\/03\/00-events-daytona.jpg\",\"contentUrl\":\"https:\/\/www.americanrider.net\/wp-content\/uploads\/2019\/03\/00-events-daytona.jpg\",\"width\":1024,\"height\":768,\"caption\":\"Daytona Event\"},{\"@type\":\"BreadcrumbList\",\"@id\":\"https:\/\/www.americanrider.net\/es\/producto\/daytona-bike-week-eeuu\/#breadcrumb\",\"itemListElement\":[{\"@type\":\"ListItem\",\"position\":1,\"name\":\"Home\",\"item\":\"https:\/\/www.americanrider.net\/es\/\"},{\"@type\":\"ListItem\",\"position\":2,\"name\":\"Tienda\",\"item\":\"https:\/\/www.americanrider.net\/es\/tienda\/\"},{\"@type\":\"ListItem\",\"position\":3,\"name\":\"Daytona Bike Week (EEUU)\"}]},{\"@type\":\"WebSite\",\"@id\":\"https:\/\/www.americanrider.net\/es\/#website\",\"url\":\"https:\/\/www.americanrider.net\/es\/\",\"name\":\"American Rider\",\"description\":\"Motorcycle Rentals and Tours\",\"publisher\":{\"@id\":\"https:\/\/www.americanrider.net\/es\/#organization\"},\"potentialAction\":[{\"@type\":\"SearchAction\",\"target\":{\"@type\":\"EntryPoint\",\"urlTemplate\":\"https:\/\/www.americanrider.net\/es\/?s={search_term_string}\"},\"query-input\":{\"@type\":\"PropertyValueSpecification\",\"valueRequired\":true,\"valueName\":\"search_term_string\"}}],\"inLanguage\":\"es\"},{\"@type\":\"Organization\",\"@id\":\"https:\/\/www.americanrider.net\/es\/#organization\",\"name\":\"American Rider\",\"url\":\"https:\/\/www.americanrider.net\/es\/\",\"logo\":{\"@type\":\"ImageObject\",\"inLanguage\":\"es\",\"@id\":\"https:\/\/www.americanrider.net\/es\/#\/schema\/logo\/image\/\",\"url\":\"https:\/\/www.americanrider.net\/wp-content\/uploads\/2018\/05\/logo-american-rider.png\",\"contentUrl\":\"https:\/\/www.americanrider.net\/wp-content\/uploads\/2018\/05\/logo-american-rider.png\",\"width\":694,\"height\":184,\"caption\":\"American Rider\"},\"image\":{\"@id\":\"https:\/\/www.americanrider.net\/es\/#\/schema\/logo\/image\/\"}}]}<\/script>\n<!-- \/ Yoast SEO plugin. -->","yoast_head_json":{"title":"Daytona Bike Week (EEUU) - American Rider","description":"Vamos a visitar la semana de motos de Daytona con American Rider. M\u00e1s de una semana con el festival m\u00e1s reconocido y esperado del mundo de la motocicleta. \u00a1Este no puede faltar!","robots":{"index":"index","follow":"follow","max-snippet":"max-snippet:-1","max-image-preview":"max-image-preview:large","max-video-preview":"max-video-preview:-1"},"canonical":"https:\/\/www.americanrider.net\/es\/producto\/daytona-bike-week-eeuu\/","og_locale":"es_ES","og_type":"article","og_title":"Daytona Bike Week (EEUU) - American Rider","og_description":"Vamos a visitar la semana de motos de Daytona con American Rider. M\u00e1s de una semana con el festival m\u00e1s reconocido y esperado del mundo de la motocicleta. \u00a1Este no puede faltar!","og_url":"https:\/\/www.americanrider.net\/es\/producto\/daytona-bike-week-eeuu\/","og_site_name":"American Rider","article_modified_time":"2019-03-29T17:41:44+00:00","og_image":[{"width":1024,"height":768,"url":"https:\/\/www.americanrider.net\/wp-content\/uploads\/2019\/03\/00-events-daytona.jpg","type":"image\/jpeg"}],"twitter_card":"summary_large_image","twitter_misc":{"Tiempo de lectura":"1 minuto"},"schema":{"@context":"https:\/\/schema.org","@graph":[{"@type":"WebPage","@id":"https:\/\/www.americanrider.net\/es\/producto\/daytona-bike-week-eeuu\/","url":"https:\/\/www.americanrider.net\/es\/producto\/daytona-bike-week-eeuu\/","name":"Daytona Bike Week (EEUU) - American Rider","isPartOf":{"@id":"https:\/\/www.americanrider.net\/es\/#website"},"primaryImageOfPage":{"@id":"https:\/\/www.americanrider.net\/es\/producto\/daytona-bike-week-eeuu\/#primaryimage"},"image":{"@id":"https:\/\/www.americanrider.net\/es\/producto\/daytona-bike-week-eeuu\/#primaryimage"},"thumbnailUrl":"https:\/\/www.americanrider.net\/wp-content\/uploads\/2019\/03\/00-events-daytona.jpg","datePublished":"2019-03-29T17:41:38+00:00","dateModified":"2019-03-29T17:41:44+00:00","description":"Vamos a visitar la semana de motos de Daytona con American Rider. M\u00e1s de una semana con el festival m\u00e1s reconocido y esperado del mundo de la motocicleta. \u00a1Este no puede faltar!","breadcrumb":{"@id":"https:\/\/www.americanrider.net\/es\/producto\/daytona-bike-week-eeuu\/#breadcrumb"},"inLanguage":"es","potentialAction":[{"@type":"ReadAction","target":["https:\/\/www.americanrider.net\/es\/producto\/daytona-bike-week-eeuu\/"]}]},{"@type":"ImageObject","inLanguage":"es","@id":"https:\/\/www.americanrider.net\/es\/producto\/daytona-bike-week-eeuu\/#primaryimage","url":"https:\/\/www.americanrider.net\/wp-content\/uploads\/2019\/03\/00-events-daytona.jpg","contentUrl":"https:\/\/www.americanrider.net\/wp-content\/uploads\/2019\/03\/00-events-daytona.jpg","width":1024,"height":768,"caption":"Daytona Event"},{"@type":"BreadcrumbList","@id":"https:\/\/www.americanrider.net\/es\/producto\/daytona-bike-week-eeuu\/#breadcrumb","itemListElement":[{"@type":"ListItem","position":1,"name":"Home","item":"https:\/\/www.americanrider.net\/es\/"},{"@type":"ListItem","position":2,"name":"Tienda","item":"https:\/\/www.americanrider.net\/es\/tienda\/"},{"@type":"ListItem","position":3,"name":"Daytona Bike Week (EEUU)"}]},{"@type":"WebSite","@id":"https:\/\/www.americanrider.net\/es\/#website","url":"https:\/\/www.americanrider.net\/es\/","name":"American Rider","description":"Motorcycle Rentals and Tours","publisher":{"@id":"https:\/\/www.americanrider.net\/es\/#organization"},"potentialAction":[{"@type":"SearchAction","target":{"@type":"EntryPoint","urlTemplate":"https:\/\/www.americanrider.net\/es\/?s={search_term_string}"},"query-input":{"@type":"PropertyValueSpecification","valueRequired":true,"valueName":"search_term_string"}}],"inLanguage":"es"},{"@type":"Organization","@id":"https:\/\/www.americanrider.net\/es\/#organization","name":"American Rider","url":"https:\/\/www.americanrider.net\/es\/","logo":{"@type":"ImageObject","inLanguage":"es","@id":"https:\/\/www.americanrider.net\/es\/#\/schema\/logo\/image\/","url":"https:\/\/www.americanrider.net\/wp-content\/uploads\/2018\/05\/logo-american-rider.png","contentUrl":"https:\/\/www.americanrider.net\/wp-content\/uploads\/2018\/05\/logo-american-rider.png","width":694,"height":184,"caption":"American Rider"},"image":{"@id":"https:\/\/www.americanrider.net\/es\/#\/schema\/logo\/image\/"}}]}},"_links":{"self":[{"href":"https:\/\/www.americanrider.net\/es\/wp-json\/wp\/v2\/product\/5169","targetHints":{"allow":["GET"]}}],"collection":[{"href":"https:\/\/www.americanrider.net\/es\/wp-json\/wp\/v2\/product"}],"about":[{"href":"https:\/\/www.americanrider.net\/es\/wp-json\/wp\/v2\/types\/product"}],"replies":[{"embeddable":true,"href":"https:\/\/www.americanrider.net\/es\/wp-json\/wp\/v2\/comments?post=5169"}],"version-history":[{"count":0,"href":"https:\/\/www.americanrider.net\/es\/wp-json\/wp\/v2\/product\/5169\/revisions"}],"wp:featuredmedia":[{"embeddable":true,"href":"https:\/\/www.americanrider.net\/es\/wp-json\/wp\/v2\/media\/3712"}],"wp:attachment":[{"href":"https:\/\/www.americanrider.net\/es\/wp-json\/wp\/v2\/media?parent=5169"}],"wp:term":[{"taxonomy":"product_brand","embeddable":true,"href":"https:\/\/www.americanrider.net\/es\/wp-json\/wp\/v2\/product_brand?post=5169"},{"taxonomy":"product_cat","embeddable":true,"href":"https:\/\/www.americanrider.net\/es\/wp-json\/wp\/v2\/product_cat?post=5169"},{"taxonomy":"product_tag","embeddable":true,"href":"https:\/\/www.americanrider.net\/es\/wp-json\/wp\/v2\/product_tag?post=5169"}],"curies":[{"name":"wp","href":"https:\/\/api.w.org\/{rel}","templated":true}]}}