{"id":5167,"date":"2019-03-29T17:36:44","date_gmt":"2019-03-29T17:36:44","guid":{"rendered":"https:\/\/www.americanrider.eu\/product\/gran-premio-de-jerez-espana\/"},"modified":"2019-03-29T17:36:48","modified_gmt":"2019-03-29T17:36:48","slug":"gran-premio-de-jerez-espana","status":"publish","type":"product","link":"https:\/\/www.americanrider.net\/es\/producto\/gran-premio-de-jerez-espana\/","title":{"rendered":"Gran Premio de Jerez (Espa\u00f1a)"},"content":{"rendered":"<p>El Gan Premio de Espa\u00f1a en el circuito de Jerez es un evento colorido que atrae a multitudes de masas de todas partes para ver a los mejores pilotos del mundo luchar por ser los primeros. El circuito de Jerez en el sur de Espa\u00f1a, bajo el sol de Andaluc\u00eda, fue construido en 1986. Organiz\u00f3 su primer Gran Premio un a\u00f1o despu\u00e9s y se ha mantenido en el calendario de MotoGP\u2122 desde entonces.<\/p>\n<p>Como naci\u00f3n, Espa\u00f1a ha producido algunos grandes pilotos a lo largo de los a\u00f1os. Son nombres como Angel Nieto, Ricardo Tormo, Sito Pons, Alex Criville y Jorge Mart\u00ednez \u00abAspar\u00bb. Los pilotos Jorge Lorenzo, Marc M\u00e1rquez, Dani Pedrosa y Maverick Vi\u00f1ales ahora contin\u00faan la historia del \u00e9xito espa\u00f1ol en la clase Premier.<\/p>\n","protected":false},"excerpt":{"rendered":"<div style=\"font-family: 'Teko', sans-serif; font-size: 50px; font-weight: bold; line-height: 40px;\">Gran Premio de Jerez (Espa\u00f1a)<\/div>\n<p><strong>Duraci\u00f3n: (5 a 7 d\u00edas)<\/strong><\/p>\n[maxbutton id=\"4\"]\n","protected":false},"featured_media":3727,"comment_status":"closed","ping_status":"closed","template":"","meta":[],"product_brand":[],"product_cat":[132],"product_tag":[],"class_list":{"0":"post-5167","1":"product","2":"type-product","3":"status-publish","4":"has-post-thumbnail","6":"product_cat-eventos","8":"first","9":"instock","10":"taxable","11":"shipping-taxable","12":"product-type-simple"},"yoast_head":"<!-- This site is optimized with the Yoast SEO plugin v25.5 - https:\/\/yoast.com\/wordpress\/plugins\/seo\/ -->\n<title>Gran Premio de Jerez (Espa\u00f1a) - American Rider<\/title>\n<meta name=\"description\" content=\"Vive el Gran Premio de Jerez (Espa\u00f1a) con American Rider. Un Gran Premio de motos en el sur de Espa\u00f1a donde disfrutar de todos sus pilotos favoritos.\" \/>\n<meta name=\"robots\" content=\"index, follow, max-snippet:-1, max-image-preview:large, max-video-preview:-1\" \/>\n<link rel=\"canonical\" href=\"https:\/\/www.americanrider.net\/es\/producto\/gran-premio-de-jerez-espana\/\" \/>\n<meta property=\"og:locale\" content=\"es_ES\" \/>\n<meta property=\"og:type\" content=\"article\" \/>\n<meta property=\"og:title\" content=\"Gran Premio de Jerez (Espa\u00f1a) - American Rider\" \/>\n<meta property=\"og:description\" content=\"Vive el Gran Premio de Jerez (Espa\u00f1a) con American Rider. Un Gran Premio de motos en el sur de Espa\u00f1a donde disfrutar de todos sus pilotos favoritos.\" \/>\n<meta property=\"og:url\" content=\"https:\/\/www.americanrider.net\/es\/producto\/gran-premio-de-jerez-espana\/\" \/>\n<meta property=\"og:site_name\" content=\"American Rider\" \/>\n<meta property=\"article:modified_time\" content=\"2019-03-29T17:36:48+00:00\" \/>\n<meta property=\"og:image\" content=\"https:\/\/www.americanrider.net\/wp-content\/uploads\/2019\/03\/00-events-premio-jerez.jpg\" \/>\n\t<meta property=\"og:image:width\" content=\"1024\" \/>\n\t<meta property=\"og:image:height\" content=\"768\" \/>\n\t<meta property=\"og:image:type\" content=\"image\/jpeg\" \/>\n<meta name=\"twitter:card\" content=\"summary_large_image\" \/>\n<meta name=\"twitter:label1\" content=\"Tiempo de lectura\" \/>\n\t<meta name=\"twitter:data1\" content=\"1 minuto\" \/>\n<script type=\"application\/ld+json\" class=\"yoast-schema-graph\">{\"@context\":\"https:\/\/schema.org\",\"@graph\":[{\"@type\":\"WebPage\",\"@id\":\"https:\/\/www.americanrider.net\/es\/producto\/gran-premio-de-jerez-espana\/\",\"url\":\"https:\/\/www.americanrider.net\/es\/producto\/gran-premio-de-jerez-espana\/\",\"name\":\"Gran Premio de Jerez (Espa\u00f1a) - American Rider\",\"isPartOf\":{\"@id\":\"https:\/\/www.americanrider.net\/es\/#website\"},\"primaryImageOfPage\":{\"@id\":\"https:\/\/www.americanrider.net\/es\/producto\/gran-premio-de-jerez-espana\/#primaryimage\"},\"image\":{\"@id\":\"https:\/\/www.americanrider.net\/es\/producto\/gran-premio-de-jerez-espana\/#primaryimage\"},\"thumbnailUrl\":\"https:\/\/www.americanrider.net\/wp-content\/uploads\/2019\/03\/00-events-premio-jerez.jpg\",\"datePublished\":\"2019-03-29T17:36:44+00:00\",\"dateModified\":\"2019-03-29T17:36:48+00:00\",\"description\":\"Vive el Gran Premio de Jerez (Espa\u00f1a) con American Rider. Un Gran Premio de motos en el sur de Espa\u00f1a donde disfrutar de todos sus pilotos favoritos.\",\"breadcrumb\":{\"@id\":\"https:\/\/www.americanrider.net\/es\/producto\/gran-premio-de-jerez-espana\/#breadcrumb\"},\"inLanguage\":\"es\",\"potentialAction\":[{\"@type\":\"ReadAction\",\"target\":[\"https:\/\/www.americanrider.net\/es\/producto\/gran-premio-de-jerez-espana\/\"]}]},{\"@type\":\"ImageObject\",\"inLanguage\":\"es\",\"@id\":\"https:\/\/www.americanrider.net\/es\/producto\/gran-premio-de-jerez-espana\/#primaryimage\",\"url\":\"https:\/\/www.americanrider.net\/wp-content\/uploads\/2019\/03\/00-events-premio-jerez.jpg\",\"contentUrl\":\"https:\/\/www.americanrider.net\/wp-content\/uploads\/2019\/03\/00-events-premio-jerez.jpg\",\"width\":1024,\"height\":768,\"caption\":\"Gran Premio de Jerez\"},{\"@type\":\"BreadcrumbList\",\"@id\":\"https:\/\/www.americanrider.net\/es\/producto\/gran-premio-de-jerez-espana\/#breadcrumb\",\"itemListElement\":[{\"@type\":\"ListItem\",\"position\":1,\"name\":\"Home\",\"item\":\"https:\/\/www.americanrider.net\/es\/\"},{\"@type\":\"ListItem\",\"position\":2,\"name\":\"Tienda\",\"item\":\"https:\/\/www.americanrider.net\/es\/tienda\/\"},{\"@type\":\"ListItem\",\"position\":3,\"name\":\"Gran Premio de Jerez (Espa\u00f1a)\"}]},{\"@type\":\"WebSite\",\"@id\":\"https:\/\/www.americanrider.net\/es\/#website\",\"url\":\"https:\/\/www.americanrider.net\/es\/\",\"name\":\"American Rider\",\"description\":\"Motorcycle Rentals and Tours\",\"publisher\":{\"@id\":\"https:\/\/www.americanrider.net\/es\/#organization\"},\"potentialAction\":[{\"@type\":\"SearchAction\",\"target\":{\"@type\":\"EntryPoint\",\"urlTemplate\":\"https:\/\/www.americanrider.net\/es\/?s={search_term_string}\"},\"query-input\":{\"@type\":\"PropertyValueSpecification\",\"valueRequired\":true,\"valueName\":\"search_term_string\"}}],\"inLanguage\":\"es\"},{\"@type\":\"Organization\",\"@id\":\"https:\/\/www.americanrider.net\/es\/#organization\",\"name\":\"American Rider\",\"url\":\"https:\/\/www.americanrider.net\/es\/\",\"logo\":{\"@type\":\"ImageObject\",\"inLanguage\":\"es\",\"@id\":\"https:\/\/www.americanrider.net\/es\/#\/schema\/logo\/image\/\",\"url\":\"https:\/\/www.americanrider.net\/wp-content\/uploads\/2018\/05\/logo-american-rider.png\",\"contentUrl\":\"https:\/\/www.americanrider.net\/wp-content\/uploads\/2018\/05\/logo-american-rider.png\",\"width\":694,\"height\":184,\"caption\":\"American Rider\"},\"image\":{\"@id\":\"https:\/\/www.americanrider.net\/es\/#\/schema\/logo\/image\/\"}}]}<\/script>\n<!-- \/ Yoast SEO plugin. -->","yoast_head_json":{"title":"Gran Premio de Jerez (Espa\u00f1a) - American Rider","description":"Vive el Gran Premio de Jerez (Espa\u00f1a) con American Rider. Un Gran Premio de motos en el sur de Espa\u00f1a donde disfrutar de todos sus pilotos favoritos.","robots":{"index":"index","follow":"follow","max-snippet":"max-snippet:-1","max-image-preview":"max-image-preview:large","max-video-preview":"max-video-preview:-1"},"canonical":"https:\/\/www.americanrider.net\/es\/producto\/gran-premio-de-jerez-espana\/","og_locale":"es_ES","og_type":"article","og_title":"Gran Premio de Jerez (Espa\u00f1a) - American Rider","og_description":"Vive el Gran Premio de Jerez (Espa\u00f1a) con American Rider. Un Gran Premio de motos en el sur de Espa\u00f1a donde disfrutar de todos sus pilotos favoritos.","og_url":"https:\/\/www.americanrider.net\/es\/producto\/gran-premio-de-jerez-espana\/","og_site_name":"American Rider","article_modified_time":"2019-03-29T17:36:48+00:00","og_image":[{"width":1024,"height":768,"url":"https:\/\/www.americanrider.net\/wp-content\/uploads\/2019\/03\/00-events-premio-jerez.jpg","type":"image\/jpeg"}],"twitter_card":"summary_large_image","twitter_misc":{"Tiempo de lectura":"1 minuto"},"schema":{"@context":"https:\/\/schema.org","@graph":[{"@type":"WebPage","@id":"https:\/\/www.americanrider.net\/es\/producto\/gran-premio-de-jerez-espana\/","url":"https:\/\/www.americanrider.net\/es\/producto\/gran-premio-de-jerez-espana\/","name":"Gran Premio de Jerez (Espa\u00f1a) - American Rider","isPartOf":{"@id":"https:\/\/www.americanrider.net\/es\/#website"},"primaryImageOfPage":{"@id":"https:\/\/www.americanrider.net\/es\/producto\/gran-premio-de-jerez-espana\/#primaryimage"},"image":{"@id":"https:\/\/www.americanrider.net\/es\/producto\/gran-premio-de-jerez-espana\/#primaryimage"},"thumbnailUrl":"https:\/\/www.americanrider.net\/wp-content\/uploads\/2019\/03\/00-events-premio-jerez.jpg","datePublished":"2019-03-29T17:36:44+00:00","dateModified":"2019-03-29T17:36:48+00:00","description":"Vive el Gran Premio de Jerez (Espa\u00f1a) con American Rider. Un Gran Premio de motos en el sur de Espa\u00f1a donde disfrutar de todos sus pilotos favoritos.","breadcrumb":{"@id":"https:\/\/www.americanrider.net\/es\/producto\/gran-premio-de-jerez-espana\/#breadcrumb"},"inLanguage":"es","potentialAction":[{"@type":"ReadAction","target":["https:\/\/www.americanrider.net\/es\/producto\/gran-premio-de-jerez-espana\/"]}]},{"@type":"ImageObject","inLanguage":"es","@id":"https:\/\/www.americanrider.net\/es\/producto\/gran-premio-de-jerez-espana\/#primaryimage","url":"https:\/\/www.americanrider.net\/wp-content\/uploads\/2019\/03\/00-events-premio-jerez.jpg","contentUrl":"https:\/\/www.americanrider.net\/wp-content\/uploads\/2019\/03\/00-events-premio-jerez.jpg","width":1024,"height":768,"caption":"Gran Premio de Jerez"},{"@type":"BreadcrumbList","@id":"https:\/\/www.americanrider.net\/es\/producto\/gran-premio-de-jerez-espana\/#breadcrumb","itemListElement":[{"@type":"ListItem","position":1,"name":"Home","item":"https:\/\/www.americanrider.net\/es\/"},{"@type":"ListItem","position":2,"name":"Tienda","item":"https:\/\/www.americanrider.net\/es\/tienda\/"},{"@type":"ListItem","position":3,"name":"Gran Premio de Jerez (Espa\u00f1a)"}]},{"@type":"WebSite","@id":"https:\/\/www.americanrider.net\/es\/#website","url":"https:\/\/www.americanrider.net\/es\/","name":"American Rider","description":"Motorcycle Rentals and Tours","publisher":{"@id":"https:\/\/www.americanrider.net\/es\/#organization"},"potentialAction":[{"@type":"SearchAction","target":{"@type":"EntryPoint","urlTemplate":"https:\/\/www.americanrider.net\/es\/?s={search_term_string}"},"query-input":{"@type":"PropertyValueSpecification","valueRequired":true,"valueName":"search_term_string"}}],"inLanguage":"es"},{"@type":"Organization","@id":"https:\/\/www.americanrider.net\/es\/#organization","name":"American Rider","url":"https:\/\/www.americanrider.net\/es\/","logo":{"@type":"ImageObject","inLanguage":"es","@id":"https:\/\/www.americanrider.net\/es\/#\/schema\/logo\/image\/","url":"https:\/\/www.americanrider.net\/wp-content\/uploads\/2018\/05\/logo-american-rider.png","contentUrl":"https:\/\/www.americanrider.net\/wp-content\/uploads\/2018\/05\/logo-american-rider.png","width":694,"height":184,"caption":"American Rider"},"image":{"@id":"https:\/\/www.americanrider.net\/es\/#\/schema\/logo\/image\/"}}]}},"_links":{"self":[{"href":"https:\/\/www.americanrider.net\/es\/wp-json\/wp\/v2\/product\/5167","targetHints":{"allow":["GET"]}}],"collection":[{"href":"https:\/\/www.americanrider.net\/es\/wp-json\/wp\/v2\/product"}],"about":[{"href":"https:\/\/www.americanrider.net\/es\/wp-json\/wp\/v2\/types\/product"}],"replies":[{"embeddable":true,"href":"https:\/\/www.americanrider.net\/es\/wp-json\/wp\/v2\/comments?post=5167"}],"version-history":[{"count":0,"href":"https:\/\/www.americanrider.net\/es\/wp-json\/wp\/v2\/product\/5167\/revisions"}],"wp:featuredmedia":[{"embeddable":true,"href":"https:\/\/www.americanrider.net\/es\/wp-json\/wp\/v2\/media\/3727"}],"wp:attachment":[{"href":"https:\/\/www.americanrider.net\/es\/wp-json\/wp\/v2\/media?parent=5167"}],"wp:term":[{"taxonomy":"product_brand","embeddable":true,"href":"https:\/\/www.americanrider.net\/es\/wp-json\/wp\/v2\/product_brand?post=5167"},{"taxonomy":"product_cat","embeddable":true,"href":"https:\/\/www.americanrider.net\/es\/wp-json\/wp\/v2\/product_cat?post=5167"},{"taxonomy":"product_tag","embeddable":true,"href":"https:\/\/www.americanrider.net\/es\/wp-json\/wp\/v2\/product_tag?post=5167"}],"curies":[{"name":"wp","href":"https:\/\/api.w.org\/{rel}","templated":true}]}}