{"id":5122,"date":"2019-02-28T15:43:08","date_gmt":"2019-03-29T16:17:07","guid":{"rendered":"https:\/\/www.americanrider.eu\/product\/harley-davidson-sportster-roadster-2\/"},"modified":"2019-04-02T13:02:07","modified_gmt":"2019-04-02T13:02:07","slug":"harley-davidson-sportster-roadster-2","status":"publish","type":"product","link":"https:\/\/www.americanrider.net\/es\/producto\/harley-davidson-sportster-roadster-2\/","title":{"rendered":"Harley Davidson Sportster Roadster"},"content":{"rendered":"<p>American Rider le ofrece este Harley Davidson Sportster Roadster para alquilar. Si quieres probar la sensaci\u00f3n de libertad de una Harley Davidson, \u00a1 <a href=\"https:\/\/www.americanrider.net\/es\/reservar-motocicleta-en-eeuu\/\">contrata esta moto ahora<\/a>! De hecho, esta es una motocicleta legendaria, ideal para ir en ruta. American Rider le ofrece los mejores precios y la seguridad de ser una de las mejores empresas en alquiler de motos.<\/p>\n<h4>La Harley-Davidson Sportster Roadster<\/h4>\n<p>Es la historia de carreras de la familia Sportster, espec\u00edficamente de los corredores de pista plana Harley-Davidson XR, que alimenta el dise\u00f1o del XL Sportster 883R. Un tren motriz Evolution V-Twin con inyecci\u00f3n de combustible con nuevas levas para un mejor rendimiento se completa con una capa pulverizada de color negro arrugado. Los nuevos indicadores incluyen un reloj en el od\u00f3metro, una luz de advertencia de bajo nivel de combustible y dos od\u00f3metros de ajuste de disparo. El esfuerzo de la palanca del freno delantero se reduce un 14% y el esfuerzo de la palanca del embrague es ocho% m\u00e1s f\u00e1cil.<\/p>\n<p>Las ruedas de aluminio fundido de 13 radios, el manillar, los deslizadores de horquilla, la ceja del faro, la cubierta del filtro de aire y los resortes traseros est\u00e1n acabados en negro. Los gr\u00e1ficos originales inspirados en las carreras de Harley-Davidson en el tanque de combustible est\u00e1n en casa en la calle o en la pista. Las ruedas de acero cromado y el sistema de seguridad inteligente son opciones.<\/p>\n<h4>Caracter\u00edsticas del XL Sportster 883R:<\/h4>\n<ul>\n<li>Motor XL Evolution 883cc montado en goma<\/li>\n<li>Motor recubierto de polvo negro con tratamiento antiarrugas<\/li>\n<li>Nuevas levas en el tren motriz afinado para un mejor rendimiento<\/li>\n<li>Nuevos medidores con reloj de cuentakil\u00f3metros, luz de advertencia de bajo nivel de combustible y od\u00f3metros de dos disparos<\/li>\n<li>Nuevo esfuerzo de embrague m\u00e1s ligero<\/li>\n<li>Manillar de baja altura negro, tapa del filtro de aire, deslizadores de horquilla, ceja de faro y muelles<\/li>\n<li>Gr\u00e1ficos del tanque de combustible inspirados en las carreras.<\/li>\n<li>Asiento doble de una pieza<\/li>\n<li>Ruedas negras de aluminio fundido de 13 radios<\/li>\n<li>Frenos de disco delanteros dobles<\/li>\n<li>Chrome escalonada shorty doble escape<\/li>\n<li>Controles de pie de montaje medio<\/li>\n<li>Tanque de combustible cl\u00e1sico de 3.3 galones<\/li>\n<\/ul>\n<div style=\"margin: 20px 0;\"><a class=\"maxbutton-6 maxbutton maxbutton-reserva-moto-eeuu\" title=\"Reservar ahora\" rel=\"nofollow noopener\" href=\"https:\/\/www.americanrider.net\/es\/reservar-motocicleta-en-eeuu\/\"><span class='mb-text'>RESERVAR AHORA<\/span><\/a><\/div>\n","protected":false},"excerpt":{"rendered":"<div style=\"font-family: 'Teko', sans-serif; font-size: 50px; font-weight: bold; line-height: 40px;\">Harley Davidson Sportster Roadster<\/div>\n<div style=\"margin-top: 20px;\"><span style=\"font-family: 'Teko', sans-serif; font-size: 50px; font-weight: bold; color: #bf020f;\">$125<\/span> \/ <em><strong>24 horas<\/strong><\/em><\/div>\n<div style=\"margin: 20px 0;\"><span style=\"font-family: 'Teko', sans-serif; font-size: 50px; font-weight: bold; color: #bf020f;\">$99<\/span> \/ <em><strong>8 horas<\/strong><\/em><\/div>\n[maxbutton id=\"6\"]\n<div style=\"font-family: 'Poppins', sans-serif; font-size: 20px; font-weight: bold; margin-top: 20px;\">Informaci\u00f3n:<\/div>\n<ul>\n<li><strong>Impuestos:<\/strong> Incluidos<\/li>\n<li><strong>Cascos<\/strong> Incluidos (Conductor y pasajero)<\/li>\n<li><strong>Bloqueo:<\/strong> Incluido (Bloqueo de disco o cable)<\/li>\n<li><strong>Asientos: <\/strong>2<\/li>\n<li><strong>Combustible: <\/strong>Tanque lleno<\/li>\n<li><strong>Kil\u00f3metros\/Kilometraje: <\/strong>Ilimitado<\/li>\n<li><strong>Dep\u00f3sito: <\/strong>$500 a $2000 (consultar condiciones)<\/li>\n<li><strong>Alforja: <\/strong>Consultar disponibilidad<\/li>\n<\/ul>\n<div style=\"font-family: 'Poppins', sans-serif; font-size: 20px; font-weight: bold; margin-top: 20px;\">Descuentos:<\/div>\n<ul>\n<li><strong>Alquiler de 3 a 7 d\u00edas:<\/strong> <em><strong>$106\/d\u00eda<\/strong><\/em><\/li>\n<li><strong>Alquileres de 8 a 15 d\u00edas:<\/strong> <em><strong>$93,75\/d\u00eda<\/strong><\/em><\/li>\n<li>Consultar 16 d\u00edas o m\u00e1s alquileres<\/li>\n<li>Durante 3 d\u00edas o m\u00e1s alquileres y \/ o grupos de 3 motocicletas o m\u00e1s (cont\u00e1ctenos)<\/li>\n<\/ul>\n<div style=\"margin: 20px 0;\">[maxbutton id=\"6\"]<\/div>\n","protected":false},"featured_media":2583,"comment_status":"closed","ping_status":"closed","template":"","meta":[],"product_brand":[],"product_cat":[116,127,124,117,125],"product_tag":[],"class_list":{"0":"post-5122","1":"product","2":"type-product","3":"status-publish","4":"has-post-thumbnail","6":"product_cat-alquiler","7":"product_cat-alquiler-de-harleys-en-eeuu","8":"product_cat-alquiler-en-eeuu","9":"product_cat-motos","10":"product_cat-todas-las-motos-en-eeuu","12":"first","13":"instock","14":"taxable","15":"shipping-taxable","16":"product-type-simple"},"yoast_head":"<!-- This site is optimized with the Yoast SEO plugin v25.5 - https:\/\/yoast.com\/wordpress\/plugins\/seo\/ -->\n<title>Harley Davidson Sportster Roadster - American Rider<\/title>\n<meta name=\"description\" content=\"American Rider le ofrece este Harley Davidson Sportster Roadster para alquilar. Esta es una motocicleta legendaria, ideal para ir en ruta. \u00a1Contrata esta moto ahora!\" \/>\n<meta name=\"robots\" content=\"index, follow, max-snippet:-1, max-image-preview:large, max-video-preview:-1\" \/>\n<link rel=\"canonical\" href=\"https:\/\/www.americanrider.net\/es\/producto\/harley-davidson-sportster-roadster-2\/\" \/>\n<meta property=\"og:locale\" content=\"es_ES\" \/>\n<meta property=\"og:type\" content=\"article\" \/>\n<meta property=\"og:title\" content=\"Harley Davidson Sportster Roadster - American Rider\" \/>\n<meta property=\"og:description\" content=\"American Rider le ofrece este Harley Davidson Sportster Roadster para alquilar. Esta es una motocicleta legendaria, ideal para ir en ruta. \u00a1Contrata esta moto ahora!\" \/>\n<meta property=\"og:url\" content=\"https:\/\/www.americanrider.net\/es\/producto\/harley-davidson-sportster-roadster-2\/\" \/>\n<meta property=\"og:site_name\" content=\"American Rider\" \/>\n<meta property=\"article:modified_time\" content=\"2019-04-02T13:02:07+00:00\" \/>\n<meta property=\"og:image\" content=\"https:\/\/www.americanrider.net\/wp-content\/uploads\/2019\/01\/01-Harley-Davidson-SportsterR.jpg\" \/>\n\t<meta property=\"og:image:width\" content=\"900\" \/>\n\t<meta property=\"og:image:height\" content=\"600\" \/>\n\t<meta property=\"og:image:type\" content=\"image\/jpeg\" \/>\n<meta name=\"twitter:card\" content=\"summary_large_image\" \/>\n<meta name=\"twitter:label1\" content=\"Tiempo de lectura\" \/>\n\t<meta name=\"twitter:data1\" content=\"2 minutos\" \/>\n<script type=\"application\/ld+json\" class=\"yoast-schema-graph\">{\"@context\":\"https:\/\/schema.org\",\"@graph\":[{\"@type\":\"WebPage\",\"@id\":\"https:\/\/www.americanrider.net\/es\/producto\/harley-davidson-sportster-roadster-2\/\",\"url\":\"https:\/\/www.americanrider.net\/es\/producto\/harley-davidson-sportster-roadster-2\/\",\"name\":\"Harley Davidson Sportster Roadster - American Rider\",\"isPartOf\":{\"@id\":\"https:\/\/www.americanrider.net\/es\/#website\"},\"primaryImageOfPage\":{\"@id\":\"https:\/\/www.americanrider.net\/es\/producto\/harley-davidson-sportster-roadster-2\/#primaryimage\"},\"image\":{\"@id\":\"https:\/\/www.americanrider.net\/es\/producto\/harley-davidson-sportster-roadster-2\/#primaryimage\"},\"thumbnailUrl\":\"https:\/\/www.americanrider.net\/wp-content\/uploads\/2019\/01\/01-Harley-Davidson-SportsterR.jpg\",\"datePublished\":\"2019-03-29T16:17:07+00:00\",\"dateModified\":\"2019-04-02T13:02:07+00:00\",\"description\":\"American Rider le ofrece este Harley Davidson Sportster Roadster para alquilar. Esta es una motocicleta legendaria, ideal para ir en ruta. \u00a1Contrata esta moto ahora!\",\"breadcrumb\":{\"@id\":\"https:\/\/www.americanrider.net\/es\/producto\/harley-davidson-sportster-roadster-2\/#breadcrumb\"},\"inLanguage\":\"es\",\"potentialAction\":[{\"@type\":\"ReadAction\",\"target\":[\"https:\/\/www.americanrider.net\/es\/producto\/harley-davidson-sportster-roadster-2\/\"]}]},{\"@type\":\"ImageObject\",\"inLanguage\":\"es\",\"@id\":\"https:\/\/www.americanrider.net\/es\/producto\/harley-davidson-sportster-roadster-2\/#primaryimage\",\"url\":\"https:\/\/www.americanrider.net\/wp-content\/uploads\/2019\/01\/01-Harley-Davidson-SportsterR.jpg\",\"contentUrl\":\"https:\/\/www.americanrider.net\/wp-content\/uploads\/2019\/01\/01-Harley-Davidson-SportsterR.jpg\",\"width\":900,\"height\":600,\"caption\":\"HARLEY DAVIDSON SPORSTER ROADSTER\"},{\"@type\":\"BreadcrumbList\",\"@id\":\"https:\/\/www.americanrider.net\/es\/producto\/harley-davidson-sportster-roadster-2\/#breadcrumb\",\"itemListElement\":[{\"@type\":\"ListItem\",\"position\":1,\"name\":\"Home\",\"item\":\"https:\/\/www.americanrider.net\/es\/\"},{\"@type\":\"ListItem\",\"position\":2,\"name\":\"Tienda\",\"item\":\"https:\/\/www.americanrider.net\/es\/tienda\/\"},{\"@type\":\"ListItem\",\"position\":3,\"name\":\"Harley Davidson Sportster Roadster\"}]},{\"@type\":\"WebSite\",\"@id\":\"https:\/\/www.americanrider.net\/es\/#website\",\"url\":\"https:\/\/www.americanrider.net\/es\/\",\"name\":\"American Rider\",\"description\":\"Motorcycle Rentals and Tours\",\"publisher\":{\"@id\":\"https:\/\/www.americanrider.net\/es\/#organization\"},\"potentialAction\":[{\"@type\":\"SearchAction\",\"target\":{\"@type\":\"EntryPoint\",\"urlTemplate\":\"https:\/\/www.americanrider.net\/es\/?s={search_term_string}\"},\"query-input\":{\"@type\":\"PropertyValueSpecification\",\"valueRequired\":true,\"valueName\":\"search_term_string\"}}],\"inLanguage\":\"es\"},{\"@type\":\"Organization\",\"@id\":\"https:\/\/www.americanrider.net\/es\/#organization\",\"name\":\"American Rider\",\"url\":\"https:\/\/www.americanrider.net\/es\/\",\"logo\":{\"@type\":\"ImageObject\",\"inLanguage\":\"es\",\"@id\":\"https:\/\/www.americanrider.net\/es\/#\/schema\/logo\/image\/\",\"url\":\"https:\/\/www.americanrider.net\/wp-content\/uploads\/2018\/05\/logo-american-rider.png\",\"contentUrl\":\"https:\/\/www.americanrider.net\/wp-content\/uploads\/2018\/05\/logo-american-rider.png\",\"width\":694,\"height\":184,\"caption\":\"American Rider\"},\"image\":{\"@id\":\"https:\/\/www.americanrider.net\/es\/#\/schema\/logo\/image\/\"}}]}<\/script>\n<!-- \/ Yoast SEO plugin. -->","yoast_head_json":{"title":"Harley Davidson Sportster Roadster - American Rider","description":"American Rider le ofrece este Harley Davidson Sportster Roadster para alquilar. Esta es una motocicleta legendaria, ideal para ir en ruta. \u00a1Contrata esta moto ahora!","robots":{"index":"index","follow":"follow","max-snippet":"max-snippet:-1","max-image-preview":"max-image-preview:large","max-video-preview":"max-video-preview:-1"},"canonical":"https:\/\/www.americanrider.net\/es\/producto\/harley-davidson-sportster-roadster-2\/","og_locale":"es_ES","og_type":"article","og_title":"Harley Davidson Sportster Roadster - American Rider","og_description":"American Rider le ofrece este Harley Davidson Sportster Roadster para alquilar. Esta es una motocicleta legendaria, ideal para ir en ruta. \u00a1Contrata esta moto ahora!","og_url":"https:\/\/www.americanrider.net\/es\/producto\/harley-davidson-sportster-roadster-2\/","og_site_name":"American Rider","article_modified_time":"2019-04-02T13:02:07+00:00","og_image":[{"width":900,"height":600,"url":"https:\/\/www.americanrider.net\/wp-content\/uploads\/2019\/01\/01-Harley-Davidson-SportsterR.jpg","type":"image\/jpeg"}],"twitter_card":"summary_large_image","twitter_misc":{"Tiempo de lectura":"2 minutos"},"schema":{"@context":"https:\/\/schema.org","@graph":[{"@type":"WebPage","@id":"https:\/\/www.americanrider.net\/es\/producto\/harley-davidson-sportster-roadster-2\/","url":"https:\/\/www.americanrider.net\/es\/producto\/harley-davidson-sportster-roadster-2\/","name":"Harley Davidson Sportster Roadster - American Rider","isPartOf":{"@id":"https:\/\/www.americanrider.net\/es\/#website"},"primaryImageOfPage":{"@id":"https:\/\/www.americanrider.net\/es\/producto\/harley-davidson-sportster-roadster-2\/#primaryimage"},"image":{"@id":"https:\/\/www.americanrider.net\/es\/producto\/harley-davidson-sportster-roadster-2\/#primaryimage"},"thumbnailUrl":"https:\/\/www.americanrider.net\/wp-content\/uploads\/2019\/01\/01-Harley-Davidson-SportsterR.jpg","datePublished":"2019-03-29T16:17:07+00:00","dateModified":"2019-04-02T13:02:07+00:00","description":"American Rider le ofrece este Harley Davidson Sportster Roadster para alquilar. Esta es una motocicleta legendaria, ideal para ir en ruta. \u00a1Contrata esta moto ahora!","breadcrumb":{"@id":"https:\/\/www.americanrider.net\/es\/producto\/harley-davidson-sportster-roadster-2\/#breadcrumb"},"inLanguage":"es","potentialAction":[{"@type":"ReadAction","target":["https:\/\/www.americanrider.net\/es\/producto\/harley-davidson-sportster-roadster-2\/"]}]},{"@type":"ImageObject","inLanguage":"es","@id":"https:\/\/www.americanrider.net\/es\/producto\/harley-davidson-sportster-roadster-2\/#primaryimage","url":"https:\/\/www.americanrider.net\/wp-content\/uploads\/2019\/01\/01-Harley-Davidson-SportsterR.jpg","contentUrl":"https:\/\/www.americanrider.net\/wp-content\/uploads\/2019\/01\/01-Harley-Davidson-SportsterR.jpg","width":900,"height":600,"caption":"HARLEY DAVIDSON SPORSTER ROADSTER"},{"@type":"BreadcrumbList","@id":"https:\/\/www.americanrider.net\/es\/producto\/harley-davidson-sportster-roadster-2\/#breadcrumb","itemListElement":[{"@type":"ListItem","position":1,"name":"Home","item":"https:\/\/www.americanrider.net\/es\/"},{"@type":"ListItem","position":2,"name":"Tienda","item":"https:\/\/www.americanrider.net\/es\/tienda\/"},{"@type":"ListItem","position":3,"name":"Harley Davidson Sportster Roadster"}]},{"@type":"WebSite","@id":"https:\/\/www.americanrider.net\/es\/#website","url":"https:\/\/www.americanrider.net\/es\/","name":"American Rider","description":"Motorcycle Rentals and Tours","publisher":{"@id":"https:\/\/www.americanrider.net\/es\/#organization"},"potentialAction":[{"@type":"SearchAction","target":{"@type":"EntryPoint","urlTemplate":"https:\/\/www.americanrider.net\/es\/?s={search_term_string}"},"query-input":{"@type":"PropertyValueSpecification","valueRequired":true,"valueName":"search_term_string"}}],"inLanguage":"es"},{"@type":"Organization","@id":"https:\/\/www.americanrider.net\/es\/#organization","name":"American Rider","url":"https:\/\/www.americanrider.net\/es\/","logo":{"@type":"ImageObject","inLanguage":"es","@id":"https:\/\/www.americanrider.net\/es\/#\/schema\/logo\/image\/","url":"https:\/\/www.americanrider.net\/wp-content\/uploads\/2018\/05\/logo-american-rider.png","contentUrl":"https:\/\/www.americanrider.net\/wp-content\/uploads\/2018\/05\/logo-american-rider.png","width":694,"height":184,"caption":"American Rider"},"image":{"@id":"https:\/\/www.americanrider.net\/es\/#\/schema\/logo\/image\/"}}]}},"_links":{"self":[{"href":"https:\/\/www.americanrider.net\/es\/wp-json\/wp\/v2\/product\/5122","targetHints":{"allow":["GET"]}}],"collection":[{"href":"https:\/\/www.americanrider.net\/es\/wp-json\/wp\/v2\/product"}],"about":[{"href":"https:\/\/www.americanrider.net\/es\/wp-json\/wp\/v2\/types\/product"}],"replies":[{"embeddable":true,"href":"https:\/\/www.americanrider.net\/es\/wp-json\/wp\/v2\/comments?post=5122"}],"version-history":[{"count":0,"href":"https:\/\/www.americanrider.net\/es\/wp-json\/wp\/v2\/product\/5122\/revisions"}],"wp:featuredmedia":[{"embeddable":true,"href":"https:\/\/www.americanrider.net\/es\/wp-json\/wp\/v2\/media\/2583"}],"wp:attachment":[{"href":"https:\/\/www.americanrider.net\/es\/wp-json\/wp\/v2\/media?parent=5122"}],"wp:term":[{"taxonomy":"product_brand","embeddable":true,"href":"https:\/\/www.americanrider.net\/es\/wp-json\/wp\/v2\/product_brand?post=5122"},{"taxonomy":"product_cat","embeddable":true,"href":"https:\/\/www.americanrider.net\/es\/wp-json\/wp\/v2\/product_cat?post=5122"},{"taxonomy":"product_tag","embeddable":true,"href":"https:\/\/www.americanrider.net\/es\/wp-json\/wp\/v2\/product_tag?post=5122"}],"curies":[{"name":"wp","href":"https:\/\/api.w.org\/{rel}","templated":true}]}}