{"id":5120,"date":"2019-02-28T15:29:37","date_gmt":"2019-03-29T16:16:16","guid":{"rendered":"https:\/\/www.americanrider.eu\/product\/harley-davidson-sportster-iron-2\/"},"modified":"2019-04-02T13:01:26","modified_gmt":"2019-04-02T13:01:26","slug":"harley-davidson-sportster-iron-2","status":"publish","type":"product","link":"https:\/\/www.americanrider.net\/es\/producto\/harley-davidson-sportster-iron-2\/","title":{"rendered":"Harley Davidson Sportster Iron"},"content":{"rendered":"<p>American Rider le ofrece este Harley Davidson Sportster Iron para alquilar. Si quieres probar la sensaci\u00f3n de libertad de una Harley Davidson, \u00a1 <a href=\"https:\/\/www.americanrider.net\/es\/reservar-motocicleta-en-eeuu\/\">contrata esta moto ahora<\/a>! De hecho, esta es una motocicleta legendaria, ideal para ir en ruta. American Rider le ofrece los mejores precios y la seguridad de ser una de las mejores empresas en alquiler de motos.<\/p>\n<h4>La Harley-Davidson Sportster Iron<\/h4>\n<p>El Modelo Iron 883 empuja el estilo Dark Custom m\u00ednimo hasta el borde con un ritmo V-Twin y \u00e1speras caracter\u00edsticas del garaje de la vieja escuela. El Harley-Davidson\u00ae Sportster\u00ae, nacido en las pistas de tierra y las pistas de arrastre de la d\u00e9cada de 1950, representa la esencia desinhibida del motociclismo. El Sportster de hoy combina un estilo conmovedor con la entrega de par plano y el sonido distintivo de un motor V-Twin americano. Entre los modelos Harley-Davidson m\u00e1s econ\u00f3micos, las motocicletas Sportster ofrecen un asiento bajo y c\u00f3modo y un suave esfuerzo de embrague.<\/p>\n<p><strong>CARACTERISTICAS:<\/strong><\/p>\n<p>&#8211; Motor recubierto de polvo negro y tapas.<br \/>\n&#8211; Escape cromado con doble silenciador de corte recto.<br \/>\n&#8211; Suspensi\u00f3n delantera y trasera baja.<br \/>\n&#8211; Tanque de combustible cl\u00e1sico de 3.3 galones<br \/>\n&#8211; Ruedas negras de aluminio fundido de 13 radios.<br \/>\n&#8211; Guardabarros trasero picado con soportes negros.<br \/>\n&#8211; Protector de cintur\u00f3n negro.<br \/>\n&#8211; Deslizadores de horquilla negros y polainas de horquilla negras<br \/>\n&#8211; Sportster\u00ae Classic asiento individual<br \/>\n&#8211; Controles de manos y pies negros.<br \/>\n&#8211; Matr\u00edcula lateral<br \/>\n&#8211; Luces de parada \/ giro \/ luces traseras combinadas<br \/>\n&#8211; Cubo del faro negro con visera negra y anillo de adorno satinado<br \/>\n&#8211; Manillar negro de arrastre y elevador negro.<br \/>\n&#8211; Tren de potencia Evolution\u00ae V-Twin con inyecci\u00f3n de combustible secuencial electr\u00f3nica en puerto (ESPFI)<br \/>\n&#8211; Tren de potencia montado en goma para reducir la vibraci\u00f3n.<br \/>\n&#8211; Transmisi\u00f3n de 5 velocidades.<br \/>\n&#8211; Doble escape escalonado.<br \/>\n&#8211; Veloc\u00edmetro electr\u00f3nico montado en el manillar.<br \/>\n&#8211; Frenos de disco<br \/>\n&#8211; Controles de pie de montaje medio.<br \/>\n&#8211; Sistema de seguridad inteligente Harley-Davidson\u00ae opcional con mando de seguridad de manos libres<\/p>\n<div style=\"margin: 20px 0;\"><a class=\"maxbutton-6 maxbutton maxbutton-reserva-moto-eeuu\" title=\"Reservar ahora\" rel=\"nofollow noopener\" href=\"https:\/\/www.americanrider.net\/es\/reservar-motocicleta-en-eeuu\/\"><span class='mb-text'>RESERVAR AHORA<\/span><\/a><\/div>\n","protected":false},"excerpt":{"rendered":"<div style=\"font-family: 'Teko', sans-serif; font-size: 50px; font-weight: bold; line-height: 40px;\">Harley Davidson Sportster Iron<\/div>\n<p>Harley-Davidson Sportster 883 Iron XL883N<\/p>\n<div style=\"margin-top: 20px;\"><span style=\"font-family: 'Teko', sans-serif; font-size: 50px; font-weight: bold; color: #bf020f;\">$125<\/span> \/ <em><strong>24 horas<\/strong><\/em><\/div>\n<div style=\"margin: 20px 0;\"><span style=\"font-family: 'Teko', sans-serif; font-size: 50px; font-weight: bold; color: #bf020f;\">$99<\/span> \/ <em><strong>8 horas<\/strong><\/em><\/div>\n[maxbutton id=\"6\"]\n<div style=\"font-family: 'Poppins', sans-serif; font-size: 20px; font-weight: bold; margin-top: 20px;\">Informaci\u00f3n:<\/div>\n<ul>\n<li><strong>Impuestos:<\/strong> Incluidos<\/li>\n<li><strong>Cascos<\/strong> Incluidos (Conductor y pasajero)<\/li>\n<li><strong>Bloqueo:<\/strong> Incluido (Bloqueo de disco o cable)<\/li>\n<li><strong>Asientos: <\/strong>2<\/li>\n<li><strong>Combustible: <\/strong>Tanque lleno<\/li>\n<li><strong>Kil\u00f3metros\/Kilometraje: <\/strong>Ilimitado<\/li>\n<li><strong>Dep\u00f3sito: <\/strong>$500 a $2000 (consultar condiciones)<\/li>\n<li><strong>Alforja: <\/strong>Consultar disponibilidad<\/li>\n<\/ul>\n<div style=\"font-family: 'Poppins', sans-serif; font-size: 20px; font-weight: bold; margin-top: 20px;\">Descuentos:<\/div>\n<ul>\n<li><strong>Alquiler de 3 a 7 d\u00edas:<\/strong> <em><strong>$106\/d\u00eda<\/strong><\/em><\/li>\n<li><strong>Alquileres de 8 a 15 d\u00edas:<\/strong> <em><strong>$93,75\/d\u00eda<\/strong><\/em><\/li>\n<li>Consultar 16 d\u00edas o m\u00e1s alquileres<\/li>\n<li>Durante 3 d\u00edas o m\u00e1s alquileres y \/ o grupos de 3 motocicletas o m\u00e1s (cont\u00e1ctenos)<\/li>\n<\/ul>\n<div style=\"margin: 20px 0;\">[maxbutton id=\"6\"]<\/div>\n","protected":false},"featured_media":2591,"comment_status":"closed","ping_status":"closed","template":"","meta":[],"product_brand":[],"product_cat":[116,127,124,117,125],"product_tag":[],"class_list":{"0":"post-5120","1":"product","2":"type-product","3":"status-publish","4":"has-post-thumbnail","6":"product_cat-alquiler","7":"product_cat-alquiler-de-harleys-en-eeuu","8":"product_cat-alquiler-en-eeuu","9":"product_cat-motos","10":"product_cat-todas-las-motos-en-eeuu","12":"first","13":"instock","14":"taxable","15":"shipping-taxable","16":"product-type-simple"},"yoast_head":"<!-- This site is optimized with the Yoast SEO plugin v25.5 - https:\/\/yoast.com\/wordpress\/plugins\/seo\/ -->\n<title>Harley Davidson Sportster Iron - American Rider<\/title>\n<meta name=\"description\" content=\"American Rider le ofrece este Harley Davidson Sportster Iron para alquilar. Esta es una motocicleta legendaria, ideal para ir en ruta. \u00a1Contrata esta moto ahora!\" \/>\n<meta name=\"robots\" content=\"index, follow, max-snippet:-1, max-image-preview:large, max-video-preview:-1\" \/>\n<link rel=\"canonical\" href=\"https:\/\/www.americanrider.net\/es\/producto\/harley-davidson-sportster-iron-2\/\" \/>\n<meta property=\"og:locale\" content=\"es_ES\" \/>\n<meta property=\"og:type\" content=\"article\" \/>\n<meta property=\"og:title\" content=\"Harley Davidson Sportster Iron - American Rider\" \/>\n<meta property=\"og:description\" content=\"American Rider le ofrece este Harley Davidson Sportster Iron para alquilar. Esta es una motocicleta legendaria, ideal para ir en ruta. \u00a1Contrata esta moto ahora!\" \/>\n<meta property=\"og:url\" content=\"https:\/\/www.americanrider.net\/es\/producto\/harley-davidson-sportster-iron-2\/\" \/>\n<meta property=\"og:site_name\" content=\"American Rider\" \/>\n<meta property=\"article:modified_time\" content=\"2019-04-02T13:01:26+00:00\" \/>\n<meta property=\"og:image\" content=\"https:\/\/www.americanrider.net\/wp-content\/uploads\/2019\/01\/01-Harley-Davidson-Sportster-Iron.jpg\" \/>\n\t<meta property=\"og:image:width\" content=\"900\" \/>\n\t<meta property=\"og:image:height\" content=\"600\" \/>\n\t<meta property=\"og:image:type\" content=\"image\/jpeg\" \/>\n<meta name=\"twitter:card\" content=\"summary_large_image\" \/>\n<meta name=\"twitter:label1\" content=\"Tiempo de lectura\" \/>\n\t<meta name=\"twitter:data1\" content=\"2 minutos\" \/>\n<script type=\"application\/ld+json\" class=\"yoast-schema-graph\">{\"@context\":\"https:\/\/schema.org\",\"@graph\":[{\"@type\":\"WebPage\",\"@id\":\"https:\/\/www.americanrider.net\/es\/producto\/harley-davidson-sportster-iron-2\/\",\"url\":\"https:\/\/www.americanrider.net\/es\/producto\/harley-davidson-sportster-iron-2\/\",\"name\":\"Harley Davidson Sportster Iron - American Rider\",\"isPartOf\":{\"@id\":\"https:\/\/www.americanrider.net\/es\/#website\"},\"primaryImageOfPage\":{\"@id\":\"https:\/\/www.americanrider.net\/es\/producto\/harley-davidson-sportster-iron-2\/#primaryimage\"},\"image\":{\"@id\":\"https:\/\/www.americanrider.net\/es\/producto\/harley-davidson-sportster-iron-2\/#primaryimage\"},\"thumbnailUrl\":\"https:\/\/www.americanrider.net\/wp-content\/uploads\/2019\/01\/01-Harley-Davidson-Sportster-Iron.jpg\",\"datePublished\":\"2019-03-29T16:16:16+00:00\",\"dateModified\":\"2019-04-02T13:01:26+00:00\",\"description\":\"American Rider le ofrece este Harley Davidson Sportster Iron para alquilar. Esta es una motocicleta legendaria, ideal para ir en ruta. \u00a1Contrata esta moto ahora!\",\"breadcrumb\":{\"@id\":\"https:\/\/www.americanrider.net\/es\/producto\/harley-davidson-sportster-iron-2\/#breadcrumb\"},\"inLanguage\":\"es\",\"potentialAction\":[{\"@type\":\"ReadAction\",\"target\":[\"https:\/\/www.americanrider.net\/es\/producto\/harley-davidson-sportster-iron-2\/\"]}]},{\"@type\":\"ImageObject\",\"inLanguage\":\"es\",\"@id\":\"https:\/\/www.americanrider.net\/es\/producto\/harley-davidson-sportster-iron-2\/#primaryimage\",\"url\":\"https:\/\/www.americanrider.net\/wp-content\/uploads\/2019\/01\/01-Harley-Davidson-Sportster-Iron.jpg\",\"contentUrl\":\"https:\/\/www.americanrider.net\/wp-content\/uploads\/2019\/01\/01-Harley-Davidson-Sportster-Iron.jpg\",\"width\":900,\"height\":600,\"caption\":\"HARLEY DAVIDSON SPORTSTER IRON\"},{\"@type\":\"BreadcrumbList\",\"@id\":\"https:\/\/www.americanrider.net\/es\/producto\/harley-davidson-sportster-iron-2\/#breadcrumb\",\"itemListElement\":[{\"@type\":\"ListItem\",\"position\":1,\"name\":\"Home\",\"item\":\"https:\/\/www.americanrider.net\/es\/\"},{\"@type\":\"ListItem\",\"position\":2,\"name\":\"Tienda\",\"item\":\"https:\/\/www.americanrider.net\/es\/tienda\/\"},{\"@type\":\"ListItem\",\"position\":3,\"name\":\"Harley Davidson Sportster Iron\"}]},{\"@type\":\"WebSite\",\"@id\":\"https:\/\/www.americanrider.net\/es\/#website\",\"url\":\"https:\/\/www.americanrider.net\/es\/\",\"name\":\"American Rider\",\"description\":\"Motorcycle Rentals and Tours\",\"publisher\":{\"@id\":\"https:\/\/www.americanrider.net\/es\/#organization\"},\"potentialAction\":[{\"@type\":\"SearchAction\",\"target\":{\"@type\":\"EntryPoint\",\"urlTemplate\":\"https:\/\/www.americanrider.net\/es\/?s={search_term_string}\"},\"query-input\":{\"@type\":\"PropertyValueSpecification\",\"valueRequired\":true,\"valueName\":\"search_term_string\"}}],\"inLanguage\":\"es\"},{\"@type\":\"Organization\",\"@id\":\"https:\/\/www.americanrider.net\/es\/#organization\",\"name\":\"American Rider\",\"url\":\"https:\/\/www.americanrider.net\/es\/\",\"logo\":{\"@type\":\"ImageObject\",\"inLanguage\":\"es\",\"@id\":\"https:\/\/www.americanrider.net\/es\/#\/schema\/logo\/image\/\",\"url\":\"https:\/\/www.americanrider.net\/wp-content\/uploads\/2018\/05\/logo-american-rider.png\",\"contentUrl\":\"https:\/\/www.americanrider.net\/wp-content\/uploads\/2018\/05\/logo-american-rider.png\",\"width\":694,\"height\":184,\"caption\":\"American Rider\"},\"image\":{\"@id\":\"https:\/\/www.americanrider.net\/es\/#\/schema\/logo\/image\/\"}}]}<\/script>\n<!-- \/ Yoast SEO plugin. -->","yoast_head_json":{"title":"Harley Davidson Sportster Iron - American Rider","description":"American Rider le ofrece este Harley Davidson Sportster Iron para alquilar. Esta es una motocicleta legendaria, ideal para ir en ruta. \u00a1Contrata esta moto ahora!","robots":{"index":"index","follow":"follow","max-snippet":"max-snippet:-1","max-image-preview":"max-image-preview:large","max-video-preview":"max-video-preview:-1"},"canonical":"https:\/\/www.americanrider.net\/es\/producto\/harley-davidson-sportster-iron-2\/","og_locale":"es_ES","og_type":"article","og_title":"Harley Davidson Sportster Iron - American Rider","og_description":"American Rider le ofrece este Harley Davidson Sportster Iron para alquilar. Esta es una motocicleta legendaria, ideal para ir en ruta. \u00a1Contrata esta moto ahora!","og_url":"https:\/\/www.americanrider.net\/es\/producto\/harley-davidson-sportster-iron-2\/","og_site_name":"American Rider","article_modified_time":"2019-04-02T13:01:26+00:00","og_image":[{"width":900,"height":600,"url":"https:\/\/www.americanrider.net\/wp-content\/uploads\/2019\/01\/01-Harley-Davidson-Sportster-Iron.jpg","type":"image\/jpeg"}],"twitter_card":"summary_large_image","twitter_misc":{"Tiempo de lectura":"2 minutos"},"schema":{"@context":"https:\/\/schema.org","@graph":[{"@type":"WebPage","@id":"https:\/\/www.americanrider.net\/es\/producto\/harley-davidson-sportster-iron-2\/","url":"https:\/\/www.americanrider.net\/es\/producto\/harley-davidson-sportster-iron-2\/","name":"Harley Davidson Sportster Iron - American Rider","isPartOf":{"@id":"https:\/\/www.americanrider.net\/es\/#website"},"primaryImageOfPage":{"@id":"https:\/\/www.americanrider.net\/es\/producto\/harley-davidson-sportster-iron-2\/#primaryimage"},"image":{"@id":"https:\/\/www.americanrider.net\/es\/producto\/harley-davidson-sportster-iron-2\/#primaryimage"},"thumbnailUrl":"https:\/\/www.americanrider.net\/wp-content\/uploads\/2019\/01\/01-Harley-Davidson-Sportster-Iron.jpg","datePublished":"2019-03-29T16:16:16+00:00","dateModified":"2019-04-02T13:01:26+00:00","description":"American Rider le ofrece este Harley Davidson Sportster Iron para alquilar. Esta es una motocicleta legendaria, ideal para ir en ruta. \u00a1Contrata esta moto ahora!","breadcrumb":{"@id":"https:\/\/www.americanrider.net\/es\/producto\/harley-davidson-sportster-iron-2\/#breadcrumb"},"inLanguage":"es","potentialAction":[{"@type":"ReadAction","target":["https:\/\/www.americanrider.net\/es\/producto\/harley-davidson-sportster-iron-2\/"]}]},{"@type":"ImageObject","inLanguage":"es","@id":"https:\/\/www.americanrider.net\/es\/producto\/harley-davidson-sportster-iron-2\/#primaryimage","url":"https:\/\/www.americanrider.net\/wp-content\/uploads\/2019\/01\/01-Harley-Davidson-Sportster-Iron.jpg","contentUrl":"https:\/\/www.americanrider.net\/wp-content\/uploads\/2019\/01\/01-Harley-Davidson-Sportster-Iron.jpg","width":900,"height":600,"caption":"HARLEY DAVIDSON SPORTSTER IRON"},{"@type":"BreadcrumbList","@id":"https:\/\/www.americanrider.net\/es\/producto\/harley-davidson-sportster-iron-2\/#breadcrumb","itemListElement":[{"@type":"ListItem","position":1,"name":"Home","item":"https:\/\/www.americanrider.net\/es\/"},{"@type":"ListItem","position":2,"name":"Tienda","item":"https:\/\/www.americanrider.net\/es\/tienda\/"},{"@type":"ListItem","position":3,"name":"Harley Davidson Sportster Iron"}]},{"@type":"WebSite","@id":"https:\/\/www.americanrider.net\/es\/#website","url":"https:\/\/www.americanrider.net\/es\/","name":"American Rider","description":"Motorcycle Rentals and Tours","publisher":{"@id":"https:\/\/www.americanrider.net\/es\/#organization"},"potentialAction":[{"@type":"SearchAction","target":{"@type":"EntryPoint","urlTemplate":"https:\/\/www.americanrider.net\/es\/?s={search_term_string}"},"query-input":{"@type":"PropertyValueSpecification","valueRequired":true,"valueName":"search_term_string"}}],"inLanguage":"es"},{"@type":"Organization","@id":"https:\/\/www.americanrider.net\/es\/#organization","name":"American Rider","url":"https:\/\/www.americanrider.net\/es\/","logo":{"@type":"ImageObject","inLanguage":"es","@id":"https:\/\/www.americanrider.net\/es\/#\/schema\/logo\/image\/","url":"https:\/\/www.americanrider.net\/wp-content\/uploads\/2018\/05\/logo-american-rider.png","contentUrl":"https:\/\/www.americanrider.net\/wp-content\/uploads\/2018\/05\/logo-american-rider.png","width":694,"height":184,"caption":"American Rider"},"image":{"@id":"https:\/\/www.americanrider.net\/es\/#\/schema\/logo\/image\/"}}]}},"_links":{"self":[{"href":"https:\/\/www.americanrider.net\/es\/wp-json\/wp\/v2\/product\/5120","targetHints":{"allow":["GET"]}}],"collection":[{"href":"https:\/\/www.americanrider.net\/es\/wp-json\/wp\/v2\/product"}],"about":[{"href":"https:\/\/www.americanrider.net\/es\/wp-json\/wp\/v2\/types\/product"}],"replies":[{"embeddable":true,"href":"https:\/\/www.americanrider.net\/es\/wp-json\/wp\/v2\/comments?post=5120"}],"version-history":[{"count":0,"href":"https:\/\/www.americanrider.net\/es\/wp-json\/wp\/v2\/product\/5120\/revisions"}],"wp:featuredmedia":[{"embeddable":true,"href":"https:\/\/www.americanrider.net\/es\/wp-json\/wp\/v2\/media\/2591"}],"wp:attachment":[{"href":"https:\/\/www.americanrider.net\/es\/wp-json\/wp\/v2\/media?parent=5120"}],"wp:term":[{"taxonomy":"product_brand","embeddable":true,"href":"https:\/\/www.americanrider.net\/es\/wp-json\/wp\/v2\/product_brand?post=5120"},{"taxonomy":"product_cat","embeddable":true,"href":"https:\/\/www.americanrider.net\/es\/wp-json\/wp\/v2\/product_cat?post=5120"},{"taxonomy":"product_tag","embeddable":true,"href":"https:\/\/www.americanrider.net\/es\/wp-json\/wp\/v2\/product_tag?post=5120"}],"curies":[{"name":"wp","href":"https:\/\/api.w.org\/{rel}","templated":true}]}}