{"id":5114,"date":"2019-02-28T15:48:27","date_gmt":"2019-03-29T16:13:09","guid":{"rendered":"https:\/\/www.americanrider.eu\/product\/harley-davidson-softail-fatboy-2\/"},"modified":"2019-04-02T12:57:57","modified_gmt":"2019-04-02T12:57:57","slug":"harley-davidson-softail-fatboy-2","status":"publish","type":"product","link":"https:\/\/www.americanrider.net\/es\/producto\/harley-davidson-softail-fatboy-2\/","title":{"rendered":"Harley Davidson Softail Fatboy"},"content":{"rendered":"<p>American Rider le ofrece este Harley Davidson Softail Fatboy para alquilar. Si quieres probar la sensaci\u00f3n de libertad de una Harley Davidson, \u00a1<a href=\"https:\/\/www.americanrider.net\/es\/reservar-motocicleta-en-eeuu\/\"> contrata esta moto ahora!<\/a> De hecho, esta es una motocicleta legendaria, ideal para ir en ruta. American Rider le ofrece los mejores precios y la seguridad de ser una de las mejores empresas en alquiler de motos.<\/p>\n<h4>La Harley-Davidson Softail Fatboy<\/h4>\n<p>Una de las motocicletas m\u00e1s distintivas del mundo, la FLSTF Fat Boy rueda con una talla y estatura insuperables. El Fat Boy montada con un neum\u00e1tico trasero de 200 mm y una rueda delantera de 17 pulgadas y una brillante g\u00f3ndola de horquilla cromada. Los exclusivos componentes premium, como las ruedas Bull Hole Disc Aluminum y las horquillas delanteras gruesas, identifican a este Softail como el ic\u00f3nico Fat Boy. El tren motriz r\u00edgido permite un empaque ajustado del motor y el bastidor, y crea una conexi\u00f3n s\u00f3lida entre el conductor y la potencia que mueve la motocicleta, lo que mejora la experiencia emocional de la conducci\u00f3n.<\/p>\n<p>Cada modelo Softail tambi\u00e9n cuenta con la transmisi\u00f3n Cruise Drive de 6 velocidades para un par de torsi\u00f3n medio sobresaliente y una velocidad del motor relajada cuando se cruza. La inyecci\u00f3n de combustible secuencial electr\u00f3nica en el puerto (ESPFI) mejora la eficiencia del motor, proporciona una respuesta de aceleraci\u00f3n n\u00edtida y un arranque f\u00e1cil, y se ajusta autom\u00e1ticamente para cambiar las condiciones ambientales para mantener el rendimiento. Un tanque de aceite de herradura ubicado debajo del asiento, los controles de pie hacia adelante o las tablas para los pies, el tanque de combustible cl\u00e1sico de Fat Bob y la perfecta ejecuci\u00f3n de los detalles personalizados en pintura y metal son elementos de dise\u00f1o que definen cada modelo Softail.<\/p>\n<p><strong>Caracter\u00edsticas de FLSTF Fat Boy:<\/strong><\/p>\n<ul>\n<li>Transmisi\u00f3n Cruise Drive de 6 velocidades<\/li>\n<li>Motor recubierto de polvo negro con tapas cromadas.<\/li>\n<li>Chrome Over \/ Under Escopeta de escape<\/li>\n<li>Tanque de aceite de herradura de cromo<\/li>\n<li>200 mm-17 trasero \/ 140 mm-17 neum\u00e1tico delantero<\/li>\n<li>Llantas de plata Bullet Hole Disc Cast Aluminium de 17 pulgadas<\/li>\n<li>Asiento bicolor con valencia de bala<\/li>\n<li>Manillar de 1,25 pulgadas con cableado interno personalizado con elevadores de nudillos desnudos<\/li>\n<li>Paquete de gr\u00e1ficos personalizados en el guardabarros delantero, el tanque de combustible y el guardabarros trasero<\/li>\n<li>El tanque de combustible tradicional Fat Bob de cinco galones con triple bala atada<\/li>\n<li>Nuevas ruedas cromadas pulidas espejo opcionales<\/li>\n<li>Horquilla delantera cromada<\/li>\n<li>Tablas de suelo de longitud completa con palanca de cambio tal\u00f3n \/ punta<\/li>\n<li>Horquillas delanteras FL y guardabarros delantero personalizado<\/li>\n<li>Faro cromado grande<\/li>\n<\/ul>\n<div style=\"margin: 20px 0;\"><a class=\"maxbutton-6 maxbutton maxbutton-reserva-moto-eeuu\" title=\"Reservar ahora\" rel=\"nofollow noopener\" href=\"https:\/\/www.americanrider.net\/es\/reservar-motocicleta-en-eeuu\/\"><span class='mb-text'>RESERVAR AHORA<\/span><\/a><\/div>\n","protected":false},"excerpt":{"rendered":"<div style=\"font-family: 'Teko', sans-serif; font-size: 50px; font-weight: bold; line-height: 40px;\">Harley Davidson Softail Fatboy<\/div>\n<p>Harley Davidson Softail Fat Boy FLSTF<\/p>\n<div style=\"margin-top: 20px;\"><span style=\"font-family: 'Teko', sans-serif; font-size: 50px; font-weight: bold; color: #bf020f;\">$175<\/span> \/ <em><strong>24 horas<\/strong><\/em><\/div>\n<div style=\"margin: 20px 0;\"><span style=\"font-family: 'Teko', sans-serif; font-size: 50px; font-weight: bold; color: #bf020f;\">$120<\/span> \/ <em><strong>8 horas<\/strong><\/em><\/div>\n[maxbutton id=\"6\"]\n<div style=\"font-family: 'Poppins', sans-serif; font-size: 20px; font-weight: bold; margin-top: 20px;\">Informaci\u00f3n:<\/div>\n<ul>\n<li><strong>Impuestos:<\/strong> Incluidos<\/li>\n<li><strong>Cascos<\/strong> Incluidos (Conductor y pasajero)<\/li>\n<li><strong>Bloqueo:<\/strong> Incluido (Bloqueo de disco o cable)<\/li>\n<li><strong>Asientos: <\/strong>2<\/li>\n<li><strong>Combustible: <\/strong>Tanque lleno<\/li>\n<li><strong>Kil\u00f3metros\/Kilometraje: <\/strong>Ilimitado<\/li>\n<li><strong>Deposit: <\/strong>$500 a $2000 (consultar condiciones)<\/li>\n<li><strong>Alforja: <\/strong>Consultar disponibilidad<\/li>\n<\/ul>\n<div style=\"font-family: 'Poppins', sans-serif; font-size: 20px; font-weight: bold; margin-top: 20px;\">Descuentos:<\/div>\n<ul>\n<li><strong>3 to 7 days rentals:<\/strong> <em><strong>$148,75\/d\u00eda<\/strong><\/em><\/li>\n<li><strong>8 to 15 days rentals:<\/strong> <em><strong>$131,25\/d\u00eda<\/strong><\/em><\/li>\n<li>Consultar 16 d\u00edas o m\u00e1s alquileres<\/li>\n<li>Durante 3 d\u00edas o m\u00e1s alquileres y \/ o grupos de 3 motocicletas o m\u00e1s (cont\u00e1ctenos)<\/li>\n<\/ul>\n<div style=\"margin: 20px 0;\">[maxbutton id=\"6\"]<\/div>\n","protected":false},"featured_media":2575,"comment_status":"closed","ping_status":"closed","template":"","meta":[],"product_brand":[],"product_cat":[116,127,124,117,125],"product_tag":[],"class_list":{"0":"post-5114","1":"product","2":"type-product","3":"status-publish","4":"has-post-thumbnail","6":"product_cat-alquiler","7":"product_cat-alquiler-de-harleys-en-eeuu","8":"product_cat-alquiler-en-eeuu","9":"product_cat-motos","10":"product_cat-todas-las-motos-en-eeuu","12":"first","13":"instock","14":"taxable","15":"shipping-taxable","16":"product-type-simple"},"yoast_head":"<!-- This site is optimized with the Yoast SEO plugin v25.5 - https:\/\/yoast.com\/wordpress\/plugins\/seo\/ -->\n<title>Harley Davidson Softail Fatboy - American Rider<\/title>\n<meta name=\"description\" content=\"American Rider le ofrece este Harley Davidson Softail Fatboy para alquilar. Esta es una motocicleta legendaria, ideal para ir en ruta. \u00a1Contrata esta moto ahora!\" \/>\n<meta name=\"robots\" content=\"index, follow, max-snippet:-1, max-image-preview:large, max-video-preview:-1\" \/>\n<link rel=\"canonical\" href=\"https:\/\/www.americanrider.net\/es\/producto\/harley-davidson-softail-fatboy-2\/\" \/>\n<meta property=\"og:locale\" content=\"es_ES\" \/>\n<meta property=\"og:type\" content=\"article\" \/>\n<meta property=\"og:title\" content=\"Harley Davidson Softail Fatboy - American Rider\" \/>\n<meta property=\"og:description\" content=\"American Rider le ofrece este Harley Davidson Softail Fatboy para alquilar. Esta es una motocicleta legendaria, ideal para ir en ruta. \u00a1Contrata esta moto ahora!\" \/>\n<meta property=\"og:url\" content=\"https:\/\/www.americanrider.net\/es\/producto\/harley-davidson-softail-fatboy-2\/\" \/>\n<meta property=\"og:site_name\" content=\"American Rider\" \/>\n<meta property=\"article:modified_time\" content=\"2019-04-02T12:57:57+00:00\" \/>\n<meta property=\"og:image\" content=\"https:\/\/www.americanrider.net\/wp-content\/uploads\/2019\/01\/01-Harley-Davidson-FatBoy-FLSTFa.jpg\" \/>\n\t<meta property=\"og:image:width\" content=\"900\" \/>\n\t<meta property=\"og:image:height\" content=\"600\" \/>\n\t<meta property=\"og:image:type\" content=\"image\/jpeg\" \/>\n<meta name=\"twitter:card\" content=\"summary_large_image\" \/>\n<meta name=\"twitter:label1\" content=\"Tiempo de lectura\" \/>\n\t<meta name=\"twitter:data1\" content=\"2 minutos\" \/>\n<script type=\"application\/ld+json\" class=\"yoast-schema-graph\">{\"@context\":\"https:\/\/schema.org\",\"@graph\":[{\"@type\":\"WebPage\",\"@id\":\"https:\/\/www.americanrider.net\/es\/producto\/harley-davidson-softail-fatboy-2\/\",\"url\":\"https:\/\/www.americanrider.net\/es\/producto\/harley-davidson-softail-fatboy-2\/\",\"name\":\"Harley Davidson Softail Fatboy - American Rider\",\"isPartOf\":{\"@id\":\"https:\/\/www.americanrider.net\/es\/#website\"},\"primaryImageOfPage\":{\"@id\":\"https:\/\/www.americanrider.net\/es\/producto\/harley-davidson-softail-fatboy-2\/#primaryimage\"},\"image\":{\"@id\":\"https:\/\/www.americanrider.net\/es\/producto\/harley-davidson-softail-fatboy-2\/#primaryimage\"},\"thumbnailUrl\":\"https:\/\/www.americanrider.net\/wp-content\/uploads\/2019\/01\/01-Harley-Davidson-FatBoy-FLSTFa.jpg\",\"datePublished\":\"2019-03-29T16:13:09+00:00\",\"dateModified\":\"2019-04-02T12:57:57+00:00\",\"description\":\"American Rider le ofrece este Harley Davidson Softail Fatboy para alquilar. Esta es una motocicleta legendaria, ideal para ir en ruta. \u00a1Contrata esta moto ahora!\",\"breadcrumb\":{\"@id\":\"https:\/\/www.americanrider.net\/es\/producto\/harley-davidson-softail-fatboy-2\/#breadcrumb\"},\"inLanguage\":\"es\",\"potentialAction\":[{\"@type\":\"ReadAction\",\"target\":[\"https:\/\/www.americanrider.net\/es\/producto\/harley-davidson-softail-fatboy-2\/\"]}]},{\"@type\":\"ImageObject\",\"inLanguage\":\"es\",\"@id\":\"https:\/\/www.americanrider.net\/es\/producto\/harley-davidson-softail-fatboy-2\/#primaryimage\",\"url\":\"https:\/\/www.americanrider.net\/wp-content\/uploads\/2019\/01\/01-Harley-Davidson-FatBoy-FLSTFa.jpg\",\"contentUrl\":\"https:\/\/www.americanrider.net\/wp-content\/uploads\/2019\/01\/01-Harley-Davidson-FatBoy-FLSTFa.jpg\",\"width\":900,\"height\":600,\"caption\":\"HARLEY DAVIDSON SOFTAIL FATBOY\"},{\"@type\":\"BreadcrumbList\",\"@id\":\"https:\/\/www.americanrider.net\/es\/producto\/harley-davidson-softail-fatboy-2\/#breadcrumb\",\"itemListElement\":[{\"@type\":\"ListItem\",\"position\":1,\"name\":\"Home\",\"item\":\"https:\/\/www.americanrider.net\/es\/\"},{\"@type\":\"ListItem\",\"position\":2,\"name\":\"Tienda\",\"item\":\"https:\/\/www.americanrider.net\/es\/tienda\/\"},{\"@type\":\"ListItem\",\"position\":3,\"name\":\"Harley Davidson Softail Fatboy\"}]},{\"@type\":\"WebSite\",\"@id\":\"https:\/\/www.americanrider.net\/es\/#website\",\"url\":\"https:\/\/www.americanrider.net\/es\/\",\"name\":\"American Rider\",\"description\":\"Motorcycle Rentals and Tours\",\"publisher\":{\"@id\":\"https:\/\/www.americanrider.net\/es\/#organization\"},\"potentialAction\":[{\"@type\":\"SearchAction\",\"target\":{\"@type\":\"EntryPoint\",\"urlTemplate\":\"https:\/\/www.americanrider.net\/es\/?s={search_term_string}\"},\"query-input\":{\"@type\":\"PropertyValueSpecification\",\"valueRequired\":true,\"valueName\":\"search_term_string\"}}],\"inLanguage\":\"es\"},{\"@type\":\"Organization\",\"@id\":\"https:\/\/www.americanrider.net\/es\/#organization\",\"name\":\"American Rider\",\"url\":\"https:\/\/www.americanrider.net\/es\/\",\"logo\":{\"@type\":\"ImageObject\",\"inLanguage\":\"es\",\"@id\":\"https:\/\/www.americanrider.net\/es\/#\/schema\/logo\/image\/\",\"url\":\"https:\/\/www.americanrider.net\/wp-content\/uploads\/2018\/05\/logo-american-rider.png\",\"contentUrl\":\"https:\/\/www.americanrider.net\/wp-content\/uploads\/2018\/05\/logo-american-rider.png\",\"width\":694,\"height\":184,\"caption\":\"American Rider\"},\"image\":{\"@id\":\"https:\/\/www.americanrider.net\/es\/#\/schema\/logo\/image\/\"}}]}<\/script>\n<!-- \/ Yoast SEO plugin. -->","yoast_head_json":{"title":"Harley Davidson Softail Fatboy - American Rider","description":"American Rider le ofrece este Harley Davidson Softail Fatboy para alquilar. Esta es una motocicleta legendaria, ideal para ir en ruta. \u00a1Contrata esta moto ahora!","robots":{"index":"index","follow":"follow","max-snippet":"max-snippet:-1","max-image-preview":"max-image-preview:large","max-video-preview":"max-video-preview:-1"},"canonical":"https:\/\/www.americanrider.net\/es\/producto\/harley-davidson-softail-fatboy-2\/","og_locale":"es_ES","og_type":"article","og_title":"Harley Davidson Softail Fatboy - American Rider","og_description":"American Rider le ofrece este Harley Davidson Softail Fatboy para alquilar. Esta es una motocicleta legendaria, ideal para ir en ruta. \u00a1Contrata esta moto ahora!","og_url":"https:\/\/www.americanrider.net\/es\/producto\/harley-davidson-softail-fatboy-2\/","og_site_name":"American Rider","article_modified_time":"2019-04-02T12:57:57+00:00","og_image":[{"width":900,"height":600,"url":"https:\/\/www.americanrider.net\/wp-content\/uploads\/2019\/01\/01-Harley-Davidson-FatBoy-FLSTFa.jpg","type":"image\/jpeg"}],"twitter_card":"summary_large_image","twitter_misc":{"Tiempo de lectura":"2 minutos"},"schema":{"@context":"https:\/\/schema.org","@graph":[{"@type":"WebPage","@id":"https:\/\/www.americanrider.net\/es\/producto\/harley-davidson-softail-fatboy-2\/","url":"https:\/\/www.americanrider.net\/es\/producto\/harley-davidson-softail-fatboy-2\/","name":"Harley Davidson Softail Fatboy - American Rider","isPartOf":{"@id":"https:\/\/www.americanrider.net\/es\/#website"},"primaryImageOfPage":{"@id":"https:\/\/www.americanrider.net\/es\/producto\/harley-davidson-softail-fatboy-2\/#primaryimage"},"image":{"@id":"https:\/\/www.americanrider.net\/es\/producto\/harley-davidson-softail-fatboy-2\/#primaryimage"},"thumbnailUrl":"https:\/\/www.americanrider.net\/wp-content\/uploads\/2019\/01\/01-Harley-Davidson-FatBoy-FLSTFa.jpg","datePublished":"2019-03-29T16:13:09+00:00","dateModified":"2019-04-02T12:57:57+00:00","description":"American Rider le ofrece este Harley Davidson Softail Fatboy para alquilar. Esta es una motocicleta legendaria, ideal para ir en ruta. \u00a1Contrata esta moto ahora!","breadcrumb":{"@id":"https:\/\/www.americanrider.net\/es\/producto\/harley-davidson-softail-fatboy-2\/#breadcrumb"},"inLanguage":"es","potentialAction":[{"@type":"ReadAction","target":["https:\/\/www.americanrider.net\/es\/producto\/harley-davidson-softail-fatboy-2\/"]}]},{"@type":"ImageObject","inLanguage":"es","@id":"https:\/\/www.americanrider.net\/es\/producto\/harley-davidson-softail-fatboy-2\/#primaryimage","url":"https:\/\/www.americanrider.net\/wp-content\/uploads\/2019\/01\/01-Harley-Davidson-FatBoy-FLSTFa.jpg","contentUrl":"https:\/\/www.americanrider.net\/wp-content\/uploads\/2019\/01\/01-Harley-Davidson-FatBoy-FLSTFa.jpg","width":900,"height":600,"caption":"HARLEY DAVIDSON SOFTAIL FATBOY"},{"@type":"BreadcrumbList","@id":"https:\/\/www.americanrider.net\/es\/producto\/harley-davidson-softail-fatboy-2\/#breadcrumb","itemListElement":[{"@type":"ListItem","position":1,"name":"Home","item":"https:\/\/www.americanrider.net\/es\/"},{"@type":"ListItem","position":2,"name":"Tienda","item":"https:\/\/www.americanrider.net\/es\/tienda\/"},{"@type":"ListItem","position":3,"name":"Harley Davidson Softail Fatboy"}]},{"@type":"WebSite","@id":"https:\/\/www.americanrider.net\/es\/#website","url":"https:\/\/www.americanrider.net\/es\/","name":"American Rider","description":"Motorcycle Rentals and Tours","publisher":{"@id":"https:\/\/www.americanrider.net\/es\/#organization"},"potentialAction":[{"@type":"SearchAction","target":{"@type":"EntryPoint","urlTemplate":"https:\/\/www.americanrider.net\/es\/?s={search_term_string}"},"query-input":{"@type":"PropertyValueSpecification","valueRequired":true,"valueName":"search_term_string"}}],"inLanguage":"es"},{"@type":"Organization","@id":"https:\/\/www.americanrider.net\/es\/#organization","name":"American Rider","url":"https:\/\/www.americanrider.net\/es\/","logo":{"@type":"ImageObject","inLanguage":"es","@id":"https:\/\/www.americanrider.net\/es\/#\/schema\/logo\/image\/","url":"https:\/\/www.americanrider.net\/wp-content\/uploads\/2018\/05\/logo-american-rider.png","contentUrl":"https:\/\/www.americanrider.net\/wp-content\/uploads\/2018\/05\/logo-american-rider.png","width":694,"height":184,"caption":"American Rider"},"image":{"@id":"https:\/\/www.americanrider.net\/es\/#\/schema\/logo\/image\/"}}]}},"_links":{"self":[{"href":"https:\/\/www.americanrider.net\/es\/wp-json\/wp\/v2\/product\/5114","targetHints":{"allow":["GET"]}}],"collection":[{"href":"https:\/\/www.americanrider.net\/es\/wp-json\/wp\/v2\/product"}],"about":[{"href":"https:\/\/www.americanrider.net\/es\/wp-json\/wp\/v2\/types\/product"}],"replies":[{"embeddable":true,"href":"https:\/\/www.americanrider.net\/es\/wp-json\/wp\/v2\/comments?post=5114"}],"version-history":[{"count":0,"href":"https:\/\/www.americanrider.net\/es\/wp-json\/wp\/v2\/product\/5114\/revisions"}],"wp:featuredmedia":[{"embeddable":true,"href":"https:\/\/www.americanrider.net\/es\/wp-json\/wp\/v2\/media\/2575"}],"wp:attachment":[{"href":"https:\/\/www.americanrider.net\/es\/wp-json\/wp\/v2\/media?parent=5114"}],"wp:term":[{"taxonomy":"product_brand","embeddable":true,"href":"https:\/\/www.americanrider.net\/es\/wp-json\/wp\/v2\/product_brand?post=5114"},{"taxonomy":"product_cat","embeddable":true,"href":"https:\/\/www.americanrider.net\/es\/wp-json\/wp\/v2\/product_cat?post=5114"},{"taxonomy":"product_tag","embeddable":true,"href":"https:\/\/www.americanrider.net\/es\/wp-json\/wp\/v2\/product_tag?post=5114"}],"curies":[{"name":"wp","href":"https:\/\/api.w.org\/{rel}","templated":true}]}}