{"id":5110,"date":"2019-01-31T11:01:57","date_gmt":"2019-03-29T16:10:45","guid":{"rendered":"https:\/\/www.americanrider.eu\/product\/harley-davidson-road-king\/"},"modified":"2019-04-02T12:54:00","modified_gmt":"2019-04-02T12:54:00","slug":"harley-davidson-road-king","status":"publish","type":"product","link":"https:\/\/www.americanrider.net\/es\/producto\/harley-davidson-road-king\/","title":{"rendered":"Harley Davidson Road King"},"content":{"rendered":"<p>American Rider le ofrece esta Harley Davidson Road King para alquilar. Si quieres probar la sensaci\u00f3n de libertad de una Harley Davidson, \u00a1<a href=\"https:\/\/www.americanrider.net\/es\/reservar-motocicleta-en-eeuu\/\"> contrata esta moto ahora!<\/a> De hecho, esta es una motocicleta legendaria, ideal para ir en ruta. American Rider le ofrece los mejores precios y la seguridad de ser una de las mejores empresas en alquiler de motos.<\/p>\n<h4>The Harley-Davidson Road King<\/h4>\n<p>El FLHR Road King ofrece un estilo atemporal de Harley-Davidson con la comodidad de un chasis Touring que ahora cuenta con la transmisi\u00f3n Cruise Drive de 6 velocidades. Las alforjas de cierre r\u00edgido, resistentes al clima y un parabrisas grande y desmontable ayudan a resistir los elementos. Un asiento giratorio de dos asientos, una suspensi\u00f3n trasera ajustable al aire y unos reposapi\u00e9s mejoran la experiencia para el conductor y el pasajero. El faro grande Hiawatha de lente transparente y las luces de paso auxiliares de lente transparente, el veloc\u00edmetro montado en la consola y el guardabarros delantero de FL con falda profunda proporcionan una presencia dominante en la carretera.<\/p>\n<h5>Caracter\u00edsticas de FLHR Road King:<\/h5>\n<ul>\n<li>Motor recubierto de polvo negro con tratamiento cromado.<\/li>\n<li>Nueva transmisi\u00f3n de 6 velocidades Cruise Drive<\/li>\n<li>Inyecci\u00f3n de combustible de puerto secuencial electr\u00f3nico est\u00e1ndar (ESPFI)<\/li>\n<li>Nuevo filtro de aire de forma redise\u00f1ada para f\u00fatbol.<\/li>\n<li>Estilo rico en patrimonio<\/li>\n<li>Gran faro Hiawatha y g\u00f3ndola de cromo<\/li>\n<li>Parabrisas desmontable<\/li>\n<li>Veloc\u00edmetro grande montado en el tanque<\/li>\n<li>Asiento Touring de dos piezas<\/li>\n<li>Alforjas de nylon GTX resistentes a la intemperie y con llave<\/li>\n<li>Frenos de triple disco<\/li>\n<li>Suspensi\u00f3n trasera regulable por aire<\/li>\n<\/ul>\n<div style=\"margin: 20px 0;\"><a class=\"maxbutton-6 maxbutton maxbutton-reserva-moto-eeuu\" title=\"Reservar ahora\" rel=\"nofollow noopener\" href=\"https:\/\/www.americanrider.net\/es\/reservar-motocicleta-en-eeuu\/\"><span class='mb-text'>RESERVAR AHORA<\/span><\/a><\/div>\n","protected":false},"excerpt":{"rendered":"<div style=\"font-family: 'Teko', sans-serif; font-size: 50px; font-weight: bold; line-height: 40px;\">Harley Davidson Road King<\/div>\n<p>Harley Davidson FLHR Road King<\/p>\n<div style=\"margin-top: 20px;\"><span style=\"font-family: 'Teko', sans-serif; font-size: 50px; font-weight: bold; color: #bf020f;\">$195<\/span> \/ <em><strong>24 horas<\/strong><\/em><\/div>\n<div style=\"margin: 20px 0;\"><span style=\"font-family: 'Teko', sans-serif; font-size: 50px; font-weight: bold; color: #bf020f;\">$140<\/span> \/ <em><strong>8 horas<\/strong><\/em><\/div>\n[maxbutton id=\"6\"]\n<div style=\"font-family: 'Poppins', sans-serif; font-size: 20px; font-weight: bold; margin-top: 20px;\">Informaci\u00f3n:<\/div>\n<ul>\n<li><strong>Impuestos:<\/strong> Incluidos<\/li>\n<li><strong>Cascos<\/strong> Incluidos (Conductor y pasajero)<\/li>\n<li><strong>Bloqueo:<\/strong> Incluido (Bloqueo de disco o cable)<\/li>\n<li><strong>Asientos: <\/strong>2<\/li>\n<li><strong>Combustible: <\/strong>Tanque lleno<\/li>\n<li><strong>Kil\u00f3metros\/Kilometraje: <\/strong>Ilimitado<\/li>\n<li><strong>Kil\u00f3metros adicionales:<\/strong> 0,20 \u20ac\/km<\/li>\n<li><strong>Dep\u00f3sito: <\/strong>$500 a $2000 (consultar condiciones)<\/li>\n<li><strong>Alforja: <\/strong>Consultar disponibilidad<\/li>\n<\/ul>\n<div style=\"font-family: 'Poppins', sans-serif; font-size: 20px; font-weight: bold; margin-top: 20px;\">Descuentos:<\/div>\n<ul>\n<li><strong>Alquileres de 3 a 7 d\u00edas:<\/strong> <em><strong>$165,75\/d\u00eda<\/strong><\/em><\/li>\n<li><strong>Alquileres de 8 a 15 d\u00edas:<\/strong> <em><strong>$146,25\/d\u00eda<\/strong><\/em><\/li>\n<li>Consultar 16 d\u00edas o m\u00e1s alquileres<\/li>\n<li>Durante 3 d\u00edas o m\u00e1s alquileres y \/ o grupos de 3 motocicletas o m\u00e1s (cont\u00e1ctenos)<\/li>\n<\/ul>\n<div style=\"margin: 20px 0;\">[maxbutton id=\"6\"]<\/div>\n","protected":false},"featured_media":2624,"comment_status":"closed","ping_status":"closed","template":"","meta":[],"product_brand":[],"product_cat":[116,127,124,142,117,125],"product_tag":[],"class_list":{"0":"post-5110","1":"product","2":"type-product","3":"status-publish","4":"has-post-thumbnail","6":"product_cat-alquiler","7":"product_cat-alquiler-de-harleys-en-eeuu","8":"product_cat-alquiler-en-eeuu","9":"product_cat-harley-davidson-es","10":"product_cat-motos","11":"product_cat-todas-las-motos-en-eeuu","13":"first","14":"instock","15":"taxable","16":"shipping-taxable","17":"product-type-simple"},"yoast_head":"<!-- This site is optimized with the Yoast SEO plugin v25.5 - https:\/\/yoast.com\/wordpress\/plugins\/seo\/ -->\n<title>Harley Davidson Road King - American Rider<\/title>\n<meta name=\"description\" content=\"American Rider le ofrece esta Harley Davidson Road King para alquilar. Esta es una motocicleta legendaria, ideal para ir en ruta. \u00a1Contrata esta moto ahora!\" \/>\n<meta name=\"robots\" content=\"index, follow, max-snippet:-1, max-image-preview:large, max-video-preview:-1\" \/>\n<link rel=\"canonical\" href=\"https:\/\/www.americanrider.net\/es\/producto\/harley-davidson-road-king\/\" \/>\n<meta property=\"og:locale\" content=\"es_ES\" \/>\n<meta property=\"og:type\" content=\"article\" \/>\n<meta property=\"og:title\" content=\"Harley Davidson Road King - American Rider\" \/>\n<meta property=\"og:description\" content=\"American Rider le ofrece esta Harley Davidson Road King para alquilar. Esta es una motocicleta legendaria, ideal para ir en ruta. \u00a1Contrata esta moto ahora!\" \/>\n<meta property=\"og:url\" content=\"https:\/\/www.americanrider.net\/es\/producto\/harley-davidson-road-king\/\" \/>\n<meta property=\"og:site_name\" content=\"American Rider\" \/>\n<meta property=\"article:modified_time\" content=\"2019-04-02T12:54:00+00:00\" \/>\n<meta property=\"og:image\" content=\"https:\/\/www.americanrider.net\/wp-content\/uploads\/2019\/01\/01-Harley-Davidson-Road-King.jpg\" \/>\n\t<meta property=\"og:image:width\" content=\"900\" \/>\n\t<meta property=\"og:image:height\" content=\"600\" \/>\n\t<meta property=\"og:image:type\" content=\"image\/jpeg\" \/>\n<meta name=\"twitter:card\" content=\"summary_large_image\" \/>\n<meta name=\"twitter:label1\" content=\"Tiempo de lectura\" \/>\n\t<meta name=\"twitter:data1\" content=\"1 minuto\" \/>\n<script type=\"application\/ld+json\" class=\"yoast-schema-graph\">{\"@context\":\"https:\/\/schema.org\",\"@graph\":[{\"@type\":\"WebPage\",\"@id\":\"https:\/\/www.americanrider.net\/es\/producto\/harley-davidson-road-king\/\",\"url\":\"https:\/\/www.americanrider.net\/es\/producto\/harley-davidson-road-king\/\",\"name\":\"Harley Davidson Road King - American Rider\",\"isPartOf\":{\"@id\":\"https:\/\/www.americanrider.net\/es\/#website\"},\"primaryImageOfPage\":{\"@id\":\"https:\/\/www.americanrider.net\/es\/producto\/harley-davidson-road-king\/#primaryimage\"},\"image\":{\"@id\":\"https:\/\/www.americanrider.net\/es\/producto\/harley-davidson-road-king\/#primaryimage\"},\"thumbnailUrl\":\"https:\/\/www.americanrider.net\/wp-content\/uploads\/2019\/01\/01-Harley-Davidson-Road-King.jpg\",\"datePublished\":\"2019-03-29T16:10:45+00:00\",\"dateModified\":\"2019-04-02T12:54:00+00:00\",\"description\":\"American Rider le ofrece esta Harley Davidson Road King para alquilar. Esta es una motocicleta legendaria, ideal para ir en ruta. \u00a1Contrata esta moto ahora!\",\"breadcrumb\":{\"@id\":\"https:\/\/www.americanrider.net\/es\/producto\/harley-davidson-road-king\/#breadcrumb\"},\"inLanguage\":\"es\",\"potentialAction\":[{\"@type\":\"ReadAction\",\"target\":[\"https:\/\/www.americanrider.net\/es\/producto\/harley-davidson-road-king\/\"]}]},{\"@type\":\"ImageObject\",\"inLanguage\":\"es\",\"@id\":\"https:\/\/www.americanrider.net\/es\/producto\/harley-davidson-road-king\/#primaryimage\",\"url\":\"https:\/\/www.americanrider.net\/wp-content\/uploads\/2019\/01\/01-Harley-Davidson-Road-King.jpg\",\"contentUrl\":\"https:\/\/www.americanrider.net\/wp-content\/uploads\/2019\/01\/01-Harley-Davidson-Road-King.jpg\",\"width\":900,\"height\":600,\"caption\":\"HARLEY DAVIDSON ROAD KING\"},{\"@type\":\"BreadcrumbList\",\"@id\":\"https:\/\/www.americanrider.net\/es\/producto\/harley-davidson-road-king\/#breadcrumb\",\"itemListElement\":[{\"@type\":\"ListItem\",\"position\":1,\"name\":\"Home\",\"item\":\"https:\/\/www.americanrider.net\/es\/\"},{\"@type\":\"ListItem\",\"position\":2,\"name\":\"Tienda\",\"item\":\"https:\/\/www.americanrider.net\/es\/tienda\/\"},{\"@type\":\"ListItem\",\"position\":3,\"name\":\"Harley Davidson Road King\"}]},{\"@type\":\"WebSite\",\"@id\":\"https:\/\/www.americanrider.net\/es\/#website\",\"url\":\"https:\/\/www.americanrider.net\/es\/\",\"name\":\"American Rider\",\"description\":\"Motorcycle Rentals and Tours\",\"publisher\":{\"@id\":\"https:\/\/www.americanrider.net\/es\/#organization\"},\"potentialAction\":[{\"@type\":\"SearchAction\",\"target\":{\"@type\":\"EntryPoint\",\"urlTemplate\":\"https:\/\/www.americanrider.net\/es\/?s={search_term_string}\"},\"query-input\":{\"@type\":\"PropertyValueSpecification\",\"valueRequired\":true,\"valueName\":\"search_term_string\"}}],\"inLanguage\":\"es\"},{\"@type\":\"Organization\",\"@id\":\"https:\/\/www.americanrider.net\/es\/#organization\",\"name\":\"American Rider\",\"url\":\"https:\/\/www.americanrider.net\/es\/\",\"logo\":{\"@type\":\"ImageObject\",\"inLanguage\":\"es\",\"@id\":\"https:\/\/www.americanrider.net\/es\/#\/schema\/logo\/image\/\",\"url\":\"https:\/\/www.americanrider.net\/wp-content\/uploads\/2018\/05\/logo-american-rider.png\",\"contentUrl\":\"https:\/\/www.americanrider.net\/wp-content\/uploads\/2018\/05\/logo-american-rider.png\",\"width\":694,\"height\":184,\"caption\":\"American Rider\"},\"image\":{\"@id\":\"https:\/\/www.americanrider.net\/es\/#\/schema\/logo\/image\/\"}}]}<\/script>\n<!-- \/ Yoast SEO plugin. -->","yoast_head_json":{"title":"Harley Davidson Road King - American Rider","description":"American Rider le ofrece esta Harley Davidson Road King para alquilar. Esta es una motocicleta legendaria, ideal para ir en ruta. \u00a1Contrata esta moto ahora!","robots":{"index":"index","follow":"follow","max-snippet":"max-snippet:-1","max-image-preview":"max-image-preview:large","max-video-preview":"max-video-preview:-1"},"canonical":"https:\/\/www.americanrider.net\/es\/producto\/harley-davidson-road-king\/","og_locale":"es_ES","og_type":"article","og_title":"Harley Davidson Road King - American Rider","og_description":"American Rider le ofrece esta Harley Davidson Road King para alquilar. Esta es una motocicleta legendaria, ideal para ir en ruta. \u00a1Contrata esta moto ahora!","og_url":"https:\/\/www.americanrider.net\/es\/producto\/harley-davidson-road-king\/","og_site_name":"American Rider","article_modified_time":"2019-04-02T12:54:00+00:00","og_image":[{"width":900,"height":600,"url":"https:\/\/www.americanrider.net\/wp-content\/uploads\/2019\/01\/01-Harley-Davidson-Road-King.jpg","type":"image\/jpeg"}],"twitter_card":"summary_large_image","twitter_misc":{"Tiempo de lectura":"1 minuto"},"schema":{"@context":"https:\/\/schema.org","@graph":[{"@type":"WebPage","@id":"https:\/\/www.americanrider.net\/es\/producto\/harley-davidson-road-king\/","url":"https:\/\/www.americanrider.net\/es\/producto\/harley-davidson-road-king\/","name":"Harley Davidson Road King - American Rider","isPartOf":{"@id":"https:\/\/www.americanrider.net\/es\/#website"},"primaryImageOfPage":{"@id":"https:\/\/www.americanrider.net\/es\/producto\/harley-davidson-road-king\/#primaryimage"},"image":{"@id":"https:\/\/www.americanrider.net\/es\/producto\/harley-davidson-road-king\/#primaryimage"},"thumbnailUrl":"https:\/\/www.americanrider.net\/wp-content\/uploads\/2019\/01\/01-Harley-Davidson-Road-King.jpg","datePublished":"2019-03-29T16:10:45+00:00","dateModified":"2019-04-02T12:54:00+00:00","description":"American Rider le ofrece esta Harley Davidson Road King para alquilar. Esta es una motocicleta legendaria, ideal para ir en ruta. \u00a1Contrata esta moto ahora!","breadcrumb":{"@id":"https:\/\/www.americanrider.net\/es\/producto\/harley-davidson-road-king\/#breadcrumb"},"inLanguage":"es","potentialAction":[{"@type":"ReadAction","target":["https:\/\/www.americanrider.net\/es\/producto\/harley-davidson-road-king\/"]}]},{"@type":"ImageObject","inLanguage":"es","@id":"https:\/\/www.americanrider.net\/es\/producto\/harley-davidson-road-king\/#primaryimage","url":"https:\/\/www.americanrider.net\/wp-content\/uploads\/2019\/01\/01-Harley-Davidson-Road-King.jpg","contentUrl":"https:\/\/www.americanrider.net\/wp-content\/uploads\/2019\/01\/01-Harley-Davidson-Road-King.jpg","width":900,"height":600,"caption":"HARLEY DAVIDSON ROAD KING"},{"@type":"BreadcrumbList","@id":"https:\/\/www.americanrider.net\/es\/producto\/harley-davidson-road-king\/#breadcrumb","itemListElement":[{"@type":"ListItem","position":1,"name":"Home","item":"https:\/\/www.americanrider.net\/es\/"},{"@type":"ListItem","position":2,"name":"Tienda","item":"https:\/\/www.americanrider.net\/es\/tienda\/"},{"@type":"ListItem","position":3,"name":"Harley Davidson Road King"}]},{"@type":"WebSite","@id":"https:\/\/www.americanrider.net\/es\/#website","url":"https:\/\/www.americanrider.net\/es\/","name":"American Rider","description":"Motorcycle Rentals and Tours","publisher":{"@id":"https:\/\/www.americanrider.net\/es\/#organization"},"potentialAction":[{"@type":"SearchAction","target":{"@type":"EntryPoint","urlTemplate":"https:\/\/www.americanrider.net\/es\/?s={search_term_string}"},"query-input":{"@type":"PropertyValueSpecification","valueRequired":true,"valueName":"search_term_string"}}],"inLanguage":"es"},{"@type":"Organization","@id":"https:\/\/www.americanrider.net\/es\/#organization","name":"American Rider","url":"https:\/\/www.americanrider.net\/es\/","logo":{"@type":"ImageObject","inLanguage":"es","@id":"https:\/\/www.americanrider.net\/es\/#\/schema\/logo\/image\/","url":"https:\/\/www.americanrider.net\/wp-content\/uploads\/2018\/05\/logo-american-rider.png","contentUrl":"https:\/\/www.americanrider.net\/wp-content\/uploads\/2018\/05\/logo-american-rider.png","width":694,"height":184,"caption":"American Rider"},"image":{"@id":"https:\/\/www.americanrider.net\/es\/#\/schema\/logo\/image\/"}}]}},"_links":{"self":[{"href":"https:\/\/www.americanrider.net\/es\/wp-json\/wp\/v2\/product\/5110","targetHints":{"allow":["GET"]}}],"collection":[{"href":"https:\/\/www.americanrider.net\/es\/wp-json\/wp\/v2\/product"}],"about":[{"href":"https:\/\/www.americanrider.net\/es\/wp-json\/wp\/v2\/types\/product"}],"replies":[{"embeddable":true,"href":"https:\/\/www.americanrider.net\/es\/wp-json\/wp\/v2\/comments?post=5110"}],"version-history":[{"count":0,"href":"https:\/\/www.americanrider.net\/es\/wp-json\/wp\/v2\/product\/5110\/revisions"}],"wp:featuredmedia":[{"embeddable":true,"href":"https:\/\/www.americanrider.net\/es\/wp-json\/wp\/v2\/media\/2624"}],"wp:attachment":[{"href":"https:\/\/www.americanrider.net\/es\/wp-json\/wp\/v2\/media?parent=5110"}],"wp:term":[{"taxonomy":"product_brand","embeddable":true,"href":"https:\/\/www.americanrider.net\/es\/wp-json\/wp\/v2\/product_brand?post=5110"},{"taxonomy":"product_cat","embeddable":true,"href":"https:\/\/www.americanrider.net\/es\/wp-json\/wp\/v2\/product_cat?post=5110"},{"taxonomy":"product_tag","embeddable":true,"href":"https:\/\/www.americanrider.net\/es\/wp-json\/wp\/v2\/product_tag?post=5110"}],"curies":[{"name":"wp","href":"https:\/\/api.w.org\/{rel}","templated":true}]}}