{"id":5098,"date":"2019-02-20T11:03:46","date_gmt":"2019-03-28T18:17:07","guid":{"rendered":"https:\/\/www.americanrider.eu\/product\/royal-enfield-continental-gt-650\/"},"modified":"2019-04-02T12:37:26","modified_gmt":"2019-04-02T12:37:26","slug":"royal-enfield-continental-gt-650","status":"publish","type":"product","link":"https:\/\/www.americanrider.net\/es\/producto\/royal-enfield-continental-gt-650\/","title":{"rendered":"Royal Enfield Continental GT 650"},"content":{"rendered":"<p>American Rider le ofrece esta Royal Enfield Continental GT 650 para alquilar. Si quieres probar la sensaci\u00f3n de libertad de un Royal Enfield, \u00a1<a href=\"https:\/\/www.americanrider.net\/es\/formulario-reserva-motocicletas-spain\/\"> contrata esta moto ahora!<\/a> De hecho, esta es una gran motocicleta, ideal para ir en carretera. American Rider le ofrece los mejores precios y la seguridad de ser una de las mejores empresas en alquiler de motos.<\/p>\n<h4>The Royal Enfield Continental GT 650<\/h4>\n<p>Royal Enfield, el l\u00edder mundial en el segmento de motocicletas de tama\u00f1o mediano, abre esta semana el \u00faltimo cap\u00edtulo de 117 a\u00f1os de historia de la producci\u00f3n de motocicletas con la salida inicial de sus tan esperadas m\u00e1quinas de dos cilindros, el Continental GT 650 Twin y el Interceptor INT 650 Twin.<\/p>\n<p>De lo que tratan los nuevos gemelos de Royal Enfield es el motociclismo sin complicaciones. Si bien ofrece 47 caballos de fuerza m\u00e1s que adecuados, el secreto de su \u00abcapacidad de conducci\u00f3n\u00bb reside en la forma en que se entrega su par de torsi\u00f3n, sin interrupciones y desde un nivel bajo de revoluciones, con el 80% del par m\u00e1ximo de 52 Nm entregado a 2500 rpm, lo que permite progreso suave y constante sin necesidad de cambiar de marcha constantemente.<\/p>\n<p>Combine eso con un chasis extremadamente \u00e1gil desarrollado en el Centro de Tecnolog\u00eda del Reino Unido de Royal Enfield junto con el legendario constructor de cuadros de motocicletas deportivas Harris Performance, y el secreto de la competencia integral de las nuevas motocicletas comienza a revelarse.<\/p>\n<p>Pero el Continental GT 650 y el Interceptor INT 650 ofrecen mucho m\u00e1s que una ingenier\u00eda lograda: aprovechan la creciente popularidad del motociclismo moderno de influencia cl\u00e1sica que ha estado en el coraz\u00f3n del esp\u00edritu de Royal Enfield durante d\u00e9cadas.<\/p>\n<p>Los nuevos gemelos, como el famoso &#8216;Bullet&#8217; de un solo cilindro, son motocicletas inspiradas en el pasado pero construidas para hoy y dise\u00f1adas para ser relevantes ma\u00f1ana, como tal, reflejan el respeto de la marca por la longevidad al ser la definici\u00f3n de dos ruedas y con sostenibilidad en un mundo donde las tendencias a corto plazo, el consumo conspicuo y los productos desechables est\u00e1n perdiendo r\u00e1pidamente su atractivo.<\/p>\n<p>Tanto el Interceptor INT 650 como el Continental GT 650 son motocicletas bellamente ejecutadas y cuidadosamente detalladas. Sus motores, aunque tienen un dise\u00f1o moderno, replican a la perfecci\u00f3n el aspecto cl\u00e1sico, mientras que los toques como el manillar forjado, las tapas de combustible \u00abMonza\u00bb y los accesorios cuidadosamente terminados reflejan la calidad que se encuentra dentro y por fuera.<\/p>\n<p>La individualidad es la clave para los corredores de hoy en d\u00eda, tanto el Continental GT 650 como el Interceptor INT 650 se pueden obtener en las versiones Standard o Custom con una amplia gama de opciones retro que van desde colores de pintura especiales y franjas de alfileres hasta espejos retro-cool de punta de barra. Mosquiteras opcionales y acabados alternativos para elementos como ruedas, luces y componentes de suspensi\u00f3n.<\/p>\n<div style=\"margin: 20px 0;\"><a class=\"maxbutton-5 maxbutton maxbutton-reserva-moto-espana\" title=\"Reservar ahora\" rel=\"nofollow noopener\" href=\"https:\/\/www.americanrider.net\/es\/formulario-reserva-motocicletas-spain\/\"><span class='mb-text'>RESERVAR AHORA<\/span><\/a><\/div>\n","protected":false},"excerpt":{"rendered":"<div style=\"font-family: 'Teko', sans-serif; font-size: 50px; font-weight: bold; line-height: 40px;\">Royal Enfield Continental GT 650<\/div>\n<div style=\"margin-top: 20px;\"><span style=\"font-family: 'Teko', sans-serif; font-size: 50px; font-weight: bold; color: #bf020f;\">125\u20ac<\/span> \/ <em><strong>24 horas<\/strong><\/em><\/div>\n<div style=\"margin: 20px 0;\"><span style=\"font-family: 'Teko', sans-serif; font-size: 50px; font-weight: bold; color: #bf020f;\">99\u20ac<\/span> \/ <em><strong>8 horas<\/strong><\/em><\/div>\n[maxbutton id=\"5\"]\n<div style=\"font-family: 'Poppins', sans-serif; font-size: 20px; font-weight: bold; margin-top: 20px;\">Informaci\u00f3n:<\/div>\n<ul>\n<li><strong>Impuestos:<\/strong> Incluidos<\/li>\n<li><strong>Asistencia en carretera 24h:<\/strong> Incluido<\/li>\n<li><strong>Cascos<\/strong> Incluidos (Conductor y pasajero)<\/li>\n<li><strong>Bloqueo:<\/strong> Incluido (Bloqueo de disco o cable)<\/li>\n<li><strong>Asientos: <\/strong>2<\/li>\n<li><strong>Combustible: <\/strong>Tanque lleno<\/li>\n<li><strong>Kil\u00f3metros\/Kilometraje: <\/strong>300 km per day<\/li>\n<li><strong>Kil\u00f3metros adicionales:<\/strong> 0,20 \u20ac\/km<\/li>\n<li><strong>Dep\u00f3sito: <\/strong>500\u20ac a 2000\u20ac (consultar condiciones)<\/li>\n<li><strong>Alforja: <\/strong>Consultar disponibilidad<\/li>\n<\/ul>\n<div style=\"font-family: 'Poppins', sans-serif; font-size: 20px; font-weight: bold; margin-top: 20px;\">Descuentos:<\/div>\n<ul>\n<li><strong>Alquiler de 3 a 7 d\u00edas:<\/strong> <em><strong>106\u20ac\/d\u00eda<\/strong><\/em><\/li>\n<li><strong>Alquiler de 8 a 15 d\u00edas:<\/strong> <em><strong>93,75\u20ac\/d\u00eda<\/strong><\/em><\/li>\n<li>Consultar 16 d\u00edas o m\u00e1s alquileres<\/li>\n<li>Durante 3 d\u00edas o m\u00e1s alquileres: entrega y recogida gratuita de motos o transporte gratuito desde \/ hacia su ubicaci\u00f3n (\u00e1rea de M\u00e1laga y Costa del Sol)<\/li>\n<li>Grupos de 3 o m\u00e1s motocicletas: transporte gratuito desde o hacia Ubicaci\u00f3n (\u00e1rea de M\u00e1laga y Costa del Sol) y 15% de descuento.<\/li>\n<\/ul>\n<div style=\"margin: 20px 0;\">[maxbutton id=\"5\"]<\/div>\n","protected":false},"featured_media":3108,"comment_status":"closed","ping_status":"closed","template":"","meta":[],"product_brand":[],"product_cat":[116,118,117,144,123,140],"product_tag":[],"class_list":{"0":"post-5098","1":"product","2":"type-product","3":"status-publish","4":"has-post-thumbnail","6":"product_cat-alquiler","7":"product_cat-alquiler-en-espana","8":"product_cat-motos","9":"product_cat-motos-de-carretera","10":"product_cat-otras-motos-en-espana","11":"product_cat-todas-las-motos","13":"first","14":"instock","15":"taxable","16":"shipping-taxable","17":"product-type-simple"},"yoast_head":"<!-- This site is optimized with the Yoast SEO plugin v25.5 - https:\/\/yoast.com\/wordpress\/plugins\/seo\/ -->\n<title>Royal Enfield Continental GT 650 - American Rider<\/title>\n<meta name=\"description\" content=\"American Rider le ofrece esta Royal Enfield Continental GT 650 para alquilar. Esta es una gran motocicleta, ideal para ir en ruta. \u00a1Contrata esta moto ahora!\" \/>\n<meta name=\"robots\" content=\"index, follow, max-snippet:-1, max-image-preview:large, max-video-preview:-1\" \/>\n<link rel=\"canonical\" href=\"https:\/\/www.americanrider.net\/es\/producto\/royal-enfield-continental-gt-650\/\" \/>\n<meta property=\"og:locale\" content=\"es_ES\" \/>\n<meta property=\"og:type\" content=\"article\" \/>\n<meta property=\"og:title\" content=\"Royal Enfield Continental GT 650 - American Rider\" \/>\n<meta property=\"og:description\" content=\"American Rider le ofrece esta Royal Enfield Continental GT 650 para alquilar. Esta es una gran motocicleta, ideal para ir en ruta. \u00a1Contrata esta moto ahora!\" \/>\n<meta property=\"og:url\" content=\"https:\/\/www.americanrider.net\/es\/producto\/royal-enfield-continental-gt-650\/\" \/>\n<meta property=\"og:site_name\" content=\"American Rider\" \/>\n<meta property=\"article:modified_time\" content=\"2019-04-02T12:37:26+00:00\" \/>\n<meta property=\"og:image\" content=\"https:\/\/www.americanrider.net\/wp-content\/uploads\/2019\/02\/00-royal-enfield-continental-gt-650.jpg\" \/>\n\t<meta property=\"og:image:width\" content=\"900\" \/>\n\t<meta property=\"og:image:height\" content=\"600\" \/>\n\t<meta property=\"og:image:type\" content=\"image\/jpeg\" \/>\n<meta name=\"twitter:card\" content=\"summary_large_image\" \/>\n<meta name=\"twitter:label1\" content=\"Tiempo de lectura\" \/>\n\t<meta name=\"twitter:data1\" content=\"2 minutos\" \/>\n<script type=\"application\/ld+json\" class=\"yoast-schema-graph\">{\"@context\":\"https:\/\/schema.org\",\"@graph\":[{\"@type\":\"WebPage\",\"@id\":\"https:\/\/www.americanrider.net\/es\/producto\/royal-enfield-continental-gt-650\/\",\"url\":\"https:\/\/www.americanrider.net\/es\/producto\/royal-enfield-continental-gt-650\/\",\"name\":\"Royal Enfield Continental GT 650 - American Rider\",\"isPartOf\":{\"@id\":\"https:\/\/www.americanrider.net\/es\/#website\"},\"primaryImageOfPage\":{\"@id\":\"https:\/\/www.americanrider.net\/es\/producto\/royal-enfield-continental-gt-650\/#primaryimage\"},\"image\":{\"@id\":\"https:\/\/www.americanrider.net\/es\/producto\/royal-enfield-continental-gt-650\/#primaryimage\"},\"thumbnailUrl\":\"https:\/\/www.americanrider.net\/wp-content\/uploads\/2019\/02\/00-royal-enfield-continental-gt-650.jpg\",\"datePublished\":\"2019-03-28T18:17:07+00:00\",\"dateModified\":\"2019-04-02T12:37:26+00:00\",\"description\":\"American Rider le ofrece esta Royal Enfield Continental GT 650 para alquilar. Esta es una gran motocicleta, ideal para ir en ruta. \u00a1Contrata esta moto ahora!\",\"breadcrumb\":{\"@id\":\"https:\/\/www.americanrider.net\/es\/producto\/royal-enfield-continental-gt-650\/#breadcrumb\"},\"inLanguage\":\"es\",\"potentialAction\":[{\"@type\":\"ReadAction\",\"target\":[\"https:\/\/www.americanrider.net\/es\/producto\/royal-enfield-continental-gt-650\/\"]}]},{\"@type\":\"ImageObject\",\"inLanguage\":\"es\",\"@id\":\"https:\/\/www.americanrider.net\/es\/producto\/royal-enfield-continental-gt-650\/#primaryimage\",\"url\":\"https:\/\/www.americanrider.net\/wp-content\/uploads\/2019\/02\/00-royal-enfield-continental-gt-650.jpg\",\"contentUrl\":\"https:\/\/www.americanrider.net\/wp-content\/uploads\/2019\/02\/00-royal-enfield-continental-gt-650.jpg\",\"width\":900,\"height\":600,\"caption\":\"royal enfield continental gt 650\"},{\"@type\":\"BreadcrumbList\",\"@id\":\"https:\/\/www.americanrider.net\/es\/producto\/royal-enfield-continental-gt-650\/#breadcrumb\",\"itemListElement\":[{\"@type\":\"ListItem\",\"position\":1,\"name\":\"Home\",\"item\":\"https:\/\/www.americanrider.net\/es\/\"},{\"@type\":\"ListItem\",\"position\":2,\"name\":\"Tienda\",\"item\":\"https:\/\/www.americanrider.net\/es\/tienda\/\"},{\"@type\":\"ListItem\",\"position\":3,\"name\":\"Royal Enfield Continental GT 650\"}]},{\"@type\":\"WebSite\",\"@id\":\"https:\/\/www.americanrider.net\/es\/#website\",\"url\":\"https:\/\/www.americanrider.net\/es\/\",\"name\":\"American Rider\",\"description\":\"Motorcycle Rentals and Tours\",\"publisher\":{\"@id\":\"https:\/\/www.americanrider.net\/es\/#organization\"},\"potentialAction\":[{\"@type\":\"SearchAction\",\"target\":{\"@type\":\"EntryPoint\",\"urlTemplate\":\"https:\/\/www.americanrider.net\/es\/?s={search_term_string}\"},\"query-input\":{\"@type\":\"PropertyValueSpecification\",\"valueRequired\":true,\"valueName\":\"search_term_string\"}}],\"inLanguage\":\"es\"},{\"@type\":\"Organization\",\"@id\":\"https:\/\/www.americanrider.net\/es\/#organization\",\"name\":\"American Rider\",\"url\":\"https:\/\/www.americanrider.net\/es\/\",\"logo\":{\"@type\":\"ImageObject\",\"inLanguage\":\"es\",\"@id\":\"https:\/\/www.americanrider.net\/es\/#\/schema\/logo\/image\/\",\"url\":\"https:\/\/www.americanrider.net\/wp-content\/uploads\/2018\/05\/logo-american-rider.png\",\"contentUrl\":\"https:\/\/www.americanrider.net\/wp-content\/uploads\/2018\/05\/logo-american-rider.png\",\"width\":694,\"height\":184,\"caption\":\"American Rider\"},\"image\":{\"@id\":\"https:\/\/www.americanrider.net\/es\/#\/schema\/logo\/image\/\"}}]}<\/script>\n<!-- \/ Yoast SEO plugin. -->","yoast_head_json":{"title":"Royal Enfield Continental GT 650 - American Rider","description":"American Rider le ofrece esta Royal Enfield Continental GT 650 para alquilar. Esta es una gran motocicleta, ideal para ir en ruta. \u00a1Contrata esta moto ahora!","robots":{"index":"index","follow":"follow","max-snippet":"max-snippet:-1","max-image-preview":"max-image-preview:large","max-video-preview":"max-video-preview:-1"},"canonical":"https:\/\/www.americanrider.net\/es\/producto\/royal-enfield-continental-gt-650\/","og_locale":"es_ES","og_type":"article","og_title":"Royal Enfield Continental GT 650 - American Rider","og_description":"American Rider le ofrece esta Royal Enfield Continental GT 650 para alquilar. Esta es una gran motocicleta, ideal para ir en ruta. \u00a1Contrata esta moto ahora!","og_url":"https:\/\/www.americanrider.net\/es\/producto\/royal-enfield-continental-gt-650\/","og_site_name":"American Rider","article_modified_time":"2019-04-02T12:37:26+00:00","og_image":[{"width":900,"height":600,"url":"https:\/\/www.americanrider.net\/wp-content\/uploads\/2019\/02\/00-royal-enfield-continental-gt-650.jpg","type":"image\/jpeg"}],"twitter_card":"summary_large_image","twitter_misc":{"Tiempo de lectura":"2 minutos"},"schema":{"@context":"https:\/\/schema.org","@graph":[{"@type":"WebPage","@id":"https:\/\/www.americanrider.net\/es\/producto\/royal-enfield-continental-gt-650\/","url":"https:\/\/www.americanrider.net\/es\/producto\/royal-enfield-continental-gt-650\/","name":"Royal Enfield Continental GT 650 - American Rider","isPartOf":{"@id":"https:\/\/www.americanrider.net\/es\/#website"},"primaryImageOfPage":{"@id":"https:\/\/www.americanrider.net\/es\/producto\/royal-enfield-continental-gt-650\/#primaryimage"},"image":{"@id":"https:\/\/www.americanrider.net\/es\/producto\/royal-enfield-continental-gt-650\/#primaryimage"},"thumbnailUrl":"https:\/\/www.americanrider.net\/wp-content\/uploads\/2019\/02\/00-royal-enfield-continental-gt-650.jpg","datePublished":"2019-03-28T18:17:07+00:00","dateModified":"2019-04-02T12:37:26+00:00","description":"American Rider le ofrece esta Royal Enfield Continental GT 650 para alquilar. Esta es una gran motocicleta, ideal para ir en ruta. \u00a1Contrata esta moto ahora!","breadcrumb":{"@id":"https:\/\/www.americanrider.net\/es\/producto\/royal-enfield-continental-gt-650\/#breadcrumb"},"inLanguage":"es","potentialAction":[{"@type":"ReadAction","target":["https:\/\/www.americanrider.net\/es\/producto\/royal-enfield-continental-gt-650\/"]}]},{"@type":"ImageObject","inLanguage":"es","@id":"https:\/\/www.americanrider.net\/es\/producto\/royal-enfield-continental-gt-650\/#primaryimage","url":"https:\/\/www.americanrider.net\/wp-content\/uploads\/2019\/02\/00-royal-enfield-continental-gt-650.jpg","contentUrl":"https:\/\/www.americanrider.net\/wp-content\/uploads\/2019\/02\/00-royal-enfield-continental-gt-650.jpg","width":900,"height":600,"caption":"royal enfield continental gt 650"},{"@type":"BreadcrumbList","@id":"https:\/\/www.americanrider.net\/es\/producto\/royal-enfield-continental-gt-650\/#breadcrumb","itemListElement":[{"@type":"ListItem","position":1,"name":"Home","item":"https:\/\/www.americanrider.net\/es\/"},{"@type":"ListItem","position":2,"name":"Tienda","item":"https:\/\/www.americanrider.net\/es\/tienda\/"},{"@type":"ListItem","position":3,"name":"Royal Enfield Continental GT 650"}]},{"@type":"WebSite","@id":"https:\/\/www.americanrider.net\/es\/#website","url":"https:\/\/www.americanrider.net\/es\/","name":"American Rider","description":"Motorcycle Rentals and Tours","publisher":{"@id":"https:\/\/www.americanrider.net\/es\/#organization"},"potentialAction":[{"@type":"SearchAction","target":{"@type":"EntryPoint","urlTemplate":"https:\/\/www.americanrider.net\/es\/?s={search_term_string}"},"query-input":{"@type":"PropertyValueSpecification","valueRequired":true,"valueName":"search_term_string"}}],"inLanguage":"es"},{"@type":"Organization","@id":"https:\/\/www.americanrider.net\/es\/#organization","name":"American Rider","url":"https:\/\/www.americanrider.net\/es\/","logo":{"@type":"ImageObject","inLanguage":"es","@id":"https:\/\/www.americanrider.net\/es\/#\/schema\/logo\/image\/","url":"https:\/\/www.americanrider.net\/wp-content\/uploads\/2018\/05\/logo-american-rider.png","contentUrl":"https:\/\/www.americanrider.net\/wp-content\/uploads\/2018\/05\/logo-american-rider.png","width":694,"height":184,"caption":"American Rider"},"image":{"@id":"https:\/\/www.americanrider.net\/es\/#\/schema\/logo\/image\/"}}]}},"_links":{"self":[{"href":"https:\/\/www.americanrider.net\/es\/wp-json\/wp\/v2\/product\/5098","targetHints":{"allow":["GET"]}}],"collection":[{"href":"https:\/\/www.americanrider.net\/es\/wp-json\/wp\/v2\/product"}],"about":[{"href":"https:\/\/www.americanrider.net\/es\/wp-json\/wp\/v2\/types\/product"}],"replies":[{"embeddable":true,"href":"https:\/\/www.americanrider.net\/es\/wp-json\/wp\/v2\/comments?post=5098"}],"version-history":[{"count":0,"href":"https:\/\/www.americanrider.net\/es\/wp-json\/wp\/v2\/product\/5098\/revisions"}],"wp:featuredmedia":[{"embeddable":true,"href":"https:\/\/www.americanrider.net\/es\/wp-json\/wp\/v2\/media\/3108"}],"wp:attachment":[{"href":"https:\/\/www.americanrider.net\/es\/wp-json\/wp\/v2\/media?parent=5098"}],"wp:term":[{"taxonomy":"product_brand","embeddable":true,"href":"https:\/\/www.americanrider.net\/es\/wp-json\/wp\/v2\/product_brand?post=5098"},{"taxonomy":"product_cat","embeddable":true,"href":"https:\/\/www.americanrider.net\/es\/wp-json\/wp\/v2\/product_cat?post=5098"},{"taxonomy":"product_tag","embeddable":true,"href":"https:\/\/www.americanrider.net\/es\/wp-json\/wp\/v2\/product_tag?post=5098"}],"curies":[{"name":"wp","href":"https:\/\/api.w.org\/{rel}","templated":true}]}}