{"id":5094,"date":"2019-02-07T16:33:41","date_gmt":"2019-03-28T18:07:14","guid":{"rendered":"https:\/\/www.americanrider.eu\/product\/honda-cfr-250l\/"},"modified":"2019-04-03T15:22:27","modified_gmt":"2019-04-03T15:22:27","slug":"honda-crf-250l","status":"publish","type":"product","link":"https:\/\/www.americanrider.net\/es\/producto\/honda-crf-250l\/","title":{"rendered":"Honda CRF 250L"},"content":{"rendered":"<p>American Rider offers you this Honda CRF 250L for rental. Si quieres probar la sensaci\u00f3n de libertad de una Honda, \u00a1<a href=\"https:\/\/www.americanrider.net\/booking\"> contrata esta moto ahora!<\/a> De hecho, esta es una gran motocicleta, ideal para ir en ruta. American Rider le ofrece los mejores precios y la seguridad de ser una de las mejores empresas en alquiler de motos.<\/p>\n<h4>La Honda CRF 250L<\/h4>\n<p>Creemos que las motocicletas deben tratar de salir y disfrutar del mundo que te rodea. El sol, los olores, el viento, el clima. M\u00e1s realidad y menos virtual. \u00bfY sabes qu\u00e9 es a\u00fan mejor? Si pudieras encontrar una motocicleta que pudiera hacerlo todo. D\u00e9jate ir explorando en la tierra. Zigzaguea a lo largo de carreteras de monta\u00f1a. Viaje al trabajo todos los d\u00edas. E incluso ahorrarle algo de dinero en la bomba de gas. Bueno, adivina qu\u00e9: el CRF250L y el nuevo Rally CRF250L ser\u00e1n las motocicletas perfectas para todas esas cosas.<\/p>\n<p>Algunos aspectos destacados: el cuerpo del acelerador m\u00e1s grande mejora la sensaci\u00f3n de la potencia de rango medio y bajo de la motocicleta, al igual que el nuevo dise\u00f1o del silenciador, la caja de aire revisada y el cabezal de escape de mayor di\u00e1metro. El nuevo CRF250L Rally tiene el mismo motor actualizado que el est\u00e1ndar de 250L, pero tambi\u00e9n cuenta con un tanque de combustible m\u00e1s grande, una carrocer\u00eda totalmente nueva estilo Dakar, guardamanos, un parabrisas, una placa deslizante y a\u00fan m\u00e1s viajes de suspensi\u00f3n. Y ambos le brindan una excelente posici\u00f3n de asiento erguido que es c\u00f3moda para viajes m\u00e1s largos, ideal tanto para el tr\u00e1nsito urbano como para el camino. Incluso est\u00e1n disponibles con ABS opcional.<\/p>\n<a class=\"maxbutton-1 maxbutton maxbutton-booking\" title=\"Book now\" href=\"https:\/\/americanrider.net\/booking\"><span class='mb-text'>BOOK NOW<\/span><\/a>\n","protected":false},"excerpt":{"rendered":"<div style=\"font-family: 'Teko', sans-serif; font-size: 50px; font-weight: bold;\">Honda CRF 250L<\/div>\n<div style=\"margin-top: 20px;\"><span style=\"font-family: 'Teko', sans-serif; font-size: 50px; font-weight: bold; color: #bf020f;\">99\u20ac<\/span> \/ <em><strong>24 horas<\/strong><\/em><\/div>\n<div style=\"margin: 20px 0;\"><span style=\"font-family: 'Teko', sans-serif; font-size: 50px; font-weight: bold; color: #bf020f;\">75\u20ac<\/span> \/ <em><strong>8 horas<\/strong><\/em><\/div>\n[maxbutton id=\"1\"]\n<div style=\"font-family: 'Poppins', sans-serif; font-size: 20px; font-weight: bold; margin-top: 20px;\">Informaci\u00f3n:<\/div>\n<ul>\n<li><strong>Impuestos:<\/strong> Incluidos<\/li>\n<li><strong>Asistencia en carretera 24h:<\/strong> Incluido<\/li>\n<li><strong>Cascos<\/strong> Incluidos (Conductor y pasajero)<\/li>\n<li><strong>Bloqueo:<\/strong> Incluido (Bloqueo de disco o cable)<\/li>\n<li><strong>Asientos: <\/strong>2<\/li>\n<li><strong>Combustible: <\/strong>Tanque lleno<\/li>\n<li><strong>Kil\u00f3metros\/Kilometraje: <\/strong>300 km per day<\/li>\n<li><strong>Kil\u00f3metros adicionales:<\/strong> 0,20 \u20ac\/km<\/li>\n<li><strong>Dep\u00f3sito: <\/strong>500\u20ac a 2000\u20ac (consultar condiciones)<\/li>\n<li><strong>Alforja: <\/strong>Consultar disponibilidad<\/li>\n<\/ul>\n<div style=\"font-family: 'Poppins', sans-serif; font-size: 20px; font-weight: bold; margin-top: 20px;\">Descuentos:<\/div>\n<ul>\n<li><strong>Alquiler de 3 a 7 d\u00edas:<\/strong> <em><strong>84\u20ac\/d\u00eda<\/strong><\/em><\/li>\n<li><strong>Alquiler de 8 a 15 d\u00edas:<\/strong> <em><strong>75\u20ac\/d\u00eda<\/strong><\/em><\/li>\n<li>Consultar 16 d\u00edas o m\u00e1s alquileres<\/li>\n<li>Durante 3 d\u00edas o m\u00e1s alquileres: entrega y recogida gratuita de motos o transporte gratuito desde \/ hacia su ubicaci\u00f3n (\u00e1rea de M\u00e1laga y Costa del Sol)<\/li>\n<li>Grupos de 3 o m\u00e1s motocicletas: transporte gratuito desde o hacia Ubicaci\u00f3n (\u00e1rea de M\u00e1laga y Costa del Sol) y 15% de descuento.<\/li>\n<\/ul>\n<div style=\"margin: 20px 0;\">[maxbutton id=\"1\"]<\/div>\n","protected":false},"featured_media":2864,"comment_status":"closed","ping_status":"closed","template":"","meta":[],"product_brand":[],"product_cat":[116,118,117,146,123,140],"product_tag":[],"class_list":{"0":"post-5094","1":"product","2":"type-product","3":"status-publish","4":"has-post-thumbnail","6":"product_cat-alquiler","7":"product_cat-alquiler-en-espana","8":"product_cat-motos","9":"product_cat-motos-de-campo","10":"product_cat-otras-motos-en-espana","11":"product_cat-todas-las-motos","13":"first","14":"instock","15":"taxable","16":"shipping-taxable","17":"product-type-simple"},"yoast_head":"<!-- This site is optimized with the Yoast SEO plugin v25.5 - https:\/\/yoast.com\/wordpress\/plugins\/seo\/ -->\n<title>Honda CRF 250L - American Rider<\/title>\n<meta name=\"description\" content=\"American Rider le ofrece este Honda CRF 250L para alquilar. Esta es una gran motocicleta, ideal para ir en ruta. \u00a1Contrata esta moto ahora!\" \/>\n<meta name=\"robots\" content=\"index, follow, max-snippet:-1, max-image-preview:large, max-video-preview:-1\" \/>\n<link rel=\"canonical\" href=\"https:\/\/www.americanrider.net\/es\/producto\/honda-crf-250l\/\" \/>\n<meta property=\"og:locale\" content=\"es_ES\" \/>\n<meta property=\"og:type\" content=\"article\" \/>\n<meta property=\"og:title\" content=\"Honda CRF 250L - American Rider\" \/>\n<meta property=\"og:description\" content=\"American Rider le ofrece este Honda CRF 250L para alquilar. Esta es una gran motocicleta, ideal para ir en ruta. \u00a1Contrata esta moto ahora!\" \/>\n<meta property=\"og:url\" content=\"https:\/\/www.americanrider.net\/es\/producto\/honda-crf-250l\/\" \/>\n<meta property=\"og:site_name\" content=\"American Rider\" \/>\n<meta property=\"article:modified_time\" content=\"2019-04-03T15:22:27+00:00\" \/>\n<meta property=\"og:image\" content=\"https:\/\/www.americanrider.net\/wp-content\/uploads\/2019\/02\/00-honda-cfr-250l.jpg\" \/>\n\t<meta property=\"og:image:width\" content=\"900\" \/>\n\t<meta property=\"og:image:height\" content=\"600\" \/>\n\t<meta property=\"og:image:type\" content=\"image\/jpeg\" \/>\n<meta name=\"twitter:card\" content=\"summary_large_image\" \/>\n<meta name=\"twitter:label1\" content=\"Tiempo de lectura\" \/>\n\t<meta name=\"twitter:data1\" content=\"2 minutos\" \/>\n<script type=\"application\/ld+json\" class=\"yoast-schema-graph\">{\"@context\":\"https:\/\/schema.org\",\"@graph\":[{\"@type\":\"WebPage\",\"@id\":\"https:\/\/www.americanrider.net\/es\/producto\/honda-crf-250l\/\",\"url\":\"https:\/\/www.americanrider.net\/es\/producto\/honda-crf-250l\/\",\"name\":\"Honda CRF 250L - American Rider\",\"isPartOf\":{\"@id\":\"https:\/\/www.americanrider.net\/es\/#website\"},\"primaryImageOfPage\":{\"@id\":\"https:\/\/www.americanrider.net\/es\/producto\/honda-crf-250l\/#primaryimage\"},\"image\":{\"@id\":\"https:\/\/www.americanrider.net\/es\/producto\/honda-crf-250l\/#primaryimage\"},\"thumbnailUrl\":\"https:\/\/www.americanrider.net\/wp-content\/uploads\/2019\/02\/00-honda-cfr-250l.jpg\",\"datePublished\":\"2019-03-28T18:07:14+00:00\",\"dateModified\":\"2019-04-03T15:22:27+00:00\",\"description\":\"American Rider le ofrece este Honda CRF 250L para alquilar. Esta es una gran motocicleta, ideal para ir en ruta. \u00a1Contrata esta moto ahora!\",\"breadcrumb\":{\"@id\":\"https:\/\/www.americanrider.net\/es\/producto\/honda-crf-250l\/#breadcrumb\"},\"inLanguage\":\"es\",\"potentialAction\":[{\"@type\":\"ReadAction\",\"target\":[\"https:\/\/www.americanrider.net\/es\/producto\/honda-crf-250l\/\"]}]},{\"@type\":\"ImageObject\",\"inLanguage\":\"es\",\"@id\":\"https:\/\/www.americanrider.net\/es\/producto\/honda-crf-250l\/#primaryimage\",\"url\":\"https:\/\/www.americanrider.net\/wp-content\/uploads\/2019\/02\/00-honda-cfr-250l.jpg\",\"contentUrl\":\"https:\/\/www.americanrider.net\/wp-content\/uploads\/2019\/02\/00-honda-cfr-250l.jpg\",\"width\":900,\"height\":600,\"caption\":\"Honda CFR 250L\"},{\"@type\":\"BreadcrumbList\",\"@id\":\"https:\/\/www.americanrider.net\/es\/producto\/honda-crf-250l\/#breadcrumb\",\"itemListElement\":[{\"@type\":\"ListItem\",\"position\":1,\"name\":\"Home\",\"item\":\"https:\/\/www.americanrider.net\/es\/\"},{\"@type\":\"ListItem\",\"position\":2,\"name\":\"Tienda\",\"item\":\"https:\/\/www.americanrider.net\/es\/tienda\/\"},{\"@type\":\"ListItem\",\"position\":3,\"name\":\"Honda CRF 250L\"}]},{\"@type\":\"WebSite\",\"@id\":\"https:\/\/www.americanrider.net\/es\/#website\",\"url\":\"https:\/\/www.americanrider.net\/es\/\",\"name\":\"American Rider\",\"description\":\"Motorcycle Rentals and Tours\",\"publisher\":{\"@id\":\"https:\/\/www.americanrider.net\/es\/#organization\"},\"potentialAction\":[{\"@type\":\"SearchAction\",\"target\":{\"@type\":\"EntryPoint\",\"urlTemplate\":\"https:\/\/www.americanrider.net\/es\/?s={search_term_string}\"},\"query-input\":{\"@type\":\"PropertyValueSpecification\",\"valueRequired\":true,\"valueName\":\"search_term_string\"}}],\"inLanguage\":\"es\"},{\"@type\":\"Organization\",\"@id\":\"https:\/\/www.americanrider.net\/es\/#organization\",\"name\":\"American Rider\",\"url\":\"https:\/\/www.americanrider.net\/es\/\",\"logo\":{\"@type\":\"ImageObject\",\"inLanguage\":\"es\",\"@id\":\"https:\/\/www.americanrider.net\/es\/#\/schema\/logo\/image\/\",\"url\":\"https:\/\/www.americanrider.net\/wp-content\/uploads\/2018\/05\/logo-american-rider.png\",\"contentUrl\":\"https:\/\/www.americanrider.net\/wp-content\/uploads\/2018\/05\/logo-american-rider.png\",\"width\":694,\"height\":184,\"caption\":\"American Rider\"},\"image\":{\"@id\":\"https:\/\/www.americanrider.net\/es\/#\/schema\/logo\/image\/\"}}]}<\/script>\n<!-- \/ Yoast SEO plugin. -->","yoast_head_json":{"title":"Honda CRF 250L - American Rider","description":"American Rider le ofrece este Honda CRF 250L para alquilar. Esta es una gran motocicleta, ideal para ir en ruta. \u00a1Contrata esta moto ahora!","robots":{"index":"index","follow":"follow","max-snippet":"max-snippet:-1","max-image-preview":"max-image-preview:large","max-video-preview":"max-video-preview:-1"},"canonical":"https:\/\/www.americanrider.net\/es\/producto\/honda-crf-250l\/","og_locale":"es_ES","og_type":"article","og_title":"Honda CRF 250L - American Rider","og_description":"American Rider le ofrece este Honda CRF 250L para alquilar. Esta es una gran motocicleta, ideal para ir en ruta. \u00a1Contrata esta moto ahora!","og_url":"https:\/\/www.americanrider.net\/es\/producto\/honda-crf-250l\/","og_site_name":"American Rider","article_modified_time":"2019-04-03T15:22:27+00:00","og_image":[{"width":900,"height":600,"url":"https:\/\/www.americanrider.net\/wp-content\/uploads\/2019\/02\/00-honda-cfr-250l.jpg","type":"image\/jpeg"}],"twitter_card":"summary_large_image","twitter_misc":{"Tiempo de lectura":"2 minutos"},"schema":{"@context":"https:\/\/schema.org","@graph":[{"@type":"WebPage","@id":"https:\/\/www.americanrider.net\/es\/producto\/honda-crf-250l\/","url":"https:\/\/www.americanrider.net\/es\/producto\/honda-crf-250l\/","name":"Honda CRF 250L - American Rider","isPartOf":{"@id":"https:\/\/www.americanrider.net\/es\/#website"},"primaryImageOfPage":{"@id":"https:\/\/www.americanrider.net\/es\/producto\/honda-crf-250l\/#primaryimage"},"image":{"@id":"https:\/\/www.americanrider.net\/es\/producto\/honda-crf-250l\/#primaryimage"},"thumbnailUrl":"https:\/\/www.americanrider.net\/wp-content\/uploads\/2019\/02\/00-honda-cfr-250l.jpg","datePublished":"2019-03-28T18:07:14+00:00","dateModified":"2019-04-03T15:22:27+00:00","description":"American Rider le ofrece este Honda CRF 250L para alquilar. Esta es una gran motocicleta, ideal para ir en ruta. \u00a1Contrata esta moto ahora!","breadcrumb":{"@id":"https:\/\/www.americanrider.net\/es\/producto\/honda-crf-250l\/#breadcrumb"},"inLanguage":"es","potentialAction":[{"@type":"ReadAction","target":["https:\/\/www.americanrider.net\/es\/producto\/honda-crf-250l\/"]}]},{"@type":"ImageObject","inLanguage":"es","@id":"https:\/\/www.americanrider.net\/es\/producto\/honda-crf-250l\/#primaryimage","url":"https:\/\/www.americanrider.net\/wp-content\/uploads\/2019\/02\/00-honda-cfr-250l.jpg","contentUrl":"https:\/\/www.americanrider.net\/wp-content\/uploads\/2019\/02\/00-honda-cfr-250l.jpg","width":900,"height":600,"caption":"Honda CFR 250L"},{"@type":"BreadcrumbList","@id":"https:\/\/www.americanrider.net\/es\/producto\/honda-crf-250l\/#breadcrumb","itemListElement":[{"@type":"ListItem","position":1,"name":"Home","item":"https:\/\/www.americanrider.net\/es\/"},{"@type":"ListItem","position":2,"name":"Tienda","item":"https:\/\/www.americanrider.net\/es\/tienda\/"},{"@type":"ListItem","position":3,"name":"Honda CRF 250L"}]},{"@type":"WebSite","@id":"https:\/\/www.americanrider.net\/es\/#website","url":"https:\/\/www.americanrider.net\/es\/","name":"American Rider","description":"Motorcycle Rentals and Tours","publisher":{"@id":"https:\/\/www.americanrider.net\/es\/#organization"},"potentialAction":[{"@type":"SearchAction","target":{"@type":"EntryPoint","urlTemplate":"https:\/\/www.americanrider.net\/es\/?s={search_term_string}"},"query-input":{"@type":"PropertyValueSpecification","valueRequired":true,"valueName":"search_term_string"}}],"inLanguage":"es"},{"@type":"Organization","@id":"https:\/\/www.americanrider.net\/es\/#organization","name":"American Rider","url":"https:\/\/www.americanrider.net\/es\/","logo":{"@type":"ImageObject","inLanguage":"es","@id":"https:\/\/www.americanrider.net\/es\/#\/schema\/logo\/image\/","url":"https:\/\/www.americanrider.net\/wp-content\/uploads\/2018\/05\/logo-american-rider.png","contentUrl":"https:\/\/www.americanrider.net\/wp-content\/uploads\/2018\/05\/logo-american-rider.png","width":694,"height":184,"caption":"American Rider"},"image":{"@id":"https:\/\/www.americanrider.net\/es\/#\/schema\/logo\/image\/"}}]}},"_links":{"self":[{"href":"https:\/\/www.americanrider.net\/es\/wp-json\/wp\/v2\/product\/5094","targetHints":{"allow":["GET"]}}],"collection":[{"href":"https:\/\/www.americanrider.net\/es\/wp-json\/wp\/v2\/product"}],"about":[{"href":"https:\/\/www.americanrider.net\/es\/wp-json\/wp\/v2\/types\/product"}],"replies":[{"embeddable":true,"href":"https:\/\/www.americanrider.net\/es\/wp-json\/wp\/v2\/comments?post=5094"}],"version-history":[{"count":0,"href":"https:\/\/www.americanrider.net\/es\/wp-json\/wp\/v2\/product\/5094\/revisions"}],"wp:featuredmedia":[{"embeddable":true,"href":"https:\/\/www.americanrider.net\/es\/wp-json\/wp\/v2\/media\/2864"}],"wp:attachment":[{"href":"https:\/\/www.americanrider.net\/es\/wp-json\/wp\/v2\/media?parent=5094"}],"wp:term":[{"taxonomy":"product_brand","embeddable":true,"href":"https:\/\/www.americanrider.net\/es\/wp-json\/wp\/v2\/product_brand?post=5094"},{"taxonomy":"product_cat","embeddable":true,"href":"https:\/\/www.americanrider.net\/es\/wp-json\/wp\/v2\/product_cat?post=5094"},{"taxonomy":"product_tag","embeddable":true,"href":"https:\/\/www.americanrider.net\/es\/wp-json\/wp\/v2\/product_tag?post=5094"}],"curies":[{"name":"wp","href":"https:\/\/api.w.org\/{rel}","templated":true}]}}