{"id":5092,"date":"2019-01-30T10:57:42","date_gmt":"2019-03-28T18:00:01","guid":{"rendered":"https:\/\/www.americanrider.eu\/product\/honda-cbf-600s\/"},"modified":"2019-04-02T12:34:32","modified_gmt":"2019-04-02T12:34:32","slug":"honda-cbf-600s","status":"publish","type":"product","link":"https:\/\/www.americanrider.net\/es\/producto\/honda-cbf-600s\/","title":{"rendered":"Honda CBF 600S"},"content":{"rendered":"<p>American Rider le ofrece este Honda CBF 600S para alquilar. Si quieres probar la sensaci\u00f3n de libertad de una Honda, \u00a1<a href=\"https:\/\/www.americanrider.net\/es\/formulario-reserva-motocicletas-spain\/\"> contrata esta moto ahora!<\/a> De hecho, esta es una gran motocicleta, ideal para ir en ruta. American Rider le ofrece los mejores precios y la seguridad de ser una de las mejores empresas en alquiler de motos.<\/p>\n<h4>La Honda CBF 600S<\/h4>\n<p>F\u00e1cil de montar, pero con caracter\u00edsticas de alto rendimiento. La Honda CBF600S ahora est\u00e1 disponible para los motoristas que desean una motocicleta que est\u00e9 cargada con todo lo que necesitan durante a\u00f1os de diversi\u00f3n. Probado en las estrechas calles de la ciudad, los sinuosos pasos de monta\u00f1a y las autopistas abiertas de Europa.<\/p>\n<p>Esta motocicleta, est\u00e1 acunada en un marco de aluminio hermosamente esculpido que contribuye al CBF600S de forma segura y liviana. La altura del asiento es c\u00f3modamente baja y es ajustable, por lo que puede estar seguro de que se ajustar\u00e1 perfectamente a usted.<\/p>\n<p>El CBF600 semidesnudo es famoso por su capacidad para brindar comodidad, rendimiento y facilidad de manejo en todo tipo de situaciones. Coronado por una capucha montada en el marco bellamente integrada que ofrece protecci\u00f3n contra el viento a velocidades m\u00e1s altas, tiene su propia elegancia distintiva y aerodin\u00e1mica.<\/p>\n<p>Con un motor de inyecci\u00f3n de combustible compacto basado en el que impulsa al CBR600RR, ganador de la carrera, es capaz de una potente aceleraci\u00f3n. Su banda de potencia es amplia y de f\u00e1cil acceso, ofreciendo una conducci\u00f3n suave con muchas emociones cuando es necesario.<\/p>\n<p>Los sistemas de suspensi\u00f3n tambi\u00e9n son ajustables y ofrecen un paquete de conducci\u00f3n vers\u00e1til y c\u00f3modo.<\/p>\n<p>El tanque de combustible de 20 litros ofrece un rango de recorrido y el riel del asiento fuerte de la motocicleta permite el f\u00e1cil montaje del equipaje opcional. Su pr\u00e1ctico panel de instrumentos cuenta con indicadores HISS y FI, un indicador de indicador de combustible.<\/p>\n<p>Divertido de conducir, ansioso por abordar cualquier tarea y que ofrece un viaje c\u00f3modo, el CBF600S es un socio confiable en cualquier carretera, en cualquier clima.<\/p>\n<h5>CARACTERISTICAS:<\/h5>\n<ul>\n<li>El ligero y compacto motor de 599 cc en l\u00ednea con inyecci\u00f3n de combustible est\u00e1 sintonizado para lograr el equilibrio m\u00e1s c\u00f3modo entre rendimiento y facilidad de uso.<\/li>\n<li>El sistema de frenado combinado con ABS proporciona la facilidad de operaci\u00f3n de los frenos enlazados y el control de un avanzado sistema de frenos antibloqueo.<\/li>\n<li>El avanzado marco de aluminio fundido a presi\u00f3n mantiene el peso al m\u00ednimo y mantiene una estabilidad \u00f3ptima para un manejo seguro y deportivo.<\/li>\n<li>La horquilla delantera telesc\u00f3pica compatible de 41 mm y el amortiguador trasero Monoshock brindan un manejo suave y confiable<\/li>\n<li>El medio carenado elegante cuenta con puertos que dirigen el aire que desv\u00edan el aire a su alrededor para una mayor comodidad y al mismo tiempo permiten un manejo m\u00e1s liviano y f\u00e1cil.<\/li>\n<li>El asiento ajustable de tres posiciones y el parabrisas ajustable de dos posiciones le permiten adaptar su<\/li>\n<li>CBF600S ABS para un \u00f3ptimo confort y control.<\/li>\n<\/ul>\n<a class=\"maxbutton-5 maxbutton maxbutton-reserva-moto-espana\" title=\"Reservar ahora\" rel=\"nofollow noopener\" href=\"https:\/\/www.americanrider.net\/es\/formulario-reserva-motocicletas-spain\/\"><span class='mb-text'>RESERVAR AHORA<\/span><\/a>\n","protected":false},"excerpt":{"rendered":"<div style=\"font-family: 'Teko', sans-serif; font-size: 50px; font-weight: bold;\">Honda CBF 600S<\/div>\n<div style=\"margin-top: 20px;\"><span style=\"font-family: 'Teko', sans-serif; font-size: 50px; font-weight: bold; color: #bf020f;\">99\u20ac<\/span> \/ <em><strong>24 horas<\/strong><\/em><\/div>\n<div style=\"margin: 20px 0;\"><span style=\"font-family: 'Teko', sans-serif; font-size: 50px; font-weight: bold; color: #bf020f;\">75\u20ac<\/span> \/ <em><strong>8 horas<\/strong><\/em><\/div>\n[maxbutton id=\"5\"]\n<div style=\"font-family: 'Poppins', sans-serif; font-size: 20px; font-weight: bold; margin-top: 20px;\">Informaci\u00f3n:<\/div>\n<ul>\n<li><strong>Impuestos:<\/strong> Incluidos<\/li>\n<li><strong>Asistencia en carretera 24h:<\/strong> Incluido<\/li>\n<li><strong>Cascos<\/strong> Incluidos (Conductor y pasajero)<\/li>\n<li><strong>Bloqueo:<\/strong> Incluido (Bloqueo de disco o cable)<\/li>\n<li><strong>Asientos: <\/strong>2<\/li>\n<li><strong>Combustible: <\/strong>Tanque lleno<\/li>\n<li><strong>Kil\u00f3metros\/Kilometraje: <\/strong>300 km per day<\/li>\n<li><strong>Kil\u00f3metros adicionales:<\/strong> 0,20 \u20ac\/km<\/li>\n<li><strong>Dep\u00f3sito: <\/strong>500\u20ac a 2000\u20ac (consultar condiciones)<\/li>\n<li><strong>Alforja: <\/strong>Consultar disponibilidad<\/li>\n<\/ul>\n<div style=\"font-family: 'Poppins', sans-serif; font-size: 20px; font-weight: bold; margin-top: 20px;\">Descuentos:<\/div>\n<ul>\n<li><strong>Alquiler de 3 a 7 d\u00edas:<\/strong> <em><strong>84\u20ac\/d\u00eda<\/strong><\/em><\/li>\n<li><strong>Alquiler de 8 a 15 d\u00edas:<\/strong> <em><strong>75\u20ac\/d\u00eda<\/strong><\/em><\/li>\n<li>Consultar 16 d\u00edas o m\u00e1s alquileres<\/li>\n<li>Durante 3 d\u00edas o m\u00e1s alquileres: entrega y recogida gratuita de motos o transporte gratuito desde \/ hacia su ubicaci\u00f3n (\u00e1rea de M\u00e1laga y Costa del Sol)<\/li>\n<li>Grupos de 3 o m\u00e1s motocicletas: transporte gratuito desde o hacia Ubicaci\u00f3n (\u00e1rea de M\u00e1laga y Costa del Sol) y 15% de descuento.<\/li>\n<\/ul>\n<div style=\"margin: 20px 0;\">[maxbutton id=\"5\"]<\/div>\n","protected":false},"featured_media":2604,"comment_status":"closed","ping_status":"closed","template":"","meta":[],"product_brand":[],"product_cat":[116,118,117,144,123,140],"product_tag":[],"class_list":{"0":"post-5092","1":"product","2":"type-product","3":"status-publish","4":"has-post-thumbnail","6":"product_cat-alquiler","7":"product_cat-alquiler-en-espana","8":"product_cat-motos","9":"product_cat-motos-de-carretera","10":"product_cat-otras-motos-en-espana","11":"product_cat-todas-las-motos","13":"first","14":"instock","15":"taxable","16":"shipping-taxable","17":"product-type-simple"},"yoast_head":"<!-- This site is optimized with the Yoast SEO plugin v25.5 - https:\/\/yoast.com\/wordpress\/plugins\/seo\/ -->\n<title>Honda CBF 600S - American Rider<\/title>\n<meta name=\"description\" content=\"American Rider le ofrece este Honda CBF 600S para alquilar. Esta es una gran motocicleta, ideal para ir en ruta. \u00a1Contrata esta moto ahora!\" \/>\n<meta name=\"robots\" content=\"index, follow, max-snippet:-1, max-image-preview:large, max-video-preview:-1\" \/>\n<link rel=\"canonical\" href=\"https:\/\/www.americanrider.net\/es\/producto\/honda-cbf-600s\/\" \/>\n<meta property=\"og:locale\" content=\"es_ES\" \/>\n<meta property=\"og:type\" content=\"article\" \/>\n<meta property=\"og:title\" content=\"Honda CBF 600S - American Rider\" \/>\n<meta property=\"og:description\" content=\"American Rider le ofrece este Honda CBF 600S para alquilar. Esta es una gran motocicleta, ideal para ir en ruta. \u00a1Contrata esta moto ahora!\" \/>\n<meta property=\"og:url\" content=\"https:\/\/www.americanrider.net\/es\/producto\/honda-cbf-600s\/\" \/>\n<meta property=\"og:site_name\" content=\"American Rider\" \/>\n<meta property=\"article:modified_time\" content=\"2019-04-02T12:34:32+00:00\" \/>\n<meta property=\"og:image\" content=\"https:\/\/www.americanrider.net\/wp-content\/uploads\/2019\/01\/01-2008-Honda-CBF-600.jpg\" \/>\n\t<meta property=\"og:image:width\" content=\"900\" \/>\n\t<meta property=\"og:image:height\" content=\"600\" \/>\n\t<meta property=\"og:image:type\" content=\"image\/jpeg\" \/>\n<meta name=\"twitter:card\" content=\"summary_large_image\" \/>\n<meta name=\"twitter:label1\" content=\"Tiempo de lectura\" \/>\n\t<meta name=\"twitter:data1\" content=\"3 minutos\" \/>\n<script type=\"application\/ld+json\" class=\"yoast-schema-graph\">{\"@context\":\"https:\/\/schema.org\",\"@graph\":[{\"@type\":\"WebPage\",\"@id\":\"https:\/\/www.americanrider.net\/es\/producto\/honda-cbf-600s\/\",\"url\":\"https:\/\/www.americanrider.net\/es\/producto\/honda-cbf-600s\/\",\"name\":\"Honda CBF 600S - American Rider\",\"isPartOf\":{\"@id\":\"https:\/\/www.americanrider.net\/es\/#website\"},\"primaryImageOfPage\":{\"@id\":\"https:\/\/www.americanrider.net\/es\/producto\/honda-cbf-600s\/#primaryimage\"},\"image\":{\"@id\":\"https:\/\/www.americanrider.net\/es\/producto\/honda-cbf-600s\/#primaryimage\"},\"thumbnailUrl\":\"https:\/\/www.americanrider.net\/wp-content\/uploads\/2019\/01\/01-2008-Honda-CBF-600.jpg\",\"datePublished\":\"2019-03-28T18:00:01+00:00\",\"dateModified\":\"2019-04-02T12:34:32+00:00\",\"description\":\"American Rider le ofrece este Honda CBF 600S para alquilar. Esta es una gran motocicleta, ideal para ir en ruta. \u00a1Contrata esta moto ahora!\",\"breadcrumb\":{\"@id\":\"https:\/\/www.americanrider.net\/es\/producto\/honda-cbf-600s\/#breadcrumb\"},\"inLanguage\":\"es\",\"potentialAction\":[{\"@type\":\"ReadAction\",\"target\":[\"https:\/\/www.americanrider.net\/es\/producto\/honda-cbf-600s\/\"]}]},{\"@type\":\"ImageObject\",\"inLanguage\":\"es\",\"@id\":\"https:\/\/www.americanrider.net\/es\/producto\/honda-cbf-600s\/#primaryimage\",\"url\":\"https:\/\/www.americanrider.net\/wp-content\/uploads\/2019\/01\/01-2008-Honda-CBF-600.jpg\",\"contentUrl\":\"https:\/\/www.americanrider.net\/wp-content\/uploads\/2019\/01\/01-2008-Honda-CBF-600.jpg\",\"width\":900,\"height\":600,\"caption\":\"HONDA CBF 600S\"},{\"@type\":\"BreadcrumbList\",\"@id\":\"https:\/\/www.americanrider.net\/es\/producto\/honda-cbf-600s\/#breadcrumb\",\"itemListElement\":[{\"@type\":\"ListItem\",\"position\":1,\"name\":\"Home\",\"item\":\"https:\/\/www.americanrider.net\/es\/\"},{\"@type\":\"ListItem\",\"position\":2,\"name\":\"Tienda\",\"item\":\"https:\/\/www.americanrider.net\/es\/tienda\/\"},{\"@type\":\"ListItem\",\"position\":3,\"name\":\"Honda CBF 600S\"}]},{\"@type\":\"WebSite\",\"@id\":\"https:\/\/www.americanrider.net\/es\/#website\",\"url\":\"https:\/\/www.americanrider.net\/es\/\",\"name\":\"American Rider\",\"description\":\"Motorcycle Rentals and Tours\",\"publisher\":{\"@id\":\"https:\/\/www.americanrider.net\/es\/#organization\"},\"potentialAction\":[{\"@type\":\"SearchAction\",\"target\":{\"@type\":\"EntryPoint\",\"urlTemplate\":\"https:\/\/www.americanrider.net\/es\/?s={search_term_string}\"},\"query-input\":{\"@type\":\"PropertyValueSpecification\",\"valueRequired\":true,\"valueName\":\"search_term_string\"}}],\"inLanguage\":\"es\"},{\"@type\":\"Organization\",\"@id\":\"https:\/\/www.americanrider.net\/es\/#organization\",\"name\":\"American Rider\",\"url\":\"https:\/\/www.americanrider.net\/es\/\",\"logo\":{\"@type\":\"ImageObject\",\"inLanguage\":\"es\",\"@id\":\"https:\/\/www.americanrider.net\/es\/#\/schema\/logo\/image\/\",\"url\":\"https:\/\/www.americanrider.net\/wp-content\/uploads\/2018\/05\/logo-american-rider.png\",\"contentUrl\":\"https:\/\/www.americanrider.net\/wp-content\/uploads\/2018\/05\/logo-american-rider.png\",\"width\":694,\"height\":184,\"caption\":\"American Rider\"},\"image\":{\"@id\":\"https:\/\/www.americanrider.net\/es\/#\/schema\/logo\/image\/\"}}]}<\/script>\n<!-- \/ Yoast SEO plugin. -->","yoast_head_json":{"title":"Honda CBF 600S - American Rider","description":"American Rider le ofrece este Honda CBF 600S para alquilar. Esta es una gran motocicleta, ideal para ir en ruta. \u00a1Contrata esta moto ahora!","robots":{"index":"index","follow":"follow","max-snippet":"max-snippet:-1","max-image-preview":"max-image-preview:large","max-video-preview":"max-video-preview:-1"},"canonical":"https:\/\/www.americanrider.net\/es\/producto\/honda-cbf-600s\/","og_locale":"es_ES","og_type":"article","og_title":"Honda CBF 600S - American Rider","og_description":"American Rider le ofrece este Honda CBF 600S para alquilar. Esta es una gran motocicleta, ideal para ir en ruta. \u00a1Contrata esta moto ahora!","og_url":"https:\/\/www.americanrider.net\/es\/producto\/honda-cbf-600s\/","og_site_name":"American Rider","article_modified_time":"2019-04-02T12:34:32+00:00","og_image":[{"width":900,"height":600,"url":"https:\/\/www.americanrider.net\/wp-content\/uploads\/2019\/01\/01-2008-Honda-CBF-600.jpg","type":"image\/jpeg"}],"twitter_card":"summary_large_image","twitter_misc":{"Tiempo de lectura":"3 minutos"},"schema":{"@context":"https:\/\/schema.org","@graph":[{"@type":"WebPage","@id":"https:\/\/www.americanrider.net\/es\/producto\/honda-cbf-600s\/","url":"https:\/\/www.americanrider.net\/es\/producto\/honda-cbf-600s\/","name":"Honda CBF 600S - American Rider","isPartOf":{"@id":"https:\/\/www.americanrider.net\/es\/#website"},"primaryImageOfPage":{"@id":"https:\/\/www.americanrider.net\/es\/producto\/honda-cbf-600s\/#primaryimage"},"image":{"@id":"https:\/\/www.americanrider.net\/es\/producto\/honda-cbf-600s\/#primaryimage"},"thumbnailUrl":"https:\/\/www.americanrider.net\/wp-content\/uploads\/2019\/01\/01-2008-Honda-CBF-600.jpg","datePublished":"2019-03-28T18:00:01+00:00","dateModified":"2019-04-02T12:34:32+00:00","description":"American Rider le ofrece este Honda CBF 600S para alquilar. Esta es una gran motocicleta, ideal para ir en ruta. \u00a1Contrata esta moto ahora!","breadcrumb":{"@id":"https:\/\/www.americanrider.net\/es\/producto\/honda-cbf-600s\/#breadcrumb"},"inLanguage":"es","potentialAction":[{"@type":"ReadAction","target":["https:\/\/www.americanrider.net\/es\/producto\/honda-cbf-600s\/"]}]},{"@type":"ImageObject","inLanguage":"es","@id":"https:\/\/www.americanrider.net\/es\/producto\/honda-cbf-600s\/#primaryimage","url":"https:\/\/www.americanrider.net\/wp-content\/uploads\/2019\/01\/01-2008-Honda-CBF-600.jpg","contentUrl":"https:\/\/www.americanrider.net\/wp-content\/uploads\/2019\/01\/01-2008-Honda-CBF-600.jpg","width":900,"height":600,"caption":"HONDA CBF 600S"},{"@type":"BreadcrumbList","@id":"https:\/\/www.americanrider.net\/es\/producto\/honda-cbf-600s\/#breadcrumb","itemListElement":[{"@type":"ListItem","position":1,"name":"Home","item":"https:\/\/www.americanrider.net\/es\/"},{"@type":"ListItem","position":2,"name":"Tienda","item":"https:\/\/www.americanrider.net\/es\/tienda\/"},{"@type":"ListItem","position":3,"name":"Honda CBF 600S"}]},{"@type":"WebSite","@id":"https:\/\/www.americanrider.net\/es\/#website","url":"https:\/\/www.americanrider.net\/es\/","name":"American Rider","description":"Motorcycle Rentals and Tours","publisher":{"@id":"https:\/\/www.americanrider.net\/es\/#organization"},"potentialAction":[{"@type":"SearchAction","target":{"@type":"EntryPoint","urlTemplate":"https:\/\/www.americanrider.net\/es\/?s={search_term_string}"},"query-input":{"@type":"PropertyValueSpecification","valueRequired":true,"valueName":"search_term_string"}}],"inLanguage":"es"},{"@type":"Organization","@id":"https:\/\/www.americanrider.net\/es\/#organization","name":"American Rider","url":"https:\/\/www.americanrider.net\/es\/","logo":{"@type":"ImageObject","inLanguage":"es","@id":"https:\/\/www.americanrider.net\/es\/#\/schema\/logo\/image\/","url":"https:\/\/www.americanrider.net\/wp-content\/uploads\/2018\/05\/logo-american-rider.png","contentUrl":"https:\/\/www.americanrider.net\/wp-content\/uploads\/2018\/05\/logo-american-rider.png","width":694,"height":184,"caption":"American Rider"},"image":{"@id":"https:\/\/www.americanrider.net\/es\/#\/schema\/logo\/image\/"}}]}},"_links":{"self":[{"href":"https:\/\/www.americanrider.net\/es\/wp-json\/wp\/v2\/product\/5092","targetHints":{"allow":["GET"]}}],"collection":[{"href":"https:\/\/www.americanrider.net\/es\/wp-json\/wp\/v2\/product"}],"about":[{"href":"https:\/\/www.americanrider.net\/es\/wp-json\/wp\/v2\/types\/product"}],"replies":[{"embeddable":true,"href":"https:\/\/www.americanrider.net\/es\/wp-json\/wp\/v2\/comments?post=5092"}],"version-history":[{"count":0,"href":"https:\/\/www.americanrider.net\/es\/wp-json\/wp\/v2\/product\/5092\/revisions"}],"wp:featuredmedia":[{"embeddable":true,"href":"https:\/\/www.americanrider.net\/es\/wp-json\/wp\/v2\/media\/2604"}],"wp:attachment":[{"href":"https:\/\/www.americanrider.net\/es\/wp-json\/wp\/v2\/media?parent=5092"}],"wp:term":[{"taxonomy":"product_brand","embeddable":true,"href":"https:\/\/www.americanrider.net\/es\/wp-json\/wp\/v2\/product_brand?post=5092"},{"taxonomy":"product_cat","embeddable":true,"href":"https:\/\/www.americanrider.net\/es\/wp-json\/wp\/v2\/product_cat?post=5092"},{"taxonomy":"product_tag","embeddable":true,"href":"https:\/\/www.americanrider.net\/es\/wp-json\/wp\/v2\/product_tag?post=5092"}],"curies":[{"name":"wp","href":"https:\/\/api.w.org\/{rel}","templated":true}]}}