{"id":5086,"date":"2019-01-29T15:56:52","date_gmt":"2019-03-28T16:55:11","guid":{"rendered":"https:\/\/www.americanrider.eu\/product\/bmw-f800r\/"},"modified":"2019-04-02T12:31:54","modified_gmt":"2019-04-02T12:31:54","slug":"bmw-f800r","status":"publish","type":"product","link":"https:\/\/www.americanrider.net\/es\/producto\/bmw-f800r\/","title":{"rendered":"BMW F800R"},"content":{"rendered":"<p>American Rider le ofrece esta BMW F800R para alquilar. Si quieres probar la sensaci\u00f3n de libertad de un BMW, \u00a1<a href=\"https:\/\/www.americanrider.net\/es\/formulario-reserva-motocicletas-spain\/\">contrata esta moto ahora!<\/a> De hecho, esta es una gran motocicleta, ideal para ir en ruta. American Rider le ofrece los mejores precios y la seguridad de ser una de las mejores empresas en alquiler de motos.<\/p>\n<h4>La BMW F800R<\/h4>\n<p>Haz de la ciudad tu patio de recreo urbano con el nuevo F800R. Su bajo peso en seco ofrece una agilidad superior y un manejo impresionante, combinado con el par motor m\u00e1s alto de su clase. La F800R es la moto elegida por el triple campe\u00f3n del mundo Stunt Riding Chris Pfeiffer. Esta motocicleta llevar\u00e1 al mejor buscador de emociones a la carrera de tu vida.<\/p>\n<p>El coraz\u00f3n del nuevo F800R es el ya familiar gemelo paralelo de 798 cc compartido dentro de la familia F800. Los dos caballos de fuerza adicionales, en comparaci\u00f3n con los otros miembros de la familia F800, se deben a un sistema de escape redise\u00f1ado. El potente motor tambi\u00e9n cuenta con inyecci\u00f3n de combustible en el colector de admisi\u00f3n, gesti\u00f3n electr\u00f3nica del motor, sensor de ox\u00edgeno y convertidor catal\u00edtico de circuito cerrado de 3 v\u00edas independiente y sistema de aire secundario, para un bajo consumo de combustible y emisiones optimizadas.<\/p>\n<p>El freno de doble disco Brembo de 320 mil\u00edmetros en la parte delantera garantiza la m\u00e1xima potencia de frenado, mientras que los controles opcionales de presi\u00f3n del neum\u00e1tico BMW Motorrad ABS y TPC mejoran a\u00fan m\u00e1s la seguridad. La motocicleta tambi\u00e9n es muy maniobrable, gracias en parte al aluminio liviano en su marco r\u00edgido y su doble brazo de estilo din\u00e1mico, que ayuda a mantener su peso seco en solo 177 kilogramos. El manejo es incre\u00edblemente preciso, gracias a la excelente configuraci\u00f3n de la suspensi\u00f3n, y al tanque de combustible ubicado debajo del asiento para un centro de gravedad m\u00e1s bajo.<\/p>\n<p>Una gran cantidad de opciones de dise\u00f1o, que incluyen indicadores LED, componentes pintados y molduras de radiador, le dan un aspecto a\u00fan m\u00e1s deportivo. El campe\u00f3n del mundo de freestyle de Streetbike Chris Pfeiffer dice de su nuevo BMW F 800 R; \u00abLas cualidades sobresalientes de esta m\u00e1quina significan que realmente puedo llevarlo al l\u00edmite y ayudarme a idear trucos nuevos, incluso m\u00e1s extremos\u00bb.<\/p>\n<div style=\"margin: 20px 0;\"><a class=\"maxbutton-5 maxbutton maxbutton-reserva-moto-espana\" title=\"Reservar ahora\" rel=\"nofollow noopener\" href=\"https:\/\/www.americanrider.net\/es\/formulario-reserva-motocicletas-spain\/\"><span class='mb-text'>RESERVAR AHORA<\/span><\/a><\/div>\n","protected":false},"excerpt":{"rendered":"<div style=\"font-family: 'Teko', sans-serif; font-size: 50px; font-weight: bold; line-height: 40px;\">BMW F800R<\/div>\n<div style=\"margin-top: 20px;\"><span style=\"font-family: 'Teko', sans-serif; font-size: 50px; font-weight: bold; color: #bf020f;\">125\u20ac<\/span> \/ <em><strong>24 horas<\/strong><\/em><\/div>\n<div style=\"margin: 20px 0;\"><span style=\"font-family: 'Teko', sans-serif; font-size: 50px; font-weight: bold; color: #bf020f;\">99\u20ac<\/span> \/ <em><strong>8 horas<\/strong><\/em><\/div>\n[maxbutton id=\"5\"]\n<div style=\"font-family: 'Poppins', sans-serif; font-size: 20px; font-weight: bold; margin-top: 20px;\">Informaci\u00f3n:<\/div>\n<ul>\n<li><strong>Impuestos:<\/strong> Incluidos<\/li>\n<li><strong>Asistencia en carretera 24h:<\/strong> Incluido<\/li>\n<li><strong>Cascos<\/strong> Incluidos (Conductor y pasajero)<\/li>\n<li><strong>Bloqueo:<\/strong> Incluido (Bloqueo de disco o cable)<\/li>\n<li><strong>Asientos: <\/strong>2<\/li>\n<li><strong>Combustible: <\/strong>Tanque lleno<\/li>\n<li><strong>Kil\u00f3metros\/Kilometraje: <\/strong>300 km per day<\/li>\n<li><strong>Kil\u00f3metros adicionales:<\/strong> 0,20 \u20ac\/km<\/li>\n<li><strong>Dep\u00f3sito: <\/strong>500\u20ac a 2000\u20ac (consultar condiciones)<\/li>\n<li><strong>Alforja: <\/strong>Consultar disponibilidad<\/li>\n<\/ul>\n<div style=\"font-family: 'Poppins', sans-serif; font-size: 20px; font-weight: bold; margin-top: 20px;\">Descuentos:<\/div>\n<ul>\n<li><strong>Alquiler de 3 a 7 d\u00edas:<\/strong> <em><strong>106\u20ac\/d\u00eda<\/strong><\/em><\/li>\n<li><strong>Alquiler de 8 a 15 d\u00edas:<\/strong> <em><strong>93,75\u20ac\/d\u00eda<\/strong><\/em><\/li>\n<li>Consultar 16 d\u00edas o m\u00e1s alquileres<\/li>\n<li>Durante 3 d\u00edas o m\u00e1s alquileres: entrega y recogida gratuita de motos o transporte gratuito desde \/ hacia su ubicaci\u00f3n (\u00e1rea de M\u00e1laga y Costa del Sol)<\/li>\n<li>Grupos de 3 o m\u00e1s motocicletas: transporte gratuito desde o hacia Ubicaci\u00f3n (\u00e1rea de M\u00e1laga y Costa del Sol) y 15% de descuento.<\/li>\n<\/ul>\n<div style=\"margin: 20px 0;\">[maxbutton id=\"5\"]<\/div>\n","protected":false},"featured_media":2553,"comment_status":"closed","ping_status":"closed","template":"","meta":[],"product_brand":[],"product_cat":[118,144,123,140],"product_tag":[],"class_list":{"0":"post-5086","1":"product","2":"type-product","3":"status-publish","4":"has-post-thumbnail","6":"product_cat-alquiler-en-espana","7":"product_cat-motos-de-carretera","8":"product_cat-otras-motos-en-espana","9":"product_cat-todas-las-motos","11":"first","12":"instock","13":"taxable","14":"shipping-taxable","15":"product-type-simple"},"yoast_head":"<!-- This site is optimized with the Yoast SEO plugin v25.5 - https:\/\/yoast.com\/wordpress\/plugins\/seo\/ -->\n<title>BMW F800R - American Rider<\/title>\n<meta name=\"description\" content=\"American Rider le ofrece esta BMW F800R para alquilar. Esta es una gran motocicleta, ideal para ir en ruta. \u00a1Contrata esta moto ahora!\" \/>\n<meta name=\"robots\" content=\"index, follow, max-snippet:-1, max-image-preview:large, max-video-preview:-1\" \/>\n<link rel=\"canonical\" href=\"https:\/\/www.americanrider.net\/es\/producto\/bmw-f800r\/\" \/>\n<meta property=\"og:locale\" content=\"es_ES\" \/>\n<meta property=\"og:type\" content=\"article\" \/>\n<meta property=\"og:title\" content=\"BMW F800R - American Rider\" \/>\n<meta property=\"og:description\" content=\"American Rider le ofrece esta BMW F800R para alquilar. Esta es una gran motocicleta, ideal para ir en ruta. \u00a1Contrata esta moto ahora!\" \/>\n<meta property=\"og:url\" content=\"https:\/\/www.americanrider.net\/es\/producto\/bmw-f800r\/\" \/>\n<meta property=\"og:site_name\" content=\"American Rider\" \/>\n<meta property=\"article:modified_time\" content=\"2019-04-02T12:31:54+00:00\" \/>\n<meta property=\"og:image\" content=\"https:\/\/www.americanrider.net\/wp-content\/uploads\/2019\/01\/BMW-F800R3.jpg\" \/>\n\t<meta property=\"og:image:width\" content=\"900\" \/>\n\t<meta property=\"og:image:height\" content=\"600\" \/>\n\t<meta property=\"og:image:type\" content=\"image\/jpeg\" \/>\n<meta name=\"twitter:card\" content=\"summary_large_image\" \/>\n<meta name=\"twitter:label1\" content=\"Tiempo de lectura\" \/>\n\t<meta name=\"twitter:data1\" content=\"2 minutos\" \/>\n<script type=\"application\/ld+json\" class=\"yoast-schema-graph\">{\"@context\":\"https:\/\/schema.org\",\"@graph\":[{\"@type\":\"WebPage\",\"@id\":\"https:\/\/www.americanrider.net\/es\/producto\/bmw-f800r\/\",\"url\":\"https:\/\/www.americanrider.net\/es\/producto\/bmw-f800r\/\",\"name\":\"BMW F800R - American Rider\",\"isPartOf\":{\"@id\":\"https:\/\/www.americanrider.net\/es\/#website\"},\"primaryImageOfPage\":{\"@id\":\"https:\/\/www.americanrider.net\/es\/producto\/bmw-f800r\/#primaryimage\"},\"image\":{\"@id\":\"https:\/\/www.americanrider.net\/es\/producto\/bmw-f800r\/#primaryimage\"},\"thumbnailUrl\":\"https:\/\/www.americanrider.net\/wp-content\/uploads\/2019\/01\/BMW-F800R3.jpg\",\"datePublished\":\"2019-03-28T16:55:11+00:00\",\"dateModified\":\"2019-04-02T12:31:54+00:00\",\"description\":\"American Rider le ofrece esta BMW F800R para alquilar. Esta es una gran motocicleta, ideal para ir en ruta. \u00a1Contrata esta moto ahora!\",\"breadcrumb\":{\"@id\":\"https:\/\/www.americanrider.net\/es\/producto\/bmw-f800r\/#breadcrumb\"},\"inLanguage\":\"es\",\"potentialAction\":[{\"@type\":\"ReadAction\",\"target\":[\"https:\/\/www.americanrider.net\/es\/producto\/bmw-f800r\/\"]}]},{\"@type\":\"ImageObject\",\"inLanguage\":\"es\",\"@id\":\"https:\/\/www.americanrider.net\/es\/producto\/bmw-f800r\/#primaryimage\",\"url\":\"https:\/\/www.americanrider.net\/wp-content\/uploads\/2019\/01\/BMW-F800R3.jpg\",\"contentUrl\":\"https:\/\/www.americanrider.net\/wp-content\/uploads\/2019\/01\/BMW-F800R3.jpg\",\"width\":900,\"height\":600,\"caption\":\"BMW F800R\"},{\"@type\":\"BreadcrumbList\",\"@id\":\"https:\/\/www.americanrider.net\/es\/producto\/bmw-f800r\/#breadcrumb\",\"itemListElement\":[{\"@type\":\"ListItem\",\"position\":1,\"name\":\"Home\",\"item\":\"https:\/\/www.americanrider.net\/es\/\"},{\"@type\":\"ListItem\",\"position\":2,\"name\":\"Tienda\",\"item\":\"https:\/\/www.americanrider.net\/es\/tienda\/\"},{\"@type\":\"ListItem\",\"position\":3,\"name\":\"BMW F800R\"}]},{\"@type\":\"WebSite\",\"@id\":\"https:\/\/www.americanrider.net\/es\/#website\",\"url\":\"https:\/\/www.americanrider.net\/es\/\",\"name\":\"American Rider\",\"description\":\"Motorcycle Rentals and Tours\",\"publisher\":{\"@id\":\"https:\/\/www.americanrider.net\/es\/#organization\"},\"potentialAction\":[{\"@type\":\"SearchAction\",\"target\":{\"@type\":\"EntryPoint\",\"urlTemplate\":\"https:\/\/www.americanrider.net\/es\/?s={search_term_string}\"},\"query-input\":{\"@type\":\"PropertyValueSpecification\",\"valueRequired\":true,\"valueName\":\"search_term_string\"}}],\"inLanguage\":\"es\"},{\"@type\":\"Organization\",\"@id\":\"https:\/\/www.americanrider.net\/es\/#organization\",\"name\":\"American Rider\",\"url\":\"https:\/\/www.americanrider.net\/es\/\",\"logo\":{\"@type\":\"ImageObject\",\"inLanguage\":\"es\",\"@id\":\"https:\/\/www.americanrider.net\/es\/#\/schema\/logo\/image\/\",\"url\":\"https:\/\/www.americanrider.net\/wp-content\/uploads\/2018\/05\/logo-american-rider.png\",\"contentUrl\":\"https:\/\/www.americanrider.net\/wp-content\/uploads\/2018\/05\/logo-american-rider.png\",\"width\":694,\"height\":184,\"caption\":\"American Rider\"},\"image\":{\"@id\":\"https:\/\/www.americanrider.net\/es\/#\/schema\/logo\/image\/\"}}]}<\/script>\n<!-- \/ Yoast SEO plugin. -->","yoast_head_json":{"title":"BMW F800R - American Rider","description":"American Rider le ofrece esta BMW F800R para alquilar. Esta es una gran motocicleta, ideal para ir en ruta. \u00a1Contrata esta moto ahora!","robots":{"index":"index","follow":"follow","max-snippet":"max-snippet:-1","max-image-preview":"max-image-preview:large","max-video-preview":"max-video-preview:-1"},"canonical":"https:\/\/www.americanrider.net\/es\/producto\/bmw-f800r\/","og_locale":"es_ES","og_type":"article","og_title":"BMW F800R - American Rider","og_description":"American Rider le ofrece esta BMW F800R para alquilar. Esta es una gran motocicleta, ideal para ir en ruta. \u00a1Contrata esta moto ahora!","og_url":"https:\/\/www.americanrider.net\/es\/producto\/bmw-f800r\/","og_site_name":"American Rider","article_modified_time":"2019-04-02T12:31:54+00:00","og_image":[{"width":900,"height":600,"url":"https:\/\/www.americanrider.net\/wp-content\/uploads\/2019\/01\/BMW-F800R3.jpg","type":"image\/jpeg"}],"twitter_card":"summary_large_image","twitter_misc":{"Tiempo de lectura":"2 minutos"},"schema":{"@context":"https:\/\/schema.org","@graph":[{"@type":"WebPage","@id":"https:\/\/www.americanrider.net\/es\/producto\/bmw-f800r\/","url":"https:\/\/www.americanrider.net\/es\/producto\/bmw-f800r\/","name":"BMW F800R - American Rider","isPartOf":{"@id":"https:\/\/www.americanrider.net\/es\/#website"},"primaryImageOfPage":{"@id":"https:\/\/www.americanrider.net\/es\/producto\/bmw-f800r\/#primaryimage"},"image":{"@id":"https:\/\/www.americanrider.net\/es\/producto\/bmw-f800r\/#primaryimage"},"thumbnailUrl":"https:\/\/www.americanrider.net\/wp-content\/uploads\/2019\/01\/BMW-F800R3.jpg","datePublished":"2019-03-28T16:55:11+00:00","dateModified":"2019-04-02T12:31:54+00:00","description":"American Rider le ofrece esta BMW F800R para alquilar. Esta es una gran motocicleta, ideal para ir en ruta. \u00a1Contrata esta moto ahora!","breadcrumb":{"@id":"https:\/\/www.americanrider.net\/es\/producto\/bmw-f800r\/#breadcrumb"},"inLanguage":"es","potentialAction":[{"@type":"ReadAction","target":["https:\/\/www.americanrider.net\/es\/producto\/bmw-f800r\/"]}]},{"@type":"ImageObject","inLanguage":"es","@id":"https:\/\/www.americanrider.net\/es\/producto\/bmw-f800r\/#primaryimage","url":"https:\/\/www.americanrider.net\/wp-content\/uploads\/2019\/01\/BMW-F800R3.jpg","contentUrl":"https:\/\/www.americanrider.net\/wp-content\/uploads\/2019\/01\/BMW-F800R3.jpg","width":900,"height":600,"caption":"BMW F800R"},{"@type":"BreadcrumbList","@id":"https:\/\/www.americanrider.net\/es\/producto\/bmw-f800r\/#breadcrumb","itemListElement":[{"@type":"ListItem","position":1,"name":"Home","item":"https:\/\/www.americanrider.net\/es\/"},{"@type":"ListItem","position":2,"name":"Tienda","item":"https:\/\/www.americanrider.net\/es\/tienda\/"},{"@type":"ListItem","position":3,"name":"BMW F800R"}]},{"@type":"WebSite","@id":"https:\/\/www.americanrider.net\/es\/#website","url":"https:\/\/www.americanrider.net\/es\/","name":"American Rider","description":"Motorcycle Rentals and Tours","publisher":{"@id":"https:\/\/www.americanrider.net\/es\/#organization"},"potentialAction":[{"@type":"SearchAction","target":{"@type":"EntryPoint","urlTemplate":"https:\/\/www.americanrider.net\/es\/?s={search_term_string}"},"query-input":{"@type":"PropertyValueSpecification","valueRequired":true,"valueName":"search_term_string"}}],"inLanguage":"es"},{"@type":"Organization","@id":"https:\/\/www.americanrider.net\/es\/#organization","name":"American Rider","url":"https:\/\/www.americanrider.net\/es\/","logo":{"@type":"ImageObject","inLanguage":"es","@id":"https:\/\/www.americanrider.net\/es\/#\/schema\/logo\/image\/","url":"https:\/\/www.americanrider.net\/wp-content\/uploads\/2018\/05\/logo-american-rider.png","contentUrl":"https:\/\/www.americanrider.net\/wp-content\/uploads\/2018\/05\/logo-american-rider.png","width":694,"height":184,"caption":"American Rider"},"image":{"@id":"https:\/\/www.americanrider.net\/es\/#\/schema\/logo\/image\/"}}]}},"_links":{"self":[{"href":"https:\/\/www.americanrider.net\/es\/wp-json\/wp\/v2\/product\/5086","targetHints":{"allow":["GET"]}}],"collection":[{"href":"https:\/\/www.americanrider.net\/es\/wp-json\/wp\/v2\/product"}],"about":[{"href":"https:\/\/www.americanrider.net\/es\/wp-json\/wp\/v2\/types\/product"}],"replies":[{"embeddable":true,"href":"https:\/\/www.americanrider.net\/es\/wp-json\/wp\/v2\/comments?post=5086"}],"version-history":[{"count":0,"href":"https:\/\/www.americanrider.net\/es\/wp-json\/wp\/v2\/product\/5086\/revisions"}],"wp:featuredmedia":[{"embeddable":true,"href":"https:\/\/www.americanrider.net\/es\/wp-json\/wp\/v2\/media\/2553"}],"wp:attachment":[{"href":"https:\/\/www.americanrider.net\/es\/wp-json\/wp\/v2\/media?parent=5086"}],"wp:term":[{"taxonomy":"product_brand","embeddable":true,"href":"https:\/\/www.americanrider.net\/es\/wp-json\/wp\/v2\/product_brand?post=5086"},{"taxonomy":"product_cat","embeddable":true,"href":"https:\/\/www.americanrider.net\/es\/wp-json\/wp\/v2\/product_cat?post=5086"},{"taxonomy":"product_tag","embeddable":true,"href":"https:\/\/www.americanrider.net\/es\/wp-json\/wp\/v2\/product_tag?post=5086"}],"curies":[{"name":"wp","href":"https:\/\/api.w.org\/{rel}","templated":true}]}}