{"id":5072,"date":"2019-01-29T17:18:13","date_gmt":"2019-03-28T16:01:41","guid":{"rendered":"https:\/\/www.americanrider.eu\/product\/harley-davidson-softail-heritage\/"},"modified":"2019-04-02T12:45:13","modified_gmt":"2019-04-02T12:45:13","slug":"harley-davidson-softail-heritage","status":"publish","type":"product","link":"https:\/\/www.americanrider.net\/es\/producto\/harley-davidson-softail-heritage\/","title":{"rendered":"Harley Davidson Softail Heritage"},"content":{"rendered":"<p>American Rider le ofrece esta Harley Davidson Softail Heritage para alquilar. Si quieres probar la sensaci\u00f3n de libertad de una Harley Davidson, \u00a1<a href=\"https:\/\/www.americanrider.net\/es\/formulario-reserva-motocicletas-spain\/\"> contrata esta moto ahora!<\/a> De hecho, esta es una motocicleta legendaria, ideal para ir en ruta. American Rider le ofrece los mejores precios y la seguridad de ser una de las mejores empresas en alquiler de motos.<\/p>\n<h4>La Harley-Davidson Softail Heritage<\/h4>\n<p>El Heritage Softail Classic recibe una serie de otros cambios de estilo m\u00e1s sutiles y nuevos componentes que cambian este popular modelo en una nueva direcci\u00f3n retro. El extremo delantero de FL fornido cuenta con un guardabarros delantero y una g\u00f3ndola cromada con nuevos y modernos patrones de estilo, mientras que los manubrios m\u00e1s altos cambian el perfil del conductor. El tanque de combustible tiene nuevas insignias 3-D rellenas de vidrio y est\u00e1 rematado con una consola cl\u00e1sica \u00abCat Eye\u00bb y una cara de veloc\u00edmetro retro a juego.<\/p>\n<p>Los reposapi\u00e9s del conductor de media luna y una pastilla de freno de pie grande y ovalada tambi\u00e9n asienten al pasado. El asiento y el respaldo del pasajero se han revisado para mayor comodidad, mientras que la barra tiene un nuevo adorno que coincide con el nuevo panel de consola de cuero de dos tonos. Tanto la mochila revisada como el asiento han sido redise\u00f1ados. El parabrisas King-Size puede separarse r\u00e1pidamente para un crucero m\u00e1s aerodin\u00e1mico.<\/p>\n<p>Nombrado por su dise\u00f1o de suspensi\u00f3n trasera, que imita las l\u00edneas de un bastidor de cola r\u00edgida vintage pero ofrece la comodidad de una suspensi\u00f3n moderna que se oculta debajo del chasis. El tren motriz r\u00edgido permite un embalaje ajustado del motor y el bastidor y crea una conexi\u00f3n s\u00f3lida entre El conductor y el poder que mueve la motocicleta, mejorando la experiencia emocional de la conducci\u00f3n.<\/p>\n<h4>Caracter\u00edsticas de FLSTC Heritage Classic:<\/h4>\n<ul>\n<li>Transmisi\u00f3n Cruise Drive de 6 velocidades<\/li>\n<li>Motor recubierto de polvo negro con tapas cromadas.<\/li>\n<li>Nuevo asiento de pasajero y respaldo agrandados<\/li>\n<li>Nuevo asiento ajustado<\/li>\n<li>Nuevo manillar mas alto<\/li>\n<li>Nueva pinza de manillar<\/li>\n<li>Nuevos gr\u00e1ficos del tanque de combustible y placa del tanque 3-D con vidrio<\/li>\n<li>Nueva guarnici\u00f3n del bolso de silla<\/li>\n<li>Nueva cara retro veloc\u00edmetro<\/li>\n<li>Nueva guarnici\u00f3n del guardabarros delantero<\/li>\n<li>Nuevo estilo de g\u00f3ndola de cromo.<\/li>\n<li>Consola retro del tanque de combustible \u00abOjo de Gato\u00bb<\/li>\n<li>Footboards de conductor de media luna y pastillas de freno ovaladas<\/li>\n<li>Chrome Staggered Shorty Dual de escape<\/li>\n<li>Tanque de aceite de cromo<\/li>\n<li>Neum\u00e1tico trasero 150 mm-16 \/ delantero MT90-16<\/li>\n<li>Ruedas de acero cromadas<\/li>\n<li>Guardabarros trasero FL<\/li>\n<li>Tanque Fat Bob de cinco galones<\/li>\n<li>Luces de paso cromadas con \u00f3ptica de reflector de lente clara<\/li>\n<li>Barra de luz direccional cromada<\/li>\n<li>Parabrisas desmontable Lexan King Size<\/li>\n<li>Alforjas de cuero con hebillas de desmontaje r\u00e1pido<\/li>\n<li>Horquillas delanteras FL<\/li>\n<li>Tapa del cubo de cromo<\/li>\n<\/ul>\n<div style=\"margin: 20px 0;\"><a class=\"maxbutton-5 maxbutton maxbutton-reserva-moto-espana\" title=\"Reservar ahora\" rel=\"nofollow noopener\" href=\"https:\/\/www.americanrider.net\/es\/formulario-reserva-motocicletas-spain\/\"><span class='mb-text'>RESERVAR AHORA<\/span><\/a><\/div>\n","protected":false},"excerpt":{"rendered":"<div style=\"font-family: 'Teko', sans-serif; font-size: 50px; font-weight: bold; line-height: 40px;\">Harley Davidson Softail Heritage<\/div>\n<div style=\"margin-top: 20px;\"><span style=\"font-family: 'Teko', sans-serif; font-size: 50px; font-weight: bold; color: #bf020f;\">175\u20ac<\/span> \/ <em><strong>24 horas<\/strong><\/em><\/div>\n<div style=\"margin: 20px 0;\"><span style=\"font-family: 'Teko', sans-serif; font-size: 50px; font-weight: bold; color: #bf020f;\">120\u20ac<\/span> \/ <em><strong>8 horas<\/strong><\/em><\/div>\n[maxbutton id=\"5\"]\n<div style=\"font-family: 'Poppins', sans-serif; font-size: 20px; font-weight: bold; margin-top: 20px;\">Informaci\u00f3n:<\/div>\n<ul>\n<li><strong>Impuestos:<\/strong> Incluidos<\/li>\n<li><strong>Asistencia en carretera 24h:<\/strong> Incluido<\/li>\n<li><strong>Cascos<\/strong> Incluidos (Conductor y pasajero)<\/li>\n<li><strong>Bloqueo:<\/strong> Incluido (Bloqueo de disco o cable)<\/li>\n<li><strong>Asientos: <\/strong>2<\/li>\n<li><strong>Combustible: <\/strong>Tanque lleno<\/li>\n<li><strong>Kil\u00f3metros\/Kilometraje: <\/strong>300 km per day<\/li>\n<li><strong>Kil\u00f3metros adicionales:<\/strong> 0,20 \u20ac\/km<\/li>\n<li><strong>Dep\u00f3sito: <\/strong>500\u20ac a 2000\u20ac (consultar condiciones)<\/li>\n<li><strong>Alforja: <\/strong>Consultar disponibilidad<\/li>\n<\/ul>\n<div style=\"font-family: 'Poppins', sans-serif; font-size: 20px; font-weight: bold; margin-top: 20px;\">Descuentos:<\/div>\n<ul>\n<li><strong>Alquiler de 3 a 7 d\u00edas:<\/strong> <em><strong>148,75\u20ac\/d\u00eda<\/strong><\/em><\/li>\n<li><strong>Alquileres de 8 a 15 d\u00edas:<\/strong> <em><strong>131,25\u20ac\/d\u00eda<\/strong><\/em><\/li>\n<li>Consultar 16 d\u00edas o m\u00e1s alquileres<\/li>\n<li>Durante 3 d\u00edas o m\u00e1s alquileres: entrega y recogida gratuita de motos o transporte gratuito desde \/ hacia su ubicaci\u00f3n (\u00e1rea de M\u00e1laga y Costa del Sol)<\/li>\n<li>Grupos de 3 o m\u00e1s motocicletas: transporte gratuito desde o hacia Ubicaci\u00f3n (\u00e1rea de M\u00e1laga y Costa del Sol) y 15% de descuento.<\/li>\n<\/ul>\n<div style=\"margin: 20px 0;\">[maxbutton id=\"5\"]<\/div>\n","protected":false},"featured_media":2579,"comment_status":"closed","ping_status":"closed","template":"","meta":[],"product_brand":[],"product_cat":[116,122,118,142,117,140],"product_tag":[],"class_list":{"0":"post-5072","1":"product","2":"type-product","3":"status-publish","4":"has-post-thumbnail","6":"product_cat-alquiler","7":"product_cat-alquiler-de-harleys","8":"product_cat-alquiler-en-espana","9":"product_cat-harley-davidson-es","10":"product_cat-motos","11":"product_cat-todas-las-motos","13":"first","14":"instock","15":"taxable","16":"shipping-taxable","17":"product-type-simple"},"yoast_head":"<!-- This site is optimized with the Yoast SEO plugin v25.5 - https:\/\/yoast.com\/wordpress\/plugins\/seo\/ -->\n<title>Harley Davidson Softail Heritage - American Rider<\/title>\n<meta name=\"description\" content=\"American Rider le ofrece esta Harley Davidson Softail Heritage para alquilar. Esta es una motocicleta legendaria, ideal para ir en ruta. \u00a1Contrata esta moto ahora!\" \/>\n<meta name=\"robots\" content=\"index, follow, max-snippet:-1, max-image-preview:large, max-video-preview:-1\" \/>\n<link rel=\"canonical\" href=\"https:\/\/www.americanrider.net\/es\/producto\/harley-davidson-softail-heritage\/\" \/>\n<meta property=\"og:locale\" content=\"es_ES\" \/>\n<meta property=\"og:type\" content=\"article\" \/>\n<meta property=\"og:title\" content=\"Harley Davidson Softail Heritage - American Rider\" \/>\n<meta property=\"og:description\" content=\"American Rider le ofrece esta Harley Davidson Softail Heritage para alquilar. Esta es una motocicleta legendaria, ideal para ir en ruta. \u00a1Contrata esta moto ahora!\" \/>\n<meta property=\"og:url\" content=\"https:\/\/www.americanrider.net\/es\/producto\/harley-davidson-softail-heritage\/\" \/>\n<meta property=\"og:site_name\" content=\"American Rider\" \/>\n<meta property=\"article:modified_time\" content=\"2019-04-02T12:45:13+00:00\" \/>\n<meta property=\"og:image\" content=\"https:\/\/www.americanrider.net\/wp-content\/uploads\/2019\/01\/01-Harley-Davidson-HeritageSoftailClassic-FLSTCa.jpg\" \/>\n\t<meta property=\"og:image:width\" content=\"900\" \/>\n\t<meta property=\"og:image:height\" content=\"600\" \/>\n\t<meta property=\"og:image:type\" content=\"image\/jpeg\" \/>\n<meta name=\"twitter:card\" content=\"summary_large_image\" \/>\n<meta name=\"twitter:label1\" content=\"Tiempo de lectura\" \/>\n\t<meta name=\"twitter:data1\" content=\"2 minutos\" \/>\n<script type=\"application\/ld+json\" class=\"yoast-schema-graph\">{\"@context\":\"https:\/\/schema.org\",\"@graph\":[{\"@type\":\"WebPage\",\"@id\":\"https:\/\/www.americanrider.net\/es\/producto\/harley-davidson-softail-heritage\/\",\"url\":\"https:\/\/www.americanrider.net\/es\/producto\/harley-davidson-softail-heritage\/\",\"name\":\"Harley Davidson Softail Heritage - American Rider\",\"isPartOf\":{\"@id\":\"https:\/\/www.americanrider.net\/es\/#website\"},\"primaryImageOfPage\":{\"@id\":\"https:\/\/www.americanrider.net\/es\/producto\/harley-davidson-softail-heritage\/#primaryimage\"},\"image\":{\"@id\":\"https:\/\/www.americanrider.net\/es\/producto\/harley-davidson-softail-heritage\/#primaryimage\"},\"thumbnailUrl\":\"https:\/\/www.americanrider.net\/wp-content\/uploads\/2019\/01\/01-Harley-Davidson-HeritageSoftailClassic-FLSTCa.jpg\",\"datePublished\":\"2019-03-28T16:01:41+00:00\",\"dateModified\":\"2019-04-02T12:45:13+00:00\",\"description\":\"American Rider le ofrece esta Harley Davidson Softail Heritage para alquilar. Esta es una motocicleta legendaria, ideal para ir en ruta. \u00a1Contrata esta moto ahora!\",\"breadcrumb\":{\"@id\":\"https:\/\/www.americanrider.net\/es\/producto\/harley-davidson-softail-heritage\/#breadcrumb\"},\"inLanguage\":\"es\",\"potentialAction\":[{\"@type\":\"ReadAction\",\"target\":[\"https:\/\/www.americanrider.net\/es\/producto\/harley-davidson-softail-heritage\/\"]}]},{\"@type\":\"ImageObject\",\"inLanguage\":\"es\",\"@id\":\"https:\/\/www.americanrider.net\/es\/producto\/harley-davidson-softail-heritage\/#primaryimage\",\"url\":\"https:\/\/www.americanrider.net\/wp-content\/uploads\/2019\/01\/01-Harley-Davidson-HeritageSoftailClassic-FLSTCa.jpg\",\"contentUrl\":\"https:\/\/www.americanrider.net\/wp-content\/uploads\/2019\/01\/01-Harley-Davidson-HeritageSoftailClassic-FLSTCa.jpg\",\"width\":900,\"height\":600,\"caption\":\"HARLEY DAVIDSON SOFTAIL HERITAGE\"},{\"@type\":\"BreadcrumbList\",\"@id\":\"https:\/\/www.americanrider.net\/es\/producto\/harley-davidson-softail-heritage\/#breadcrumb\",\"itemListElement\":[{\"@type\":\"ListItem\",\"position\":1,\"name\":\"Home\",\"item\":\"https:\/\/www.americanrider.net\/es\/\"},{\"@type\":\"ListItem\",\"position\":2,\"name\":\"Tienda\",\"item\":\"https:\/\/www.americanrider.net\/es\/tienda\/\"},{\"@type\":\"ListItem\",\"position\":3,\"name\":\"Harley Davidson Softail Heritage\"}]},{\"@type\":\"WebSite\",\"@id\":\"https:\/\/www.americanrider.net\/es\/#website\",\"url\":\"https:\/\/www.americanrider.net\/es\/\",\"name\":\"American Rider\",\"description\":\"Motorcycle Rentals and Tours\",\"publisher\":{\"@id\":\"https:\/\/www.americanrider.net\/es\/#organization\"},\"potentialAction\":[{\"@type\":\"SearchAction\",\"target\":{\"@type\":\"EntryPoint\",\"urlTemplate\":\"https:\/\/www.americanrider.net\/es\/?s={search_term_string}\"},\"query-input\":{\"@type\":\"PropertyValueSpecification\",\"valueRequired\":true,\"valueName\":\"search_term_string\"}}],\"inLanguage\":\"es\"},{\"@type\":\"Organization\",\"@id\":\"https:\/\/www.americanrider.net\/es\/#organization\",\"name\":\"American Rider\",\"url\":\"https:\/\/www.americanrider.net\/es\/\",\"logo\":{\"@type\":\"ImageObject\",\"inLanguage\":\"es\",\"@id\":\"https:\/\/www.americanrider.net\/es\/#\/schema\/logo\/image\/\",\"url\":\"https:\/\/www.americanrider.net\/wp-content\/uploads\/2018\/05\/logo-american-rider.png\",\"contentUrl\":\"https:\/\/www.americanrider.net\/wp-content\/uploads\/2018\/05\/logo-american-rider.png\",\"width\":694,\"height\":184,\"caption\":\"American Rider\"},\"image\":{\"@id\":\"https:\/\/www.americanrider.net\/es\/#\/schema\/logo\/image\/\"}}]}<\/script>\n<!-- \/ Yoast SEO plugin. -->","yoast_head_json":{"title":"Harley Davidson Softail Heritage - American Rider","description":"American Rider le ofrece esta Harley Davidson Softail Heritage para alquilar. Esta es una motocicleta legendaria, ideal para ir en ruta. \u00a1Contrata esta moto ahora!","robots":{"index":"index","follow":"follow","max-snippet":"max-snippet:-1","max-image-preview":"max-image-preview:large","max-video-preview":"max-video-preview:-1"},"canonical":"https:\/\/www.americanrider.net\/es\/producto\/harley-davidson-softail-heritage\/","og_locale":"es_ES","og_type":"article","og_title":"Harley Davidson Softail Heritage - American Rider","og_description":"American Rider le ofrece esta Harley Davidson Softail Heritage para alquilar. Esta es una motocicleta legendaria, ideal para ir en ruta. \u00a1Contrata esta moto ahora!","og_url":"https:\/\/www.americanrider.net\/es\/producto\/harley-davidson-softail-heritage\/","og_site_name":"American Rider","article_modified_time":"2019-04-02T12:45:13+00:00","og_image":[{"width":900,"height":600,"url":"https:\/\/www.americanrider.net\/wp-content\/uploads\/2019\/01\/01-Harley-Davidson-HeritageSoftailClassic-FLSTCa.jpg","type":"image\/jpeg"}],"twitter_card":"summary_large_image","twitter_misc":{"Tiempo de lectura":"2 minutos"},"schema":{"@context":"https:\/\/schema.org","@graph":[{"@type":"WebPage","@id":"https:\/\/www.americanrider.net\/es\/producto\/harley-davidson-softail-heritage\/","url":"https:\/\/www.americanrider.net\/es\/producto\/harley-davidson-softail-heritage\/","name":"Harley Davidson Softail Heritage - American Rider","isPartOf":{"@id":"https:\/\/www.americanrider.net\/es\/#website"},"primaryImageOfPage":{"@id":"https:\/\/www.americanrider.net\/es\/producto\/harley-davidson-softail-heritage\/#primaryimage"},"image":{"@id":"https:\/\/www.americanrider.net\/es\/producto\/harley-davidson-softail-heritage\/#primaryimage"},"thumbnailUrl":"https:\/\/www.americanrider.net\/wp-content\/uploads\/2019\/01\/01-Harley-Davidson-HeritageSoftailClassic-FLSTCa.jpg","datePublished":"2019-03-28T16:01:41+00:00","dateModified":"2019-04-02T12:45:13+00:00","description":"American Rider le ofrece esta Harley Davidson Softail Heritage para alquilar. Esta es una motocicleta legendaria, ideal para ir en ruta. \u00a1Contrata esta moto ahora!","breadcrumb":{"@id":"https:\/\/www.americanrider.net\/es\/producto\/harley-davidson-softail-heritage\/#breadcrumb"},"inLanguage":"es","potentialAction":[{"@type":"ReadAction","target":["https:\/\/www.americanrider.net\/es\/producto\/harley-davidson-softail-heritage\/"]}]},{"@type":"ImageObject","inLanguage":"es","@id":"https:\/\/www.americanrider.net\/es\/producto\/harley-davidson-softail-heritage\/#primaryimage","url":"https:\/\/www.americanrider.net\/wp-content\/uploads\/2019\/01\/01-Harley-Davidson-HeritageSoftailClassic-FLSTCa.jpg","contentUrl":"https:\/\/www.americanrider.net\/wp-content\/uploads\/2019\/01\/01-Harley-Davidson-HeritageSoftailClassic-FLSTCa.jpg","width":900,"height":600,"caption":"HARLEY DAVIDSON SOFTAIL HERITAGE"},{"@type":"BreadcrumbList","@id":"https:\/\/www.americanrider.net\/es\/producto\/harley-davidson-softail-heritage\/#breadcrumb","itemListElement":[{"@type":"ListItem","position":1,"name":"Home","item":"https:\/\/www.americanrider.net\/es\/"},{"@type":"ListItem","position":2,"name":"Tienda","item":"https:\/\/www.americanrider.net\/es\/tienda\/"},{"@type":"ListItem","position":3,"name":"Harley Davidson Softail Heritage"}]},{"@type":"WebSite","@id":"https:\/\/www.americanrider.net\/es\/#website","url":"https:\/\/www.americanrider.net\/es\/","name":"American Rider","description":"Motorcycle Rentals and Tours","publisher":{"@id":"https:\/\/www.americanrider.net\/es\/#organization"},"potentialAction":[{"@type":"SearchAction","target":{"@type":"EntryPoint","urlTemplate":"https:\/\/www.americanrider.net\/es\/?s={search_term_string}"},"query-input":{"@type":"PropertyValueSpecification","valueRequired":true,"valueName":"search_term_string"}}],"inLanguage":"es"},{"@type":"Organization","@id":"https:\/\/www.americanrider.net\/es\/#organization","name":"American Rider","url":"https:\/\/www.americanrider.net\/es\/","logo":{"@type":"ImageObject","inLanguage":"es","@id":"https:\/\/www.americanrider.net\/es\/#\/schema\/logo\/image\/","url":"https:\/\/www.americanrider.net\/wp-content\/uploads\/2018\/05\/logo-american-rider.png","contentUrl":"https:\/\/www.americanrider.net\/wp-content\/uploads\/2018\/05\/logo-american-rider.png","width":694,"height":184,"caption":"American Rider"},"image":{"@id":"https:\/\/www.americanrider.net\/es\/#\/schema\/logo\/image\/"}}]}},"_links":{"self":[{"href":"https:\/\/www.americanrider.net\/es\/wp-json\/wp\/v2\/product\/5072","targetHints":{"allow":["GET"]}}],"collection":[{"href":"https:\/\/www.americanrider.net\/es\/wp-json\/wp\/v2\/product"}],"about":[{"href":"https:\/\/www.americanrider.net\/es\/wp-json\/wp\/v2\/types\/product"}],"replies":[{"embeddable":true,"href":"https:\/\/www.americanrider.net\/es\/wp-json\/wp\/v2\/comments?post=5072"}],"version-history":[{"count":0,"href":"https:\/\/www.americanrider.net\/es\/wp-json\/wp\/v2\/product\/5072\/revisions"}],"wp:featuredmedia":[{"embeddable":true,"href":"https:\/\/www.americanrider.net\/es\/wp-json\/wp\/v2\/media\/2579"}],"wp:attachment":[{"href":"https:\/\/www.americanrider.net\/es\/wp-json\/wp\/v2\/media?parent=5072"}],"wp:term":[{"taxonomy":"product_brand","embeddable":true,"href":"https:\/\/www.americanrider.net\/es\/wp-json\/wp\/v2\/product_brand?post=5072"},{"taxonomy":"product_cat","embeddable":true,"href":"https:\/\/www.americanrider.net\/es\/wp-json\/wp\/v2\/product_cat?post=5072"},{"taxonomy":"product_tag","embeddable":true,"href":"https:\/\/www.americanrider.net\/es\/wp-json\/wp\/v2\/product_tag?post=5072"}],"curies":[{"name":"wp","href":"https:\/\/api.w.org\/{rel}","templated":true}]}}