{"id":5065,"date":"2019-01-29T16:55:07","date_gmt":"2019-03-28T15:21:10","guid":{"rendered":"https:\/\/www.americanrider.eu\/product\/harley-davidson-forty-eight\/"},"modified":"2019-05-22T15:59:08","modified_gmt":"2019-05-22T15:59:08","slug":"harley-davidson-forty-eight","status":"publish","type":"product","link":"https:\/\/www.americanrider.net\/es\/producto\/harley-davidson-forty-eight\/","title":{"rendered":"Harley Davidson Forty-Eight"},"content":{"rendered":"<p>American Rider le ofrece esta Harley Davidson 48 para alquiler. Si quieres probar la sensaci\u00f3n de libertad de una Harley Davidson, \u00a1<a href=\"https:\/\/www.americanrider.net\/es\/formulario-reserva-motocicletas-spain\/\"> contrata esta moto ahora!<\/a> De hecho, esta es una motocicleta legendaria, ideal para ir en ruta. American Rider le ofrece los mejores precios y la seguridad de ser una de las mejores empresas en alquiler de motos.<\/p>\n<h4>La Harley-Davidson Forty-Eight<\/h4>\n<p>La motocicleta Harley-Davidson Forty-Eight es una fabricaci\u00f3n custom en la tradici\u00f3n legendaria de la l\u00ednea Hotster Sportster con el atractivo elemental de las motocicletas Dark Custom \u2122.<\/p>\n<p>El Forty-Eight, con su suspensi\u00f3n baja y una suspensi\u00f3n de golpe y el cl\u00e1sico tanque de combustible de \u00abman\u00ed\u00bb de 2.1 galones respalda su apariencia de bulldog con el rendimiento del motor V-Twin Evolution\u00ae de 1200 cc en color negro y pulido. El asiento individual bajo, los espejos debajo del soporte, la placa de matr\u00edcula de montaje lateral, el guardabarros trasero limpio y el neum\u00e1tico delantero alto y grueso enfatizan el enfoque de los Cuarenta Ocho en la personalizaci\u00f3n cincelada.<\/p>\n<p>El Forty-Eight abarca la calle en la parte delantera con controles de pie delanteros, manillar personalizado de bajo perfil, espejos debajo de los montantes, luces de giro montadas en la horquilla, soporte de montaje del veloc\u00edmetro de golpe y refuerzo de la horquilla con orificios de iluminaci\u00f3n. Un asiento individual \u00fanico de doble textura con una altura de 26 pulgadas se adapta al conductor solitario, mientras que si existe un acompa\u00f1ante se le pueden agregar reposapi\u00e9s y respaldo.<\/p>\n<p>El guardabarros trasero negro picado con luces de parada \/ giro \/ cola combinadas y una placa de matr\u00edcula montada en el lateral ayuda a mostrar el neum\u00e1tico trasero de 150 mm y las ruedas de acero negro de 16 pulgadas. El neum\u00e1tico delantero tambi\u00e9n se desplaza sobre una rueda ancha y negra.<\/p>\n<h5><strong>FORTY-EIGHT CARACTER\u00cdSTICAS<\/strong><\/h5>\n<ul>\n<li>Motor Evolution 1200 cc V-Twin montado en caucho con cubiertas pulidas<\/li>\n<li>Inyecci\u00f3n secuencial electr\u00f3nica de combustible en puerto (ESPFI)<\/li>\n<li>Tanque de combustible de acero tipo \u201cmani\u201d de 2.1 galones con soporte de montaje para orificio de aligeramiento<\/li>\n<li>Asiento cl\u00e1sico de una sola pieza, Sportster.<\/li>\n<li>Altura del asiento de 26 pulgadas<\/li>\n<li>Neum\u00e1tico Dunlop MT90 delantero alto y grueso de 130 mm<\/li>\n<li>Ruedas de acero negro de 16 pulgadas con cord\u00f3n<\/li>\n<li>Manillar personalizado de bajo perfil.<\/li>\n<li>Espejos bajo techo<\/li>\n<li>Nuevas horquillas delanteras con amplias abrazaderas triples.<\/li>\n<li>Guardabarros delantero picado montado en un soporte de horquilla con agujeros de aclarado<\/li>\n<li>Componentes ennegrecidos que incluyen la cubierta del filtro de aire, el embrague y las palancas de freno y los intermitentes<\/li>\n<li>Guardabarros trasero picado<\/li>\n<li>Luces stop-turn-tail<\/li>\n<li>Placa de matr\u00edcula lateral<\/li>\n<li>Garant\u00eda de f\u00e1brica de dos a\u00f1os.<\/li>\n<li>Sistema de seguridad inteligente opcional Harley-Davidson<\/li>\n<\/ul>\n<p>&nbsp;<\/p>\n<p>\u00a1Ve ahora y siente esta Harley Davidson Forty-Eight para alquilar!<\/p>\n<div style=\"margin: 20px 0;\"><a class=\"maxbutton-5 maxbutton maxbutton-reserva-moto-espana\" title=\"Reservar ahora\" rel=\"nofollow noopener\" href=\"https:\/\/www.americanrider.net\/es\/formulario-reserva-motocicletas-spain\/\"><span class='mb-text'>RESERVAR AHORA<\/span><\/a><\/div>\n","protected":false},"excerpt":{"rendered":"<div style=\"font-family: 'Teko', sans-serif; font-size: 50px; font-weight: bold; line-height: 40px;\">Harley Davidson Forty-Eight<\/div>\n<div style=\"margin-top: 20px;\"><span style=\"font-family: 'Teko', sans-serif; font-size: 50px; font-weight: bold; color: #bf020f;\">125\u20ac<\/span> \/ <em><strong>24 horas<\/strong><\/em><\/div>\n<div style=\"margin: 20px 0;\"><span style=\"font-family: 'Teko', sans-serif; font-size: 50px; font-weight: bold; color: #bf020f;\">99\u20ac<\/span> \/ <em><strong>8 horas<\/strong><\/em><\/div>\n[maxbutton id=\"5\"]\n<div style=\"font-family: 'Poppins', sans-serif; font-size: 20px; font-weight: bold; margin-top: 20px;\">Informaci\u00f3n:<\/div>\n<ul>\n<li><strong>Impuestos:<\/strong> Incluidos<\/li>\n<li><strong>Asistencia en carretera 24h:<\/strong> Incluido<\/li>\n<li><strong>Cascos<\/strong> Incluidos (Conductor y pasajero)<\/li>\n<li><strong>Bloqueo:<\/strong> Incluido (Bloqueo de disco o cable)<\/li>\n<li><strong>Asientos: <\/strong>2<\/li>\n<li><strong>Combustible: <\/strong>Tanque lleno<\/li>\n<li><strong>Kil\u00f3metros\/Kilometraje: <\/strong>300 km per day<\/li>\n<li><strong>Kil\u00f3metros adicionales:<\/strong> 0,20 \u20ac\/km<\/li>\n<li><strong>Dep\u00f3sito: <\/strong>500\u20ac a 2000\u20ac (consultar condiciones)<\/li>\n<li><strong>Alforja: <\/strong>Consultar disponibilidad<\/li>\n<\/ul>\n<div style=\"font-family: 'Poppins', sans-serif; font-size: 20px; font-weight: bold; margin-top: 20px;\">Descuentos:<\/div>\n<ul>\n<li><strong>Alquiler de 3 a 7 d\u00edas:<\/strong> <em><strong>106\u20ac\/d\u00eda<\/strong><\/em><\/li>\n<li><strong>Alquiler de 8 a 15 d\u00edas:<\/strong> <em><strong>93,75\u20ac\/d\u00eda<\/strong><\/em><\/li>\n<li>Consultar 16 d\u00edas o m\u00e1s alquileres<\/li>\n<li>Durante 3 d\u00edas o m\u00e1s alquileres: entrega y recogida gratuita de motos o transporte gratuito desde \/ hacia su ubicaci\u00f3n (\u00e1rea de M\u00e1laga y Costa del Sol)<\/li>\n<li>Grupos de 3 o m\u00e1s motocicletas: transporte gratuito desde o hacia Ubicaci\u00f3n (\u00e1rea de M\u00e1laga y Costa del Sol) y 15% de descuento.<\/li>\n<\/ul>\n<div style=\"margin: 20px 0;\">[maxbutton id=\"5\"]<\/div>\n","protected":false},"featured_media":2567,"comment_status":"closed","ping_status":"closed","template":"","meta":[],"product_brand":[],"product_cat":[116,122,118,142,117,140],"product_tag":[],"class_list":{"0":"post-5065","1":"product","2":"type-product","3":"status-publish","4":"has-post-thumbnail","6":"product_cat-alquiler","7":"product_cat-alquiler-de-harleys","8":"product_cat-alquiler-en-espana","9":"product_cat-harley-davidson-es","10":"product_cat-motos","11":"product_cat-todas-las-motos","13":"first","14":"instock","15":"taxable","16":"shipping-taxable","17":"product-type-simple"},"yoast_head":"<!-- This site is optimized with the Yoast SEO plugin v25.5 - https:\/\/yoast.com\/wordpress\/plugins\/seo\/ -->\n<title>Harley Davidson Forty-Eight - American Rider<\/title>\n<meta name=\"description\" content=\"American Rider le ofrece esta Harley Davidson 48 para alquilar. Esta es una motocicleta legendaria, ideal para ir en ruta. \u00a1Contrata esta moto ahora!\" \/>\n<meta name=\"robots\" content=\"index, follow, max-snippet:-1, max-image-preview:large, max-video-preview:-1\" \/>\n<link rel=\"canonical\" href=\"https:\/\/www.americanrider.net\/es\/producto\/harley-davidson-forty-eight\/\" \/>\n<meta property=\"og:locale\" content=\"es_ES\" \/>\n<meta property=\"og:type\" content=\"article\" \/>\n<meta property=\"og:title\" content=\"Harley Davidson Forty-Eight - American Rider\" \/>\n<meta property=\"og:description\" content=\"American Rider le ofrece esta Harley Davidson 48 para alquilar. Esta es una motocicleta legendaria, ideal para ir en ruta. \u00a1Contrata esta moto ahora!\" \/>\n<meta property=\"og:url\" content=\"https:\/\/www.americanrider.net\/es\/producto\/harley-davidson-forty-eight\/\" \/>\n<meta property=\"og:site_name\" content=\"American Rider\" \/>\n<meta property=\"article:modified_time\" content=\"2019-05-22T15:59:08+00:00\" \/>\n<meta property=\"og:image\" content=\"https:\/\/www.americanrider.net\/wp-content\/uploads\/2019\/01\/01-HarleyDavidson-SportsterForty-Eightb.jpg\" \/>\n\t<meta property=\"og:image:width\" content=\"900\" \/>\n\t<meta property=\"og:image:height\" content=\"600\" \/>\n\t<meta property=\"og:image:type\" content=\"image\/jpeg\" \/>\n<meta name=\"twitter:card\" content=\"summary_large_image\" \/>\n<meta name=\"twitter:label1\" content=\"Tiempo de lectura\" \/>\n\t<meta name=\"twitter:data1\" content=\"2 minutos\" \/>\n<script type=\"application\/ld+json\" class=\"yoast-schema-graph\">{\"@context\":\"https:\/\/schema.org\",\"@graph\":[{\"@type\":\"WebPage\",\"@id\":\"https:\/\/www.americanrider.net\/es\/producto\/harley-davidson-forty-eight\/\",\"url\":\"https:\/\/www.americanrider.net\/es\/producto\/harley-davidson-forty-eight\/\",\"name\":\"Harley Davidson Forty-Eight - American Rider\",\"isPartOf\":{\"@id\":\"https:\/\/www.americanrider.net\/es\/#website\"},\"primaryImageOfPage\":{\"@id\":\"https:\/\/www.americanrider.net\/es\/producto\/harley-davidson-forty-eight\/#primaryimage\"},\"image\":{\"@id\":\"https:\/\/www.americanrider.net\/es\/producto\/harley-davidson-forty-eight\/#primaryimage\"},\"thumbnailUrl\":\"https:\/\/www.americanrider.net\/wp-content\/uploads\/2019\/01\/01-HarleyDavidson-SportsterForty-Eightb.jpg\",\"datePublished\":\"2019-03-28T15:21:10+00:00\",\"dateModified\":\"2019-05-22T15:59:08+00:00\",\"description\":\"American Rider le ofrece esta Harley Davidson 48 para alquilar. Esta es una motocicleta legendaria, ideal para ir en ruta. \u00a1Contrata esta moto ahora!\",\"breadcrumb\":{\"@id\":\"https:\/\/www.americanrider.net\/es\/producto\/harley-davidson-forty-eight\/#breadcrumb\"},\"inLanguage\":\"es\",\"potentialAction\":[{\"@type\":\"ReadAction\",\"target\":[\"https:\/\/www.americanrider.net\/es\/producto\/harley-davidson-forty-eight\/\"]}]},{\"@type\":\"ImageObject\",\"inLanguage\":\"es\",\"@id\":\"https:\/\/www.americanrider.net\/es\/producto\/harley-davidson-forty-eight\/#primaryimage\",\"url\":\"https:\/\/www.americanrider.net\/wp-content\/uploads\/2019\/01\/01-HarleyDavidson-SportsterForty-Eightb.jpg\",\"contentUrl\":\"https:\/\/www.americanrider.net\/wp-content\/uploads\/2019\/01\/01-HarleyDavidson-SportsterForty-Eightb.jpg\",\"width\":900,\"height\":600,\"caption\":\"HARLEY DAVIDSON FORTY EIGHT\"},{\"@type\":\"BreadcrumbList\",\"@id\":\"https:\/\/www.americanrider.net\/es\/producto\/harley-davidson-forty-eight\/#breadcrumb\",\"itemListElement\":[{\"@type\":\"ListItem\",\"position\":1,\"name\":\"Home\",\"item\":\"https:\/\/www.americanrider.net\/es\/\"},{\"@type\":\"ListItem\",\"position\":2,\"name\":\"Tienda\",\"item\":\"https:\/\/www.americanrider.net\/es\/tienda\/\"},{\"@type\":\"ListItem\",\"position\":3,\"name\":\"Harley Davidson Forty-Eight\"}]},{\"@type\":\"WebSite\",\"@id\":\"https:\/\/www.americanrider.net\/es\/#website\",\"url\":\"https:\/\/www.americanrider.net\/es\/\",\"name\":\"American Rider\",\"description\":\"Motorcycle Rentals and Tours\",\"publisher\":{\"@id\":\"https:\/\/www.americanrider.net\/es\/#organization\"},\"potentialAction\":[{\"@type\":\"SearchAction\",\"target\":{\"@type\":\"EntryPoint\",\"urlTemplate\":\"https:\/\/www.americanrider.net\/es\/?s={search_term_string}\"},\"query-input\":{\"@type\":\"PropertyValueSpecification\",\"valueRequired\":true,\"valueName\":\"search_term_string\"}}],\"inLanguage\":\"es\"},{\"@type\":\"Organization\",\"@id\":\"https:\/\/www.americanrider.net\/es\/#organization\",\"name\":\"American Rider\",\"url\":\"https:\/\/www.americanrider.net\/es\/\",\"logo\":{\"@type\":\"ImageObject\",\"inLanguage\":\"es\",\"@id\":\"https:\/\/www.americanrider.net\/es\/#\/schema\/logo\/image\/\",\"url\":\"https:\/\/www.americanrider.net\/wp-content\/uploads\/2018\/05\/logo-american-rider.png\",\"contentUrl\":\"https:\/\/www.americanrider.net\/wp-content\/uploads\/2018\/05\/logo-american-rider.png\",\"width\":694,\"height\":184,\"caption\":\"American Rider\"},\"image\":{\"@id\":\"https:\/\/www.americanrider.net\/es\/#\/schema\/logo\/image\/\"}}]}<\/script>\n<!-- \/ Yoast SEO plugin. -->","yoast_head_json":{"title":"Harley Davidson Forty-Eight - American Rider","description":"American Rider le ofrece esta Harley Davidson 48 para alquilar. Esta es una motocicleta legendaria, ideal para ir en ruta. \u00a1Contrata esta moto ahora!","robots":{"index":"index","follow":"follow","max-snippet":"max-snippet:-1","max-image-preview":"max-image-preview:large","max-video-preview":"max-video-preview:-1"},"canonical":"https:\/\/www.americanrider.net\/es\/producto\/harley-davidson-forty-eight\/","og_locale":"es_ES","og_type":"article","og_title":"Harley Davidson Forty-Eight - American Rider","og_description":"American Rider le ofrece esta Harley Davidson 48 para alquilar. Esta es una motocicleta legendaria, ideal para ir en ruta. \u00a1Contrata esta moto ahora!","og_url":"https:\/\/www.americanrider.net\/es\/producto\/harley-davidson-forty-eight\/","og_site_name":"American Rider","article_modified_time":"2019-05-22T15:59:08+00:00","og_image":[{"width":900,"height":600,"url":"https:\/\/www.americanrider.net\/wp-content\/uploads\/2019\/01\/01-HarleyDavidson-SportsterForty-Eightb.jpg","type":"image\/jpeg"}],"twitter_card":"summary_large_image","twitter_misc":{"Tiempo de lectura":"2 minutos"},"schema":{"@context":"https:\/\/schema.org","@graph":[{"@type":"WebPage","@id":"https:\/\/www.americanrider.net\/es\/producto\/harley-davidson-forty-eight\/","url":"https:\/\/www.americanrider.net\/es\/producto\/harley-davidson-forty-eight\/","name":"Harley Davidson Forty-Eight - American Rider","isPartOf":{"@id":"https:\/\/www.americanrider.net\/es\/#website"},"primaryImageOfPage":{"@id":"https:\/\/www.americanrider.net\/es\/producto\/harley-davidson-forty-eight\/#primaryimage"},"image":{"@id":"https:\/\/www.americanrider.net\/es\/producto\/harley-davidson-forty-eight\/#primaryimage"},"thumbnailUrl":"https:\/\/www.americanrider.net\/wp-content\/uploads\/2019\/01\/01-HarleyDavidson-SportsterForty-Eightb.jpg","datePublished":"2019-03-28T15:21:10+00:00","dateModified":"2019-05-22T15:59:08+00:00","description":"American Rider le ofrece esta Harley Davidson 48 para alquilar. Esta es una motocicleta legendaria, ideal para ir en ruta. \u00a1Contrata esta moto ahora!","breadcrumb":{"@id":"https:\/\/www.americanrider.net\/es\/producto\/harley-davidson-forty-eight\/#breadcrumb"},"inLanguage":"es","potentialAction":[{"@type":"ReadAction","target":["https:\/\/www.americanrider.net\/es\/producto\/harley-davidson-forty-eight\/"]}]},{"@type":"ImageObject","inLanguage":"es","@id":"https:\/\/www.americanrider.net\/es\/producto\/harley-davidson-forty-eight\/#primaryimage","url":"https:\/\/www.americanrider.net\/wp-content\/uploads\/2019\/01\/01-HarleyDavidson-SportsterForty-Eightb.jpg","contentUrl":"https:\/\/www.americanrider.net\/wp-content\/uploads\/2019\/01\/01-HarleyDavidson-SportsterForty-Eightb.jpg","width":900,"height":600,"caption":"HARLEY DAVIDSON FORTY EIGHT"},{"@type":"BreadcrumbList","@id":"https:\/\/www.americanrider.net\/es\/producto\/harley-davidson-forty-eight\/#breadcrumb","itemListElement":[{"@type":"ListItem","position":1,"name":"Home","item":"https:\/\/www.americanrider.net\/es\/"},{"@type":"ListItem","position":2,"name":"Tienda","item":"https:\/\/www.americanrider.net\/es\/tienda\/"},{"@type":"ListItem","position":3,"name":"Harley Davidson Forty-Eight"}]},{"@type":"WebSite","@id":"https:\/\/www.americanrider.net\/es\/#website","url":"https:\/\/www.americanrider.net\/es\/","name":"American Rider","description":"Motorcycle Rentals and Tours","publisher":{"@id":"https:\/\/www.americanrider.net\/es\/#organization"},"potentialAction":[{"@type":"SearchAction","target":{"@type":"EntryPoint","urlTemplate":"https:\/\/www.americanrider.net\/es\/?s={search_term_string}"},"query-input":{"@type":"PropertyValueSpecification","valueRequired":true,"valueName":"search_term_string"}}],"inLanguage":"es"},{"@type":"Organization","@id":"https:\/\/www.americanrider.net\/es\/#organization","name":"American Rider","url":"https:\/\/www.americanrider.net\/es\/","logo":{"@type":"ImageObject","inLanguage":"es","@id":"https:\/\/www.americanrider.net\/es\/#\/schema\/logo\/image\/","url":"https:\/\/www.americanrider.net\/wp-content\/uploads\/2018\/05\/logo-american-rider.png","contentUrl":"https:\/\/www.americanrider.net\/wp-content\/uploads\/2018\/05\/logo-american-rider.png","width":694,"height":184,"caption":"American Rider"},"image":{"@id":"https:\/\/www.americanrider.net\/es\/#\/schema\/logo\/image\/"}}]}},"_links":{"self":[{"href":"https:\/\/www.americanrider.net\/es\/wp-json\/wp\/v2\/product\/5065","targetHints":{"allow":["GET"]}}],"collection":[{"href":"https:\/\/www.americanrider.net\/es\/wp-json\/wp\/v2\/product"}],"about":[{"href":"https:\/\/www.americanrider.net\/es\/wp-json\/wp\/v2\/types\/product"}],"replies":[{"embeddable":true,"href":"https:\/\/www.americanrider.net\/es\/wp-json\/wp\/v2\/comments?post=5065"}],"version-history":[{"count":0,"href":"https:\/\/www.americanrider.net\/es\/wp-json\/wp\/v2\/product\/5065\/revisions"}],"wp:featuredmedia":[{"embeddable":true,"href":"https:\/\/www.americanrider.net\/es\/wp-json\/wp\/v2\/media\/2567"}],"wp:attachment":[{"href":"https:\/\/www.americanrider.net\/es\/wp-json\/wp\/v2\/media?parent=5065"}],"wp:term":[{"taxonomy":"product_brand","embeddable":true,"href":"https:\/\/www.americanrider.net\/es\/wp-json\/wp\/v2\/product_brand?post=5065"},{"taxonomy":"product_cat","embeddable":true,"href":"https:\/\/www.americanrider.net\/es\/wp-json\/wp\/v2\/product_cat?post=5065"},{"taxonomy":"product_tag","embeddable":true,"href":"https:\/\/www.americanrider.net\/es\/wp-json\/wp\/v2\/product_tag?post=5065"}],"curies":[{"name":"wp","href":"https:\/\/api.w.org\/{rel}","templated":true}]}}