{"id":5015,"date":"2019-02-06T18:30:58","date_gmt":"2019-03-27T19:07:45","guid":{"rendered":"https:\/\/www.americanrider.eu\/product\/malaga-costa-oeste-e-interior-tour-guiado\/"},"modified":"2019-04-02T14:09:16","modified_gmt":"2019-04-02T14:09:16","slug":"malaga-costa-oeste-e-interior-tour-guiado","status":"publish","type":"product","link":"https:\/\/www.americanrider.net\/es\/producto\/malaga-costa-oeste-e-interior-tour-guiado\/","title":{"rendered":"M\u00e1laga Costa Oeste e Interior <br><i class=\"fas fa-motorcycle\"><\/i> Tour Guiado"},"content":{"rendered":"<h4>Malaga Costa Oeste e Interior<\/h4>\n<p><i class=\"fas fa-motorcycle\"><\/i> <strong>Tour Guiado<\/strong><\/p>\n<p>Este recorrido se realiza a trav\u00e9s de pueblos y ciudades a lo largo de la costa de la provincia de M\u00e1laga, tales como: M\u00e1laga, Benalm\u00e1dena, Torremolinos, Marbella, Puerto Ban\u00fas, Oj\u00e9n, Alhaur\u00edn de la Torre, etc.<\/p>\n<p>Durante este tour podr\u00e1s ver lugares emblem\u00e1ticos, paisajes y monumentos como: Puerto de M\u00e1laga, Centro hist\u00f3rico, Alcazaba y Catedral de M\u00e1laga, Puerto deportivo de Benlamadena, Pueblos blancos, Parque natural de la Sierra de las Nieves, Puerto Ban\u00fas, casco antiguo de Mijas, el castillo de Bil Bil (Benalm\u00e1dena), el castillo de Sohail (Fuengirola), el centro de Marbella &#8230; \u00a1y mucho m\u00e1s!<\/p>\n<div class=\"ireca_service style3 show_border\" style=\"text-align: center; padding-top: 0px;\">\n<div>\n<h3>Este tour est\u00e1 tambi\u00e9n disponible para Coche y Furgoneta.<\/h3>\n<p><img fetchpriority=\"high\" decoding=\"async\" class=\"wp-image-2895 size-medium aligncenter\" src=\"https:\/\/www.americanrider.net\/wp-content\/uploads\/2019\/02\/van-tours-300x200.jpg\" alt=\"Rutas en Auto\" width=\"300\" height=\"200\" srcset=\"https:\/\/www.americanrider.net\/wp-content\/uploads\/2019\/02\/van-tours-300x200.jpg 300w, https:\/\/www.americanrider.net\/wp-content\/uploads\/2019\/02\/van-tours-768x512.jpg 768w, https:\/\/www.americanrider.net\/wp-content\/uploads\/2019\/02\/van-tours-350x233.jpg 350w, https:\/\/www.americanrider.net\/wp-content\/uploads\/2019\/02\/van-tours-600x400.jpg 600w, https:\/\/www.americanrider.net\/wp-content\/uploads\/2019\/02\/van-tours.jpg 900w\" sizes=\"(max-width: 300px) 100vw, 300px\" \/><br \/>\nPregunte por las condiciones.<\/p>\n<\/div>\n<\/div>\n<div style=\"margin: 20px 0;\"><a class=\"maxbutton-7 maxbutton maxbutton-reserva-rutas\" title=\"Reservar ahora\" rel=\"nofollow noopener\" href=\"https:\/\/www.americanrider.net\/es\/reserva-de-rutas\/\"><span class='mb-text'>RESERVAR AHORA<\/span><\/a><\/div>\n","protected":false},"excerpt":{"rendered":"<div style=\"font-family: 'Teko', sans-serif; font-size: 50px; font-weight: bold; line-height: 40px;\">Malaga Costa Oeste e Interior<\/div>\n<p><i class=\"fas fa-motorcycle\"><\/i> <strong>Tour Guiado<\/strong><\/p>\n<div style=\"margin-top: 20px;\"><span style=\"font-family: 'Teko', sans-serif; font-size: 50px; font-weight: bold; color: #bf020f;\">375\u20ac<\/span> \/ <em><strong>Precio por 1 moto<\/strong><\/em><\/div>\n<div style=\"margin-top: 20px;\"><span style=\"font-family: 'Teko', sans-serif; font-size: 50px; font-weight: bold; color: #bf020f;\">275\u20ac<\/span> \/ <em><strong>Precio por moto para grupo de 2<\/strong><\/em><\/div>\n<div style=\"margin-top: 20px;\"><span style=\"font-family: 'Teko', sans-serif; font-size: 50px; font-weight: bold; color: #bf020f;\">225\u20ac<\/span> \/ <em><strong>Precio por moto para grupo de 3<\/strong><\/em><\/div>\n<div style=\"margin-top: 20px;\"><span style=\"font-family: 'Teko', sans-serif; font-size: 50px; font-weight: bold; color: #bf020f;\">195\u20ac<\/span> \/ <em><strong>Precio por moto para grupo de 4<\/strong><\/em><\/div>\n<div style=\"margin-top: 20px;\"><span style=\"font-family: 'Teko', sans-serif; font-size: 50px; font-weight: bold; color: #bf020f;\">175\u20ac<\/span> \/ <em><strong>Precio por moto para grupo de 5<\/strong><\/em><\/div>\n<div><strong>Pasajero: 50 \u20ac por pasajero<\/strong><\/div>\n<div style=\"margin: 20px 0;\">[maxbutton id=\"7\"]<\/div>\n<div style=\"font-family: 'Poppins', sans-serif; font-size: 20px; font-weight: bold; margin-top: 20px;\">Informaci\u00f3n:<\/div>\n<ul>\n<li><strong>Motocicleta:<\/strong> Incluida<\/li>\n<li><strong>Impuestos:<\/strong> Incluidos<\/li>\n<li><strong>Gu\u00eda American Rider:<\/strong> Incluida<\/li>\n<li><strong>Combustible: <\/strong>Todo incluido<\/li>\n<li><strong>Aperitivo y almuerzo: <\/strong>Incluido<\/li>\n<li><strong>Refrescos <\/strong>Incluidos<\/li>\n<li><strong>Asistencia en carretera: <\/strong>Incluida<\/li>\n<li><strong>Cascos<\/strong> Incluidos (Conductor y pasajero)<\/li>\n<li><strong>Bloqueo:<\/strong> Incluido (Bloqueo de disco o cable)<\/li>\n<li><strong>Asientos: <\/strong>2<\/li>\n<li><strong>Duraci\u00f3n: <\/strong>1 d\u00eda (8 horas aprox.)<\/li>\n<li><strong>Kil\u00f3metros\/Kilometraje: <\/strong>200 aprox.<\/li>\n<\/ul>\n<div style=\"font-family: 'Poppins', sans-serif; font-size: 20px; font-weight: bold; margin-top: 20px;\">Descuentos:<\/div>\n<ul>\n<li><strong>6 motos o m\u00e1s:<\/strong> consultar precios.<\/li>\n<\/ul>\n<div style=\"margin: 20px 0;\">[maxbutton id=\"7\"]<\/div>\n","protected":false},"featured_media":2823,"comment_status":"closed","ping_status":"closed","template":"","meta":[],"product_brand":[],"product_cat":[133,135,137,134],"product_tag":[],"class_list":{"0":"post-5015","1":"product","2":"type-product","3":"status-publish","4":"has-post-thumbnail","6":"type-guided-tours","7":"type-tours","8":"product_cat-rutas","9":"product_cat-rutas-guiadas","10":"product_cat-rutas-por-espana","11":"product_cat-todas-las-rutas","13":"first","14":"instock","15":"taxable","16":"shipping-taxable","17":"product-type-simple"},"yoast_head":"<!-- This site is optimized with the Yoast SEO plugin v25.5 - https:\/\/yoast.com\/wordpress\/plugins\/seo\/ -->\n<title>M\u00e1laga Costa Oeste e Interior  Tour Guiado - American Rider<\/title>\n<meta name=\"description\" content=\"Esta ruta guiada en moto recorre pueblos y ciudades de la costa oeste de M\u00e1laga como: M\u00e1laga, Benalm\u00e1dena, Torremolinos, Marbella, Oj\u00e9n, etc.\" \/>\n<meta name=\"robots\" content=\"index, follow, max-snippet:-1, max-image-preview:large, max-video-preview:-1\" \/>\n<link rel=\"canonical\" href=\"https:\/\/www.americanrider.net\/es\/producto\/malaga-costa-oeste-e-interior-tour-guiado\/\" \/>\n<meta property=\"og:locale\" content=\"es_ES\" \/>\n<meta property=\"og:type\" content=\"article\" \/>\n<meta property=\"og:title\" content=\"M\u00e1laga Costa Oeste e Interior  Tour Guiado - American Rider\" \/>\n<meta property=\"og:description\" content=\"Esta ruta guiada en moto recorre pueblos y ciudades de la costa oeste de M\u00e1laga como: M\u00e1laga, Benalm\u00e1dena, Torremolinos, Marbella, Oj\u00e9n, etc.\" \/>\n<meta property=\"og:url\" content=\"https:\/\/www.americanrider.net\/es\/producto\/malaga-costa-oeste-e-interior-tour-guiado\/\" \/>\n<meta property=\"og:site_name\" content=\"American Rider\" \/>\n<meta property=\"article:modified_time\" content=\"2019-04-02T14:09:16+00:00\" \/>\n<meta property=\"og:image\" content=\"https:\/\/www.americanrider.net\/wp-content\/uploads\/2019\/02\/00-malaga-west-coast-and-interior.jpg\" \/>\n\t<meta property=\"og:image:width\" content=\"900\" \/>\n\t<meta property=\"og:image:height\" content=\"600\" \/>\n\t<meta property=\"og:image:type\" content=\"image\/jpeg\" \/>\n<meta name=\"twitter:card\" content=\"summary_large_image\" \/>\n<meta name=\"twitter:label1\" content=\"Tiempo de lectura\" \/>\n\t<meta name=\"twitter:data1\" content=\"1 minuto\" \/>\n<script type=\"application\/ld+json\" class=\"yoast-schema-graph\">{\"@context\":\"https:\/\/schema.org\",\"@graph\":[{\"@type\":\"WebPage\",\"@id\":\"https:\/\/www.americanrider.net\/es\/producto\/malaga-costa-oeste-e-interior-tour-guiado\/\",\"url\":\"https:\/\/www.americanrider.net\/es\/producto\/malaga-costa-oeste-e-interior-tour-guiado\/\",\"name\":\"M\u00e1laga Costa Oeste e Interior Tour Guiado - American Rider\",\"isPartOf\":{\"@id\":\"https:\/\/www.americanrider.net\/es\/#website\"},\"primaryImageOfPage\":{\"@id\":\"https:\/\/www.americanrider.net\/es\/producto\/malaga-costa-oeste-e-interior-tour-guiado\/#primaryimage\"},\"image\":{\"@id\":\"https:\/\/www.americanrider.net\/es\/producto\/malaga-costa-oeste-e-interior-tour-guiado\/#primaryimage\"},\"thumbnailUrl\":\"https:\/\/www.americanrider.net\/wp-content\/uploads\/2019\/02\/00-malaga-west-coast-and-interior.jpg\",\"datePublished\":\"2019-03-27T19:07:45+00:00\",\"dateModified\":\"2019-04-02T14:09:16+00:00\",\"description\":\"Esta ruta guiada en moto recorre pueblos y ciudades de la costa oeste de M\u00e1laga como: M\u00e1laga, Benalm\u00e1dena, Torremolinos, Marbella, Oj\u00e9n, etc.\",\"breadcrumb\":{\"@id\":\"https:\/\/www.americanrider.net\/es\/producto\/malaga-costa-oeste-e-interior-tour-guiado\/#breadcrumb\"},\"inLanguage\":\"es\",\"potentialAction\":[{\"@type\":\"ReadAction\",\"target\":[\"https:\/\/www.americanrider.net\/es\/producto\/malaga-costa-oeste-e-interior-tour-guiado\/\"]}]},{\"@type\":\"ImageObject\",\"inLanguage\":\"es\",\"@id\":\"https:\/\/www.americanrider.net\/es\/producto\/malaga-costa-oeste-e-interior-tour-guiado\/#primaryimage\",\"url\":\"https:\/\/www.americanrider.net\/wp-content\/uploads\/2019\/02\/00-malaga-west-coast-and-interior.jpg\",\"contentUrl\":\"https:\/\/www.americanrider.net\/wp-content\/uploads\/2019\/02\/00-malaga-west-coast-and-interior.jpg\",\"width\":900,\"height\":600,\"caption\":\"M\u00e1laga West Coast and interior Tour\"},{\"@type\":\"BreadcrumbList\",\"@id\":\"https:\/\/www.americanrider.net\/es\/producto\/malaga-costa-oeste-e-interior-tour-guiado\/#breadcrumb\",\"itemListElement\":[{\"@type\":\"ListItem\",\"position\":1,\"name\":\"Home\",\"item\":\"https:\/\/www.americanrider.net\/es\/\"},{\"@type\":\"ListItem\",\"position\":2,\"name\":\"Tienda\",\"item\":\"https:\/\/www.americanrider.net\/es\/tienda\/\"},{\"@type\":\"ListItem\",\"position\":3,\"name\":\"M\u00e1laga Costa Oeste e Interior Tour Guiado\"}]},{\"@type\":\"WebSite\",\"@id\":\"https:\/\/www.americanrider.net\/es\/#website\",\"url\":\"https:\/\/www.americanrider.net\/es\/\",\"name\":\"American Rider\",\"description\":\"Motorcycle Rentals and Tours\",\"publisher\":{\"@id\":\"https:\/\/www.americanrider.net\/es\/#organization\"},\"potentialAction\":[{\"@type\":\"SearchAction\",\"target\":{\"@type\":\"EntryPoint\",\"urlTemplate\":\"https:\/\/www.americanrider.net\/es\/?s={search_term_string}\"},\"query-input\":{\"@type\":\"PropertyValueSpecification\",\"valueRequired\":true,\"valueName\":\"search_term_string\"}}],\"inLanguage\":\"es\"},{\"@type\":\"Organization\",\"@id\":\"https:\/\/www.americanrider.net\/es\/#organization\",\"name\":\"American Rider\",\"url\":\"https:\/\/www.americanrider.net\/es\/\",\"logo\":{\"@type\":\"ImageObject\",\"inLanguage\":\"es\",\"@id\":\"https:\/\/www.americanrider.net\/es\/#\/schema\/logo\/image\/\",\"url\":\"https:\/\/www.americanrider.net\/wp-content\/uploads\/2018\/05\/logo-american-rider.png\",\"contentUrl\":\"https:\/\/www.americanrider.net\/wp-content\/uploads\/2018\/05\/logo-american-rider.png\",\"width\":694,\"height\":184,\"caption\":\"American Rider\"},\"image\":{\"@id\":\"https:\/\/www.americanrider.net\/es\/#\/schema\/logo\/image\/\"}}]}<\/script>\n<!-- \/ Yoast SEO plugin. -->","yoast_head_json":{"title":"M\u00e1laga Costa Oeste e Interior  Tour Guiado - American Rider","description":"Esta ruta guiada en moto recorre pueblos y ciudades de la costa oeste de M\u00e1laga como: M\u00e1laga, Benalm\u00e1dena, Torremolinos, Marbella, Oj\u00e9n, etc.","robots":{"index":"index","follow":"follow","max-snippet":"max-snippet:-1","max-image-preview":"max-image-preview:large","max-video-preview":"max-video-preview:-1"},"canonical":"https:\/\/www.americanrider.net\/es\/producto\/malaga-costa-oeste-e-interior-tour-guiado\/","og_locale":"es_ES","og_type":"article","og_title":"M\u00e1laga Costa Oeste e Interior  Tour Guiado - American Rider","og_description":"Esta ruta guiada en moto recorre pueblos y ciudades de la costa oeste de M\u00e1laga como: M\u00e1laga, Benalm\u00e1dena, Torremolinos, Marbella, Oj\u00e9n, etc.","og_url":"https:\/\/www.americanrider.net\/es\/producto\/malaga-costa-oeste-e-interior-tour-guiado\/","og_site_name":"American Rider","article_modified_time":"2019-04-02T14:09:16+00:00","og_image":[{"width":900,"height":600,"url":"https:\/\/www.americanrider.net\/wp-content\/uploads\/2019\/02\/00-malaga-west-coast-and-interior.jpg","type":"image\/jpeg"}],"twitter_card":"summary_large_image","twitter_misc":{"Tiempo de lectura":"1 minuto"},"schema":{"@context":"https:\/\/schema.org","@graph":[{"@type":"WebPage","@id":"https:\/\/www.americanrider.net\/es\/producto\/malaga-costa-oeste-e-interior-tour-guiado\/","url":"https:\/\/www.americanrider.net\/es\/producto\/malaga-costa-oeste-e-interior-tour-guiado\/","name":"M\u00e1laga Costa Oeste e Interior Tour Guiado - American Rider","isPartOf":{"@id":"https:\/\/www.americanrider.net\/es\/#website"},"primaryImageOfPage":{"@id":"https:\/\/www.americanrider.net\/es\/producto\/malaga-costa-oeste-e-interior-tour-guiado\/#primaryimage"},"image":{"@id":"https:\/\/www.americanrider.net\/es\/producto\/malaga-costa-oeste-e-interior-tour-guiado\/#primaryimage"},"thumbnailUrl":"https:\/\/www.americanrider.net\/wp-content\/uploads\/2019\/02\/00-malaga-west-coast-and-interior.jpg","datePublished":"2019-03-27T19:07:45+00:00","dateModified":"2019-04-02T14:09:16+00:00","description":"Esta ruta guiada en moto recorre pueblos y ciudades de la costa oeste de M\u00e1laga como: M\u00e1laga, Benalm\u00e1dena, Torremolinos, Marbella, Oj\u00e9n, etc.","breadcrumb":{"@id":"https:\/\/www.americanrider.net\/es\/producto\/malaga-costa-oeste-e-interior-tour-guiado\/#breadcrumb"},"inLanguage":"es","potentialAction":[{"@type":"ReadAction","target":["https:\/\/www.americanrider.net\/es\/producto\/malaga-costa-oeste-e-interior-tour-guiado\/"]}]},{"@type":"ImageObject","inLanguage":"es","@id":"https:\/\/www.americanrider.net\/es\/producto\/malaga-costa-oeste-e-interior-tour-guiado\/#primaryimage","url":"https:\/\/www.americanrider.net\/wp-content\/uploads\/2019\/02\/00-malaga-west-coast-and-interior.jpg","contentUrl":"https:\/\/www.americanrider.net\/wp-content\/uploads\/2019\/02\/00-malaga-west-coast-and-interior.jpg","width":900,"height":600,"caption":"M\u00e1laga West Coast and interior Tour"},{"@type":"BreadcrumbList","@id":"https:\/\/www.americanrider.net\/es\/producto\/malaga-costa-oeste-e-interior-tour-guiado\/#breadcrumb","itemListElement":[{"@type":"ListItem","position":1,"name":"Home","item":"https:\/\/www.americanrider.net\/es\/"},{"@type":"ListItem","position":2,"name":"Tienda","item":"https:\/\/www.americanrider.net\/es\/tienda\/"},{"@type":"ListItem","position":3,"name":"M\u00e1laga Costa Oeste e Interior Tour Guiado"}]},{"@type":"WebSite","@id":"https:\/\/www.americanrider.net\/es\/#website","url":"https:\/\/www.americanrider.net\/es\/","name":"American Rider","description":"Motorcycle Rentals and Tours","publisher":{"@id":"https:\/\/www.americanrider.net\/es\/#organization"},"potentialAction":[{"@type":"SearchAction","target":{"@type":"EntryPoint","urlTemplate":"https:\/\/www.americanrider.net\/es\/?s={search_term_string}"},"query-input":{"@type":"PropertyValueSpecification","valueRequired":true,"valueName":"search_term_string"}}],"inLanguage":"es"},{"@type":"Organization","@id":"https:\/\/www.americanrider.net\/es\/#organization","name":"American Rider","url":"https:\/\/www.americanrider.net\/es\/","logo":{"@type":"ImageObject","inLanguage":"es","@id":"https:\/\/www.americanrider.net\/es\/#\/schema\/logo\/image\/","url":"https:\/\/www.americanrider.net\/wp-content\/uploads\/2018\/05\/logo-american-rider.png","contentUrl":"https:\/\/www.americanrider.net\/wp-content\/uploads\/2018\/05\/logo-american-rider.png","width":694,"height":184,"caption":"American Rider"},"image":{"@id":"https:\/\/www.americanrider.net\/es\/#\/schema\/logo\/image\/"}}]}},"_links":{"self":[{"href":"https:\/\/www.americanrider.net\/es\/wp-json\/wp\/v2\/product\/5015","targetHints":{"allow":["GET"]}}],"collection":[{"href":"https:\/\/www.americanrider.net\/es\/wp-json\/wp\/v2\/product"}],"about":[{"href":"https:\/\/www.americanrider.net\/es\/wp-json\/wp\/v2\/types\/product"}],"replies":[{"embeddable":true,"href":"https:\/\/www.americanrider.net\/es\/wp-json\/wp\/v2\/comments?post=5015"}],"version-history":[{"count":0,"href":"https:\/\/www.americanrider.net\/es\/wp-json\/wp\/v2\/product\/5015\/revisions"}],"wp:featuredmedia":[{"embeddable":true,"href":"https:\/\/www.americanrider.net\/es\/wp-json\/wp\/v2\/media\/2823"}],"wp:attachment":[{"href":"https:\/\/www.americanrider.net\/es\/wp-json\/wp\/v2\/media?parent=5015"}],"wp:term":[{"taxonomy":"product_brand","embeddable":true,"href":"https:\/\/www.americanrider.net\/es\/wp-json\/wp\/v2\/product_brand?post=5015"},{"taxonomy":"product_cat","embeddable":true,"href":"https:\/\/www.americanrider.net\/es\/wp-json\/wp\/v2\/product_cat?post=5015"},{"taxonomy":"product_tag","embeddable":true,"href":"https:\/\/www.americanrider.net\/es\/wp-json\/wp\/v2\/product_tag?post=5015"}],"curies":[{"name":"wp","href":"https:\/\/api.w.org\/{rel}","templated":true}]}}