{"id":4987,"date":"2019-03-05T20:25:16","date_gmt":"2019-03-27T18:28:56","guid":{"rendered":"https:\/\/www.americanrider.eu\/product\/axarquia-este-ruta-en-auto\/"},"modified":"2019-04-02T13:35:42","modified_gmt":"2019-04-02T13:35:42","slug":"axarquia-este-ruta-en-auto","status":"publish","type":"product","link":"https:\/\/www.americanrider.net\/es\/producto\/axarquia-este-ruta-en-auto\/","title":{"rendered":"Axarqu\u00eda Este <br><i class=\"fas fa-shuttle-van\"><\/i> Ruta en Auto"},"content":{"rendered":"<h4>Ruta Axarqu\u00eda Este<\/h4>\n<p><i class=\"fas fa-shuttle-van\"><\/i> <strong>Ruta en Auto<\/strong><\/p>\n<p>Este recorrido se realiza a trav\u00e9s de pueblos y ciudades a lo largo de la costa de la provincia de M\u00e1laga, tales como: Nerja, Frigiliana, Torrox, Canillas de Albaida, Sedella, Salares, Canillas de Aceituno, V\u00e9lez M\u00e1laga, Torre del Mar, Triana, Benamargosa, Alcauc\u00edn , Comares, etc.<\/p>\n<p>Adem\u00e1s de las maravillosas playas de toda la costa este, durante este recorrido, podr\u00e1 ver lugares emblem\u00e1ticos y monumentos como: el casco antiguo de Frigiliana, el Balc\u00f3n de Europa (Nerja), el castillo de La Fortaleza y el casco antiguo de V\u00e9lez M\u00e1laga, Lago Vi\u00f1uela, parque natural y monta\u00f1as Sierra Tejeda y Almijara\u2026 \u00a1y mucho m\u00e1s!<\/p>\n<div style=\"margin: 20px 0;\"><a class=\"maxbutton-7 maxbutton maxbutton-reserva-rutas\" title=\"Reservar ahora\" rel=\"nofollow noopener\" href=\"https:\/\/www.americanrider.net\/es\/reserva-de-rutas\/\"><span class='mb-text'>RESERVAR AHORA<\/span><\/a><\/div>\n","protected":false},"excerpt":{"rendered":"<div style=\"font-family: 'Teko', sans-serif; font-size: 50px; font-weight: bold; line-height: 40px;\">Axarqu\u00eda Este<\/div>\n<p><i class=\"fas fa-shuttle-van\"><\/i> <strong>Ruta en Auto<\/strong><\/p>\n<div style=\"margin-top: 20px;\"><span style=\"font-family: 'Teko', sans-serif; font-size: 50px; font-weight: bold; color: #bf020f;\">375\u20ac<\/span> \/ <em><strong>Precio por 1 persona<\/strong><\/em><\/div>\n<div style=\"margin-top: 20px;\"><span style=\"font-family: 'Teko', sans-serif; font-size: 50px; font-weight: bold; color: #bf020f;\">250\u20ac<\/span> \/ <em><strong>Precio por persona para grupo de 2<\/strong><\/em><\/div>\n<div style=\"margin-top: 20px;\"><span style=\"font-family: 'Teko', sans-serif; font-size: 50px; font-weight: bold; color: #bf020f;\">200\u20ac<\/span> \/ <em><strong>Precio por persona para grupo de 3<\/strong><\/em><\/div>\n<div style=\"margin-top: 20px;\"><span style=\"font-family: 'Teko', sans-serif; font-size: 50px; font-weight: bold; color: #bf020f;\">175\u20ac<\/span> \/ <em><strong>Precio por persona para grupo de 4<\/strong><\/em><\/div>\n<div><strong><span style=\"color: #bf020f;\">5 personas o m\u00e1s:<\/span> Consultar precios<\/strong><\/div>\n<div style=\"margin: 20px 0;\">[maxbutton id=\"7\"]<\/div>\n<div style=\"font-family: 'Poppins', sans-serif; font-size: 20px; font-weight: bold; margin-top: 20px;\">Informaci\u00f3n:<\/div>\n<ul>\n<li><strong>Impuestos:<\/strong> Incluidos<\/li>\n<li><strong>Transporte desde o hacia la ubicaci\u00f3n del cliente:<\/strong> Incluido<\/li>\n<li><strong>Gu\u00eda \/ conductor de American Rider:<\/strong> Incluido<\/li>\n<li><strong>Van o coche:<\/strong> Incluido<\/li>\n<li><strong>Combustible: <\/strong>Todo incluido<\/li>\n<li><strong>Aperitivo y almuerzo: <\/strong>Incluido<\/li>\n<li><strong>Refrescos <\/strong>Incluidos<\/li>\n<li><strong>Asistencia en carretera: <\/strong>Incluida<\/li>\n<li><strong>Asientos para ni\u00f1os: <\/strong>Incluido<\/li>\n<li><strong>Regalo American Rider: <\/strong>Incluido<\/li>\n<li><strong>Duraci\u00f3n: <\/strong>1 d\u00eda (8 horas aprox.)<\/li>\n<li><strong>Kil\u00f3metros\/Kilometraje: <\/strong>200 aprox.<\/li>\n<\/ul>\n<div style=\"font-family: 'Poppins', sans-serif; font-size: 20px; font-weight: bold; margin-top: 20px;\">Descuentos:<\/div>\n<ul>\n<li><strong>5 personas o m\u00e1s:<\/strong> Consultar precios<\/li>\n<\/ul>\n<div style=\"margin: 20px 0;\">[maxbutton id=\"7\"]<\/div>\n","protected":false},"featured_media":3463,"comment_status":"closed","ping_status":"closed","template":"","meta":[],"product_brand":[],"product_cat":[133,139,137,134],"product_tag":[],"class_list":{"0":"post-4987","1":"product","2":"type-product","3":"status-publish","4":"has-post-thumbnail","6":"type-van-car-tours","7":"product_cat-rutas","8":"product_cat-rutas-en-auto","9":"product_cat-rutas-por-espana","10":"product_cat-todas-las-rutas","12":"first","13":"instock","14":"taxable","15":"shipping-taxable","16":"product-type-simple"},"yoast_head":"<!-- This site is optimized with the Yoast SEO plugin v25.5 - https:\/\/yoast.com\/wordpress\/plugins\/seo\/ -->\n<title>Axarqu\u00eda Este  Ruta en Auto - American Rider<\/title>\n<meta name=\"description\" content=\"Esta ruta en Coche o Furgoneta recorre pueblos y ciudades a lo largo de la Axarqu\u00eda del este (M\u00e1laga) como: Nerja, Frigiliana, Torrox, Alcauc\u00edn, Comares, etc.\" \/>\n<meta name=\"robots\" content=\"index, follow, max-snippet:-1, max-image-preview:large, max-video-preview:-1\" \/>\n<link rel=\"canonical\" href=\"https:\/\/www.americanrider.net\/es\/producto\/axarquia-este-ruta-en-auto\/\" \/>\n<meta property=\"og:locale\" content=\"es_ES\" \/>\n<meta property=\"og:type\" content=\"article\" \/>\n<meta property=\"og:title\" content=\"Axarqu\u00eda Este  Ruta en Auto - American Rider\" \/>\n<meta property=\"og:description\" content=\"Esta ruta en Coche o Furgoneta recorre pueblos y ciudades a lo largo de la Axarqu\u00eda del este (M\u00e1laga) como: Nerja, Frigiliana, Torrox, Alcauc\u00edn, Comares, etc.\" \/>\n<meta property=\"og:url\" content=\"https:\/\/www.americanrider.net\/es\/producto\/axarquia-este-ruta-en-auto\/\" \/>\n<meta property=\"og:site_name\" content=\"American Rider\" \/>\n<meta property=\"article:modified_time\" content=\"2019-04-02T13:35:42+00:00\" \/>\n<meta property=\"og:image\" content=\"https:\/\/www.americanrider.net\/wp-content\/uploads\/2019\/02\/frigiliana.jpg\" \/>\n\t<meta property=\"og:image:width\" content=\"900\" \/>\n\t<meta property=\"og:image:height\" content=\"600\" \/>\n\t<meta property=\"og:image:type\" content=\"image\/jpeg\" \/>\n<meta name=\"twitter:card\" content=\"summary_large_image\" \/>\n<meta name=\"twitter:label1\" content=\"Tiempo de lectura\" \/>\n\t<meta name=\"twitter:data1\" content=\"1 minuto\" \/>\n<script type=\"application\/ld+json\" class=\"yoast-schema-graph\">{\"@context\":\"https:\/\/schema.org\",\"@graph\":[{\"@type\":\"WebPage\",\"@id\":\"https:\/\/www.americanrider.net\/es\/producto\/axarquia-este-ruta-en-auto\/\",\"url\":\"https:\/\/www.americanrider.net\/es\/producto\/axarquia-este-ruta-en-auto\/\",\"name\":\"Axarqu\u00eda Este Ruta en Auto - American Rider\",\"isPartOf\":{\"@id\":\"https:\/\/www.americanrider.net\/es\/#website\"},\"primaryImageOfPage\":{\"@id\":\"https:\/\/www.americanrider.net\/es\/producto\/axarquia-este-ruta-en-auto\/#primaryimage\"},\"image\":{\"@id\":\"https:\/\/www.americanrider.net\/es\/producto\/axarquia-este-ruta-en-auto\/#primaryimage\"},\"thumbnailUrl\":\"https:\/\/www.americanrider.net\/wp-content\/uploads\/2019\/02\/frigiliana.jpg\",\"datePublished\":\"2019-03-27T18:28:56+00:00\",\"dateModified\":\"2019-04-02T13:35:42+00:00\",\"description\":\"Esta ruta en Coche o Furgoneta recorre pueblos y ciudades a lo largo de la Axarqu\u00eda del este (M\u00e1laga) como: Nerja, Frigiliana, Torrox, Alcauc\u00edn, Comares, etc.\",\"breadcrumb\":{\"@id\":\"https:\/\/www.americanrider.net\/es\/producto\/axarquia-este-ruta-en-auto\/#breadcrumb\"},\"inLanguage\":\"es\",\"potentialAction\":[{\"@type\":\"ReadAction\",\"target\":[\"https:\/\/www.americanrider.net\/es\/producto\/axarquia-este-ruta-en-auto\/\"]}]},{\"@type\":\"ImageObject\",\"inLanguage\":\"es\",\"@id\":\"https:\/\/www.americanrider.net\/es\/producto\/axarquia-este-ruta-en-auto\/#primaryimage\",\"url\":\"https:\/\/www.americanrider.net\/wp-content\/uploads\/2019\/02\/frigiliana.jpg\",\"contentUrl\":\"https:\/\/www.americanrider.net\/wp-content\/uploads\/2019\/02\/frigiliana.jpg\",\"width\":900,\"height\":600,\"caption\":\"Frigiliana\"},{\"@type\":\"BreadcrumbList\",\"@id\":\"https:\/\/www.americanrider.net\/es\/producto\/axarquia-este-ruta-en-auto\/#breadcrumb\",\"itemListElement\":[{\"@type\":\"ListItem\",\"position\":1,\"name\":\"Home\",\"item\":\"https:\/\/www.americanrider.net\/es\/\"},{\"@type\":\"ListItem\",\"position\":2,\"name\":\"Tienda\",\"item\":\"https:\/\/www.americanrider.net\/es\/tienda\/\"},{\"@type\":\"ListItem\",\"position\":3,\"name\":\"Axarqu\u00eda Este Ruta en Auto\"}]},{\"@type\":\"WebSite\",\"@id\":\"https:\/\/www.americanrider.net\/es\/#website\",\"url\":\"https:\/\/www.americanrider.net\/es\/\",\"name\":\"American Rider\",\"description\":\"Motorcycle Rentals and Tours\",\"publisher\":{\"@id\":\"https:\/\/www.americanrider.net\/es\/#organization\"},\"potentialAction\":[{\"@type\":\"SearchAction\",\"target\":{\"@type\":\"EntryPoint\",\"urlTemplate\":\"https:\/\/www.americanrider.net\/es\/?s={search_term_string}\"},\"query-input\":{\"@type\":\"PropertyValueSpecification\",\"valueRequired\":true,\"valueName\":\"search_term_string\"}}],\"inLanguage\":\"es\"},{\"@type\":\"Organization\",\"@id\":\"https:\/\/www.americanrider.net\/es\/#organization\",\"name\":\"American Rider\",\"url\":\"https:\/\/www.americanrider.net\/es\/\",\"logo\":{\"@type\":\"ImageObject\",\"inLanguage\":\"es\",\"@id\":\"https:\/\/www.americanrider.net\/es\/#\/schema\/logo\/image\/\",\"url\":\"https:\/\/www.americanrider.net\/wp-content\/uploads\/2018\/05\/logo-american-rider.png\",\"contentUrl\":\"https:\/\/www.americanrider.net\/wp-content\/uploads\/2018\/05\/logo-american-rider.png\",\"width\":694,\"height\":184,\"caption\":\"American Rider\"},\"image\":{\"@id\":\"https:\/\/www.americanrider.net\/es\/#\/schema\/logo\/image\/\"}}]}<\/script>\n<!-- \/ Yoast SEO plugin. -->","yoast_head_json":{"title":"Axarqu\u00eda Este  Ruta en Auto - American Rider","description":"Esta ruta en Coche o Furgoneta recorre pueblos y ciudades a lo largo de la Axarqu\u00eda del este (M\u00e1laga) como: Nerja, Frigiliana, Torrox, Alcauc\u00edn, Comares, etc.","robots":{"index":"index","follow":"follow","max-snippet":"max-snippet:-1","max-image-preview":"max-image-preview:large","max-video-preview":"max-video-preview:-1"},"canonical":"https:\/\/www.americanrider.net\/es\/producto\/axarquia-este-ruta-en-auto\/","og_locale":"es_ES","og_type":"article","og_title":"Axarqu\u00eda Este  Ruta en Auto - American Rider","og_description":"Esta ruta en Coche o Furgoneta recorre pueblos y ciudades a lo largo de la Axarqu\u00eda del este (M\u00e1laga) como: Nerja, Frigiliana, Torrox, Alcauc\u00edn, Comares, etc.","og_url":"https:\/\/www.americanrider.net\/es\/producto\/axarquia-este-ruta-en-auto\/","og_site_name":"American Rider","article_modified_time":"2019-04-02T13:35:42+00:00","og_image":[{"width":900,"height":600,"url":"https:\/\/www.americanrider.net\/wp-content\/uploads\/2019\/02\/frigiliana.jpg","type":"image\/jpeg"}],"twitter_card":"summary_large_image","twitter_misc":{"Tiempo de lectura":"1 minuto"},"schema":{"@context":"https:\/\/schema.org","@graph":[{"@type":"WebPage","@id":"https:\/\/www.americanrider.net\/es\/producto\/axarquia-este-ruta-en-auto\/","url":"https:\/\/www.americanrider.net\/es\/producto\/axarquia-este-ruta-en-auto\/","name":"Axarqu\u00eda Este Ruta en Auto - American Rider","isPartOf":{"@id":"https:\/\/www.americanrider.net\/es\/#website"},"primaryImageOfPage":{"@id":"https:\/\/www.americanrider.net\/es\/producto\/axarquia-este-ruta-en-auto\/#primaryimage"},"image":{"@id":"https:\/\/www.americanrider.net\/es\/producto\/axarquia-este-ruta-en-auto\/#primaryimage"},"thumbnailUrl":"https:\/\/www.americanrider.net\/wp-content\/uploads\/2019\/02\/frigiliana.jpg","datePublished":"2019-03-27T18:28:56+00:00","dateModified":"2019-04-02T13:35:42+00:00","description":"Esta ruta en Coche o Furgoneta recorre pueblos y ciudades a lo largo de la Axarqu\u00eda del este (M\u00e1laga) como: Nerja, Frigiliana, Torrox, Alcauc\u00edn, Comares, etc.","breadcrumb":{"@id":"https:\/\/www.americanrider.net\/es\/producto\/axarquia-este-ruta-en-auto\/#breadcrumb"},"inLanguage":"es","potentialAction":[{"@type":"ReadAction","target":["https:\/\/www.americanrider.net\/es\/producto\/axarquia-este-ruta-en-auto\/"]}]},{"@type":"ImageObject","inLanguage":"es","@id":"https:\/\/www.americanrider.net\/es\/producto\/axarquia-este-ruta-en-auto\/#primaryimage","url":"https:\/\/www.americanrider.net\/wp-content\/uploads\/2019\/02\/frigiliana.jpg","contentUrl":"https:\/\/www.americanrider.net\/wp-content\/uploads\/2019\/02\/frigiliana.jpg","width":900,"height":600,"caption":"Frigiliana"},{"@type":"BreadcrumbList","@id":"https:\/\/www.americanrider.net\/es\/producto\/axarquia-este-ruta-en-auto\/#breadcrumb","itemListElement":[{"@type":"ListItem","position":1,"name":"Home","item":"https:\/\/www.americanrider.net\/es\/"},{"@type":"ListItem","position":2,"name":"Tienda","item":"https:\/\/www.americanrider.net\/es\/tienda\/"},{"@type":"ListItem","position":3,"name":"Axarqu\u00eda Este Ruta en Auto"}]},{"@type":"WebSite","@id":"https:\/\/www.americanrider.net\/es\/#website","url":"https:\/\/www.americanrider.net\/es\/","name":"American Rider","description":"Motorcycle Rentals and Tours","publisher":{"@id":"https:\/\/www.americanrider.net\/es\/#organization"},"potentialAction":[{"@type":"SearchAction","target":{"@type":"EntryPoint","urlTemplate":"https:\/\/www.americanrider.net\/es\/?s={search_term_string}"},"query-input":{"@type":"PropertyValueSpecification","valueRequired":true,"valueName":"search_term_string"}}],"inLanguage":"es"},{"@type":"Organization","@id":"https:\/\/www.americanrider.net\/es\/#organization","name":"American Rider","url":"https:\/\/www.americanrider.net\/es\/","logo":{"@type":"ImageObject","inLanguage":"es","@id":"https:\/\/www.americanrider.net\/es\/#\/schema\/logo\/image\/","url":"https:\/\/www.americanrider.net\/wp-content\/uploads\/2018\/05\/logo-american-rider.png","contentUrl":"https:\/\/www.americanrider.net\/wp-content\/uploads\/2018\/05\/logo-american-rider.png","width":694,"height":184,"caption":"American Rider"},"image":{"@id":"https:\/\/www.americanrider.net\/es\/#\/schema\/logo\/image\/"}}]}},"_links":{"self":[{"href":"https:\/\/www.americanrider.net\/es\/wp-json\/wp\/v2\/product\/4987","targetHints":{"allow":["GET"]}}],"collection":[{"href":"https:\/\/www.americanrider.net\/es\/wp-json\/wp\/v2\/product"}],"about":[{"href":"https:\/\/www.americanrider.net\/es\/wp-json\/wp\/v2\/types\/product"}],"replies":[{"embeddable":true,"href":"https:\/\/www.americanrider.net\/es\/wp-json\/wp\/v2\/comments?post=4987"}],"version-history":[{"count":0,"href":"https:\/\/www.americanrider.net\/es\/wp-json\/wp\/v2\/product\/4987\/revisions"}],"wp:featuredmedia":[{"embeddable":true,"href":"https:\/\/www.americanrider.net\/es\/wp-json\/wp\/v2\/media\/3463"}],"wp:attachment":[{"href":"https:\/\/www.americanrider.net\/es\/wp-json\/wp\/v2\/media?parent=4987"}],"wp:term":[{"taxonomy":"product_brand","embeddable":true,"href":"https:\/\/www.americanrider.net\/es\/wp-json\/wp\/v2\/product_brand?post=4987"},{"taxonomy":"product_cat","embeddable":true,"href":"https:\/\/www.americanrider.net\/es\/wp-json\/wp\/v2\/product_cat?post=4987"},{"taxonomy":"product_tag","embeddable":true,"href":"https:\/\/www.americanrider.net\/es\/wp-json\/wp\/v2\/product_tag?post=4987"}],"curies":[{"name":"wp","href":"https:\/\/api.w.org\/{rel}","templated":true}]}}