{"id":4976,"date":"2019-02-07T17:53:11","date_gmt":"2019-03-27T17:12:19","guid":{"rendered":"https:\/\/www.americanrider.eu\/product\/ruta-andalucia-vip-tour-guiado\/"},"modified":"2019-04-02T14:19:42","modified_gmt":"2019-04-02T14:19:42","slug":"ruta-andalucia-vip","status":"publish","type":"product","link":"https:\/\/www.americanrider.net\/es\/producto\/ruta-andalucia-vip\/","title":{"rendered":"Ruta Andaluc\u00eda VIP <br><i class=\"fas fa-motorcycle\"><\/i> Tour Guiado"},"content":{"rendered":"<h4>Ruta Andaluc\u00eda VIP<\/h4>\n<p><i class=\"fas fa-motorcycle\"><\/i> <strong>Tour Guiado<\/strong><br \/>\nEn este momento estamos actualizando la informaci\u00f3n en la web. Muy pronto nuestro sitio web se actualizar\u00e1, mientras tanto, p\u00f3ngase en contacto con nosotros si est\u00e1 interesado en este recorrido y le proporcionaremos toda la informaci\u00f3n que desee.<\/p>\n<div class=\"ireca_service style3 show_border\" style=\"text-align: center; padding-top: 0px;\">\n<div>\n<h3>Este tour est\u00e1 tambi\u00e9n disponible para Coche y Furgoneta.<\/h3>\n<p><img fetchpriority=\"high\" decoding=\"async\" class=\"wp-image-2895 size-medium aligncenter\" src=\"https:\/\/www.americanrider.net\/wp-content\/uploads\/2019\/02\/van-tours-300x200.jpg\" alt=\"Rutas en Auto\" width=\"300\" height=\"200\" srcset=\"https:\/\/www.americanrider.net\/wp-content\/uploads\/2019\/02\/van-tours-300x200.jpg 300w, https:\/\/www.americanrider.net\/wp-content\/uploads\/2019\/02\/van-tours-768x512.jpg 768w, https:\/\/www.americanrider.net\/wp-content\/uploads\/2019\/02\/van-tours-350x233.jpg 350w, https:\/\/www.americanrider.net\/wp-content\/uploads\/2019\/02\/van-tours-600x400.jpg 600w, https:\/\/www.americanrider.net\/wp-content\/uploads\/2019\/02\/van-tours.jpg 900w\" sizes=\"(max-width: 300px) 100vw, 300px\" \/><br \/>\nPregunte por las condiciones.<\/p>\n<\/div>\n<\/div>\n<a class=\"maxbutton-7 maxbutton maxbutton-reserva-rutas\" title=\"Reservar ahora\" rel=\"nofollow noopener\" href=\"https:\/\/www.americanrider.net\/es\/reserva-de-rutas\/\"><span class='mb-text'>RESERVAR AHORA<\/span><\/a>\n","protected":false},"excerpt":{"rendered":"<div style=\"font-family: 'Teko', sans-serif; font-size: 50px; font-weight: bold; line-height: 40px;\">Ruta Andaluc\u00eda VIP<\/div>\n<p><i class=\"fas fa-motorcycle\"><\/i> <strong>Tour Guiado<\/strong><\/p>\n<div style=\"margin-top: 20px;\"><span style=\"font-family: 'Teko', sans-serif; font-size: 50px; font-weight: bold; color: #bf020f;\">\u20ac Consulte precios!<\/span><\/div>\n<div><strong>Nuestros precios pueden ser diferentes dependiendo del n\u00famero de motocicletas, pasajeros, d\u00edas y \u00e9poca del a\u00f1o. Si est\u00e1 interesado en este tour, cont\u00e1ctenos a trav\u00e9s del formulario con la informaci\u00f3n solicitada (haga clic en el bot\u00f3n \u00abreservar ahora\u00bb) y le enviaremos un presupuesto exacto y cerrado.<\/strong><\/div>\n<div style=\"margin: 20px 0;\">[maxbutton id=\"7\"]<\/div>\n<div style=\"font-family: 'Poppins', sans-serif; font-size: 20px; font-weight: bold; margin-top: 20px;\">Informaci\u00f3n:<\/div>\n<ul>\n<li><strong>Motocicleta:<\/strong> Incluida<\/li>\n<li><strong>Impuestos:<\/strong> Incluidos<\/li>\n<li><strong>Gu\u00eda American Rider:<\/strong> Incluida<\/li>\n<li><strong>Combustible: <\/strong>Todo incluido<\/li>\n<li><strong>Hoteles: <\/strong>Todo incluido<\/li>\n<li><strong>Desayunos: <\/strong>Todo incluido<\/li>\n<li><strong>Cenas: <\/strong>Incluido<\/li>\n<li><strong>Aperitivo y almuerzo: <\/strong>Todo incluido<\/li>\n<li><strong>Refrescos: <\/strong>Todo incluido<\/li>\n<li><strong>Asistencia en carretera: <\/strong>Incluida<\/li>\n<li><strong>Cascos<\/strong> Incluidos (Conductor y pasajero)<\/li>\n<li><strong>Veh\u00edculo de apoyo: <\/strong>Incluido<\/li>\n<li><strong>Transporte desde el aeropuerto: <\/strong>Incluido<\/li>\n<li><strong>Transporte al aeropuerto: <\/strong>Incluido<\/li>\n<li><strong>Duraci\u00f3n: <\/strong>7 a 10 d\u00edas<\/li>\n<\/ul>\n<div style=\"font-family: 'Poppins', sans-serif; font-size: 20px; font-weight: bold; margin-top: 20px;\">Descuentos:<\/div>\n<ul>\n<li><strong>Grupos de 6 motos o m\u00e1s:<\/strong> Consultar precios<\/li>\n<\/ul>\n<div style=\"margin: 20px 0;\">[maxbutton id=\"7\"]<\/div>\n","protected":false},"featured_media":2893,"comment_status":"closed","ping_status":"closed","template":"","meta":[],"product_brand":[],"product_cat":[133,135,137,134],"product_tag":[],"class_list":{"0":"post-4976","1":"product","2":"type-product","3":"status-publish","4":"has-post-thumbnail","6":"type-guided-tours","7":"type-tours","8":"product_cat-rutas","9":"product_cat-rutas-guiadas","10":"product_cat-rutas-por-espana","11":"product_cat-todas-las-rutas","13":"first","14":"instock","15":"taxable","16":"shipping-taxable","17":"product-type-simple"},"yoast_head":"<!-- This site is optimized with the Yoast SEO plugin v25.5 - https:\/\/yoast.com\/wordpress\/plugins\/seo\/ -->\n<title>Ruta Andaluc\u00eda VIP  Tour Guiado - American Rider<\/title>\n<meta name=\"description\" content=\"American Rider te ofrece la Ruta VIP Andaluc\u00eda completa. En esta Ruta Guiada visitar\u00e1s las mejores ciudades como Sevilla, M\u00e1laga o Granada.\" \/>\n<meta name=\"robots\" content=\"index, follow, max-snippet:-1, max-image-preview:large, max-video-preview:-1\" \/>\n<link rel=\"canonical\" href=\"https:\/\/www.americanrider.net\/es\/producto\/ruta-andalucia-vip\/\" \/>\n<meta property=\"og:locale\" content=\"es_ES\" \/>\n<meta property=\"og:type\" content=\"article\" \/>\n<meta property=\"og:title\" content=\"Ruta Andaluc\u00eda VIP  Tour Guiado - American Rider\" \/>\n<meta property=\"og:description\" content=\"American Rider te ofrece la Ruta VIP Andaluc\u00eda completa. En esta Ruta Guiada visitar\u00e1s las mejores ciudades como Sevilla, M\u00e1laga o Granada.\" \/>\n<meta property=\"og:url\" content=\"https:\/\/www.americanrider.net\/es\/producto\/ruta-andalucia-vip\/\" \/>\n<meta property=\"og:site_name\" content=\"American Rider\" \/>\n<meta property=\"article:modified_time\" content=\"2019-04-02T14:19:42+00:00\" \/>\n<meta property=\"og:image\" content=\"https:\/\/www.americanrider.net\/wp-content\/uploads\/2019\/02\/00-andalucia-vip-tour.jpg\" \/>\n\t<meta property=\"og:image:width\" content=\"900\" \/>\n\t<meta property=\"og:image:height\" content=\"600\" \/>\n\t<meta property=\"og:image:type\" content=\"image\/jpeg\" \/>\n<meta name=\"twitter:card\" content=\"summary_large_image\" \/>\n<script type=\"application\/ld+json\" class=\"yoast-schema-graph\">{\"@context\":\"https:\/\/schema.org\",\"@graph\":[{\"@type\":\"WebPage\",\"@id\":\"https:\/\/www.americanrider.net\/es\/producto\/ruta-andalucia-vip\/\",\"url\":\"https:\/\/www.americanrider.net\/es\/producto\/ruta-andalucia-vip\/\",\"name\":\"Ruta Andaluc\u00eda VIP Tour Guiado - American Rider\",\"isPartOf\":{\"@id\":\"https:\/\/www.americanrider.net\/es\/#website\"},\"primaryImageOfPage\":{\"@id\":\"https:\/\/www.americanrider.net\/es\/producto\/ruta-andalucia-vip\/#primaryimage\"},\"image\":{\"@id\":\"https:\/\/www.americanrider.net\/es\/producto\/ruta-andalucia-vip\/#primaryimage\"},\"thumbnailUrl\":\"https:\/\/www.americanrider.net\/wp-content\/uploads\/2019\/02\/00-andalucia-vip-tour.jpg\",\"datePublished\":\"2019-03-27T17:12:19+00:00\",\"dateModified\":\"2019-04-02T14:19:42+00:00\",\"description\":\"American Rider te ofrece la Ruta VIP Andaluc\u00eda completa. En esta Ruta Guiada visitar\u00e1s las mejores ciudades como Sevilla, M\u00e1laga o Granada.\",\"breadcrumb\":{\"@id\":\"https:\/\/www.americanrider.net\/es\/producto\/ruta-andalucia-vip\/#breadcrumb\"},\"inLanguage\":\"es\",\"potentialAction\":[{\"@type\":\"ReadAction\",\"target\":[\"https:\/\/www.americanrider.net\/es\/producto\/ruta-andalucia-vip\/\"]}]},{\"@type\":\"ImageObject\",\"inLanguage\":\"es\",\"@id\":\"https:\/\/www.americanrider.net\/es\/producto\/ruta-andalucia-vip\/#primaryimage\",\"url\":\"https:\/\/www.americanrider.net\/wp-content\/uploads\/2019\/02\/00-andalucia-vip-tour.jpg\",\"contentUrl\":\"https:\/\/www.americanrider.net\/wp-content\/uploads\/2019\/02\/00-andalucia-vip-tour.jpg\",\"width\":900,\"height\":600,\"caption\":\"Caballos\"},{\"@type\":\"BreadcrumbList\",\"@id\":\"https:\/\/www.americanrider.net\/es\/producto\/ruta-andalucia-vip\/#breadcrumb\",\"itemListElement\":[{\"@type\":\"ListItem\",\"position\":1,\"name\":\"Home\",\"item\":\"https:\/\/www.americanrider.net\/es\/\"},{\"@type\":\"ListItem\",\"position\":2,\"name\":\"Tienda\",\"item\":\"https:\/\/www.americanrider.net\/es\/tienda\/\"},{\"@type\":\"ListItem\",\"position\":3,\"name\":\"Ruta Andaluc\u00eda VIP Tour Guiado\"}]},{\"@type\":\"WebSite\",\"@id\":\"https:\/\/www.americanrider.net\/es\/#website\",\"url\":\"https:\/\/www.americanrider.net\/es\/\",\"name\":\"American Rider\",\"description\":\"Motorcycle Rentals and Tours\",\"publisher\":{\"@id\":\"https:\/\/www.americanrider.net\/es\/#organization\"},\"potentialAction\":[{\"@type\":\"SearchAction\",\"target\":{\"@type\":\"EntryPoint\",\"urlTemplate\":\"https:\/\/www.americanrider.net\/es\/?s={search_term_string}\"},\"query-input\":{\"@type\":\"PropertyValueSpecification\",\"valueRequired\":true,\"valueName\":\"search_term_string\"}}],\"inLanguage\":\"es\"},{\"@type\":\"Organization\",\"@id\":\"https:\/\/www.americanrider.net\/es\/#organization\",\"name\":\"American Rider\",\"url\":\"https:\/\/www.americanrider.net\/es\/\",\"logo\":{\"@type\":\"ImageObject\",\"inLanguage\":\"es\",\"@id\":\"https:\/\/www.americanrider.net\/es\/#\/schema\/logo\/image\/\",\"url\":\"https:\/\/www.americanrider.net\/wp-content\/uploads\/2018\/05\/logo-american-rider.png\",\"contentUrl\":\"https:\/\/www.americanrider.net\/wp-content\/uploads\/2018\/05\/logo-american-rider.png\",\"width\":694,\"height\":184,\"caption\":\"American Rider\"},\"image\":{\"@id\":\"https:\/\/www.americanrider.net\/es\/#\/schema\/logo\/image\/\"}}]}<\/script>\n<!-- \/ Yoast SEO plugin. -->","yoast_head_json":{"title":"Ruta Andaluc\u00eda VIP  Tour Guiado - American Rider","description":"American Rider te ofrece la Ruta VIP Andaluc\u00eda completa. En esta Ruta Guiada visitar\u00e1s las mejores ciudades como Sevilla, M\u00e1laga o Granada.","robots":{"index":"index","follow":"follow","max-snippet":"max-snippet:-1","max-image-preview":"max-image-preview:large","max-video-preview":"max-video-preview:-1"},"canonical":"https:\/\/www.americanrider.net\/es\/producto\/ruta-andalucia-vip\/","og_locale":"es_ES","og_type":"article","og_title":"Ruta Andaluc\u00eda VIP  Tour Guiado - American Rider","og_description":"American Rider te ofrece la Ruta VIP Andaluc\u00eda completa. En esta Ruta Guiada visitar\u00e1s las mejores ciudades como Sevilla, M\u00e1laga o Granada.","og_url":"https:\/\/www.americanrider.net\/es\/producto\/ruta-andalucia-vip\/","og_site_name":"American Rider","article_modified_time":"2019-04-02T14:19:42+00:00","og_image":[{"width":900,"height":600,"url":"https:\/\/www.americanrider.net\/wp-content\/uploads\/2019\/02\/00-andalucia-vip-tour.jpg","type":"image\/jpeg"}],"twitter_card":"summary_large_image","schema":{"@context":"https:\/\/schema.org","@graph":[{"@type":"WebPage","@id":"https:\/\/www.americanrider.net\/es\/producto\/ruta-andalucia-vip\/","url":"https:\/\/www.americanrider.net\/es\/producto\/ruta-andalucia-vip\/","name":"Ruta Andaluc\u00eda VIP Tour Guiado - American Rider","isPartOf":{"@id":"https:\/\/www.americanrider.net\/es\/#website"},"primaryImageOfPage":{"@id":"https:\/\/www.americanrider.net\/es\/producto\/ruta-andalucia-vip\/#primaryimage"},"image":{"@id":"https:\/\/www.americanrider.net\/es\/producto\/ruta-andalucia-vip\/#primaryimage"},"thumbnailUrl":"https:\/\/www.americanrider.net\/wp-content\/uploads\/2019\/02\/00-andalucia-vip-tour.jpg","datePublished":"2019-03-27T17:12:19+00:00","dateModified":"2019-04-02T14:19:42+00:00","description":"American Rider te ofrece la Ruta VIP Andaluc\u00eda completa. En esta Ruta Guiada visitar\u00e1s las mejores ciudades como Sevilla, M\u00e1laga o Granada.","breadcrumb":{"@id":"https:\/\/www.americanrider.net\/es\/producto\/ruta-andalucia-vip\/#breadcrumb"},"inLanguage":"es","potentialAction":[{"@type":"ReadAction","target":["https:\/\/www.americanrider.net\/es\/producto\/ruta-andalucia-vip\/"]}]},{"@type":"ImageObject","inLanguage":"es","@id":"https:\/\/www.americanrider.net\/es\/producto\/ruta-andalucia-vip\/#primaryimage","url":"https:\/\/www.americanrider.net\/wp-content\/uploads\/2019\/02\/00-andalucia-vip-tour.jpg","contentUrl":"https:\/\/www.americanrider.net\/wp-content\/uploads\/2019\/02\/00-andalucia-vip-tour.jpg","width":900,"height":600,"caption":"Caballos"},{"@type":"BreadcrumbList","@id":"https:\/\/www.americanrider.net\/es\/producto\/ruta-andalucia-vip\/#breadcrumb","itemListElement":[{"@type":"ListItem","position":1,"name":"Home","item":"https:\/\/www.americanrider.net\/es\/"},{"@type":"ListItem","position":2,"name":"Tienda","item":"https:\/\/www.americanrider.net\/es\/tienda\/"},{"@type":"ListItem","position":3,"name":"Ruta Andaluc\u00eda VIP Tour Guiado"}]},{"@type":"WebSite","@id":"https:\/\/www.americanrider.net\/es\/#website","url":"https:\/\/www.americanrider.net\/es\/","name":"American Rider","description":"Motorcycle Rentals and Tours","publisher":{"@id":"https:\/\/www.americanrider.net\/es\/#organization"},"potentialAction":[{"@type":"SearchAction","target":{"@type":"EntryPoint","urlTemplate":"https:\/\/www.americanrider.net\/es\/?s={search_term_string}"},"query-input":{"@type":"PropertyValueSpecification","valueRequired":true,"valueName":"search_term_string"}}],"inLanguage":"es"},{"@type":"Organization","@id":"https:\/\/www.americanrider.net\/es\/#organization","name":"American Rider","url":"https:\/\/www.americanrider.net\/es\/","logo":{"@type":"ImageObject","inLanguage":"es","@id":"https:\/\/www.americanrider.net\/es\/#\/schema\/logo\/image\/","url":"https:\/\/www.americanrider.net\/wp-content\/uploads\/2018\/05\/logo-american-rider.png","contentUrl":"https:\/\/www.americanrider.net\/wp-content\/uploads\/2018\/05\/logo-american-rider.png","width":694,"height":184,"caption":"American Rider"},"image":{"@id":"https:\/\/www.americanrider.net\/es\/#\/schema\/logo\/image\/"}}]}},"_links":{"self":[{"href":"https:\/\/www.americanrider.net\/es\/wp-json\/wp\/v2\/product\/4976","targetHints":{"allow":["GET"]}}],"collection":[{"href":"https:\/\/www.americanrider.net\/es\/wp-json\/wp\/v2\/product"}],"about":[{"href":"https:\/\/www.americanrider.net\/es\/wp-json\/wp\/v2\/types\/product"}],"replies":[{"embeddable":true,"href":"https:\/\/www.americanrider.net\/es\/wp-json\/wp\/v2\/comments?post=4976"}],"version-history":[{"count":0,"href":"https:\/\/www.americanrider.net\/es\/wp-json\/wp\/v2\/product\/4976\/revisions"}],"wp:featuredmedia":[{"embeddable":true,"href":"https:\/\/www.americanrider.net\/es\/wp-json\/wp\/v2\/media\/2893"}],"wp:attachment":[{"href":"https:\/\/www.americanrider.net\/es\/wp-json\/wp\/v2\/media?parent=4976"}],"wp:term":[{"taxonomy":"product_brand","embeddable":true,"href":"https:\/\/www.americanrider.net\/es\/wp-json\/wp\/v2\/product_brand?post=4976"},{"taxonomy":"product_cat","embeddable":true,"href":"https:\/\/www.americanrider.net\/es\/wp-json\/wp\/v2\/product_cat?post=4976"},{"taxonomy":"product_tag","embeddable":true,"href":"https:\/\/www.americanrider.net\/es\/wp-json\/wp\/v2\/product_tag?post=4976"}],"curies":[{"name":"wp","href":"https:\/\/api.w.org\/{rel}","templated":true}]}}