{"id":4972,"date":"2019-02-01T18:48:04","date_gmt":"2019-03-27T16:54:25","guid":{"rendered":"https:\/\/www.americanrider.eu\/product\/ruta-por-dragons-tail\/"},"modified":"2019-04-02T14:30:51","modified_gmt":"2019-04-02T14:30:51","slug":"ruta-por-dragons-tail","status":"publish","type":"product","link":"https:\/\/www.americanrider.net\/es\/producto\/ruta-por-dragons-tail\/","title":{"rendered":"Ruta por Dragon&#8217;s Tail"},"content":{"rendered":"<p>318 curvas en 11 millas! \u00a1M\u00e1s de 1000 pies en cambio de elevaci\u00f3n! Y, algunos de los mejores paisajes que ofrecen las \u00abGreat Smokey Mountains\u00bb. El \u00e1rea ofrece caminos y carreteras que son el para\u00edso del motociclismo para el verdadero entusiasta. Hay albergues y complejos tur\u00edsticos con impresionantes im\u00e1genes de la naturaleza y una hospitalidad sure\u00f1a insuperable.<\/p>\n<p>Adem\u00e1s, le hemos dado la opci\u00f3n de visitas guiadas o autoguiadas. Nuestro tour de 5 d\u00edas, nos reunir\u00e1 con nosotros y con su motocicleta en el vecino Asheville NC. Desde all\u00ed, viajamos hacia el oeste en territorio de monta\u00f1a con su belleza cada vez mayor. Llegando al destino de alojamiento, obtendr\u00e1 una vista previa de los sitios y la naturaleza inspiradora que lo espera en su motocicleta.<\/p>\n<p>Nuestro tour autoguiado de 10 d\u00edas es para las personas que desean ser nada menos que hombres y m\u00e1quinas en los grandes caminos de Am\u00e9rica. Incluimos toda la preparaci\u00f3n necesaria para su seguridad y tranquilidad. Las carreteras y paradas de descanso cuidadosamente delineadas est\u00e1n perfectamente coordinadas para su disfrute y descubrimiento. Realmente ser\u00e1s libre y siempre estar\u00e1s a una llamada de tel\u00e9fono de nuestra asistencia.<\/p>\n<div style=\"margin: 20px 0;\"><a class=\"maxbutton-7 maxbutton maxbutton-reserva-rutas\" title=\"Reservar ahora\" rel=\"nofollow noopener\" href=\"https:\/\/www.americanrider.net\/es\/reserva-de-rutas\/\"><span class='mb-text'>RESERVAR AHORA<\/span><\/a><\/div>\n","protected":false},"excerpt":{"rendered":"<div style=\"font-family: 'Teko', sans-serif; font-size: 50px; font-weight: bold; line-height: 40px;\">Ruta por Dragon&#8217;s Tail<\/div>\n<div style=\"margin-top: 20px;\"><span style=\"font-family: 'Teko', sans-serif; font-size: 50px; font-weight: bold; color: #bf020f;\">$Consultar precios<\/span><\/div>\n<div><strong>Nuestros precios pueden ser diferentes dependiendo del n\u00famero de motocicletas, pasajeros, d\u00edas y \u00e9poca del a\u00f1o. Si est\u00e1 interesado en este tour, cont\u00e1ctenos a trav\u00e9s del formulario con la informaci\u00f3n solicitada (haga clic en el bot\u00f3n \u00abreservar ahora\u00bb) y le enviaremos un presupuesto exacto y cerrado.<\/strong><\/div>\n<div style=\"margin: 20px 0;\">[maxbutton id=\"7\"]<\/div>\n<div style=\"font-family: 'Poppins', sans-serif; font-size: 20px; font-weight: bold; margin-top: 20px;\">Informaci\u00f3n:<\/div>\n<ul>\n<li><strong>Motocicleta:<\/strong> Incluida<\/li>\n<li><strong>Impuestos:<\/strong> Incluidos<\/li>\n<li><strong>Gu\u00eda American Rider:<\/strong> Incluida<\/li>\n<li><strong>Combustible: <\/strong>Todo incluido<\/li>\n<li><strong>Hoteles: <\/strong>Todo incluido<\/li>\n<li><strong>Desayuno: <\/strong>Todo incluido<\/li>\n<li><strong>Cenas: <\/strong>Todo incluido<\/li>\n<li><strong>Aperitivo y almuerzo: <\/strong>Todo incluido<\/li>\n<li><strong>Refrescos: <\/strong>Todo incluido<\/li>\n<li><strong>Asistencia en carretera: <\/strong>Incluida<\/li>\n<li><strong>Cascos<\/strong> Incluidos (Conductor y pasajero)<\/li>\n<li><strong>Veh\u00edculo de apoyo: <\/strong>Incluido<\/li>\n<li><strong>Transporte desde el aeropuerto: <\/strong>Incluido<\/li>\n<li><strong>Transporte al aeropuerto: <\/strong>Incluido<\/li>\n<li><strong>Duraci\u00f3n: <\/strong>5 a 7 d\u00edas<\/li>\n<\/ul>\n<div style=\"font-family: 'Poppins', sans-serif; font-size: 20px; font-weight: bold; margin-top: 20px;\">Descuentos:<\/div>\n<ul>\n<li><strong>Grupos de 6 motos o m\u00e1s:<\/strong> Consultar precios<\/li>\n<\/ul>\n<div style=\"margin: 20px 0;\">[maxbutton id=\"7\"]<\/div>\n","protected":false},"featured_media":2726,"comment_status":"closed","ping_status":"closed","template":"","meta":[],"product_brand":[],"product_cat":[133,138,134],"product_tag":[],"class_list":{"0":"post-4972","1":"product","2":"type-product","3":"status-publish","4":"has-post-thumbnail","6":"type-guided-tours","7":"type-tours","8":"product_cat-rutas","9":"product_cat-rutas-por-eeuu","10":"product_cat-todas-las-rutas","12":"first","13":"instock","14":"taxable","15":"shipping-taxable","16":"product-type-simple"},"yoast_head":"<!-- This site is optimized with the Yoast SEO plugin v25.5 - https:\/\/yoast.com\/wordpress\/plugins\/seo\/ -->\n<title>Ruta por Dragon&#039;s Tail - American Rider<\/title>\n<meta name=\"robots\" content=\"index, follow, max-snippet:-1, max-image-preview:large, max-video-preview:-1\" \/>\n<link rel=\"canonical\" href=\"https:\/\/www.americanrider.net\/es\/producto\/ruta-por-dragons-tail\/\" \/>\n<meta property=\"og:locale\" content=\"es_ES\" \/>\n<meta property=\"og:type\" content=\"article\" \/>\n<meta property=\"og:title\" content=\"Ruta por Dragon&#039;s Tail - American Rider\" \/>\n<meta property=\"og:description\" content=\"Ruta por Dragon&#039;s Tail $Consultar precios Nuestros precios pueden ser diferentes dependiendo del n\u00famero de motocicletas, pasajeros, d\u00edas y \u00e9poca del a\u00f1o. Si est\u00e1 interesado en este tour, cont\u00e1ctenos a trav\u00e9s del formulario con la informaci\u00f3n solicitada (haga clic en el bot\u00f3n &quot;reservar ahora&quot;) y le enviaremos un presupuesto exacto y cerrado.  Informaci\u00f3n:   Motocicleta: Incluida  Impuestos: Incluidos  Gu\u00eda American Rider: Incluida  Combustible: Todo incluido  Hoteles: Todo incluido  Desayuno: Todo incluido  Cenas: Todo incluido  Aperitivo y almuerzo: Todo incluido  Refrescos: Todo incluido  Asistencia en carretera: Incluida  Cascos Incluidos (Conductor y pasajero)  Veh\u00edculo de apoyo: Incluido  Transporte desde el aeropuerto: Incluido  Transporte al aeropuerto: Incluido  Duraci\u00f3n: 5 a 7 d\u00edas  Descuentos:   Grupos de 6 motos o m\u00e1s: Consultar precios\" \/>\n<meta property=\"og:url\" content=\"https:\/\/www.americanrider.net\/es\/producto\/ruta-por-dragons-tail\/\" \/>\n<meta property=\"og:site_name\" content=\"American Rider\" \/>\n<meta property=\"article:modified_time\" content=\"2019-04-02T14:30:51+00:00\" \/>\n<meta property=\"og:image\" content=\"https:\/\/www.americanrider.net\/wp-content\/uploads\/2019\/02\/00-dragons-tail.jpg\" \/>\n\t<meta property=\"og:image:width\" content=\"900\" \/>\n\t<meta property=\"og:image:height\" content=\"600\" \/>\n\t<meta property=\"og:image:type\" content=\"image\/jpeg\" \/>\n<meta name=\"twitter:card\" content=\"summary_large_image\" \/>\n<meta name=\"twitter:label1\" content=\"Tiempo de lectura\" \/>\n\t<meta name=\"twitter:data1\" content=\"1 minuto\" \/>\n<script type=\"application\/ld+json\" class=\"yoast-schema-graph\">{\"@context\":\"https:\/\/schema.org\",\"@graph\":[{\"@type\":\"WebPage\",\"@id\":\"https:\/\/www.americanrider.net\/es\/producto\/ruta-por-dragons-tail\/\",\"url\":\"https:\/\/www.americanrider.net\/es\/producto\/ruta-por-dragons-tail\/\",\"name\":\"Ruta por Dragon's Tail - American Rider\",\"isPartOf\":{\"@id\":\"https:\/\/www.americanrider.net\/es\/#website\"},\"primaryImageOfPage\":{\"@id\":\"https:\/\/www.americanrider.net\/es\/producto\/ruta-por-dragons-tail\/#primaryimage\"},\"image\":{\"@id\":\"https:\/\/www.americanrider.net\/es\/producto\/ruta-por-dragons-tail\/#primaryimage\"},\"thumbnailUrl\":\"https:\/\/www.americanrider.net\/wp-content\/uploads\/2019\/02\/00-dragons-tail.jpg\",\"datePublished\":\"2019-03-27T16:54:25+00:00\",\"dateModified\":\"2019-04-02T14:30:51+00:00\",\"breadcrumb\":{\"@id\":\"https:\/\/www.americanrider.net\/es\/producto\/ruta-por-dragons-tail\/#breadcrumb\"},\"inLanguage\":\"es\",\"potentialAction\":[{\"@type\":\"ReadAction\",\"target\":[\"https:\/\/www.americanrider.net\/es\/producto\/ruta-por-dragons-tail\/\"]}]},{\"@type\":\"ImageObject\",\"inLanguage\":\"es\",\"@id\":\"https:\/\/www.americanrider.net\/es\/producto\/ruta-por-dragons-tail\/#primaryimage\",\"url\":\"https:\/\/www.americanrider.net\/wp-content\/uploads\/2019\/02\/00-dragons-tail.jpg\",\"contentUrl\":\"https:\/\/www.americanrider.net\/wp-content\/uploads\/2019\/02\/00-dragons-tail.jpg\",\"width\":900,\"height\":600,\"caption\":\"Dragon's Tail Tour\"},{\"@type\":\"BreadcrumbList\",\"@id\":\"https:\/\/www.americanrider.net\/es\/producto\/ruta-por-dragons-tail\/#breadcrumb\",\"itemListElement\":[{\"@type\":\"ListItem\",\"position\":1,\"name\":\"Home\",\"item\":\"https:\/\/www.americanrider.net\/es\/\"},{\"@type\":\"ListItem\",\"position\":2,\"name\":\"Tienda\",\"item\":\"https:\/\/www.americanrider.net\/es\/tienda\/\"},{\"@type\":\"ListItem\",\"position\":3,\"name\":\"Ruta por Dragon&#8217;s Tail\"}]},{\"@type\":\"WebSite\",\"@id\":\"https:\/\/www.americanrider.net\/es\/#website\",\"url\":\"https:\/\/www.americanrider.net\/es\/\",\"name\":\"American Rider\",\"description\":\"Motorcycle Rentals and Tours\",\"publisher\":{\"@id\":\"https:\/\/www.americanrider.net\/es\/#organization\"},\"potentialAction\":[{\"@type\":\"SearchAction\",\"target\":{\"@type\":\"EntryPoint\",\"urlTemplate\":\"https:\/\/www.americanrider.net\/es\/?s={search_term_string}\"},\"query-input\":{\"@type\":\"PropertyValueSpecification\",\"valueRequired\":true,\"valueName\":\"search_term_string\"}}],\"inLanguage\":\"es\"},{\"@type\":\"Organization\",\"@id\":\"https:\/\/www.americanrider.net\/es\/#organization\",\"name\":\"American Rider\",\"url\":\"https:\/\/www.americanrider.net\/es\/\",\"logo\":{\"@type\":\"ImageObject\",\"inLanguage\":\"es\",\"@id\":\"https:\/\/www.americanrider.net\/es\/#\/schema\/logo\/image\/\",\"url\":\"https:\/\/www.americanrider.net\/wp-content\/uploads\/2018\/05\/logo-american-rider.png\",\"contentUrl\":\"https:\/\/www.americanrider.net\/wp-content\/uploads\/2018\/05\/logo-american-rider.png\",\"width\":694,\"height\":184,\"caption\":\"American Rider\"},\"image\":{\"@id\":\"https:\/\/www.americanrider.net\/es\/#\/schema\/logo\/image\/\"}}]}<\/script>\n<!-- \/ Yoast SEO plugin. -->","yoast_head_json":{"title":"Ruta por Dragon's Tail - American Rider","robots":{"index":"index","follow":"follow","max-snippet":"max-snippet:-1","max-image-preview":"max-image-preview:large","max-video-preview":"max-video-preview:-1"},"canonical":"https:\/\/www.americanrider.net\/es\/producto\/ruta-por-dragons-tail\/","og_locale":"es_ES","og_type":"article","og_title":"Ruta por Dragon's Tail - American Rider","og_description":"Ruta por Dragon's Tail $Consultar precios Nuestros precios pueden ser diferentes dependiendo del n\u00famero de motocicletas, pasajeros, d\u00edas y \u00e9poca del a\u00f1o. Si est\u00e1 interesado en este tour, cont\u00e1ctenos a trav\u00e9s del formulario con la informaci\u00f3n solicitada (haga clic en el bot\u00f3n \"reservar ahora\") y le enviaremos un presupuesto exacto y cerrado.  Informaci\u00f3n:   Motocicleta: Incluida  Impuestos: Incluidos  Gu\u00eda American Rider: Incluida  Combustible: Todo incluido  Hoteles: Todo incluido  Desayuno: Todo incluido  Cenas: Todo incluido  Aperitivo y almuerzo: Todo incluido  Refrescos: Todo incluido  Asistencia en carretera: Incluida  Cascos Incluidos (Conductor y pasajero)  Veh\u00edculo de apoyo: Incluido  Transporte desde el aeropuerto: Incluido  Transporte al aeropuerto: Incluido  Duraci\u00f3n: 5 a 7 d\u00edas  Descuentos:   Grupos de 6 motos o m\u00e1s: Consultar precios","og_url":"https:\/\/www.americanrider.net\/es\/producto\/ruta-por-dragons-tail\/","og_site_name":"American Rider","article_modified_time":"2019-04-02T14:30:51+00:00","og_image":[{"width":900,"height":600,"url":"https:\/\/www.americanrider.net\/wp-content\/uploads\/2019\/02\/00-dragons-tail.jpg","type":"image\/jpeg"}],"twitter_card":"summary_large_image","twitter_misc":{"Tiempo de lectura":"1 minuto"},"schema":{"@context":"https:\/\/schema.org","@graph":[{"@type":"WebPage","@id":"https:\/\/www.americanrider.net\/es\/producto\/ruta-por-dragons-tail\/","url":"https:\/\/www.americanrider.net\/es\/producto\/ruta-por-dragons-tail\/","name":"Ruta por Dragon's Tail - American Rider","isPartOf":{"@id":"https:\/\/www.americanrider.net\/es\/#website"},"primaryImageOfPage":{"@id":"https:\/\/www.americanrider.net\/es\/producto\/ruta-por-dragons-tail\/#primaryimage"},"image":{"@id":"https:\/\/www.americanrider.net\/es\/producto\/ruta-por-dragons-tail\/#primaryimage"},"thumbnailUrl":"https:\/\/www.americanrider.net\/wp-content\/uploads\/2019\/02\/00-dragons-tail.jpg","datePublished":"2019-03-27T16:54:25+00:00","dateModified":"2019-04-02T14:30:51+00:00","breadcrumb":{"@id":"https:\/\/www.americanrider.net\/es\/producto\/ruta-por-dragons-tail\/#breadcrumb"},"inLanguage":"es","potentialAction":[{"@type":"ReadAction","target":["https:\/\/www.americanrider.net\/es\/producto\/ruta-por-dragons-tail\/"]}]},{"@type":"ImageObject","inLanguage":"es","@id":"https:\/\/www.americanrider.net\/es\/producto\/ruta-por-dragons-tail\/#primaryimage","url":"https:\/\/www.americanrider.net\/wp-content\/uploads\/2019\/02\/00-dragons-tail.jpg","contentUrl":"https:\/\/www.americanrider.net\/wp-content\/uploads\/2019\/02\/00-dragons-tail.jpg","width":900,"height":600,"caption":"Dragon's Tail Tour"},{"@type":"BreadcrumbList","@id":"https:\/\/www.americanrider.net\/es\/producto\/ruta-por-dragons-tail\/#breadcrumb","itemListElement":[{"@type":"ListItem","position":1,"name":"Home","item":"https:\/\/www.americanrider.net\/es\/"},{"@type":"ListItem","position":2,"name":"Tienda","item":"https:\/\/www.americanrider.net\/es\/tienda\/"},{"@type":"ListItem","position":3,"name":"Ruta por Dragon&#8217;s Tail"}]},{"@type":"WebSite","@id":"https:\/\/www.americanrider.net\/es\/#website","url":"https:\/\/www.americanrider.net\/es\/","name":"American Rider","description":"Motorcycle Rentals and Tours","publisher":{"@id":"https:\/\/www.americanrider.net\/es\/#organization"},"potentialAction":[{"@type":"SearchAction","target":{"@type":"EntryPoint","urlTemplate":"https:\/\/www.americanrider.net\/es\/?s={search_term_string}"},"query-input":{"@type":"PropertyValueSpecification","valueRequired":true,"valueName":"search_term_string"}}],"inLanguage":"es"},{"@type":"Organization","@id":"https:\/\/www.americanrider.net\/es\/#organization","name":"American Rider","url":"https:\/\/www.americanrider.net\/es\/","logo":{"@type":"ImageObject","inLanguage":"es","@id":"https:\/\/www.americanrider.net\/es\/#\/schema\/logo\/image\/","url":"https:\/\/www.americanrider.net\/wp-content\/uploads\/2018\/05\/logo-american-rider.png","contentUrl":"https:\/\/www.americanrider.net\/wp-content\/uploads\/2018\/05\/logo-american-rider.png","width":694,"height":184,"caption":"American Rider"},"image":{"@id":"https:\/\/www.americanrider.net\/es\/#\/schema\/logo\/image\/"}}]}},"_links":{"self":[{"href":"https:\/\/www.americanrider.net\/es\/wp-json\/wp\/v2\/product\/4972","targetHints":{"allow":["GET"]}}],"collection":[{"href":"https:\/\/www.americanrider.net\/es\/wp-json\/wp\/v2\/product"}],"about":[{"href":"https:\/\/www.americanrider.net\/es\/wp-json\/wp\/v2\/types\/product"}],"replies":[{"embeddable":true,"href":"https:\/\/www.americanrider.net\/es\/wp-json\/wp\/v2\/comments?post=4972"}],"version-history":[{"count":0,"href":"https:\/\/www.americanrider.net\/es\/wp-json\/wp\/v2\/product\/4972\/revisions"}],"wp:featuredmedia":[{"embeddable":true,"href":"https:\/\/www.americanrider.net\/es\/wp-json\/wp\/v2\/media\/2726"}],"wp:attachment":[{"href":"https:\/\/www.americanrider.net\/es\/wp-json\/wp\/v2\/media?parent=4972"}],"wp:term":[{"taxonomy":"product_brand","embeddable":true,"href":"https:\/\/www.americanrider.net\/es\/wp-json\/wp\/v2\/product_brand?post=4972"},{"taxonomy":"product_cat","embeddable":true,"href":"https:\/\/www.americanrider.net\/es\/wp-json\/wp\/v2\/product_cat?post=4972"},{"taxonomy":"product_tag","embeddable":true,"href":"https:\/\/www.americanrider.net\/es\/wp-json\/wp\/v2\/product_tag?post=4972"}],"curies":[{"name":"wp","href":"https:\/\/api.w.org\/{rel}","templated":true}]}}