{"id":4964,"date":"2019-01-31T12:46:55","date_gmt":"2019-03-27T16:30:17","guid":{"rendered":"https:\/\/www.americanrider.eu\/product\/ruta-por-miami-nocturna\/"},"modified":"2019-04-02T14:35:44","modified_gmt":"2019-04-02T14:35:44","slug":"ruta-por-miami-nocturna","status":"publish","type":"product","link":"https:\/\/www.americanrider.net\/es\/producto\/ruta-por-miami-nocturna\/","title":{"rendered":"Ruta por Miami Nocturna"},"content":{"rendered":"<div>\n<p>Entra en escena en South Beach, Coconut Grove, Bayside o simplemente navega por la noche a lo largo de la costa de Miami. Le daremos puntos de inter\u00e9s para su placer culinario o de baile.<\/p>\n<p>La exc\u00e9ntrica y bulliciosa ciudad que es la joya de la corona del sur de Florida le ofrecer\u00e1 la experiencia de todo lo que su imaginaci\u00f3n pueda evocar. Lo llevaremos a los destinos m\u00e1s emocionantes y visualmente estimulantes de Miami y sus ciudades vecinas. Con rutas a trav\u00e9s de Miracle Mile, Coconut Grove, Key Biscayne, el centro de Miami, South Beach, hacia el norte en nuestra famosa avenida Collins y Las Olas Ft Lauderdale, estar\u00e1s seguro de encontrar lo que est\u00e1s buscando. Con restaurantes y lugares de vida nocturna culturalmente diversos, le recomendamos que reserve per\u00edodos de alquiler prolongados para que pueda volver a visitar los sitios de inter\u00e9s.<\/p>\n<\/div>\n<div style=\"margin: 20px 0;\"><a class=\"maxbutton-7 maxbutton maxbutton-reserva-rutas\" title=\"Reservar ahora\" rel=\"nofollow noopener\" href=\"https:\/\/www.americanrider.net\/es\/reserva-de-rutas\/\"><span class='mb-text'>RESERVAR AHORA<\/span><\/a><\/div>\n","protected":false},"excerpt":{"rendered":"<div style=\"font-family: 'Teko', sans-serif; font-size: 50px; font-weight: bold; line-height: 40px;\">Ruta por Miami Nocturna<\/div>\n<div style=\"margin-top: 20px;\"><span style=\"font-family: 'Teko', sans-serif; font-size: 50px; font-weight: bold; color: #bf020f;\">$395<\/span> \/ <em><strong>Precio por 1 motocicleta<\/strong><\/em><\/div>\n<div style=\"margin-top: 20px;\"><span style=\"font-family: 'Teko', sans-serif; font-size: 50px; font-weight: bold; color: #bf020f;\">$295<\/span> \/ <em><strong>Precio por motocicleta para grupo de 2 <\/strong><\/em><\/div>\n<div style=\"margin-top: 20px;\"><span style=\"font-family: 'Teko', sans-serif; font-size: 50px; font-weight: bold; color: #bf020f;\">$250<\/span> \/ <em><strong>Precio por motocicleta para grupo de 3<\/strong><\/em><\/div>\n<div style=\"margin-top: 20px;\"><span style=\"font-family: 'Teko', sans-serif; font-size: 50px; font-weight: bold; color: #bf020f;\">$195<\/span> \/ <em><strong>Precio por motocicleta para grupo de 4<\/strong><\/em><\/div>\n<div style=\"margin-top: 20px;\"><span style=\"font-family: 'Teko', sans-serif; font-size: 50px; font-weight: bold; color: #bf020f;\">$175<\/span> \/ <em><strong>Precio por motocicleta para grupo de 5 <\/strong><\/em><\/div>\n<div><strong>Pasajero: $50 por pasajero<\/strong><\/div>\n<div style=\"margin: 20px 0;\">[maxbutton id=\"7\"]<\/div>\n<div style=\"font-family: 'Poppins', sans-serif; font-size: 20px; font-weight: bold; margin-top: 20px;\">Informaci\u00f3n:<\/div>\n<ul>\n<li><strong>Motocicleta:<\/strong> Incluida<\/li>\n<li><strong>Impuestos:<\/strong> Incluidos<\/li>\n<li><strong>Gu\u00eda American Rider:<\/strong> Incluida<\/li>\n<li><strong>Combustible: <\/strong>Todo incluido<\/li>\n<li><strong>Aperitivo y almuerzo: <\/strong>Incluido<\/li>\n<li><strong>Refrescos <\/strong>Incluidos<\/li>\n<li><strong>Asistencia en carretera: <\/strong>Incluida<\/li>\n<li><strong>Cascos<\/strong> Incluidos (Conductor y pasajero)<\/li>\n<li><strong>Bloqueo:<\/strong> Incluido (Bloqueo de disco o cable)<\/li>\n<li><strong>Asientos: <\/strong>2<\/li>\n<li><strong>Duraci\u00f3n: <\/strong>1 d\u00eda<\/li>\n<\/ul>\n<div style=\"font-family: 'Poppins', sans-serif; font-size: 20px; font-weight: bold; margin-top: 20px;\">Descuentos:<\/div>\n<ul>\n<li><strong>6 motos o m\u00e1s:<\/strong> consultar precios.<\/li>\n<\/ul>\n<div style=\"margin: 20px 0;\">[maxbutton id=\"7\"]<\/div>\n","protected":false},"featured_media":2655,"comment_status":"closed","ping_status":"closed","template":"","meta":[],"product_brand":[],"product_cat":[133,138,134],"product_tag":[],"class_list":{"0":"post-4964","1":"product","2":"type-product","3":"status-publish","4":"has-post-thumbnail","6":"type-guided-tours","7":"type-tours","8":"product_cat-rutas","9":"product_cat-rutas-por-eeuu","10":"product_cat-todas-las-rutas","12":"first","13":"instock","14":"taxable","15":"shipping-taxable","16":"product-type-simple"},"yoast_head":"<!-- This site is optimized with the Yoast SEO plugin v25.5 - https:\/\/yoast.com\/wordpress\/plugins\/seo\/ -->\n<title>Ruta por Miami Nocturna - American Rider<\/title>\n<meta name=\"robots\" content=\"index, follow, max-snippet:-1, max-image-preview:large, max-video-preview:-1\" \/>\n<link rel=\"canonical\" href=\"https:\/\/www.americanrider.net\/es\/producto\/ruta-por-miami-nocturna\/\" \/>\n<meta property=\"og:locale\" content=\"es_ES\" \/>\n<meta property=\"og:type\" content=\"article\" \/>\n<meta property=\"og:title\" content=\"Ruta por Miami Nocturna - American Rider\" \/>\n<meta property=\"og:description\" content=\"Ruta por Miami Nocturna $395 \/ Precio por 1 motocicleta $295 \/ Precio por motocicleta para grupo de 2  $250 \/ Precio por motocicleta para grupo de 3 $195 \/ Precio por motocicleta para grupo de 4 $175 \/ Precio por motocicleta para grupo de 5  Pasajero: $50 por pasajero  Informaci\u00f3n:   Motocicleta: Incluida  Impuestos: Incluidos  Gu\u00eda American Rider: Incluida  Combustible: Todo incluido  Aperitivo y almuerzo: Incluido  Refrescos Incluidos  Asistencia en carretera: Incluida  Cascos Incluidos (Conductor y pasajero)  Bloqueo: Incluido (Bloqueo de disco o cable)  Asientos: 2  Duraci\u00f3n: 1 d\u00eda  Descuentos:   6 motos o m\u00e1s: consultar precios.\" \/>\n<meta property=\"og:url\" content=\"https:\/\/www.americanrider.net\/es\/producto\/ruta-por-miami-nocturna\/\" \/>\n<meta property=\"og:site_name\" content=\"American Rider\" \/>\n<meta property=\"article:modified_time\" content=\"2019-04-02T14:35:44+00:00\" \/>\n<meta property=\"og:image\" content=\"https:\/\/www.americanrider.net\/wp-content\/uploads\/2019\/01\/00-miami-night-tour.jpg\" \/>\n\t<meta property=\"og:image:width\" content=\"900\" \/>\n\t<meta property=\"og:image:height\" content=\"600\" \/>\n\t<meta property=\"og:image:type\" content=\"image\/jpeg\" \/>\n<meta name=\"twitter:card\" content=\"summary_large_image\" \/>\n<meta name=\"twitter:label1\" content=\"Tiempo de lectura\" \/>\n\t<meta name=\"twitter:data1\" content=\"1 minuto\" \/>\n<script type=\"application\/ld+json\" class=\"yoast-schema-graph\">{\"@context\":\"https:\/\/schema.org\",\"@graph\":[{\"@type\":\"WebPage\",\"@id\":\"https:\/\/www.americanrider.net\/es\/producto\/ruta-por-miami-nocturna\/\",\"url\":\"https:\/\/www.americanrider.net\/es\/producto\/ruta-por-miami-nocturna\/\",\"name\":\"Ruta por Miami Nocturna - American Rider\",\"isPartOf\":{\"@id\":\"https:\/\/www.americanrider.net\/es\/#website\"},\"primaryImageOfPage\":{\"@id\":\"https:\/\/www.americanrider.net\/es\/producto\/ruta-por-miami-nocturna\/#primaryimage\"},\"image\":{\"@id\":\"https:\/\/www.americanrider.net\/es\/producto\/ruta-por-miami-nocturna\/#primaryimage\"},\"thumbnailUrl\":\"https:\/\/www.americanrider.net\/wp-content\/uploads\/2019\/01\/00-miami-night-tour.jpg\",\"datePublished\":\"2019-03-27T16:30:17+00:00\",\"dateModified\":\"2019-04-02T14:35:44+00:00\",\"breadcrumb\":{\"@id\":\"https:\/\/www.americanrider.net\/es\/producto\/ruta-por-miami-nocturna\/#breadcrumb\"},\"inLanguage\":\"es\",\"potentialAction\":[{\"@type\":\"ReadAction\",\"target\":[\"https:\/\/www.americanrider.net\/es\/producto\/ruta-por-miami-nocturna\/\"]}]},{\"@type\":\"ImageObject\",\"inLanguage\":\"es\",\"@id\":\"https:\/\/www.americanrider.net\/es\/producto\/ruta-por-miami-nocturna\/#primaryimage\",\"url\":\"https:\/\/www.americanrider.net\/wp-content\/uploads\/2019\/01\/00-miami-night-tour.jpg\",\"contentUrl\":\"https:\/\/www.americanrider.net\/wp-content\/uploads\/2019\/01\/00-miami-night-tour.jpg\",\"width\":900,\"height\":600,\"caption\":\"Miami Nights Tour\"},{\"@type\":\"BreadcrumbList\",\"@id\":\"https:\/\/www.americanrider.net\/es\/producto\/ruta-por-miami-nocturna\/#breadcrumb\",\"itemListElement\":[{\"@type\":\"ListItem\",\"position\":1,\"name\":\"Home\",\"item\":\"https:\/\/www.americanrider.net\/es\/\"},{\"@type\":\"ListItem\",\"position\":2,\"name\":\"Tienda\",\"item\":\"https:\/\/www.americanrider.net\/es\/tienda\/\"},{\"@type\":\"ListItem\",\"position\":3,\"name\":\"Ruta por Miami Nocturna\"}]},{\"@type\":\"WebSite\",\"@id\":\"https:\/\/www.americanrider.net\/es\/#website\",\"url\":\"https:\/\/www.americanrider.net\/es\/\",\"name\":\"American Rider\",\"description\":\"Motorcycle Rentals and Tours\",\"publisher\":{\"@id\":\"https:\/\/www.americanrider.net\/es\/#organization\"},\"potentialAction\":[{\"@type\":\"SearchAction\",\"target\":{\"@type\":\"EntryPoint\",\"urlTemplate\":\"https:\/\/www.americanrider.net\/es\/?s={search_term_string}\"},\"query-input\":{\"@type\":\"PropertyValueSpecification\",\"valueRequired\":true,\"valueName\":\"search_term_string\"}}],\"inLanguage\":\"es\"},{\"@type\":\"Organization\",\"@id\":\"https:\/\/www.americanrider.net\/es\/#organization\",\"name\":\"American Rider\",\"url\":\"https:\/\/www.americanrider.net\/es\/\",\"logo\":{\"@type\":\"ImageObject\",\"inLanguage\":\"es\",\"@id\":\"https:\/\/www.americanrider.net\/es\/#\/schema\/logo\/image\/\",\"url\":\"https:\/\/www.americanrider.net\/wp-content\/uploads\/2018\/05\/logo-american-rider.png\",\"contentUrl\":\"https:\/\/www.americanrider.net\/wp-content\/uploads\/2018\/05\/logo-american-rider.png\",\"width\":694,\"height\":184,\"caption\":\"American Rider\"},\"image\":{\"@id\":\"https:\/\/www.americanrider.net\/es\/#\/schema\/logo\/image\/\"}}]}<\/script>\n<!-- \/ Yoast SEO plugin. -->","yoast_head_json":{"title":"Ruta por Miami Nocturna - American Rider","robots":{"index":"index","follow":"follow","max-snippet":"max-snippet:-1","max-image-preview":"max-image-preview:large","max-video-preview":"max-video-preview:-1"},"canonical":"https:\/\/www.americanrider.net\/es\/producto\/ruta-por-miami-nocturna\/","og_locale":"es_ES","og_type":"article","og_title":"Ruta por Miami Nocturna - American Rider","og_description":"Ruta por Miami Nocturna $395 \/ Precio por 1 motocicleta $295 \/ Precio por motocicleta para grupo de 2  $250 \/ Precio por motocicleta para grupo de 3 $195 \/ Precio por motocicleta para grupo de 4 $175 \/ Precio por motocicleta para grupo de 5  Pasajero: $50 por pasajero  Informaci\u00f3n:   Motocicleta: Incluida  Impuestos: Incluidos  Gu\u00eda American Rider: Incluida  Combustible: Todo incluido  Aperitivo y almuerzo: Incluido  Refrescos Incluidos  Asistencia en carretera: Incluida  Cascos Incluidos (Conductor y pasajero)  Bloqueo: Incluido (Bloqueo de disco o cable)  Asientos: 2  Duraci\u00f3n: 1 d\u00eda  Descuentos:   6 motos o m\u00e1s: consultar precios.","og_url":"https:\/\/www.americanrider.net\/es\/producto\/ruta-por-miami-nocturna\/","og_site_name":"American Rider","article_modified_time":"2019-04-02T14:35:44+00:00","og_image":[{"width":900,"height":600,"url":"https:\/\/www.americanrider.net\/wp-content\/uploads\/2019\/01\/00-miami-night-tour.jpg","type":"image\/jpeg"}],"twitter_card":"summary_large_image","twitter_misc":{"Tiempo de lectura":"1 minuto"},"schema":{"@context":"https:\/\/schema.org","@graph":[{"@type":"WebPage","@id":"https:\/\/www.americanrider.net\/es\/producto\/ruta-por-miami-nocturna\/","url":"https:\/\/www.americanrider.net\/es\/producto\/ruta-por-miami-nocturna\/","name":"Ruta por Miami Nocturna - American Rider","isPartOf":{"@id":"https:\/\/www.americanrider.net\/es\/#website"},"primaryImageOfPage":{"@id":"https:\/\/www.americanrider.net\/es\/producto\/ruta-por-miami-nocturna\/#primaryimage"},"image":{"@id":"https:\/\/www.americanrider.net\/es\/producto\/ruta-por-miami-nocturna\/#primaryimage"},"thumbnailUrl":"https:\/\/www.americanrider.net\/wp-content\/uploads\/2019\/01\/00-miami-night-tour.jpg","datePublished":"2019-03-27T16:30:17+00:00","dateModified":"2019-04-02T14:35:44+00:00","breadcrumb":{"@id":"https:\/\/www.americanrider.net\/es\/producto\/ruta-por-miami-nocturna\/#breadcrumb"},"inLanguage":"es","potentialAction":[{"@type":"ReadAction","target":["https:\/\/www.americanrider.net\/es\/producto\/ruta-por-miami-nocturna\/"]}]},{"@type":"ImageObject","inLanguage":"es","@id":"https:\/\/www.americanrider.net\/es\/producto\/ruta-por-miami-nocturna\/#primaryimage","url":"https:\/\/www.americanrider.net\/wp-content\/uploads\/2019\/01\/00-miami-night-tour.jpg","contentUrl":"https:\/\/www.americanrider.net\/wp-content\/uploads\/2019\/01\/00-miami-night-tour.jpg","width":900,"height":600,"caption":"Miami Nights Tour"},{"@type":"BreadcrumbList","@id":"https:\/\/www.americanrider.net\/es\/producto\/ruta-por-miami-nocturna\/#breadcrumb","itemListElement":[{"@type":"ListItem","position":1,"name":"Home","item":"https:\/\/www.americanrider.net\/es\/"},{"@type":"ListItem","position":2,"name":"Tienda","item":"https:\/\/www.americanrider.net\/es\/tienda\/"},{"@type":"ListItem","position":3,"name":"Ruta por Miami Nocturna"}]},{"@type":"WebSite","@id":"https:\/\/www.americanrider.net\/es\/#website","url":"https:\/\/www.americanrider.net\/es\/","name":"American Rider","description":"Motorcycle Rentals and Tours","publisher":{"@id":"https:\/\/www.americanrider.net\/es\/#organization"},"potentialAction":[{"@type":"SearchAction","target":{"@type":"EntryPoint","urlTemplate":"https:\/\/www.americanrider.net\/es\/?s={search_term_string}"},"query-input":{"@type":"PropertyValueSpecification","valueRequired":true,"valueName":"search_term_string"}}],"inLanguage":"es"},{"@type":"Organization","@id":"https:\/\/www.americanrider.net\/es\/#organization","name":"American Rider","url":"https:\/\/www.americanrider.net\/es\/","logo":{"@type":"ImageObject","inLanguage":"es","@id":"https:\/\/www.americanrider.net\/es\/#\/schema\/logo\/image\/","url":"https:\/\/www.americanrider.net\/wp-content\/uploads\/2018\/05\/logo-american-rider.png","contentUrl":"https:\/\/www.americanrider.net\/wp-content\/uploads\/2018\/05\/logo-american-rider.png","width":694,"height":184,"caption":"American Rider"},"image":{"@id":"https:\/\/www.americanrider.net\/es\/#\/schema\/logo\/image\/"}}]}},"_links":{"self":[{"href":"https:\/\/www.americanrider.net\/es\/wp-json\/wp\/v2\/product\/4964","targetHints":{"allow":["GET"]}}],"collection":[{"href":"https:\/\/www.americanrider.net\/es\/wp-json\/wp\/v2\/product"}],"about":[{"href":"https:\/\/www.americanrider.net\/es\/wp-json\/wp\/v2\/types\/product"}],"replies":[{"embeddable":true,"href":"https:\/\/www.americanrider.net\/es\/wp-json\/wp\/v2\/comments?post=4964"}],"version-history":[{"count":0,"href":"https:\/\/www.americanrider.net\/es\/wp-json\/wp\/v2\/product\/4964\/revisions"}],"wp:featuredmedia":[{"embeddable":true,"href":"https:\/\/www.americanrider.net\/es\/wp-json\/wp\/v2\/media\/2655"}],"wp:attachment":[{"href":"https:\/\/www.americanrider.net\/es\/wp-json\/wp\/v2\/media?parent=4964"}],"wp:term":[{"taxonomy":"product_brand","embeddable":true,"href":"https:\/\/www.americanrider.net\/es\/wp-json\/wp\/v2\/product_brand?post=4964"},{"taxonomy":"product_cat","embeddable":true,"href":"https:\/\/www.americanrider.net\/es\/wp-json\/wp\/v2\/product_cat?post=4964"},{"taxonomy":"product_tag","embeddable":true,"href":"https:\/\/www.americanrider.net\/es\/wp-json\/wp\/v2\/product_tag?post=4964"}],"curies":[{"name":"wp","href":"https:\/\/api.w.org\/{rel}","templated":true}]}}