{"id":4962,"date":"2019-01-31T12:01:48","date_gmt":"2019-03-27T16:26:22","guid":{"rendered":"https:\/\/www.americanrider.eu\/product\/ruta-por-miami\/"},"modified":"2019-04-02T14:34:31","modified_gmt":"2019-04-02T14:34:31","slug":"ruta-por-miami","status":"publish","type":"product","link":"https:\/\/www.americanrider.net\/es\/producto\/ruta-por-miami\/","title":{"rendered":"Ruta por Miami"},"content":{"rendered":"<p>Prep\u00e1rate para ver Miami como nunca antes!<\/p>\n<p>Viajamos por autopistas para dejar que las motocicletas estiren sus piernas un poco antes de recorrer \u00e1reas bien conocidas como Coral Gables, tiendas Miracle Mile y llegar a Coconut Grove. Aqu\u00ed, tendremos un poco de tiempo libre para un almuerzo abundante y refrescos. Habr\u00e1 tiempo suficiente para comprar recuerdos antes de volver a la carretera.<\/p>\n<p>En la segunda mitad del recorrido, nos dirigimos a Key Biscayne y paseamos por el lado de la playa hasta llegar al Parque Estatal de Bill Bags. Camine descalzo sobre la arena tibia o tome un ba\u00f1o r\u00e1pido. La elecci\u00f3n es suya, pero aseg\u00farese de tomar fotos del \u00fanico faro de Miami ubicado a pocos pasos del oc\u00e9ano. La instant\u00e1nea ser\u00e1 memorable.<\/p>\n<p>Desde all\u00ed, nos dirigiremos al centro de Miami y navegaremos por la mundialmente famosa South Beach. \u00a1Vea restaurantes y hoteles ic\u00f3nicos como se ve en los programas de televisi\u00f3n cl\u00e1sicos como \u00abMiami Vice\u00bb, y vea de primera mano la casa \u00abVersace\u00bb!<\/p>\n<p>Concluimos continuando nuestro recorrido por Miami Beach y Bal Harbour, antes de regresar a American Rider.<\/p>\n<p>\u00a1Nunca volver\u00e1s a mirar a Miami de la misma manera&#8230;!<\/p>\n<div style=\"margin: 20px 0;\"><a class=\"maxbutton-7 maxbutton maxbutton-reserva-rutas\" title=\"Reservar ahora\" rel=\"nofollow noopener\" href=\"https:\/\/www.americanrider.net\/es\/reserva-de-rutas\/\"><span class='mb-text'>RESERVAR AHORA<\/span><\/a><\/div>\n","protected":false},"excerpt":{"rendered":"<div style=\"font-family: 'Teko', sans-serif; font-size: 50px; font-weight: bold; line-height: 40px;\">Ruta por Miami<\/div>\n<div style=\"margin-top: 20px;\"><span style=\"font-family: 'Teko', sans-serif; font-size: 50px; font-weight: bold; color: #bf020f;\">$395<\/span> \/ <em><strong>Precio por 1 motocicleta<\/strong><\/em><\/div>\n<div style=\"margin-top: 20px;\"><span style=\"font-family: 'Teko', sans-serif; font-size: 50px; font-weight: bold; color: #bf020f;\">$295<\/span> \/ <em><strong>Precio por motocicleta para grupo de 2 <\/strong><\/em><\/div>\n<div style=\"margin-top: 20px;\"><span style=\"font-family: 'Teko', sans-serif; font-size: 50px; font-weight: bold; color: #bf020f;\">$250<\/span> \/ <em><strong>Precio por motocicleta para grupo de 3<\/strong><\/em><\/div>\n<div style=\"margin-top: 20px;\"><span style=\"font-family: 'Teko', sans-serif; font-size: 50px; font-weight: bold; color: #bf020f;\">$195<\/span> \/ <em><strong>Precio por motocicleta para grupo de 4<\/strong><\/em><\/div>\n<div style=\"margin-top: 20px;\"><span style=\"font-family: 'Teko', sans-serif; font-size: 50px; font-weight: bold; color: #bf020f;\">$175<\/span> \/ <em><strong>Precio por motocicleta para grupo de 5 <\/strong><\/em><\/div>\n<div><strong>Pasajero: $50 por pasajero<\/strong><\/div>\n<div style=\"margin: 20px 0;\">[maxbutton id=\"7\"]<\/div>\n<div style=\"font-family: 'Poppins', sans-serif; font-size: 20px; font-weight: bold; margin-top: 20px;\">Informaci\u00f3n:<\/div>\n<ul>\n<li><strong>Motocicleta:<\/strong> Incluida<\/li>\n<li><strong>Impuestos:<\/strong> Incluidos<\/li>\n<li><strong>Gu\u00eda American Rider:<\/strong> Incluida<\/li>\n<li><strong>Combustible: <\/strong>Todo incluido<\/li>\n<li><strong>Aperitivo y almuerzo: <\/strong>Incluido<\/li>\n<li><strong>Refrescos <\/strong>Incluidos<\/li>\n<li><strong>Asistencia en carretera: <\/strong>Incluida<\/li>\n<li><strong>Cascos<\/strong> Incluidos (Conductor y pasajero)<\/li>\n<li><strong>Bloqueo:<\/strong> Incluido (Bloqueo de disco o cable)<\/li>\n<li><strong>Asientos: <\/strong>2<\/li>\n<li><strong>Duraci\u00f3n: <\/strong>1 d\u00eda<\/li>\n<\/ul>\n<div style=\"font-family: 'Poppins', sans-serif; font-size: 20px; font-weight: bold; margin-top: 20px;\">Descuentos:<\/div>\n<ul>\n<li><strong>6 motos o m\u00e1s:<\/strong> consultar precios.<\/li>\n<\/ul>\n<div style=\"margin: 20px 0;\">[maxbutton id=\"7\"]<\/div>\n","protected":false},"featured_media":2629,"comment_status":"closed","ping_status":"closed","template":"","meta":[],"product_brand":[],"product_cat":[133,138,134],"product_tag":[],"class_list":{"0":"post-4962","1":"product","2":"type-product","3":"status-publish","4":"has-post-thumbnail","6":"type-guided-tours","7":"type-tours","8":"product_cat-rutas","9":"product_cat-rutas-por-eeuu","10":"product_cat-todas-las-rutas","12":"first","13":"instock","14":"taxable","15":"shipping-taxable","16":"product-type-simple"},"yoast_head":"<!-- This site is optimized with the Yoast SEO plugin v25.5 - https:\/\/yoast.com\/wordpress\/plugins\/seo\/ -->\n<title>Ruta por Miami - American Rider<\/title>\n<meta name=\"robots\" content=\"index, follow, max-snippet:-1, max-image-preview:large, max-video-preview:-1\" \/>\n<link rel=\"canonical\" href=\"https:\/\/www.americanrider.net\/es\/producto\/ruta-por-miami\/\" \/>\n<meta property=\"og:locale\" content=\"es_ES\" \/>\n<meta property=\"og:type\" content=\"article\" \/>\n<meta property=\"og:title\" content=\"Ruta por Miami - American Rider\" \/>\n<meta property=\"og:description\" content=\"Ruta por Miami $395 \/ Precio por 1 motocicleta $295 \/ Precio por motocicleta para grupo de 2  $250 \/ Precio por motocicleta para grupo de 3 $195 \/ Precio por motocicleta para grupo de 4 $175 \/ Precio por motocicleta para grupo de 5  Pasajero: $50 por pasajero  Informaci\u00f3n:   Motocicleta: Incluida  Impuestos: Incluidos  Gu\u00eda American Rider: Incluida  Combustible: Todo incluido  Aperitivo y almuerzo: Incluido  Refrescos Incluidos  Asistencia en carretera: Incluida  Cascos Incluidos (Conductor y pasajero)  Bloqueo: Incluido (Bloqueo de disco o cable)  Asientos: 2  Duraci\u00f3n: 1 d\u00eda  Descuentos:   6 motos o m\u00e1s: consultar precios.\" \/>\n<meta property=\"og:url\" content=\"https:\/\/www.americanrider.net\/es\/producto\/ruta-por-miami\/\" \/>\n<meta property=\"og:site_name\" content=\"American Rider\" \/>\n<meta property=\"article:modified_time\" content=\"2019-04-02T14:34:31+00:00\" \/>\n<meta property=\"og:image\" content=\"https:\/\/www.americanrider.net\/wp-content\/uploads\/2019\/01\/00-tours-miami.jpg\" \/>\n\t<meta property=\"og:image:width\" content=\"900\" \/>\n\t<meta property=\"og:image:height\" content=\"600\" \/>\n\t<meta property=\"og:image:type\" content=\"image\/jpeg\" \/>\n<meta name=\"twitter:card\" content=\"summary_large_image\" \/>\n<meta name=\"twitter:label1\" content=\"Tiempo de lectura\" \/>\n\t<meta name=\"twitter:data1\" content=\"1 minuto\" \/>\n<script type=\"application\/ld+json\" class=\"yoast-schema-graph\">{\"@context\":\"https:\/\/schema.org\",\"@graph\":[{\"@type\":\"WebPage\",\"@id\":\"https:\/\/www.americanrider.net\/es\/producto\/ruta-por-miami\/\",\"url\":\"https:\/\/www.americanrider.net\/es\/producto\/ruta-por-miami\/\",\"name\":\"Ruta por Miami - American Rider\",\"isPartOf\":{\"@id\":\"https:\/\/www.americanrider.net\/es\/#website\"},\"primaryImageOfPage\":{\"@id\":\"https:\/\/www.americanrider.net\/es\/producto\/ruta-por-miami\/#primaryimage\"},\"image\":{\"@id\":\"https:\/\/www.americanrider.net\/es\/producto\/ruta-por-miami\/#primaryimage\"},\"thumbnailUrl\":\"https:\/\/www.americanrider.net\/wp-content\/uploads\/2019\/01\/00-tours-miami.jpg\",\"datePublished\":\"2019-03-27T16:26:22+00:00\",\"dateModified\":\"2019-04-02T14:34:31+00:00\",\"breadcrumb\":{\"@id\":\"https:\/\/www.americanrider.net\/es\/producto\/ruta-por-miami\/#breadcrumb\"},\"inLanguage\":\"es\",\"potentialAction\":[{\"@type\":\"ReadAction\",\"target\":[\"https:\/\/www.americanrider.net\/es\/producto\/ruta-por-miami\/\"]}]},{\"@type\":\"ImageObject\",\"inLanguage\":\"es\",\"@id\":\"https:\/\/www.americanrider.net\/es\/producto\/ruta-por-miami\/#primaryimage\",\"url\":\"https:\/\/www.americanrider.net\/wp-content\/uploads\/2019\/01\/00-tours-miami.jpg\",\"contentUrl\":\"https:\/\/www.americanrider.net\/wp-content\/uploads\/2019\/01\/00-tours-miami.jpg\",\"width\":900,\"height\":600,\"caption\":\"Tours Miami\"},{\"@type\":\"BreadcrumbList\",\"@id\":\"https:\/\/www.americanrider.net\/es\/producto\/ruta-por-miami\/#breadcrumb\",\"itemListElement\":[{\"@type\":\"ListItem\",\"position\":1,\"name\":\"Home\",\"item\":\"https:\/\/www.americanrider.net\/es\/\"},{\"@type\":\"ListItem\",\"position\":2,\"name\":\"Tienda\",\"item\":\"https:\/\/www.americanrider.net\/es\/tienda\/\"},{\"@type\":\"ListItem\",\"position\":3,\"name\":\"Ruta por Miami\"}]},{\"@type\":\"WebSite\",\"@id\":\"https:\/\/www.americanrider.net\/es\/#website\",\"url\":\"https:\/\/www.americanrider.net\/es\/\",\"name\":\"American Rider\",\"description\":\"Motorcycle Rentals and Tours\",\"publisher\":{\"@id\":\"https:\/\/www.americanrider.net\/es\/#organization\"},\"potentialAction\":[{\"@type\":\"SearchAction\",\"target\":{\"@type\":\"EntryPoint\",\"urlTemplate\":\"https:\/\/www.americanrider.net\/es\/?s={search_term_string}\"},\"query-input\":{\"@type\":\"PropertyValueSpecification\",\"valueRequired\":true,\"valueName\":\"search_term_string\"}}],\"inLanguage\":\"es\"},{\"@type\":\"Organization\",\"@id\":\"https:\/\/www.americanrider.net\/es\/#organization\",\"name\":\"American Rider\",\"url\":\"https:\/\/www.americanrider.net\/es\/\",\"logo\":{\"@type\":\"ImageObject\",\"inLanguage\":\"es\",\"@id\":\"https:\/\/www.americanrider.net\/es\/#\/schema\/logo\/image\/\",\"url\":\"https:\/\/www.americanrider.net\/wp-content\/uploads\/2018\/05\/logo-american-rider.png\",\"contentUrl\":\"https:\/\/www.americanrider.net\/wp-content\/uploads\/2018\/05\/logo-american-rider.png\",\"width\":694,\"height\":184,\"caption\":\"American Rider\"},\"image\":{\"@id\":\"https:\/\/www.americanrider.net\/es\/#\/schema\/logo\/image\/\"}}]}<\/script>\n<!-- \/ Yoast SEO plugin. -->","yoast_head_json":{"title":"Ruta por Miami - American Rider","robots":{"index":"index","follow":"follow","max-snippet":"max-snippet:-1","max-image-preview":"max-image-preview:large","max-video-preview":"max-video-preview:-1"},"canonical":"https:\/\/www.americanrider.net\/es\/producto\/ruta-por-miami\/","og_locale":"es_ES","og_type":"article","og_title":"Ruta por Miami - American Rider","og_description":"Ruta por Miami $395 \/ Precio por 1 motocicleta $295 \/ Precio por motocicleta para grupo de 2  $250 \/ Precio por motocicleta para grupo de 3 $195 \/ Precio por motocicleta para grupo de 4 $175 \/ Precio por motocicleta para grupo de 5  Pasajero: $50 por pasajero  Informaci\u00f3n:   Motocicleta: Incluida  Impuestos: Incluidos  Gu\u00eda American Rider: Incluida  Combustible: Todo incluido  Aperitivo y almuerzo: Incluido  Refrescos Incluidos  Asistencia en carretera: Incluida  Cascos Incluidos (Conductor y pasajero)  Bloqueo: Incluido (Bloqueo de disco o cable)  Asientos: 2  Duraci\u00f3n: 1 d\u00eda  Descuentos:   6 motos o m\u00e1s: consultar precios.","og_url":"https:\/\/www.americanrider.net\/es\/producto\/ruta-por-miami\/","og_site_name":"American Rider","article_modified_time":"2019-04-02T14:34:31+00:00","og_image":[{"width":900,"height":600,"url":"https:\/\/www.americanrider.net\/wp-content\/uploads\/2019\/01\/00-tours-miami.jpg","type":"image\/jpeg"}],"twitter_card":"summary_large_image","twitter_misc":{"Tiempo de lectura":"1 minuto"},"schema":{"@context":"https:\/\/schema.org","@graph":[{"@type":"WebPage","@id":"https:\/\/www.americanrider.net\/es\/producto\/ruta-por-miami\/","url":"https:\/\/www.americanrider.net\/es\/producto\/ruta-por-miami\/","name":"Ruta por Miami - American Rider","isPartOf":{"@id":"https:\/\/www.americanrider.net\/es\/#website"},"primaryImageOfPage":{"@id":"https:\/\/www.americanrider.net\/es\/producto\/ruta-por-miami\/#primaryimage"},"image":{"@id":"https:\/\/www.americanrider.net\/es\/producto\/ruta-por-miami\/#primaryimage"},"thumbnailUrl":"https:\/\/www.americanrider.net\/wp-content\/uploads\/2019\/01\/00-tours-miami.jpg","datePublished":"2019-03-27T16:26:22+00:00","dateModified":"2019-04-02T14:34:31+00:00","breadcrumb":{"@id":"https:\/\/www.americanrider.net\/es\/producto\/ruta-por-miami\/#breadcrumb"},"inLanguage":"es","potentialAction":[{"@type":"ReadAction","target":["https:\/\/www.americanrider.net\/es\/producto\/ruta-por-miami\/"]}]},{"@type":"ImageObject","inLanguage":"es","@id":"https:\/\/www.americanrider.net\/es\/producto\/ruta-por-miami\/#primaryimage","url":"https:\/\/www.americanrider.net\/wp-content\/uploads\/2019\/01\/00-tours-miami.jpg","contentUrl":"https:\/\/www.americanrider.net\/wp-content\/uploads\/2019\/01\/00-tours-miami.jpg","width":900,"height":600,"caption":"Tours Miami"},{"@type":"BreadcrumbList","@id":"https:\/\/www.americanrider.net\/es\/producto\/ruta-por-miami\/#breadcrumb","itemListElement":[{"@type":"ListItem","position":1,"name":"Home","item":"https:\/\/www.americanrider.net\/es\/"},{"@type":"ListItem","position":2,"name":"Tienda","item":"https:\/\/www.americanrider.net\/es\/tienda\/"},{"@type":"ListItem","position":3,"name":"Ruta por Miami"}]},{"@type":"WebSite","@id":"https:\/\/www.americanrider.net\/es\/#website","url":"https:\/\/www.americanrider.net\/es\/","name":"American Rider","description":"Motorcycle Rentals and Tours","publisher":{"@id":"https:\/\/www.americanrider.net\/es\/#organization"},"potentialAction":[{"@type":"SearchAction","target":{"@type":"EntryPoint","urlTemplate":"https:\/\/www.americanrider.net\/es\/?s={search_term_string}"},"query-input":{"@type":"PropertyValueSpecification","valueRequired":true,"valueName":"search_term_string"}}],"inLanguage":"es"},{"@type":"Organization","@id":"https:\/\/www.americanrider.net\/es\/#organization","name":"American Rider","url":"https:\/\/www.americanrider.net\/es\/","logo":{"@type":"ImageObject","inLanguage":"es","@id":"https:\/\/www.americanrider.net\/es\/#\/schema\/logo\/image\/","url":"https:\/\/www.americanrider.net\/wp-content\/uploads\/2018\/05\/logo-american-rider.png","contentUrl":"https:\/\/www.americanrider.net\/wp-content\/uploads\/2018\/05\/logo-american-rider.png","width":694,"height":184,"caption":"American Rider"},"image":{"@id":"https:\/\/www.americanrider.net\/es\/#\/schema\/logo\/image\/"}}]}},"_links":{"self":[{"href":"https:\/\/www.americanrider.net\/es\/wp-json\/wp\/v2\/product\/4962","targetHints":{"allow":["GET"]}}],"collection":[{"href":"https:\/\/www.americanrider.net\/es\/wp-json\/wp\/v2\/product"}],"about":[{"href":"https:\/\/www.americanrider.net\/es\/wp-json\/wp\/v2\/types\/product"}],"replies":[{"embeddable":true,"href":"https:\/\/www.americanrider.net\/es\/wp-json\/wp\/v2\/comments?post=4962"}],"version-history":[{"count":0,"href":"https:\/\/www.americanrider.net\/es\/wp-json\/wp\/v2\/product\/4962\/revisions"}],"wp:featuredmedia":[{"embeddable":true,"href":"https:\/\/www.americanrider.net\/es\/wp-json\/wp\/v2\/media\/2629"}],"wp:attachment":[{"href":"https:\/\/www.americanrider.net\/es\/wp-json\/wp\/v2\/media?parent=4962"}],"wp:term":[{"taxonomy":"product_brand","embeddable":true,"href":"https:\/\/www.americanrider.net\/es\/wp-json\/wp\/v2\/product_brand?post=4962"},{"taxonomy":"product_cat","embeddable":true,"href":"https:\/\/www.americanrider.net\/es\/wp-json\/wp\/v2\/product_cat?post=4962"},{"taxonomy":"product_tag","embeddable":true,"href":"https:\/\/www.americanrider.net\/es\/wp-json\/wp\/v2\/product_tag?post=4962"}],"curies":[{"name":"wp","href":"https:\/\/api.w.org\/{rel}","templated":true}]}}