{"id":4954,"date":"2019-02-04T12:16:26","date_gmt":"2019-03-27T16:10:21","guid":{"rendered":"https:\/\/www.americanrider.eu\/product\/sturgis-bike-week\/"},"modified":"2019-04-02T14:37:21","modified_gmt":"2019-04-02T14:37:21","slug":"sturgis-bike-week","status":"publish","type":"product","link":"https:\/\/www.americanrider.net\/es\/producto\/sturgis-bike-week\/","title":{"rendered":"Sturgis Bike Week"},"content":{"rendered":"<div>\n<p>En este momento estamos actualizando la informaci\u00f3n en la web de todos nuestros tours en los Estados Unidos. Muy pronto nuestro sitio web se actualizar\u00e1, mientras tanto, p\u00f3ngase en contacto con nosotros si est\u00e1 interesado en este recorrido y le proporcionaremos toda la informaci\u00f3n que desee.<\/p>\n<\/div>\n<div style=\"margin: 20px 0;\"><a class=\"maxbutton-7 maxbutton maxbutton-reserva-rutas\" title=\"Reservar ahora\" rel=\"nofollow noopener\" href=\"https:\/\/www.americanrider.net\/es\/reserva-de-rutas\/\"><span class='mb-text'>RESERVAR AHORA<\/span><\/a><\/div>\n","protected":false},"excerpt":{"rendered":"<div style=\"font-family: 'Teko', sans-serif; font-size: 50px; font-weight: bold; line-height: 40px;\">Sturgis Bike Week<\/div>\n<div style=\"margin-top: 20px;\"><span style=\"font-family: 'Teko', sans-serif; font-size: 50px; font-weight: bold; color: #bf020f;\">$Consultar precios<\/span><\/div>\n<div><strong>Nuestros precios pueden ser diferentes dependiendo del n\u00famero de motocicletas, pasajeros, d\u00edas y \u00e9poca del a\u00f1o. Si est\u00e1 interesado en este tour, cont\u00e1ctenos a trav\u00e9s del formulario con la informaci\u00f3n solicitada (haga clic en el bot\u00f3n \u00abreservar ahora\u00bb) y le enviaremos un presupuesto exacto y cerrado.<\/strong><\/div>\n<div style=\"margin: 20px 0;\">[maxbutton id=\"7\"]<\/div>\n<div style=\"font-family: 'Poppins', sans-serif; font-size: 20px; font-weight: bold; margin-top: 20px;\">Informaci\u00f3n:<\/div>\n<ul>\n<li><strong>Motocicleta:<\/strong> Incluida<\/li>\n<li><strong>Impuestos:<\/strong> Incluidos<\/li>\n<li><strong>Gu\u00eda American Rider:<\/strong> Incluida<\/li>\n<li><strong>Combustible: <\/strong>Todo incluido<\/li>\n<li><strong>Hoteles: <\/strong>Todo incluido<\/li>\n<li><strong>Desayuno: <\/strong>Todo incluido<\/li>\n<li><strong>Cenas: <\/strong>Todo incluido<\/li>\n<li><strong>Aperitivo y almuerzo: <\/strong>Todo incluido<\/li>\n<li><strong>Refrescos: <\/strong>Todo incluido<\/li>\n<li><strong>Asistencia en carretera: <\/strong>Incluida<\/li>\n<li><strong>Cascos<\/strong> Incluidos (Conductor y pasajero)<\/li>\n<li><strong>Veh\u00edculo de apoyo: <\/strong>Incluido<\/li>\n<li><strong>Transporte desde el aeropuerto: <\/strong>Incluido<\/li>\n<li><strong>Transporte al aeropuerto: <\/strong>Incluido<\/li>\n<li><strong>Duraci\u00f3n: <\/strong>7 a 10 d\u00edas<\/li>\n<\/ul>\n<div style=\"font-family: 'Poppins', sans-serif; font-size: 20px; font-weight: bold; margin-top: 20px;\">Descuentos:<\/div>\n<ul>\n<li><strong>Grupos de 6 motos o m\u00e1s:<\/strong> Consultar precios<\/li>\n<\/ul>\n<div style=\"margin: 20px 0;\">[maxbutton id=\"7\"]<\/div>\n","protected":false},"featured_media":2748,"comment_status":"closed","ping_status":"closed","template":"","meta":[],"product_brand":[],"product_cat":[133,135,138,134],"product_tag":[],"class_list":{"0":"post-4954","1":"product","2":"type-product","3":"status-publish","4":"has-post-thumbnail","6":"type-guided-tours","7":"type-self-drive-tours","8":"type-tours","9":"product_cat-rutas","10":"product_cat-rutas-guiadas","11":"product_cat-rutas-por-eeuu","12":"product_cat-todas-las-rutas","14":"first","15":"instock","16":"taxable","17":"shipping-taxable","18":"product-type-simple"},"yoast_head":"<!-- This site is optimized with the Yoast SEO plugin v25.5 - https:\/\/yoast.com\/wordpress\/plugins\/seo\/ -->\n<title>Sturgis Bike Week - American Rider<\/title>\n<meta name=\"robots\" content=\"index, follow, max-snippet:-1, max-image-preview:large, max-video-preview:-1\" \/>\n<link rel=\"canonical\" href=\"https:\/\/www.americanrider.net\/es\/producto\/sturgis-bike-week\/\" \/>\n<meta property=\"og:locale\" content=\"es_ES\" \/>\n<meta property=\"og:type\" content=\"article\" \/>\n<meta property=\"og:title\" content=\"Sturgis Bike Week - American Rider\" \/>\n<meta property=\"og:description\" content=\"Sturgis Bike Week $Consultar precios Nuestros precios pueden ser diferentes dependiendo del n\u00famero de motocicletas, pasajeros, d\u00edas y \u00e9poca del a\u00f1o. Si est\u00e1 interesado en este tour, cont\u00e1ctenos a trav\u00e9s del formulario con la informaci\u00f3n solicitada (haga clic en el bot\u00f3n &quot;reservar ahora&quot;) y le enviaremos un presupuesto exacto y cerrado.  Informaci\u00f3n:   Motocicleta: Incluida  Impuestos: Incluidos  Gu\u00eda American Rider: Incluida  Combustible: Todo incluido  Hoteles: Todo incluido  Desayuno: Todo incluido  Cenas: Todo incluido  Aperitivo y almuerzo: Todo incluido  Refrescos: Todo incluido  Asistencia en carretera: Incluida  Cascos Incluidos (Conductor y pasajero)  Veh\u00edculo de apoyo: Incluido  Transporte desde el aeropuerto: Incluido  Transporte al aeropuerto: Incluido  Duraci\u00f3n: 7 a 10 d\u00edas  Descuentos:   Grupos de 6 motos o m\u00e1s: Consultar precios\" \/>\n<meta property=\"og:url\" content=\"https:\/\/www.americanrider.net\/es\/producto\/sturgis-bike-week\/\" \/>\n<meta property=\"og:site_name\" content=\"American Rider\" \/>\n<meta property=\"article:modified_time\" content=\"2019-04-02T14:37:21+00:00\" \/>\n<meta property=\"og:image\" content=\"https:\/\/www.americanrider.net\/wp-content\/uploads\/2019\/02\/00-sturgis-tours.jpg\" \/>\n\t<meta property=\"og:image:width\" content=\"900\" \/>\n\t<meta property=\"og:image:height\" content=\"600\" \/>\n\t<meta property=\"og:image:type\" content=\"image\/jpeg\" \/>\n<meta name=\"twitter:card\" content=\"summary_large_image\" \/>\n<script type=\"application\/ld+json\" class=\"yoast-schema-graph\">{\"@context\":\"https:\/\/schema.org\",\"@graph\":[{\"@type\":\"WebPage\",\"@id\":\"https:\/\/www.americanrider.net\/es\/producto\/sturgis-bike-week\/\",\"url\":\"https:\/\/www.americanrider.net\/es\/producto\/sturgis-bike-week\/\",\"name\":\"Sturgis Bike Week - American Rider\",\"isPartOf\":{\"@id\":\"https:\/\/www.americanrider.net\/es\/#website\"},\"primaryImageOfPage\":{\"@id\":\"https:\/\/www.americanrider.net\/es\/producto\/sturgis-bike-week\/#primaryimage\"},\"image\":{\"@id\":\"https:\/\/www.americanrider.net\/es\/producto\/sturgis-bike-week\/#primaryimage\"},\"thumbnailUrl\":\"https:\/\/www.americanrider.net\/wp-content\/uploads\/2019\/02\/00-sturgis-tours.jpg\",\"datePublished\":\"2019-03-27T16:10:21+00:00\",\"dateModified\":\"2019-04-02T14:37:21+00:00\",\"breadcrumb\":{\"@id\":\"https:\/\/www.americanrider.net\/es\/producto\/sturgis-bike-week\/#breadcrumb\"},\"inLanguage\":\"es\",\"potentialAction\":[{\"@type\":\"ReadAction\",\"target\":[\"https:\/\/www.americanrider.net\/es\/producto\/sturgis-bike-week\/\"]}]},{\"@type\":\"ImageObject\",\"inLanguage\":\"es\",\"@id\":\"https:\/\/www.americanrider.net\/es\/producto\/sturgis-bike-week\/#primaryimage\",\"url\":\"https:\/\/www.americanrider.net\/wp-content\/uploads\/2019\/02\/00-sturgis-tours.jpg\",\"contentUrl\":\"https:\/\/www.americanrider.net\/wp-content\/uploads\/2019\/02\/00-sturgis-tours.jpg\",\"width\":900,\"height\":600,\"caption\":\"Sturgis Bike Week Tour\"},{\"@type\":\"BreadcrumbList\",\"@id\":\"https:\/\/www.americanrider.net\/es\/producto\/sturgis-bike-week\/#breadcrumb\",\"itemListElement\":[{\"@type\":\"ListItem\",\"position\":1,\"name\":\"Home\",\"item\":\"https:\/\/www.americanrider.net\/es\/\"},{\"@type\":\"ListItem\",\"position\":2,\"name\":\"Tienda\",\"item\":\"https:\/\/www.americanrider.net\/es\/tienda\/\"},{\"@type\":\"ListItem\",\"position\":3,\"name\":\"Sturgis Bike Week\"}]},{\"@type\":\"WebSite\",\"@id\":\"https:\/\/www.americanrider.net\/es\/#website\",\"url\":\"https:\/\/www.americanrider.net\/es\/\",\"name\":\"American Rider\",\"description\":\"Motorcycle Rentals and Tours\",\"publisher\":{\"@id\":\"https:\/\/www.americanrider.net\/es\/#organization\"},\"potentialAction\":[{\"@type\":\"SearchAction\",\"target\":{\"@type\":\"EntryPoint\",\"urlTemplate\":\"https:\/\/www.americanrider.net\/es\/?s={search_term_string}\"},\"query-input\":{\"@type\":\"PropertyValueSpecification\",\"valueRequired\":true,\"valueName\":\"search_term_string\"}}],\"inLanguage\":\"es\"},{\"@type\":\"Organization\",\"@id\":\"https:\/\/www.americanrider.net\/es\/#organization\",\"name\":\"American Rider\",\"url\":\"https:\/\/www.americanrider.net\/es\/\",\"logo\":{\"@type\":\"ImageObject\",\"inLanguage\":\"es\",\"@id\":\"https:\/\/www.americanrider.net\/es\/#\/schema\/logo\/image\/\",\"url\":\"https:\/\/www.americanrider.net\/wp-content\/uploads\/2018\/05\/logo-american-rider.png\",\"contentUrl\":\"https:\/\/www.americanrider.net\/wp-content\/uploads\/2018\/05\/logo-american-rider.png\",\"width\":694,\"height\":184,\"caption\":\"American Rider\"},\"image\":{\"@id\":\"https:\/\/www.americanrider.net\/es\/#\/schema\/logo\/image\/\"}}]}<\/script>\n<!-- \/ Yoast SEO plugin. -->","yoast_head_json":{"title":"Sturgis Bike Week - American Rider","robots":{"index":"index","follow":"follow","max-snippet":"max-snippet:-1","max-image-preview":"max-image-preview:large","max-video-preview":"max-video-preview:-1"},"canonical":"https:\/\/www.americanrider.net\/es\/producto\/sturgis-bike-week\/","og_locale":"es_ES","og_type":"article","og_title":"Sturgis Bike Week - American Rider","og_description":"Sturgis Bike Week $Consultar precios Nuestros precios pueden ser diferentes dependiendo del n\u00famero de motocicletas, pasajeros, d\u00edas y \u00e9poca del a\u00f1o. Si est\u00e1 interesado en este tour, cont\u00e1ctenos a trav\u00e9s del formulario con la informaci\u00f3n solicitada (haga clic en el bot\u00f3n \"reservar ahora\") y le enviaremos un presupuesto exacto y cerrado.  Informaci\u00f3n:   Motocicleta: Incluida  Impuestos: Incluidos  Gu\u00eda American Rider: Incluida  Combustible: Todo incluido  Hoteles: Todo incluido  Desayuno: Todo incluido  Cenas: Todo incluido  Aperitivo y almuerzo: Todo incluido  Refrescos: Todo incluido  Asistencia en carretera: Incluida  Cascos Incluidos (Conductor y pasajero)  Veh\u00edculo de apoyo: Incluido  Transporte desde el aeropuerto: Incluido  Transporte al aeropuerto: Incluido  Duraci\u00f3n: 7 a 10 d\u00edas  Descuentos:   Grupos de 6 motos o m\u00e1s: Consultar precios","og_url":"https:\/\/www.americanrider.net\/es\/producto\/sturgis-bike-week\/","og_site_name":"American Rider","article_modified_time":"2019-04-02T14:37:21+00:00","og_image":[{"width":900,"height":600,"url":"https:\/\/www.americanrider.net\/wp-content\/uploads\/2019\/02\/00-sturgis-tours.jpg","type":"image\/jpeg"}],"twitter_card":"summary_large_image","schema":{"@context":"https:\/\/schema.org","@graph":[{"@type":"WebPage","@id":"https:\/\/www.americanrider.net\/es\/producto\/sturgis-bike-week\/","url":"https:\/\/www.americanrider.net\/es\/producto\/sturgis-bike-week\/","name":"Sturgis Bike Week - American Rider","isPartOf":{"@id":"https:\/\/www.americanrider.net\/es\/#website"},"primaryImageOfPage":{"@id":"https:\/\/www.americanrider.net\/es\/producto\/sturgis-bike-week\/#primaryimage"},"image":{"@id":"https:\/\/www.americanrider.net\/es\/producto\/sturgis-bike-week\/#primaryimage"},"thumbnailUrl":"https:\/\/www.americanrider.net\/wp-content\/uploads\/2019\/02\/00-sturgis-tours.jpg","datePublished":"2019-03-27T16:10:21+00:00","dateModified":"2019-04-02T14:37:21+00:00","breadcrumb":{"@id":"https:\/\/www.americanrider.net\/es\/producto\/sturgis-bike-week\/#breadcrumb"},"inLanguage":"es","potentialAction":[{"@type":"ReadAction","target":["https:\/\/www.americanrider.net\/es\/producto\/sturgis-bike-week\/"]}]},{"@type":"ImageObject","inLanguage":"es","@id":"https:\/\/www.americanrider.net\/es\/producto\/sturgis-bike-week\/#primaryimage","url":"https:\/\/www.americanrider.net\/wp-content\/uploads\/2019\/02\/00-sturgis-tours.jpg","contentUrl":"https:\/\/www.americanrider.net\/wp-content\/uploads\/2019\/02\/00-sturgis-tours.jpg","width":900,"height":600,"caption":"Sturgis Bike Week Tour"},{"@type":"BreadcrumbList","@id":"https:\/\/www.americanrider.net\/es\/producto\/sturgis-bike-week\/#breadcrumb","itemListElement":[{"@type":"ListItem","position":1,"name":"Home","item":"https:\/\/www.americanrider.net\/es\/"},{"@type":"ListItem","position":2,"name":"Tienda","item":"https:\/\/www.americanrider.net\/es\/tienda\/"},{"@type":"ListItem","position":3,"name":"Sturgis Bike Week"}]},{"@type":"WebSite","@id":"https:\/\/www.americanrider.net\/es\/#website","url":"https:\/\/www.americanrider.net\/es\/","name":"American Rider","description":"Motorcycle Rentals and Tours","publisher":{"@id":"https:\/\/www.americanrider.net\/es\/#organization"},"potentialAction":[{"@type":"SearchAction","target":{"@type":"EntryPoint","urlTemplate":"https:\/\/www.americanrider.net\/es\/?s={search_term_string}"},"query-input":{"@type":"PropertyValueSpecification","valueRequired":true,"valueName":"search_term_string"}}],"inLanguage":"es"},{"@type":"Organization","@id":"https:\/\/www.americanrider.net\/es\/#organization","name":"American Rider","url":"https:\/\/www.americanrider.net\/es\/","logo":{"@type":"ImageObject","inLanguage":"es","@id":"https:\/\/www.americanrider.net\/es\/#\/schema\/logo\/image\/","url":"https:\/\/www.americanrider.net\/wp-content\/uploads\/2018\/05\/logo-american-rider.png","contentUrl":"https:\/\/www.americanrider.net\/wp-content\/uploads\/2018\/05\/logo-american-rider.png","width":694,"height":184,"caption":"American Rider"},"image":{"@id":"https:\/\/www.americanrider.net\/es\/#\/schema\/logo\/image\/"}}]}},"_links":{"self":[{"href":"https:\/\/www.americanrider.net\/es\/wp-json\/wp\/v2\/product\/4954","targetHints":{"allow":["GET"]}}],"collection":[{"href":"https:\/\/www.americanrider.net\/es\/wp-json\/wp\/v2\/product"}],"about":[{"href":"https:\/\/www.americanrider.net\/es\/wp-json\/wp\/v2\/types\/product"}],"replies":[{"embeddable":true,"href":"https:\/\/www.americanrider.net\/es\/wp-json\/wp\/v2\/comments?post=4954"}],"version-history":[{"count":0,"href":"https:\/\/www.americanrider.net\/es\/wp-json\/wp\/v2\/product\/4954\/revisions"}],"wp:featuredmedia":[{"embeddable":true,"href":"https:\/\/www.americanrider.net\/es\/wp-json\/wp\/v2\/media\/2748"}],"wp:attachment":[{"href":"https:\/\/www.americanrider.net\/es\/wp-json\/wp\/v2\/media?parent=4954"}],"wp:term":[{"taxonomy":"product_brand","embeddable":true,"href":"https:\/\/www.americanrider.net\/es\/wp-json\/wp\/v2\/product_brand?post=4954"},{"taxonomy":"product_cat","embeddable":true,"href":"https:\/\/www.americanrider.net\/es\/wp-json\/wp\/v2\/product_cat?post=4954"},{"taxonomy":"product_tag","embeddable":true,"href":"https:\/\/www.americanrider.net\/es\/wp-json\/wp\/v2\/product_tag?post=4954"}],"curies":[{"name":"wp","href":"https:\/\/api.w.org\/{rel}","templated":true}]}}