{"id":4944,"date":"2019-03-06T14:30:04","date_gmt":"2019-03-27T15:12:40","guid":{"rendered":"https:\/\/www.americanrider.eu\/product\/axarquia-oeste-ruta-auto-guiada\/"},"modified":"2019-04-02T13:40:23","modified_gmt":"2019-04-02T13:40:23","slug":"axarquia-oeste-ruta-auto-guiada","status":"publish","type":"product","link":"https:\/\/www.americanrider.net\/es\/producto\/axarquia-oeste-ruta-auto-guiada\/","title":{"rendered":"Axarqu\u00eda Oeste <br><i class=\"fas fa-motorcycle\"><\/i> Ruta Auto Guiada"},"content":{"rendered":"\t\t<div data-elementor-type=\"wp-post\" data-elementor-id=\"4944\" class=\"elementor elementor-4944 elementor-3625\">\n\t\t\t\t\t\t<section class=\"elementor-section elementor-top-section elementor-element elementor-element-66eaec4 elementor-section-boxed elementor-section-height-default elementor-section-height-default\" data-id=\"66eaec4\" data-element_type=\"section\">\n\t\t\t\t\t\t<div class=\"elementor-container elementor-column-gap-default\">\n\t\t\t\t\t<div class=\"elementor-column elementor-col-100 elementor-top-column elementor-element elementor-element-07065a2\" data-id=\"07065a2\" data-element_type=\"column\">\n\t\t\t<div class=\"elementor-widget-wrap elementor-element-populated\">\n\t\t\t\t\t\t<div class=\"elementor-element elementor-element-7c10ee3 elementor-widget elementor-widget-ovacrs_text_support\" data-id=\"7c10ee3\" data-element_type=\"widget\" data-widget_type=\"ovacrs_text_support.default\">\n\t\t\t\t<div class=\"elementor-widget-container\">\n\t\t\t\t\t<div class=\"ovacrs_support  dark\"><div class=\"desc\"><p><i class=\"fas fa-motorcycle\"><\/i> <strong>Ruta Auto Guiada<\/strong><\/p><p>Este recorrido se realiza a trav\u00e9s de pueblos y ciudades de la provincia de M\u00e1laga como: M\u00e1laga, Moclinejo, El Borje, Benamargosa, Comares, La Vi\u00f1uela, V\u00e9lez M\u00e1laga, etc.<\/p><p>Durante este recorrido, puede ver lugares emblem\u00e1ticos, paisajes y monumentos como as: Puerto de M\u00e1laga, Centro hist\u00f3rico, Alcazaba y Catedral de M\u00e1laga, Parque Natural de las monta\u00f1as de M\u00e1laga, Colinas de la Axarqu\u00eda del Oeste, Ruta del aceite de oliva y el vino, Ruta de pueblos y aldeas blancas, Lago\u00a0 de la Vi\u00f1uela ... \u00a1y mucho m\u00e1s!<\/p><div style=\"margin: 20px 0;\"><a class=\"maxbutton-7 maxbutton maxbutton-reserva-rutas\" title=\"Reservar ahora\" rel=\"nofollow noopener\" href=\"https:\/\/www.americanrider.net\/es\/reserva-de-rutas\/\"><span class='mb-text'>RESERVAR AHORA<\/span><\/a><\/div><\/div><span class=\"line\"><\/span><\/div>\t\t\t\t<\/div>\n\t\t\t\t<\/div>\n\t\t\t\t\t<\/div>\n\t\t<\/div>\n\t\t\t\t\t<\/div>\n\t\t<\/section>\n\t\t\t\t<section class=\"elementor-section elementor-top-section elementor-element elementor-element-a3dedef elementor-section-boxed elementor-section-height-default elementor-section-height-default\" data-id=\"a3dedef\" data-element_type=\"section\">\n\t\t\t\t\t\t<div class=\"elementor-container elementor-column-gap-default\">\n\t\t\t\t\t<div class=\"elementor-column elementor-col-50 elementor-top-column elementor-element elementor-element-e0ac07f\" data-id=\"e0ac07f\" data-element_type=\"column\">\n\t\t\t<div class=\"elementor-widget-wrap elementor-element-populated\">\n\t\t\t\t\t\t<div class=\"elementor-element elementor-element-7bb357c elementor-widget elementor-widget-ovacrs_service_card\" data-id=\"7bb357c\" data-element_type=\"widget\" data-widget_type=\"ovacrs_service_card.default\">\n\t\t\t\t<div class=\"elementor-widget-container\">\n\t\t\t\t\t<div class=\"ireca_service_card \"><img decoding=\"async\" src=\"https:\/\/www.americanrider.eu\/wp-content\/uploads\/2019\/02\/service-van-car-tours.jpg\"><\/img><div class=\"bg_white_skew\"><\/div><div class=\"content skew_img\"><h3 class=\"title\">Ruta en Auto<\/h3><div class=\"desc\"><p>Esta Ruta tambi\u00e9n est\u00e1 disponible en la modalidad <strong>Coche\/Furgoneta<\/strong>.<\/p><\/div><a class=\"ireca_btn ireca_tran\" target=\"_self\" href=\"https:\/\/www.americanrider.eu\/es\/producto\/axarquia-oeste-ruta-en-auto\/\"><i class=\"arrow_carrot-right_alt2\"><\/i>Ver Detalles<\/a><\/div><\/div>\t\t\t\t<\/div>\n\t\t\t\t<\/div>\n\t\t\t\t\t<\/div>\n\t\t<\/div>\n\t\t\t\t<div class=\"elementor-column elementor-col-50 elementor-top-column elementor-element elementor-element-3df4ed4\" data-id=\"3df4ed4\" data-element_type=\"column\">\n\t\t\t<div class=\"elementor-widget-wrap elementor-element-populated\">\n\t\t\t\t\t\t<div class=\"elementor-element elementor-element-93aedda elementor-widget elementor-widget-ovacrs_service_card\" data-id=\"93aedda\" data-element_type=\"widget\" data-widget_type=\"ovacrs_service_card.default\">\n\t\t\t\t<div class=\"elementor-widget-container\">\n\t\t\t\t\t<div class=\"ireca_service_card \"><img decoding=\"async\" src=\"https:\/\/www.americanrider.eu\/wp-content\/uploads\/2019\/01\/09-everglades-tour.jpg\"><\/img><div class=\"bg_white_skew\"><\/div><div class=\"content skew_img\"><h3 class=\"title\">Ruta Guiada<\/h3><div class=\"desc\">Esta Ruta tambi\u00e9n est\u00e1 disponible en la modalidad <strong>Ruta Guiada<\/strong>.<\/div><a class=\"ireca_btn ireca_tran\" target=\"_self\" href=\"https:\/\/www.americanrider.eu\/es\/producto\/axarquia-oeste-ruta-en-auto\/\"><i class=\"arrow_carrot-right_alt2\"><\/i>Ver detalles<\/a><\/div><\/div>\t\t\t\t<\/div>\n\t\t\t\t<\/div>\n\t\t\t\t\t<\/div>\n\t\t<\/div>\n\t\t\t\t\t<\/div>\n\t\t<\/section>\n\t\t\t\t<\/div>\n\t\t","protected":false},"excerpt":{"rendered":"<div style=\"font-family: 'Teko', sans-serif; font-size: 50px; font-weight: bold; line-height: 40px;\">Axarqu\u00eda Oeste<\/div>\n<p><i class=\"fas fa-motorcycle\"><\/i> <strong>Ruta Auto Guiada<\/strong><\/p>\n<div style=\"margin-top: 20px;\"><span style=\"font-family: 'Teko', sans-serif; font-size: 50px; font-weight: bold; color: #bf020f;\">225\u20ac<\/span> \/ <em><strong>Precio por 1 moto<\/strong><\/em><\/div>\n<div style=\"margin: 20px 0;\">[maxbutton id=\"7\"]<\/div>\n<div style=\"font-family: 'Poppins', sans-serif; font-size: 20px; font-weight: bold; margin-top: 20px;\">Informaci\u00f3n:<\/div>\n<ul>\n<li><strong>Motocicleta:<\/strong> Incluida<\/li>\n<li><strong>Impuestos:<\/strong> Incluidos<\/li>\n<li><strong>GPS con ruta de tour:<\/strong> Incluido<\/li>\n<li><strong>Combustible: <\/strong>Todo incluido<\/li>\n<li><strong>Asistencia en carretera: <\/strong>Incluida<\/li>\n<li><strong>Cascos<\/strong> Incluidos (Conductor y pasajero)<\/li>\n<li><strong>Bloqueo:<\/strong> Incluido (Bloqueo de disco o cable)<\/li>\n<li><strong>Asientos: <\/strong>2<\/li>\n<li><strong>Listas con: <\/strong>recomendaciones de los mejores lugares, monumentos, restaurantes y bares de tapas para visitar durante el recorrido<\/li>\n<li><strong>Reuni\u00f3n de bienvenida con: <\/strong>una gu\u00eda y una explicaci\u00f3n informativa de todos los aspectos del recorrido<\/li>\n<li><strong>Duraci\u00f3n: <\/strong>1 d\u00eda (8 horas aprox.)<\/li>\n<li><strong>Kil\u00f3metros\/Kilometraje: <\/strong>175 aprox.<\/li>\n<\/ul>\n<div style=\"font-family: 'Poppins', sans-serif; font-size: 20px; font-weight: bold; margin-top: 20px;\">Descuentos:<\/div>\n<ul>\n<li><strong>6 motos o m\u00e1s:<\/strong> consultar precios.<\/li>\n<\/ul>\n<div style=\"margin: 20px 0;\">[maxbutton id=\"7\"]<\/div>\n","protected":false},"featured_media":3452,"comment_status":"closed","ping_status":"closed","template":"","meta":[],"product_brand":[],"product_cat":[133,136,137,134],"product_tag":[],"class_list":{"0":"post-4944","1":"product","2":"type-product","3":"status-publish","4":"has-post-thumbnail","6":"type-self-drive-tours","7":"product_cat-rutas","8":"product_cat-rutas-auto-guiadas","9":"product_cat-rutas-por-espana","10":"product_cat-todas-las-rutas","12":"first","13":"instock","14":"taxable","15":"shipping-taxable","16":"product-type-simple"},"yoast_head":"<!-- This site is optimized with the Yoast SEO plugin v25.5 - https:\/\/yoast.com\/wordpress\/plugins\/seo\/ -->\n<title>Axarqu\u00eda Oeste  Ruta Auto Guiada - American Rider<\/title>\n<meta name=\"description\" content=\"Descubre la magia de los pueblos, pueblos y ciudades de la provincia de M\u00e1laga. La Ruta de la Axarqu\u00eda oeste te mostrar\u00e1 paisajes y monumentos de belleza inigualable.\" \/>\n<meta name=\"robots\" content=\"index, follow, max-snippet:-1, max-image-preview:large, max-video-preview:-1\" \/>\n<link rel=\"canonical\" href=\"https:\/\/www.americanrider.net\/es\/producto\/axarquia-oeste-ruta-auto-guiada\/\" \/>\n<meta property=\"og:locale\" content=\"es_ES\" \/>\n<meta property=\"og:type\" content=\"article\" \/>\n<meta property=\"og:title\" content=\"Axarqu\u00eda Oeste  Ruta Auto Guiada - American Rider\" \/>\n<meta property=\"og:description\" content=\"Descubre la magia de los pueblos, pueblos y ciudades de la provincia de M\u00e1laga. La Ruta de la Axarqu\u00eda oeste te mostrar\u00e1 paisajes y monumentos de belleza inigualable.\" \/>\n<meta property=\"og:url\" content=\"https:\/\/www.americanrider.net\/es\/producto\/axarquia-oeste-ruta-auto-guiada\/\" \/>\n<meta property=\"og:site_name\" content=\"American Rider\" \/>\n<meta property=\"article:modified_time\" content=\"2019-04-02T13:40:23+00:00\" \/>\n<meta property=\"og:image\" content=\"https:\/\/www.americanrider.net\/wp-content\/uploads\/2019\/02\/comares.jpg\" \/>\n\t<meta property=\"og:image:width\" content=\"900\" \/>\n\t<meta property=\"og:image:height\" content=\"600\" \/>\n\t<meta property=\"og:image:type\" content=\"image\/jpeg\" \/>\n<meta name=\"twitter:card\" content=\"summary_large_image\" \/>\n<meta name=\"twitter:label1\" content=\"Tiempo de lectura\" \/>\n\t<meta name=\"twitter:data1\" content=\"1 minuto\" \/>\n<script type=\"application\/ld+json\" class=\"yoast-schema-graph\">{\"@context\":\"https:\/\/schema.org\",\"@graph\":[{\"@type\":\"WebPage\",\"@id\":\"https:\/\/www.americanrider.net\/es\/producto\/axarquia-oeste-ruta-auto-guiada\/\",\"url\":\"https:\/\/www.americanrider.net\/es\/producto\/axarquia-oeste-ruta-auto-guiada\/\",\"name\":\"Axarqu\u00eda Oeste Ruta Auto Guiada - American Rider\",\"isPartOf\":{\"@id\":\"https:\/\/www.americanrider.net\/es\/#website\"},\"primaryImageOfPage\":{\"@id\":\"https:\/\/www.americanrider.net\/es\/producto\/axarquia-oeste-ruta-auto-guiada\/#primaryimage\"},\"image\":{\"@id\":\"https:\/\/www.americanrider.net\/es\/producto\/axarquia-oeste-ruta-auto-guiada\/#primaryimage\"},\"thumbnailUrl\":\"https:\/\/www.americanrider.net\/wp-content\/uploads\/2019\/02\/comares.jpg\",\"datePublished\":\"2019-03-27T15:12:40+00:00\",\"dateModified\":\"2019-04-02T13:40:23+00:00\",\"description\":\"Descubre la magia de los pueblos, pueblos y ciudades de la provincia de M\u00e1laga. La Ruta de la Axarqu\u00eda oeste te mostrar\u00e1 paisajes y monumentos de belleza inigualable.\",\"breadcrumb\":{\"@id\":\"https:\/\/www.americanrider.net\/es\/producto\/axarquia-oeste-ruta-auto-guiada\/#breadcrumb\"},\"inLanguage\":\"es\",\"potentialAction\":[{\"@type\":\"ReadAction\",\"target\":[\"https:\/\/www.americanrider.net\/es\/producto\/axarquia-oeste-ruta-auto-guiada\/\"]}]},{\"@type\":\"ImageObject\",\"inLanguage\":\"es\",\"@id\":\"https:\/\/www.americanrider.net\/es\/producto\/axarquia-oeste-ruta-auto-guiada\/#primaryimage\",\"url\":\"https:\/\/www.americanrider.net\/wp-content\/uploads\/2019\/02\/comares.jpg\",\"contentUrl\":\"https:\/\/www.americanrider.net\/wp-content\/uploads\/2019\/02\/comares.jpg\",\"width\":900,\"height\":600,\"caption\":\"Comares\"},{\"@type\":\"BreadcrumbList\",\"@id\":\"https:\/\/www.americanrider.net\/es\/producto\/axarquia-oeste-ruta-auto-guiada\/#breadcrumb\",\"itemListElement\":[{\"@type\":\"ListItem\",\"position\":1,\"name\":\"Home\",\"item\":\"https:\/\/www.americanrider.net\/es\/\"},{\"@type\":\"ListItem\",\"position\":2,\"name\":\"Tienda\",\"item\":\"https:\/\/www.americanrider.net\/es\/tienda\/\"},{\"@type\":\"ListItem\",\"position\":3,\"name\":\"Axarqu\u00eda Oeste Ruta Auto Guiada\"}]},{\"@type\":\"WebSite\",\"@id\":\"https:\/\/www.americanrider.net\/es\/#website\",\"url\":\"https:\/\/www.americanrider.net\/es\/\",\"name\":\"American Rider\",\"description\":\"Motorcycle Rentals and Tours\",\"publisher\":{\"@id\":\"https:\/\/www.americanrider.net\/es\/#organization\"},\"potentialAction\":[{\"@type\":\"SearchAction\",\"target\":{\"@type\":\"EntryPoint\",\"urlTemplate\":\"https:\/\/www.americanrider.net\/es\/?s={search_term_string}\"},\"query-input\":{\"@type\":\"PropertyValueSpecification\",\"valueRequired\":true,\"valueName\":\"search_term_string\"}}],\"inLanguage\":\"es\"},{\"@type\":\"Organization\",\"@id\":\"https:\/\/www.americanrider.net\/es\/#organization\",\"name\":\"American Rider\",\"url\":\"https:\/\/www.americanrider.net\/es\/\",\"logo\":{\"@type\":\"ImageObject\",\"inLanguage\":\"es\",\"@id\":\"https:\/\/www.americanrider.net\/es\/#\/schema\/logo\/image\/\",\"url\":\"https:\/\/www.americanrider.net\/wp-content\/uploads\/2018\/05\/logo-american-rider.png\",\"contentUrl\":\"https:\/\/www.americanrider.net\/wp-content\/uploads\/2018\/05\/logo-american-rider.png\",\"width\":694,\"height\":184,\"caption\":\"American Rider\"},\"image\":{\"@id\":\"https:\/\/www.americanrider.net\/es\/#\/schema\/logo\/image\/\"}}]}<\/script>\n<!-- \/ Yoast SEO plugin. -->","yoast_head_json":{"title":"Axarqu\u00eda Oeste  Ruta Auto Guiada - American Rider","description":"Descubre la magia de los pueblos, pueblos y ciudades de la provincia de M\u00e1laga. La Ruta de la Axarqu\u00eda oeste te mostrar\u00e1 paisajes y monumentos de belleza inigualable.","robots":{"index":"index","follow":"follow","max-snippet":"max-snippet:-1","max-image-preview":"max-image-preview:large","max-video-preview":"max-video-preview:-1"},"canonical":"https:\/\/www.americanrider.net\/es\/producto\/axarquia-oeste-ruta-auto-guiada\/","og_locale":"es_ES","og_type":"article","og_title":"Axarqu\u00eda Oeste  Ruta Auto Guiada - American Rider","og_description":"Descubre la magia de los pueblos, pueblos y ciudades de la provincia de M\u00e1laga. La Ruta de la Axarqu\u00eda oeste te mostrar\u00e1 paisajes y monumentos de belleza inigualable.","og_url":"https:\/\/www.americanrider.net\/es\/producto\/axarquia-oeste-ruta-auto-guiada\/","og_site_name":"American Rider","article_modified_time":"2019-04-02T13:40:23+00:00","og_image":[{"width":900,"height":600,"url":"https:\/\/www.americanrider.net\/wp-content\/uploads\/2019\/02\/comares.jpg","type":"image\/jpeg"}],"twitter_card":"summary_large_image","twitter_misc":{"Tiempo de lectura":"1 minuto"},"schema":{"@context":"https:\/\/schema.org","@graph":[{"@type":"WebPage","@id":"https:\/\/www.americanrider.net\/es\/producto\/axarquia-oeste-ruta-auto-guiada\/","url":"https:\/\/www.americanrider.net\/es\/producto\/axarquia-oeste-ruta-auto-guiada\/","name":"Axarqu\u00eda Oeste Ruta Auto Guiada - American Rider","isPartOf":{"@id":"https:\/\/www.americanrider.net\/es\/#website"},"primaryImageOfPage":{"@id":"https:\/\/www.americanrider.net\/es\/producto\/axarquia-oeste-ruta-auto-guiada\/#primaryimage"},"image":{"@id":"https:\/\/www.americanrider.net\/es\/producto\/axarquia-oeste-ruta-auto-guiada\/#primaryimage"},"thumbnailUrl":"https:\/\/www.americanrider.net\/wp-content\/uploads\/2019\/02\/comares.jpg","datePublished":"2019-03-27T15:12:40+00:00","dateModified":"2019-04-02T13:40:23+00:00","description":"Descubre la magia de los pueblos, pueblos y ciudades de la provincia de M\u00e1laga. La Ruta de la Axarqu\u00eda oeste te mostrar\u00e1 paisajes y monumentos de belleza inigualable.","breadcrumb":{"@id":"https:\/\/www.americanrider.net\/es\/producto\/axarquia-oeste-ruta-auto-guiada\/#breadcrumb"},"inLanguage":"es","potentialAction":[{"@type":"ReadAction","target":["https:\/\/www.americanrider.net\/es\/producto\/axarquia-oeste-ruta-auto-guiada\/"]}]},{"@type":"ImageObject","inLanguage":"es","@id":"https:\/\/www.americanrider.net\/es\/producto\/axarquia-oeste-ruta-auto-guiada\/#primaryimage","url":"https:\/\/www.americanrider.net\/wp-content\/uploads\/2019\/02\/comares.jpg","contentUrl":"https:\/\/www.americanrider.net\/wp-content\/uploads\/2019\/02\/comares.jpg","width":900,"height":600,"caption":"Comares"},{"@type":"BreadcrumbList","@id":"https:\/\/www.americanrider.net\/es\/producto\/axarquia-oeste-ruta-auto-guiada\/#breadcrumb","itemListElement":[{"@type":"ListItem","position":1,"name":"Home","item":"https:\/\/www.americanrider.net\/es\/"},{"@type":"ListItem","position":2,"name":"Tienda","item":"https:\/\/www.americanrider.net\/es\/tienda\/"},{"@type":"ListItem","position":3,"name":"Axarqu\u00eda Oeste Ruta Auto Guiada"}]},{"@type":"WebSite","@id":"https:\/\/www.americanrider.net\/es\/#website","url":"https:\/\/www.americanrider.net\/es\/","name":"American Rider","description":"Motorcycle Rentals and Tours","publisher":{"@id":"https:\/\/www.americanrider.net\/es\/#organization"},"potentialAction":[{"@type":"SearchAction","target":{"@type":"EntryPoint","urlTemplate":"https:\/\/www.americanrider.net\/es\/?s={search_term_string}"},"query-input":{"@type":"PropertyValueSpecification","valueRequired":true,"valueName":"search_term_string"}}],"inLanguage":"es"},{"@type":"Organization","@id":"https:\/\/www.americanrider.net\/es\/#organization","name":"American Rider","url":"https:\/\/www.americanrider.net\/es\/","logo":{"@type":"ImageObject","inLanguage":"es","@id":"https:\/\/www.americanrider.net\/es\/#\/schema\/logo\/image\/","url":"https:\/\/www.americanrider.net\/wp-content\/uploads\/2018\/05\/logo-american-rider.png","contentUrl":"https:\/\/www.americanrider.net\/wp-content\/uploads\/2018\/05\/logo-american-rider.png","width":694,"height":184,"caption":"American Rider"},"image":{"@id":"https:\/\/www.americanrider.net\/es\/#\/schema\/logo\/image\/"}}]}},"_links":{"self":[{"href":"https:\/\/www.americanrider.net\/es\/wp-json\/wp\/v2\/product\/4944","targetHints":{"allow":["GET"]}}],"collection":[{"href":"https:\/\/www.americanrider.net\/es\/wp-json\/wp\/v2\/product"}],"about":[{"href":"https:\/\/www.americanrider.net\/es\/wp-json\/wp\/v2\/types\/product"}],"replies":[{"embeddable":true,"href":"https:\/\/www.americanrider.net\/es\/wp-json\/wp\/v2\/comments?post=4944"}],"version-history":[{"count":0,"href":"https:\/\/www.americanrider.net\/es\/wp-json\/wp\/v2\/product\/4944\/revisions"}],"wp:featuredmedia":[{"embeddable":true,"href":"https:\/\/www.americanrider.net\/es\/wp-json\/wp\/v2\/media\/3452"}],"wp:attachment":[{"href":"https:\/\/www.americanrider.net\/es\/wp-json\/wp\/v2\/media?parent=4944"}],"wp:term":[{"taxonomy":"product_brand","embeddable":true,"href":"https:\/\/www.americanrider.net\/es\/wp-json\/wp\/v2\/product_brand?post=4944"},{"taxonomy":"product_cat","embeddable":true,"href":"https:\/\/www.americanrider.net\/es\/wp-json\/wp\/v2\/product_cat?post=4944"},{"taxonomy":"product_tag","embeddable":true,"href":"https:\/\/www.americanrider.net\/es\/wp-json\/wp\/v2\/product_tag?post=4944"}],"curies":[{"name":"wp","href":"https:\/\/api.w.org\/{rel}","templated":true}]}}