{"id":5345,"date":"2019-04-02T18:11:46","date_gmt":"2019-04-02T18:11:46","guid":{"rendered":"https:\/\/www.americanrider.eu\/politica-de-privacidad\/"},"modified":"2019-04-02T18:11:51","modified_gmt":"2019-04-02T18:11:51","slug":"politica-de-privacidad","status":"publish","type":"page","link":"https:\/\/www.americanrider.net\/es\/politica-de-privacidad\/","title":{"rendered":"Pol\u00edtica de Privacidad"},"content":{"rendered":"\n<h1 class=\"wp-block-heading\">Pol\u00edtica de Cookies para American Rider<\/h1>\n\n<p>Esta es la Pol\u00edtica de cookies para American Rider, accesible desde <a href=\"https:\/\/www.americanrider.net\">https:\/\/www.americanrider.net<\/a><\/p>\n\n<h4 class=\"wp-block-heading\">Qu\u00e9 son las Cookies<\/h4>\n\n<p>Como es habitual en casi todos los sitios web profesionales, este sitio utiliza cookies, que son peque\u00f1os archivos que se descargan en su computadora, para mejorar su experiencia. Esta p\u00e1gina describe qu\u00e9 informaci\u00f3n recopilan, c\u00f3mo la usamos y por qu\u00e9 a veces necesitamos almacenar estas cookies. Tambi\u00e9n compartiremos c\u00f3mo puede evitar que estas cookies se almacenen, sin embargo, esto puede degradar o \u00abromper\u00bb ciertos elementos de la funcionalidad de los sitios. Para obtener m\u00e1s informaci\u00f3n general sobre las cookies, consulte el <a href=\"https:\/\/en.wikipedia.org\/wiki\/HTTP_cookie\" rel=\"nofollow\">art\u00edculo de Wikipedia o HTTP Cookies<\/a>.<\/p>\n\n<h4 class=\"h4 wp-block-heading\">C\u00f3mo usamos las Cookies<\/h4>\n\n<p>Usamos cookies por una variedad de razones que se detallan a continuaci\u00f3n. Desafortunadamente, en la mayor\u00eda de los casos, no hay opciones est\u00e1ndar de la industria para deshabilitar las cookies sin deshabilitar completamente la funcionalidad y las funciones que agregan a este sitio. Se recomienda que deje en todas las cookies si no est\u00e1 seguro de si las necesita o no en caso de que se utilicen para proporcionar un servicio que usted utiliza.<\/p>\n\n<h4 class=\"wp-block-heading\">Desactivar las cookies<\/h4>\n\n<p>Puede evitar la configuraci\u00f3n de cookies ajustando la configuraci\u00f3n de su navegador (consulte la Ayuda de su navegador para saber c\u00f3mo hacerlo). Tenga en cuenta que la desactivaci\u00f3n de las cookies afectar\u00e1 la funcionalidad de este y muchos otros sitios web que visite. Por lo general, deshabilitar las cookies tambi\u00e9n deshabilitar\u00e1 ciertas funciones y funciones de este sitio. Por lo tanto, se recomienda que no deshabilite las cookies.<\/p>\n\n<h4 class=\"wp-block-heading\">Las cookies que utilizamos<\/h4>\n\n<ul class=\"wp-block-list\">\n<li>\n<strong>Cookies relacionadas con la cuenta.<\/strong> Si crea una cuenta con nosotros, utilizaremos cookies para la administraci\u00f3n del proceso de registro y la administraci\u00f3n general. Estas cookies generalmente se eliminar\u00e1n cuando se desconecte, sin embargo, en algunos casos pueden permanecer despu\u00e9s para recordar sus preferencias de sitio cuando se desconecta.<\/li>\n<li>\n<strong>Cookies de inicio de sesi\u00f3n relacionadas.<\/strong> Utilizamos cookies cuando usted est\u00e1 conectado para que podamos recordar este hecho. Esto evita que tenga que iniciar sesi\u00f3n cada vez que visite una p\u00e1gina nueva. Normalmente, estas cookies se eliminan o borran cuando se desconecta para garantizar que solo pueda acceder a las \u00e1reas y funciones restringidas al iniciar sesi\u00f3n.<\/li>\n<li>\n<strong>Formularios y cookies.<\/strong> Cuando env\u00ede datos a trav\u00e9s de un formulario como los que se encuentran en las p\u00e1ginas de contacto o formularios de comentarios, es posible que las cookies se configuren para recordar sus detalles de usuario para la correspondencia futura.<\/li>\n<li>\n<strong>Cookies de preferencias del sitio.<\/strong> Con el fin de brindarle una excelente experiencia en este sitio, le brindamos la funcionalidad para configurar sus preferencias sobre c\u00f3mo se ejecuta este sitio cuando lo usa. Para recordar sus preferencias, debemos establecer cookies para que pueda llamarse a esta informaci\u00f3n cada vez que interact\u00fae con una p\u00e1gina que se vea afectada por sus preferencias.<\/li>\n<\/ul>\n<h4 class=\"wp-block-heading\">Cookies de terceros<\/h4>\n\n<p>En algunos casos especiales tambi\u00e9n utilizamos cookies proporcionadas por terceros de confianza. La siguiente secci\u00f3n detalla qu\u00e9 cookies de terceros puede encontrar a trav\u00e9s de este sitio.<\/p>\n\n<ul class=\"wp-block-list\">\n<li>Este sitio utiliza Google Analytics, que es una de las soluciones de an\u00e1lisis m\u00e1s extendidas y confiables en la web, por ayudarnos a comprender c\u00f3mo usa el sitio y c\u00f3mo podemos mejorar su experiencia. Estas cookies pueden rastrear cosas como el tiempo que pasa en el sitio y las p\u00e1ginas que visita para que podamos continuar produciendo contenido atractivo. Para obtener m\u00e1s informaci\u00f3n sobre las cookies de Google Analytics, consulte la p\u00e1gina oficial de Google Analytics.<\/li>\n<li>El servicio Google AdSense que utilizamos para publicar anuncios utiliza una cookie de DoubleClick para publicar anuncios m\u00e1s relevantes en la web y limitar el n\u00famero de veces que se le muestra un anuncio determinado. Para obtener m\u00e1s informaci\u00f3n sobre Google AdSense, consulte las preguntas frecuentes oficiales de privacidad de Google AdSense.<\/li>\n<li>Tambi\u00e9n utilizamos botones de redes sociales y \/ o complementos en este sitio que le permiten conectarse con su red social de varias maneras. Para que estos funcionen los siguientes sitios de redes sociales incluidos; Facebook, Instagram, Pinterest, YouTube o Vimeo, establecer\u00e1n cookies a trav\u00e9s de nuestro sitio que se pueden utilizar para mejorar su perfil en su sitio o contribuir a los datos que poseen para diversos fines descritos en sus respectivas pol\u00edticas de privacidad.<\/li>\n<\/ul>\n<h4 class=\"wp-block-heading\">M\u00e1s Informaci\u00f3n<\/h4>\n\n<p>Esperamos que esto le haya aclarado las cosas y como se mencion\u00f3 anteriormente si hay algo de lo que no est\u00e1 seguro de si lo necesita o no, por lo general es m\u00e1s seguro dejar las cookies habilitadas en caso de que interact\u00fae con una de las funciones que utiliza en nuestro sitio. Sin embargo, si a\u00fan est\u00e1 buscando m\u00e1s informaci\u00f3n, puede contactarnos a trav\u00e9s de uno de nuestros m\u00e9todos de contacto preferidos:<\/p>\n\n<ul class=\"wp-block-list\"><li>Email: <a href=\"spain@americanrider.eu\">spain@americanrider.eu<\/a>\n<\/li><\/ul>\n<div style=\"height:100px\" aria-hidden=\"true\" class=\"wp-block-spacer\"><\/div>\n","protected":false},"excerpt":{"rendered":"<p>Pol\u00edtica de Cookies para American Rider Esta es la Pol\u00edtica de cookies para American Rider, accesible desde https:\/\/www.americanrider.net Qu\u00e9 son las Cookies Como es habitual en casi todos los sitios web profesionales, este sitio utiliza cookies, que son peque\u00f1os archivos que se descargan en su computadora, para mejorar su experiencia. Esta p\u00e1gina describe qu\u00e9 informaci\u00f3n [&hellip;]<\/p>\n","protected":false},"author":1,"featured_media":0,"parent":0,"menu_order":0,"comment_status":"closed","ping_status":"open","template":"templates\/home.php","meta":{"footnotes":""},"class_list":["post-5345","page","type-page","status-publish","hentry"],"yoast_head":"<!-- This site is optimized with the Yoast SEO plugin v25.5 - https:\/\/yoast.com\/wordpress\/plugins\/seo\/ -->\n<title>Pol\u00edtica de Privacidad - American Rider<\/title>\n<meta name=\"robots\" content=\"index, follow, max-snippet:-1, max-image-preview:large, max-video-preview:-1\" \/>\n<link rel=\"canonical\" href=\"https:\/\/www.americanrider.net\/es\/politica-de-privacidad\/\" \/>\n<meta property=\"og:locale\" content=\"es_ES\" \/>\n<meta property=\"og:type\" content=\"article\" \/>\n<meta property=\"og:title\" content=\"Pol\u00edtica de Privacidad - American Rider\" \/>\n<meta property=\"og:description\" content=\"Pol\u00edtica de Cookies para American Rider Esta es la Pol\u00edtica de cookies para American Rider, accesible desde https:\/\/www.americanrider.net Qu\u00e9 son las Cookies Como es habitual en casi todos los sitios web profesionales, este sitio utiliza cookies, que son peque\u00f1os archivos que se descargan en su computadora, para mejorar su experiencia. Esta p\u00e1gina describe qu\u00e9 informaci\u00f3n [&hellip;]\" \/>\n<meta property=\"og:url\" content=\"https:\/\/www.americanrider.net\/es\/politica-de-privacidad\/\" \/>\n<meta property=\"og:site_name\" content=\"American Rider\" \/>\n<meta property=\"article:modified_time\" content=\"2019-04-02T18:11:51+00:00\" \/>\n<meta name=\"twitter:card\" content=\"summary_large_image\" \/>\n<meta name=\"twitter:label1\" content=\"Tiempo de lectura\" \/>\n\t<meta name=\"twitter:data1\" content=\"4 minutos\" \/>\n<script type=\"application\/ld+json\" class=\"yoast-schema-graph\">{\"@context\":\"https:\/\/schema.org\",\"@graph\":[{\"@type\":\"WebPage\",\"@id\":\"https:\/\/www.americanrider.net\/es\/politica-de-privacidad\/\",\"url\":\"https:\/\/www.americanrider.net\/es\/politica-de-privacidad\/\",\"name\":\"Pol\u00edtica de Privacidad - American Rider\",\"isPartOf\":{\"@id\":\"https:\/\/www.americanrider.net\/es\/#website\"},\"datePublished\":\"2019-04-02T18:11:46+00:00\",\"dateModified\":\"2019-04-02T18:11:51+00:00\",\"breadcrumb\":{\"@id\":\"https:\/\/www.americanrider.net\/es\/politica-de-privacidad\/#breadcrumb\"},\"inLanguage\":\"es\",\"potentialAction\":[{\"@type\":\"ReadAction\",\"target\":[\"https:\/\/www.americanrider.net\/es\/politica-de-privacidad\/\"]}]},{\"@type\":\"BreadcrumbList\",\"@id\":\"https:\/\/www.americanrider.net\/es\/politica-de-privacidad\/#breadcrumb\",\"itemListElement\":[{\"@type\":\"ListItem\",\"position\":1,\"name\":\"Home\",\"item\":\"https:\/\/www.americanrider.net\/es\/\"},{\"@type\":\"ListItem\",\"position\":2,\"name\":\"Pol\u00edtica de Privacidad\"}]},{\"@type\":\"WebSite\",\"@id\":\"https:\/\/www.americanrider.net\/es\/#website\",\"url\":\"https:\/\/www.americanrider.net\/es\/\",\"name\":\"American Rider\",\"description\":\"Motorcycle Rentals and Tours\",\"publisher\":{\"@id\":\"https:\/\/www.americanrider.net\/es\/#organization\"},\"potentialAction\":[{\"@type\":\"SearchAction\",\"target\":{\"@type\":\"EntryPoint\",\"urlTemplate\":\"https:\/\/www.americanrider.net\/es\/?s={search_term_string}\"},\"query-input\":{\"@type\":\"PropertyValueSpecification\",\"valueRequired\":true,\"valueName\":\"search_term_string\"}}],\"inLanguage\":\"es\"},{\"@type\":\"Organization\",\"@id\":\"https:\/\/www.americanrider.net\/es\/#organization\",\"name\":\"American Rider\",\"url\":\"https:\/\/www.americanrider.net\/es\/\",\"logo\":{\"@type\":\"ImageObject\",\"inLanguage\":\"es\",\"@id\":\"https:\/\/www.americanrider.net\/es\/#\/schema\/logo\/image\/\",\"url\":\"https:\/\/www.americanrider.net\/wp-content\/uploads\/2018\/05\/logo-american-rider.png\",\"contentUrl\":\"https:\/\/www.americanrider.net\/wp-content\/uploads\/2018\/05\/logo-american-rider.png\",\"width\":694,\"height\":184,\"caption\":\"American Rider\"},\"image\":{\"@id\":\"https:\/\/www.americanrider.net\/es\/#\/schema\/logo\/image\/\"}}]}<\/script>\n<!-- \/ Yoast SEO plugin. -->","yoast_head_json":{"title":"Pol\u00edtica de Privacidad - American Rider","robots":{"index":"index","follow":"follow","max-snippet":"max-snippet:-1","max-image-preview":"max-image-preview:large","max-video-preview":"max-video-preview:-1"},"canonical":"https:\/\/www.americanrider.net\/es\/politica-de-privacidad\/","og_locale":"es_ES","og_type":"article","og_title":"Pol\u00edtica de Privacidad - American Rider","og_description":"Pol\u00edtica de Cookies para American Rider Esta es la Pol\u00edtica de cookies para American Rider, accesible desde https:\/\/www.americanrider.net Qu\u00e9 son las Cookies Como es habitual en casi todos los sitios web profesionales, este sitio utiliza cookies, que son peque\u00f1os archivos que se descargan en su computadora, para mejorar su experiencia. Esta p\u00e1gina describe qu\u00e9 informaci\u00f3n [&hellip;]","og_url":"https:\/\/www.americanrider.net\/es\/politica-de-privacidad\/","og_site_name":"American Rider","article_modified_time":"2019-04-02T18:11:51+00:00","twitter_card":"summary_large_image","twitter_misc":{"Tiempo de lectura":"4 minutos"},"schema":{"@context":"https:\/\/schema.org","@graph":[{"@type":"WebPage","@id":"https:\/\/www.americanrider.net\/es\/politica-de-privacidad\/","url":"https:\/\/www.americanrider.net\/es\/politica-de-privacidad\/","name":"Pol\u00edtica de Privacidad - American Rider","isPartOf":{"@id":"https:\/\/www.americanrider.net\/es\/#website"},"datePublished":"2019-04-02T18:11:46+00:00","dateModified":"2019-04-02T18:11:51+00:00","breadcrumb":{"@id":"https:\/\/www.americanrider.net\/es\/politica-de-privacidad\/#breadcrumb"},"inLanguage":"es","potentialAction":[{"@type":"ReadAction","target":["https:\/\/www.americanrider.net\/es\/politica-de-privacidad\/"]}]},{"@type":"BreadcrumbList","@id":"https:\/\/www.americanrider.net\/es\/politica-de-privacidad\/#breadcrumb","itemListElement":[{"@type":"ListItem","position":1,"name":"Home","item":"https:\/\/www.americanrider.net\/es\/"},{"@type":"ListItem","position":2,"name":"Pol\u00edtica de Privacidad"}]},{"@type":"WebSite","@id":"https:\/\/www.americanrider.net\/es\/#website","url":"https:\/\/www.americanrider.net\/es\/","name":"American Rider","description":"Motorcycle Rentals and Tours","publisher":{"@id":"https:\/\/www.americanrider.net\/es\/#organization"},"potentialAction":[{"@type":"SearchAction","target":{"@type":"EntryPoint","urlTemplate":"https:\/\/www.americanrider.net\/es\/?s={search_term_string}"},"query-input":{"@type":"PropertyValueSpecification","valueRequired":true,"valueName":"search_term_string"}}],"inLanguage":"es"},{"@type":"Organization","@id":"https:\/\/www.americanrider.net\/es\/#organization","name":"American Rider","url":"https:\/\/www.americanrider.net\/es\/","logo":{"@type":"ImageObject","inLanguage":"es","@id":"https:\/\/www.americanrider.net\/es\/#\/schema\/logo\/image\/","url":"https:\/\/www.americanrider.net\/wp-content\/uploads\/2018\/05\/logo-american-rider.png","contentUrl":"https:\/\/www.americanrider.net\/wp-content\/uploads\/2018\/05\/logo-american-rider.png","width":694,"height":184,"caption":"American Rider"},"image":{"@id":"https:\/\/www.americanrider.net\/es\/#\/schema\/logo\/image\/"}}]}},"_links":{"self":[{"href":"https:\/\/www.americanrider.net\/es\/wp-json\/wp\/v2\/pages\/5345","targetHints":{"allow":["GET"]}}],"collection":[{"href":"https:\/\/www.americanrider.net\/es\/wp-json\/wp\/v2\/pages"}],"about":[{"href":"https:\/\/www.americanrider.net\/es\/wp-json\/wp\/v2\/types\/page"}],"author":[{"embeddable":true,"href":"https:\/\/www.americanrider.net\/es\/wp-json\/wp\/v2\/users\/1"}],"replies":[{"embeddable":true,"href":"https:\/\/www.americanrider.net\/es\/wp-json\/wp\/v2\/comments?post=5345"}],"version-history":[{"count":0,"href":"https:\/\/www.americanrider.net\/es\/wp-json\/wp\/v2\/pages\/5345\/revisions"}],"wp:attachment":[{"href":"https:\/\/www.americanrider.net\/es\/wp-json\/wp\/v2\/media?parent=5345"}],"curies":[{"name":"wp","href":"https:\/\/api.w.org\/{rel}","templated":true}]}}