{"id":5329,"date":"2019-04-02T17:18:02","date_gmt":"2019-04-02T17:18:02","guid":{"rendered":"https:\/\/www.americanrider.eu\/opciones-de-pago\/"},"modified":"2019-04-02T17:33:13","modified_gmt":"2019-04-02T17:33:13","slug":"opciones-de-pago","status":"publish","type":"page","link":"https:\/\/www.americanrider.net\/es\/opciones-de-pago\/","title":{"rendered":"Opciones de pago"},"content":{"rendered":"\t\t<div data-elementor-type=\"wp-post\" data-elementor-id=\"5329\" class=\"elementor elementor-5329 elementor-3240 elementor-bc-flex-widget\">\n\t\t\t\t\t\t<section class=\"elementor-section elementor-top-section elementor-element elementor-element-26628f1 elementor-section-boxed elementor-section-height-default elementor-section-height-default\" data-id=\"26628f1\" data-element_type=\"section\">\n\t\t\t\t\t\t<div class=\"elementor-container elementor-column-gap-default\">\n\t\t\t\t\t<div class=\"elementor-column elementor-col-100 elementor-top-column elementor-element elementor-element-2d6580b\" data-id=\"2d6580b\" data-element_type=\"column\">\n\t\t\t<div class=\"elementor-widget-wrap elementor-element-populated\">\n\t\t\t\t\t\t<div class=\"elementor-element elementor-element-cfe20be elementor-widget elementor-widget-spacer\" data-id=\"cfe20be\" data-element_type=\"widget\" data-widget_type=\"spacer.default\">\n\t\t\t\t<div class=\"elementor-widget-container\">\n\t\t\t\t\t\t\t<div class=\"elementor-spacer\">\n\t\t\t<div class=\"elementor-spacer-inner\"><\/div>\n\t\t<\/div>\n\t\t\t\t\t\t<\/div>\n\t\t\t\t<\/div>\n\t\t\t\t\t<\/div>\n\t\t<\/div>\n\t\t\t\t\t<\/div>\n\t\t<\/section>\n\t\t\t\t<section class=\"elementor-section elementor-top-section elementor-element elementor-element-ca534a9 elementor-section-boxed elementor-section-height-default elementor-section-height-default\" data-id=\"ca534a9\" data-element_type=\"section\">\n\t\t\t\t\t\t<div class=\"elementor-container elementor-column-gap-default\">\n\t\t\t\t\t<div class=\"elementor-column elementor-col-100 elementor-top-column elementor-element elementor-element-24ce471\" data-id=\"24ce471\" data-element_type=\"column\">\n\t\t\t<div class=\"elementor-widget-wrap elementor-element-populated\">\n\t\t\t\t\t\t<div class=\"elementor-element elementor-element-1a186fe elementor-widget elementor-widget-ovacrs_heading1\" data-id=\"1a186fe\" data-element_type=\"widget\" data-widget_type=\"ovacrs_heading1.default\">\n\t\t\t\t<div class=\"elementor-widget-container\">\n\t\t\t\t\t<div class=\"ovacrs_heading1  style1  text-center no\"><h3 class=\"title\"><span>Opciones de pago<\/span><\/h3><div class=\"desc\"><\/div><\/div>\t\t\t\t<\/div>\n\t\t\t\t<\/div>\n\t\t\t\t\t<\/div>\n\t\t<\/div>\n\t\t\t\t\t<\/div>\n\t\t<\/section>\n\t\t\t\t<section class=\"elementor-section elementor-top-section elementor-element elementor-element-12ca0fa elementor-section-boxed elementor-section-height-default elementor-section-height-default\" data-id=\"12ca0fa\" data-element_type=\"section\">\n\t\t\t\t\t\t<div class=\"elementor-container elementor-column-gap-default\">\n\t\t\t\t\t<div class=\"elementor-column elementor-col-100 elementor-top-column elementor-element elementor-element-f06814b\" data-id=\"f06814b\" data-element_type=\"column\">\n\t\t\t<div class=\"elementor-widget-wrap elementor-element-populated\">\n\t\t\t\t\t\t<div class=\"elementor-element elementor-element-4b69975 elementor-widget elementor-widget-spacer\" data-id=\"4b69975\" data-element_type=\"widget\" data-widget_type=\"spacer.default\">\n\t\t\t\t<div class=\"elementor-widget-container\">\n\t\t\t\t\t\t\t<div class=\"elementor-spacer\">\n\t\t\t<div class=\"elementor-spacer-inner\"><\/div>\n\t\t<\/div>\n\t\t\t\t\t\t<\/div>\n\t\t\t\t<\/div>\n\t\t\t\t\t<\/div>\n\t\t<\/div>\n\t\t\t\t\t<\/div>\n\t\t<\/section>\n\t\t\t\t<section class=\"elementor-section elementor-top-section elementor-element elementor-element-ecbb866 elementor-section-boxed elementor-section-height-default elementor-section-height-default\" data-id=\"ecbb866\" data-element_type=\"section\">\n\t\t\t\t\t\t<div class=\"elementor-container elementor-column-gap-default\">\n\t\t\t\t\t<div class=\"elementor-column elementor-col-20 elementor-top-column elementor-element elementor-element-ad1dc1e\" data-id=\"ad1dc1e\" data-element_type=\"column\">\n\t\t\t<div class=\"elementor-widget-wrap elementor-element-populated\">\n\t\t\t\t\t\t<div class=\"elementor-element elementor-element-6cf077c elementor-widget elementor-widget-image\" data-id=\"6cf077c\" data-element_type=\"widget\" data-widget_type=\"image.default\">\n\t\t\t\t<div class=\"elementor-widget-container\">\n\t\t\t\t\t\t\t\t\t\t\t\t\t\t\t<img decoding=\"async\" width=\"128\" height=\"80\" src=\"https:\/\/www.americanrider.net\/wp-content\/uploads\/2019\/03\/paypal.png\" class=\"attachment-large size-large wp-image-4509\" alt=\"PayPal\" \/>\t\t\t\t\t\t\t\t\t\t\t\t\t\t\t<\/div>\n\t\t\t\t<\/div>\n\t\t\t\t\t<\/div>\n\t\t<\/div>\n\t\t\t\t<div class=\"elementor-column elementor-col-20 elementor-top-column elementor-element elementor-element-3e663fb\" data-id=\"3e663fb\" data-element_type=\"column\">\n\t\t\t<div class=\"elementor-widget-wrap elementor-element-populated\">\n\t\t\t\t\t\t<div class=\"elementor-element elementor-element-e0901d8 elementor-widget elementor-widget-image\" data-id=\"e0901d8\" data-element_type=\"widget\" data-widget_type=\"image.default\">\n\t\t\t\t<div class=\"elementor-widget-container\">\n\t\t\t\t\t\t\t\t\t\t\t\t\t\t\t<img decoding=\"async\" width=\"128\" height=\"80\" src=\"https:\/\/www.americanrider.net\/wp-content\/uploads\/2019\/03\/visa.png\" class=\"attachment-large size-large wp-image-4510\" alt=\"Visa\" \/>\t\t\t\t\t\t\t\t\t\t\t\t\t\t\t<\/div>\n\t\t\t\t<\/div>\n\t\t\t\t\t<\/div>\n\t\t<\/div>\n\t\t\t\t<div class=\"elementor-column elementor-col-20 elementor-top-column elementor-element elementor-element-184be51\" data-id=\"184be51\" data-element_type=\"column\">\n\t\t\t<div class=\"elementor-widget-wrap elementor-element-populated\">\n\t\t\t\t\t\t<div class=\"elementor-element elementor-element-76f776b elementor-widget elementor-widget-image\" data-id=\"76f776b\" data-element_type=\"widget\" data-widget_type=\"image.default\">\n\t\t\t\t<div class=\"elementor-widget-container\">\n\t\t\t\t\t\t\t\t\t\t\t\t\t\t\t<img decoding=\"async\" width=\"128\" height=\"80\" src=\"https:\/\/www.americanrider.net\/wp-content\/uploads\/2019\/03\/mastercard.png\" class=\"attachment-large size-large wp-image-4508\" alt=\"MasterCard\" \/>\t\t\t\t\t\t\t\t\t\t\t\t\t\t\t<\/div>\n\t\t\t\t<\/div>\n\t\t\t\t\t<\/div>\n\t\t<\/div>\n\t\t\t\t<div class=\"elementor-column elementor-col-20 elementor-top-column elementor-element elementor-element-0934905\" data-id=\"0934905\" data-element_type=\"column\">\n\t\t\t<div class=\"elementor-widget-wrap elementor-element-populated\">\n\t\t\t\t\t\t<div class=\"elementor-element elementor-element-3d0ced7 elementor-widget elementor-widget-image\" data-id=\"3d0ced7\" data-element_type=\"widget\" data-widget_type=\"image.default\">\n\t\t\t\t<div class=\"elementor-widget-container\">\n\t\t\t\t\t\t\t\t\t\t\t\t\t\t\t<img loading=\"lazy\" decoding=\"async\" width=\"128\" height=\"80\" src=\"https:\/\/www.americanrider.net\/wp-content\/uploads\/2019\/03\/americanexpress.png\" class=\"attachment-large size-large wp-image-4506\" alt=\"American Express\" \/>\t\t\t\t\t\t\t\t\t\t\t\t\t\t\t<\/div>\n\t\t\t\t<\/div>\n\t\t\t\t\t<\/div>\n\t\t<\/div>\n\t\t\t\t<div class=\"elementor-column elementor-col-20 elementor-top-column elementor-element elementor-element-d088998\" data-id=\"d088998\" data-element_type=\"column\">\n\t\t\t<div class=\"elementor-widget-wrap elementor-element-populated\">\n\t\t\t\t\t\t<div class=\"elementor-element elementor-element-433384f elementor-widget elementor-widget-image\" data-id=\"433384f\" data-element_type=\"widget\" data-widget_type=\"image.default\">\n\t\t\t\t<div class=\"elementor-widget-container\">\n\t\t\t\t\t\t\t\t\t\t\t\t\t\t\t<img loading=\"lazy\" decoding=\"async\" width=\"128\" height=\"80\" src=\"https:\/\/www.americanrider.net\/wp-content\/uploads\/2019\/03\/discover.png\" class=\"attachment-large size-large wp-image-4507\" alt=\"Discover\" \/>\t\t\t\t\t\t\t\t\t\t\t\t\t\t\t<\/div>\n\t\t\t\t<\/div>\n\t\t\t\t\t<\/div>\n\t\t<\/div>\n\t\t\t\t\t<\/div>\n\t\t<\/section>\n\t\t\t\t<section class=\"elementor-section elementor-top-section elementor-element elementor-element-3848871 elementor-section-boxed elementor-section-height-default elementor-section-height-default\" data-id=\"3848871\" data-element_type=\"section\">\n\t\t\t\t\t\t<div class=\"elementor-container elementor-column-gap-default\">\n\t\t\t\t\t<div class=\"elementor-column elementor-col-100 elementor-top-column elementor-element elementor-element-2b388ba\" data-id=\"2b388ba\" data-element_type=\"column\">\n\t\t\t<div class=\"elementor-widget-wrap elementor-element-populated\">\n\t\t\t\t\t\t<div class=\"elementor-element elementor-element-401bb0a elementor-widget elementor-widget-ovacrs_text_support\" data-id=\"401bb0a\" data-element_type=\"widget\" data-widget_type=\"ovacrs_text_support.default\">\n\t\t\t\t<div class=\"elementor-widget-container\">\n\t\t\t\t\t<div class=\"ovacrs_support  dark\"><div class=\"desc\"><p style=\"text-align: center;\">Aceptamos PAYPAL, VISA *, MASTER CARD *, AMEX *, DISCOVER *, <strong>tarjetas de d\u00e9bito bancario y tarjetas de cr\u00e9dito bancarias internacionales. <\/strong><\/p><p style=\"text-align: center;\">Si lo desea, aceptaremos <strong>transferencias bancarias<\/strong> para el pago.<\/p><\/div><span class=\"line\"><\/span><\/div>\t\t\t\t<\/div>\n\t\t\t\t<\/div>\n\t\t\t\t\t<\/div>\n\t\t<\/div>\n\t\t\t\t\t<\/div>\n\t\t<\/section>\n\t\t\t\t<section class=\"elementor-section elementor-top-section elementor-element elementor-element-80142ff elementor-section-boxed elementor-section-height-default elementor-section-height-default\" data-id=\"80142ff\" data-element_type=\"section\">\n\t\t\t\t\t\t<div class=\"elementor-container elementor-column-gap-default\">\n\t\t\t\t\t<div class=\"elementor-column elementor-col-100 elementor-top-column elementor-element elementor-element-d4c9629\" data-id=\"d4c9629\" data-element_type=\"column\">\n\t\t\t<div class=\"elementor-widget-wrap elementor-element-populated\">\n\t\t\t\t\t\t<div class=\"elementor-element elementor-element-3c5388d elementor-widget elementor-widget-ovacrs_heading3\" data-id=\"3c5388d\" data-element_type=\"widget\" data-widget_type=\"ovacrs_heading3.default\">\n\t\t\t\t<div class=\"elementor-widget-container\">\n\t\t\t\t\t<div class=\"ovacrs_heading3  text-center\"><h3 class=\"title border_yes\"><span>Alquiler de motocicletas<\/span><\/h3><div class=\"desc\"><\/div><\/div>\t\t\t\t<\/div>\n\t\t\t\t<\/div>\n\t\t\t\t\t<\/div>\n\t\t<\/div>\n\t\t\t\t\t<\/div>\n\t\t<\/section>\n\t\t\t\t<section class=\"elementor-section elementor-top-section elementor-element elementor-element-1531a77 elementor-section-boxed elementor-section-height-default elementor-section-height-default\" data-id=\"1531a77\" data-element_type=\"section\">\n\t\t\t\t\t\t<div class=\"elementor-container elementor-column-gap-default\">\n\t\t\t\t\t<div class=\"elementor-column elementor-col-100 elementor-top-column elementor-element elementor-element-6633db9\" data-id=\"6633db9\" data-element_type=\"column\">\n\t\t\t<div class=\"elementor-widget-wrap elementor-element-populated\">\n\t\t\t\t\t\t<div class=\"elementor-element elementor-element-009126e elementor-widget elementor-widget-ovacrs_text_support\" data-id=\"009126e\" data-element_type=\"widget\" data-widget_type=\"ovacrs_text_support.default\">\n\t\t\t\t<div class=\"elementor-widget-container\">\n\t\t\t\t\t<div class=\"ovacrs_support  dark\"><div class=\"desc\"><p>Para las reservas de alquiler de m\u00e1s de 30 d\u00edas antes de la fecha de retiro, se debe realizar un dep\u00f3sito m\u00ednimo del 25% al momento de la reserva. El saldo restante debe pagarse en su totalidad al menos 30 d\u00edas antes de la fecha de retiro. \u00a1Para mas detalles <a href=\"https:\/\/www.americanrider.eu\/es\/contacto\/\">cont\u00e1ctenos<\/a>!<\/p><\/div><span class=\"line\"><\/span><\/div>\t\t\t\t<\/div>\n\t\t\t\t<\/div>\n\t\t\t\t\t<\/div>\n\t\t<\/div>\n\t\t\t\t\t<\/div>\n\t\t<\/section>\n\t\t\t\t<section class=\"elementor-section elementor-top-section elementor-element elementor-element-662621e elementor-section-boxed elementor-section-height-default elementor-section-height-default\" data-id=\"662621e\" data-element_type=\"section\">\n\t\t\t\t\t\t<div class=\"elementor-container elementor-column-gap-default\">\n\t\t\t\t\t<div class=\"elementor-column elementor-col-100 elementor-top-column elementor-element elementor-element-c7ce5c7\" data-id=\"c7ce5c7\" data-element_type=\"column\">\n\t\t\t<div class=\"elementor-widget-wrap elementor-element-populated\">\n\t\t\t\t\t\t<div class=\"elementor-element elementor-element-018cc14 elementor-widget elementor-widget-ovacrs_heading3\" data-id=\"018cc14\" data-element_type=\"widget\" data-widget_type=\"ovacrs_heading3.default\">\n\t\t\t\t<div class=\"elementor-widget-container\">\n\t\t\t\t\t<div class=\"ovacrs_heading3  text-center\"><h3 class=\"title border_yes\"><span>Rutas en moto y auto<\/span><\/h3><div class=\"desc\"><\/div><\/div>\t\t\t\t<\/div>\n\t\t\t\t<\/div>\n\t\t\t\t\t<\/div>\n\t\t<\/div>\n\t\t\t\t\t<\/div>\n\t\t<\/section>\n\t\t\t\t<section class=\"elementor-section elementor-top-section elementor-element elementor-element-f10daab elementor-section-boxed elementor-section-height-default elementor-section-height-default\" data-id=\"f10daab\" data-element_type=\"section\">\n\t\t\t\t\t\t<div class=\"elementor-container elementor-column-gap-default\">\n\t\t\t\t\t<div class=\"elementor-column elementor-col-100 elementor-top-column elementor-element elementor-element-85ba031\" data-id=\"85ba031\" data-element_type=\"column\">\n\t\t\t<div class=\"elementor-widget-wrap elementor-element-populated\">\n\t\t\t\t\t\t<div class=\"elementor-element elementor-element-6bc7463 elementor-widget elementor-widget-ovacrs_text_support\" data-id=\"6bc7463\" data-element_type=\"widget\" data-widget_type=\"ovacrs_text_support.default\">\n\t\t\t\t<div class=\"elementor-widget-container\">\n\t\t\t\t\t<div class=\"ovacrs_support  dark\"><div class=\"desc\"><h3 style=\"margin:0;\">TOUR DE 1 D\u00cdA<\/h3>\n<p style=\"text-align: left;\">Para reservaciones de tours reservadas m\u00e1s de 30 d\u00edas antes de la fecha de retiro, se debe realizar un dep\u00f3sito m\u00ednimo del 25% al momento de la reserva. El saldo restante debe pagarse en su totalidad al menos 30 d\u00edas antes de la fecha de retiro. Para m\u00e1s detalles, <a href=\"https:\/\/www.americanrider.eu\/es\/contacto\/\">cont\u00e1ctenos<\/a>.<\/p>\n\n<h3 style=\"margin:0;\">TOURS DE 2 O M\u00c1S D\u00cdAS<\/h3>\n<p style=\"text-align: left;\">Para reservaciones de tours con m\u00e1s de 60 d\u00edas de anticipaci\u00f3n a la fecha de retiro, se debe realizar un dep\u00f3sito m\u00ednimo del 40% al momento de la reserva. El saldo restante debe pagarse en su totalidad al menos 60 d\u00edas antes de la fecha de retiro. \u00a1Para mas detalles <a href=\"https:\/\/www.americanrider.eu\/es\/contacto\/\">cont\u00e1ctenos<\/a>!<\/p><\/div><span class=\"line\"><\/span><\/div>\t\t\t\t<\/div>\n\t\t\t\t<\/div>\n\t\t\t\t\t<\/div>\n\t\t<\/div>\n\t\t\t\t\t<\/div>\n\t\t<\/section>\n\t\t\t\t<section class=\"elementor-section elementor-top-section elementor-element elementor-element-af19674 elementor-section-boxed elementor-section-height-default elementor-section-height-default\" data-id=\"af19674\" data-element_type=\"section\">\n\t\t\t\t\t\t<div class=\"elementor-container elementor-column-gap-default\">\n\t\t\t\t\t<div class=\"elementor-column elementor-col-100 elementor-top-column elementor-element elementor-element-64a047f\" data-id=\"64a047f\" data-element_type=\"column\">\n\t\t\t<div class=\"elementor-widget-wrap elementor-element-populated\">\n\t\t\t\t\t\t<div class=\"elementor-element elementor-element-e30dbc5 elementor-widget elementor-widget-spacer\" data-id=\"e30dbc5\" data-element_type=\"widget\" data-widget_type=\"spacer.default\">\n\t\t\t\t<div class=\"elementor-widget-container\">\n\t\t\t\t\t\t\t<div class=\"elementor-spacer\">\n\t\t\t<div class=\"elementor-spacer-inner\"><\/div>\n\t\t<\/div>\n\t\t\t\t\t\t<\/div>\n\t\t\t\t<\/div>\n\t\t\t\t\t<\/div>\n\t\t<\/div>\n\t\t\t\t\t<\/div>\n\t\t<\/section>\n\t\t\t\t<\/div>\n\t\t","protected":false},"excerpt":{"rendered":"<p>Opciones de pago Aceptamos PAYPAL, VISA *, MASTER CARD *, AMEX *, DISCOVER *, tarjetas de d\u00e9bito bancario y tarjetas de cr\u00e9dito bancarias internacionales. Si lo desea, aceptaremos transferencias bancarias para el pago. Alquiler de motocicletas Para las reservas de alquiler de m\u00e1s de 30 d\u00edas antes de la fecha de retiro, se debe realizar [&hellip;]<\/p>\n","protected":false},"author":1,"featured_media":0,"parent":0,"menu_order":0,"comment_status":"closed","ping_status":"closed","template":"templates\/home.php","meta":{"footnotes":""},"class_list":["post-5329","page","type-page","status-publish","hentry"],"yoast_head":"<!-- This site is optimized with the Yoast SEO plugin v25.5 - https:\/\/yoast.com\/wordpress\/plugins\/seo\/ -->\n<title>Opciones de pago - American Rider<\/title>\n<meta name=\"robots\" content=\"index, follow, max-snippet:-1, max-image-preview:large, max-video-preview:-1\" \/>\n<link rel=\"canonical\" href=\"https:\/\/www.americanrider.net\/es\/opciones-de-pago\/\" \/>\n<meta property=\"og:locale\" content=\"es_ES\" \/>\n<meta property=\"og:type\" content=\"article\" \/>\n<meta property=\"og:title\" content=\"Opciones de pago - American Rider\" \/>\n<meta property=\"og:description\" content=\"Opciones de pago Aceptamos PAYPAL, VISA *, MASTER CARD *, AMEX *, DISCOVER *, tarjetas de d\u00e9bito bancario y tarjetas de cr\u00e9dito bancarias internacionales. Si lo desea, aceptaremos transferencias bancarias para el pago. Alquiler de motocicletas Para las reservas de alquiler de m\u00e1s de 30 d\u00edas antes de la fecha de retiro, se debe realizar [&hellip;]\" \/>\n<meta property=\"og:url\" content=\"https:\/\/www.americanrider.net\/es\/opciones-de-pago\/\" \/>\n<meta property=\"og:site_name\" content=\"American Rider\" \/>\n<meta property=\"article:modified_time\" content=\"2019-04-02T17:33:13+00:00\" \/>\n<meta property=\"og:image\" content=\"https:\/\/www.americanrider.net\/wp-content\/uploads\/2019\/03\/paypal.png\" \/>\n\t<meta property=\"og:image:width\" content=\"128\" \/>\n\t<meta property=\"og:image:height\" content=\"80\" \/>\n\t<meta property=\"og:image:type\" content=\"image\/png\" \/>\n<meta name=\"twitter:card\" content=\"summary_large_image\" \/>\n<meta name=\"twitter:label1\" content=\"Tiempo de lectura\" \/>\n\t<meta name=\"twitter:data1\" content=\"1 minuto\" \/>\n<script type=\"application\/ld+json\" class=\"yoast-schema-graph\">{\"@context\":\"https:\/\/schema.org\",\"@graph\":[{\"@type\":\"WebPage\",\"@id\":\"https:\/\/www.americanrider.net\/es\/opciones-de-pago\/\",\"url\":\"https:\/\/www.americanrider.net\/es\/opciones-de-pago\/\",\"name\":\"Opciones de pago - American Rider\",\"isPartOf\":{\"@id\":\"https:\/\/www.americanrider.net\/es\/#website\"},\"primaryImageOfPage\":{\"@id\":\"https:\/\/www.americanrider.net\/es\/opciones-de-pago\/#primaryimage\"},\"image\":{\"@id\":\"https:\/\/www.americanrider.net\/es\/opciones-de-pago\/#primaryimage\"},\"thumbnailUrl\":\"https:\/\/www.americanrider.net\/wp-content\/uploads\/2019\/03\/paypal.png\",\"datePublished\":\"2019-04-02T17:18:02+00:00\",\"dateModified\":\"2019-04-02T17:33:13+00:00\",\"breadcrumb\":{\"@id\":\"https:\/\/www.americanrider.net\/es\/opciones-de-pago\/#breadcrumb\"},\"inLanguage\":\"es\",\"potentialAction\":[{\"@type\":\"ReadAction\",\"target\":[\"https:\/\/www.americanrider.net\/es\/opciones-de-pago\/\"]}]},{\"@type\":\"ImageObject\",\"inLanguage\":\"es\",\"@id\":\"https:\/\/www.americanrider.net\/es\/opciones-de-pago\/#primaryimage\",\"url\":\"https:\/\/www.americanrider.net\/wp-content\/uploads\/2019\/03\/paypal.png\",\"contentUrl\":\"https:\/\/www.americanrider.net\/wp-content\/uploads\/2019\/03\/paypal.png\"},{\"@type\":\"BreadcrumbList\",\"@id\":\"https:\/\/www.americanrider.net\/es\/opciones-de-pago\/#breadcrumb\",\"itemListElement\":[{\"@type\":\"ListItem\",\"position\":1,\"name\":\"Home\",\"item\":\"https:\/\/www.americanrider.net\/es\/\"},{\"@type\":\"ListItem\",\"position\":2,\"name\":\"Opciones de pago\"}]},{\"@type\":\"WebSite\",\"@id\":\"https:\/\/www.americanrider.net\/es\/#website\",\"url\":\"https:\/\/www.americanrider.net\/es\/\",\"name\":\"American Rider\",\"description\":\"Motorcycle Rentals and Tours\",\"publisher\":{\"@id\":\"https:\/\/www.americanrider.net\/es\/#organization\"},\"potentialAction\":[{\"@type\":\"SearchAction\",\"target\":{\"@type\":\"EntryPoint\",\"urlTemplate\":\"https:\/\/www.americanrider.net\/es\/?s={search_term_string}\"},\"query-input\":{\"@type\":\"PropertyValueSpecification\",\"valueRequired\":true,\"valueName\":\"search_term_string\"}}],\"inLanguage\":\"es\"},{\"@type\":\"Organization\",\"@id\":\"https:\/\/www.americanrider.net\/es\/#organization\",\"name\":\"American Rider\",\"url\":\"https:\/\/www.americanrider.net\/es\/\",\"logo\":{\"@type\":\"ImageObject\",\"inLanguage\":\"es\",\"@id\":\"https:\/\/www.americanrider.net\/es\/#\/schema\/logo\/image\/\",\"url\":\"https:\/\/www.americanrider.net\/wp-content\/uploads\/2018\/05\/logo-american-rider.png\",\"contentUrl\":\"https:\/\/www.americanrider.net\/wp-content\/uploads\/2018\/05\/logo-american-rider.png\",\"width\":694,\"height\":184,\"caption\":\"American Rider\"},\"image\":{\"@id\":\"https:\/\/www.americanrider.net\/es\/#\/schema\/logo\/image\/\"}}]}<\/script>\n<!-- \/ Yoast SEO plugin. -->","yoast_head_json":{"title":"Opciones de pago - American Rider","robots":{"index":"index","follow":"follow","max-snippet":"max-snippet:-1","max-image-preview":"max-image-preview:large","max-video-preview":"max-video-preview:-1"},"canonical":"https:\/\/www.americanrider.net\/es\/opciones-de-pago\/","og_locale":"es_ES","og_type":"article","og_title":"Opciones de pago - American Rider","og_description":"Opciones de pago Aceptamos PAYPAL, VISA *, MASTER CARD *, AMEX *, DISCOVER *, tarjetas de d\u00e9bito bancario y tarjetas de cr\u00e9dito bancarias internacionales. Si lo desea, aceptaremos transferencias bancarias para el pago. Alquiler de motocicletas Para las reservas de alquiler de m\u00e1s de 30 d\u00edas antes de la fecha de retiro, se debe realizar [&hellip;]","og_url":"https:\/\/www.americanrider.net\/es\/opciones-de-pago\/","og_site_name":"American Rider","article_modified_time":"2019-04-02T17:33:13+00:00","og_image":[{"width":128,"height":80,"url":"https:\/\/www.americanrider.net\/wp-content\/uploads\/2019\/03\/paypal.png","type":"image\/png"}],"twitter_card":"summary_large_image","twitter_misc":{"Tiempo de lectura":"1 minuto"},"schema":{"@context":"https:\/\/schema.org","@graph":[{"@type":"WebPage","@id":"https:\/\/www.americanrider.net\/es\/opciones-de-pago\/","url":"https:\/\/www.americanrider.net\/es\/opciones-de-pago\/","name":"Opciones de pago - American Rider","isPartOf":{"@id":"https:\/\/www.americanrider.net\/es\/#website"},"primaryImageOfPage":{"@id":"https:\/\/www.americanrider.net\/es\/opciones-de-pago\/#primaryimage"},"image":{"@id":"https:\/\/www.americanrider.net\/es\/opciones-de-pago\/#primaryimage"},"thumbnailUrl":"https:\/\/www.americanrider.net\/wp-content\/uploads\/2019\/03\/paypal.png","datePublished":"2019-04-02T17:18:02+00:00","dateModified":"2019-04-02T17:33:13+00:00","breadcrumb":{"@id":"https:\/\/www.americanrider.net\/es\/opciones-de-pago\/#breadcrumb"},"inLanguage":"es","potentialAction":[{"@type":"ReadAction","target":["https:\/\/www.americanrider.net\/es\/opciones-de-pago\/"]}]},{"@type":"ImageObject","inLanguage":"es","@id":"https:\/\/www.americanrider.net\/es\/opciones-de-pago\/#primaryimage","url":"https:\/\/www.americanrider.net\/wp-content\/uploads\/2019\/03\/paypal.png","contentUrl":"https:\/\/www.americanrider.net\/wp-content\/uploads\/2019\/03\/paypal.png"},{"@type":"BreadcrumbList","@id":"https:\/\/www.americanrider.net\/es\/opciones-de-pago\/#breadcrumb","itemListElement":[{"@type":"ListItem","position":1,"name":"Home","item":"https:\/\/www.americanrider.net\/es\/"},{"@type":"ListItem","position":2,"name":"Opciones de pago"}]},{"@type":"WebSite","@id":"https:\/\/www.americanrider.net\/es\/#website","url":"https:\/\/www.americanrider.net\/es\/","name":"American Rider","description":"Motorcycle Rentals and Tours","publisher":{"@id":"https:\/\/www.americanrider.net\/es\/#organization"},"potentialAction":[{"@type":"SearchAction","target":{"@type":"EntryPoint","urlTemplate":"https:\/\/www.americanrider.net\/es\/?s={search_term_string}"},"query-input":{"@type":"PropertyValueSpecification","valueRequired":true,"valueName":"search_term_string"}}],"inLanguage":"es"},{"@type":"Organization","@id":"https:\/\/www.americanrider.net\/es\/#organization","name":"American Rider","url":"https:\/\/www.americanrider.net\/es\/","logo":{"@type":"ImageObject","inLanguage":"es","@id":"https:\/\/www.americanrider.net\/es\/#\/schema\/logo\/image\/","url":"https:\/\/www.americanrider.net\/wp-content\/uploads\/2018\/05\/logo-american-rider.png","contentUrl":"https:\/\/www.americanrider.net\/wp-content\/uploads\/2018\/05\/logo-american-rider.png","width":694,"height":184,"caption":"American Rider"},"image":{"@id":"https:\/\/www.americanrider.net\/es\/#\/schema\/logo\/image\/"}}]}},"_links":{"self":[{"href":"https:\/\/www.americanrider.net\/es\/wp-json\/wp\/v2\/pages\/5329","targetHints":{"allow":["GET"]}}],"collection":[{"href":"https:\/\/www.americanrider.net\/es\/wp-json\/wp\/v2\/pages"}],"about":[{"href":"https:\/\/www.americanrider.net\/es\/wp-json\/wp\/v2\/types\/page"}],"author":[{"embeddable":true,"href":"https:\/\/www.americanrider.net\/es\/wp-json\/wp\/v2\/users\/1"}],"replies":[{"embeddable":true,"href":"https:\/\/www.americanrider.net\/es\/wp-json\/wp\/v2\/comments?post=5329"}],"version-history":[{"count":0,"href":"https:\/\/www.americanrider.net\/es\/wp-json\/wp\/v2\/pages\/5329\/revisions"}],"wp:attachment":[{"href":"https:\/\/www.americanrider.net\/es\/wp-json\/wp\/v2\/media?parent=5329"}],"curies":[{"name":"wp","href":"https:\/\/api.w.org\/{rel}","templated":true}]}}