{"id":5133,"date":"2019-03-29T16:34:17","date_gmt":"2019-03-29T16:34:17","guid":{"rendered":"https:\/\/www.americanrider.eu\/transporte-gratuito-al-aeropuerto-o-al-hotel\/"},"modified":"2019-03-29T16:43:42","modified_gmt":"2019-03-29T16:43:42","slug":"transporte-gratuito-al-aeropuerto-o-al-hotel","status":"publish","type":"page","link":"https:\/\/www.americanrider.net\/es\/transporte-gratuito-al-aeropuerto-o-al-hotel\/","title":{"rendered":"Transporte gratuito al aeropuerto o al hotel"},"content":{"rendered":"\t\t<div data-elementor-type=\"wp-post\" data-elementor-id=\"5133\" class=\"elementor elementor-5133 elementor-3691 elementor-bc-flex-widget\">\n\t\t\t\t\t\t<section class=\"elementor-section elementor-top-section elementor-element elementor-element-19e7927 elementor-section-boxed elementor-section-height-default elementor-section-height-default\" data-id=\"19e7927\" data-element_type=\"section\">\n\t\t\t\t\t\t<div class=\"elementor-container elementor-column-gap-default\">\n\t\t\t\t\t<div class=\"elementor-column elementor-col-100 elementor-top-column elementor-element elementor-element-6927ca6\" data-id=\"6927ca6\" data-element_type=\"column\">\n\t\t\t<div class=\"elementor-widget-wrap elementor-element-populated\">\n\t\t\t\t\t\t<div class=\"elementor-element elementor-element-eaa7493 elementor-widget elementor-widget-ovacrs_heading1\" data-id=\"eaa7493\" data-element_type=\"widget\" data-widget_type=\"ovacrs_heading1.default\">\n\t\t\t\t<div class=\"elementor-widget-container\">\n\t\t\t\t\t<div class=\"ovacrs_heading1  style1  text-center no\"><h3 class=\"title\"><span>Transporte gratuito al aeropuerto o al hotel<\/span><\/h3><div class=\"desc\"><p>Queremos proporcionar a nuestros clientes transporte, seguridad, profesionalidad y eficiencia ... \u00a1el tiempo es precioso, su motocicleta est\u00e1 esperando!<\/p><\/div><\/div>\t\t\t\t<\/div>\n\t\t\t\t<\/div>\n\t\t\t\t\t<\/div>\n\t\t<\/div>\n\t\t\t\t\t<\/div>\n\t\t<\/section>\n\t\t\t\t<section class=\"elementor-section elementor-top-section elementor-element elementor-element-516b46f elementor-section-boxed elementor-section-height-default elementor-section-height-default\" data-id=\"516b46f\" data-element_type=\"section\">\n\t\t\t\t\t\t<div class=\"elementor-container elementor-column-gap-default\">\n\t\t\t\t\t<div class=\"elementor-column elementor-col-100 elementor-top-column elementor-element elementor-element-0d23f76\" data-id=\"0d23f76\" data-element_type=\"column\">\n\t\t\t<div class=\"elementor-widget-wrap elementor-element-populated\">\n\t\t\t\t\t\t<div class=\"elementor-element elementor-element-e208977 elementor-widget elementor-widget-spacer\" data-id=\"e208977\" data-element_type=\"widget\" data-widget_type=\"spacer.default\">\n\t\t\t\t<div class=\"elementor-widget-container\">\n\t\t\t\t\t\t\t<div class=\"elementor-spacer\">\n\t\t\t<div class=\"elementor-spacer-inner\"><\/div>\n\t\t<\/div>\n\t\t\t\t\t\t<\/div>\n\t\t\t\t<\/div>\n\t\t\t\t\t<\/div>\n\t\t<\/div>\n\t\t\t\t\t<\/div>\n\t\t<\/section>\n\t\t\t\t<section class=\"elementor-section elementor-top-section elementor-element elementor-element-0250c20 elementor-section-boxed elementor-section-height-default elementor-section-height-default\" data-id=\"0250c20\" data-element_type=\"section\">\n\t\t\t\t\t\t<div class=\"elementor-container elementor-column-gap-default\">\n\t\t\t\t\t<div class=\"elementor-column elementor-col-33 elementor-top-column elementor-element elementor-element-d28d32c\" data-id=\"d28d32c\" data-element_type=\"column\">\n\t\t\t<div class=\"elementor-widget-wrap elementor-element-populated\">\n\t\t\t\t\t\t<div class=\"elementor-element elementor-element-70f2011 elementor-widget elementor-widget-image\" data-id=\"70f2011\" data-element_type=\"widget\" data-widget_type=\"image.default\">\n\t\t\t\t<div class=\"elementor-widget-container\">\n\t\t\t\t\t\t\t\t\t\t\t\t\t\t\t<img fetchpriority=\"high\" decoding=\"async\" width=\"900\" height=\"600\" src=\"https:\/\/www.americanrider.net\/wp-content\/uploads\/2019\/02\/van-tours.jpg\" class=\"attachment-large size-large wp-image-4341\" alt=\"Rutas en Auto\" srcset=\"https:\/\/www.americanrider.net\/wp-content\/uploads\/2019\/02\/van-tours.jpg 900w, https:\/\/www.americanrider.net\/wp-content\/uploads\/2019\/02\/van-tours-300x200.jpg 300w, https:\/\/www.americanrider.net\/wp-content\/uploads\/2019\/02\/van-tours-768x512.jpg 768w, https:\/\/www.americanrider.net\/wp-content\/uploads\/2019\/02\/van-tours-350x233.jpg 350w, https:\/\/www.americanrider.net\/wp-content\/uploads\/2019\/02\/van-tours-600x400.jpg 600w\" sizes=\"(max-width: 900px) 100vw, 900px\" \/>\t\t\t\t\t\t\t\t\t\t\t\t\t\t\t<\/div>\n\t\t\t\t<\/div>\n\t\t\t\t\t<\/div>\n\t\t<\/div>\n\t\t\t\t<div class=\"elementor-column elementor-col-66 elementor-top-column elementor-element elementor-element-d10e5bc\" data-id=\"d10e5bc\" data-element_type=\"column\">\n\t\t\t<div class=\"elementor-widget-wrap elementor-element-populated\">\n\t\t\t\t\t\t<div class=\"elementor-element elementor-element-ae5e29f elementor-widget elementor-widget-ovacrs_text_support\" data-id=\"ae5e29f\" data-element_type=\"widget\" data-widget_type=\"ovacrs_text_support.default\">\n\t\t\t\t<div class=\"elementor-widget-container\">\n\t\t\t\t\t<div class=\"ovacrs_support  dark\"><div class=\"desc\"><h4>Transporte gratuito desde y hacia su ubicaci\u00f3n<\/h4><p>American Rider ofrece transporte en autob\u00fas de cortes\u00eda hacia y desde la terminal del aeropuerto o los hoteles de Miami a la instalaci\u00f3n de alquiler de American Rider. Para obtener informaci\u00f3n de transporte para un lugar espec\u00edfico o promociones gratuitas, cont\u00e1ctenos.<\/p><\/div><span class=\"line\"><\/span><\/div>\t\t\t\t<\/div>\n\t\t\t\t<\/div>\n\t\t\t\t\t<\/div>\n\t\t<\/div>\n\t\t\t\t\t<\/div>\n\t\t<\/section>\n\t\t\t\t<section class=\"elementor-section elementor-top-section elementor-element elementor-element-5a88c5e elementor-section-boxed elementor-section-height-default elementor-section-height-default\" data-id=\"5a88c5e\" data-element_type=\"section\">\n\t\t\t\t\t\t<div class=\"elementor-container elementor-column-gap-default\">\n\t\t\t\t\t<div class=\"elementor-column elementor-col-100 elementor-top-column elementor-element elementor-element-4a51cef\" data-id=\"4a51cef\" data-element_type=\"column\">\n\t\t\t<div class=\"elementor-widget-wrap elementor-element-populated\">\n\t\t\t\t\t\t<div class=\"elementor-element elementor-element-30c2ca4 elementor-widget elementor-widget-spacer\" data-id=\"30c2ca4\" data-element_type=\"widget\" data-widget_type=\"spacer.default\">\n\t\t\t\t<div class=\"elementor-widget-container\">\n\t\t\t\t\t\t\t<div class=\"elementor-spacer\">\n\t\t\t<div class=\"elementor-spacer-inner\"><\/div>\n\t\t<\/div>\n\t\t\t\t\t\t<\/div>\n\t\t\t\t<\/div>\n\t\t\t\t\t<\/div>\n\t\t<\/div>\n\t\t\t\t\t<\/div>\n\t\t<\/section>\n\t\t\t\t<section class=\"elementor-section elementor-top-section elementor-element elementor-element-c4ed92f elementor-section-boxed elementor-section-height-default elementor-section-height-default\" data-id=\"c4ed92f\" data-element_type=\"section\">\n\t\t\t\t\t\t<div class=\"elementor-container elementor-column-gap-default\">\n\t\t\t\t\t<div class=\"elementor-column elementor-col-33 elementor-top-column elementor-element elementor-element-5ee2235\" data-id=\"5ee2235\" data-element_type=\"column\">\n\t\t\t<div class=\"elementor-widget-wrap elementor-element-populated\">\n\t\t\t\t\t\t<div class=\"elementor-element elementor-element-6ac3bfe elementor-widget elementor-widget-image\" data-id=\"6ac3bfe\" data-element_type=\"widget\" data-widget_type=\"image.default\">\n\t\t\t\t<div class=\"elementor-widget-container\">\n\t\t\t\t\t\t\t\t\t\t\t\t\t\t\t<img decoding=\"async\" width=\"1024\" height=\"768\" src=\"https:\/\/www.americanrider.net\/wp-content\/uploads\/2019\/03\/service-transportation-1024x768.jpg\" class=\"attachment-large size-large wp-image-4521\" alt=\"Servicio de Transporte\" srcset=\"https:\/\/www.americanrider.net\/wp-content\/uploads\/2019\/03\/service-transportation.jpg 1024w, https:\/\/www.americanrider.net\/wp-content\/uploads\/2019\/03\/service-transportation-300x225.jpg 300w, https:\/\/www.americanrider.net\/wp-content\/uploads\/2019\/03\/service-transportation-768x576.jpg 768w, https:\/\/www.americanrider.net\/wp-content\/uploads\/2019\/03\/service-transportation-350x263.jpg 350w, https:\/\/www.americanrider.net\/wp-content\/uploads\/2019\/03\/service-transportation-600x450.jpg 600w\" sizes=\"(max-width: 1024px) 100vw, 1024px\" \/>\t\t\t\t\t\t\t\t\t\t\t\t\t\t\t<\/div>\n\t\t\t\t<\/div>\n\t\t\t\t\t<\/div>\n\t\t<\/div>\n\t\t\t\t<div class=\"elementor-column elementor-col-66 elementor-top-column elementor-element elementor-element-b9ef0f1\" data-id=\"b9ef0f1\" data-element_type=\"column\">\n\t\t\t<div class=\"elementor-widget-wrap elementor-element-populated\">\n\t\t\t\t\t\t<div class=\"elementor-element elementor-element-b906e2d elementor-widget elementor-widget-ovacrs_text_support\" data-id=\"b906e2d\" data-element_type=\"widget\" data-widget_type=\"ovacrs_text_support.default\">\n\t\t\t\t<div class=\"elementor-widget-container\">\n\t\t\t\t\t<div class=\"ovacrs_support  dark\"><div class=\"desc\"><h4>Servicios de transporte de lujo.<\/h4><p>Si desea llegar a Miami con estilo y comodidad, ofrecemos transporte de lujo para nuestros clientes. Una limusina o un autom\u00f3vil de lujo es mucho m\u00e1s que un viaje al aeropuerto u hotel. Nuestros servicios de transporte de lujo pueden proporcionar un Limusina o un Coche de lujo para adaptarse a cualquier presupuesto. P\u00f3ngase en contacto con nosotros y consulte nuestra flota especial y los precios de cualquier Limo o Coche de lujo que se adapte a sus necesidades ...<\/p><\/div><span class=\"line\"><\/span><\/div>\t\t\t\t<\/div>\n\t\t\t\t<\/div>\n\t\t\t\t\t<\/div>\n\t\t<\/div>\n\t\t\t\t\t<\/div>\n\t\t<\/section>\n\t\t\t\t<section class=\"elementor-section elementor-top-section elementor-element elementor-element-85fc5b5 elementor-section-boxed elementor-section-height-default elementor-section-height-default\" data-id=\"85fc5b5\" data-element_type=\"section\">\n\t\t\t\t\t\t<div class=\"elementor-container elementor-column-gap-default\">\n\t\t\t\t\t<div class=\"elementor-column elementor-col-100 elementor-top-column elementor-element elementor-element-568534c\" data-id=\"568534c\" data-element_type=\"column\">\n\t\t\t<div class=\"elementor-widget-wrap elementor-element-populated\">\n\t\t\t\t\t\t<div class=\"elementor-element elementor-element-5ab8271 elementor-widget elementor-widget-spacer\" data-id=\"5ab8271\" data-element_type=\"widget\" data-widget_type=\"spacer.default\">\n\t\t\t\t<div class=\"elementor-widget-container\">\n\t\t\t\t\t\t\t<div class=\"elementor-spacer\">\n\t\t\t<div class=\"elementor-spacer-inner\"><\/div>\n\t\t<\/div>\n\t\t\t\t\t\t<\/div>\n\t\t\t\t<\/div>\n\t\t\t\t\t<\/div>\n\t\t<\/div>\n\t\t\t\t\t<\/div>\n\t\t<\/section>\n\t\t\t\t<section class=\"elementor-section elementor-top-section elementor-element elementor-element-53a10f7 elementor-section-boxed elementor-section-height-default elementor-section-height-default\" data-id=\"53a10f7\" data-element_type=\"section\">\n\t\t\t\t\t\t<div class=\"elementor-container elementor-column-gap-default\">\n\t\t\t\t\t<div class=\"elementor-column elementor-col-33 elementor-top-column elementor-element elementor-element-5b2ba3a\" data-id=\"5b2ba3a\" data-element_type=\"column\">\n\t\t\t<div class=\"elementor-widget-wrap elementor-element-populated\">\n\t\t\t\t\t\t<div class=\"elementor-element elementor-element-c4a0a59 elementor-widget elementor-widget-image\" data-id=\"c4a0a59\" data-element_type=\"widget\" data-widget_type=\"image.default\">\n\t\t\t\t<div class=\"elementor-widget-container\">\n\t\t\t\t\t\t\t\t\t\t\t\t\t\t\t<img decoding=\"async\" width=\"1024\" height=\"768\" src=\"https:\/\/www.americanrider.net\/wp-content\/uploads\/2019\/03\/service-free-transportation-1024x768.jpg\" class=\"attachment-large size-large wp-image-4516\" alt=\"Servicio gratuito de transporte desde\/hacia el aeropuerto u hotel.\" srcset=\"https:\/\/www.americanrider.net\/wp-content\/uploads\/2019\/03\/service-free-transportation.jpg 1024w, https:\/\/www.americanrider.net\/wp-content\/uploads\/2019\/03\/service-free-transportation-300x225.jpg 300w, https:\/\/www.americanrider.net\/wp-content\/uploads\/2019\/03\/service-free-transportation-768x576.jpg 768w, https:\/\/www.americanrider.net\/wp-content\/uploads\/2019\/03\/service-free-transportation-350x263.jpg 350w, https:\/\/www.americanrider.net\/wp-content\/uploads\/2019\/03\/service-free-transportation-600x450.jpg 600w\" sizes=\"(max-width: 1024px) 100vw, 1024px\" \/>\t\t\t\t\t\t\t\t\t\t\t\t\t\t\t<\/div>\n\t\t\t\t<\/div>\n\t\t\t\t\t<\/div>\n\t\t<\/div>\n\t\t\t\t<div class=\"elementor-column elementor-col-66 elementor-top-column elementor-element elementor-element-3c18274\" data-id=\"3c18274\" data-element_type=\"column\">\n\t\t\t<div class=\"elementor-widget-wrap elementor-element-populated\">\n\t\t\t\t\t\t<div class=\"elementor-element elementor-element-8441baf elementor-widget elementor-widget-ovacrs_text_support\" data-id=\"8441baf\" data-element_type=\"widget\" data-widget_type=\"ovacrs_text_support.default\">\n\t\t\t\t<div class=\"elementor-widget-container\">\n\t\t\t\t\t<div class=\"ovacrs_support  dark\"><div class=\"desc\"><h4>Servicios de transporte adicionales.<\/h4><p>Si lo desea, American Rider puede llevar o recoger la motocicleta en su hotel o ubicaci\u00f3n. Cont\u00e1ctenos para obtener precios o promociones gratuitas.<\/p><\/div><span class=\"line\"><\/span><\/div>\t\t\t\t<\/div>\n\t\t\t\t<\/div>\n\t\t\t\t\t<\/div>\n\t\t<\/div>\n\t\t\t\t\t<\/div>\n\t\t<\/section>\n\t\t\t\t<section class=\"elementor-section elementor-top-section elementor-element elementor-element-a2b1364 elementor-section-boxed elementor-section-height-default elementor-section-height-default\" data-id=\"a2b1364\" data-element_type=\"section\">\n\t\t\t\t\t\t<div class=\"elementor-container elementor-column-gap-default\">\n\t\t\t\t\t<div class=\"elementor-column elementor-col-100 elementor-top-column elementor-element elementor-element-8d7f3d4\" data-id=\"8d7f3d4\" data-element_type=\"column\">\n\t\t\t<div class=\"elementor-widget-wrap elementor-element-populated\">\n\t\t\t\t\t\t<div class=\"elementor-element elementor-element-d2f3adf elementor-widget elementor-widget-spacer\" data-id=\"d2f3adf\" data-element_type=\"widget\" data-widget_type=\"spacer.default\">\n\t\t\t\t<div class=\"elementor-widget-container\">\n\t\t\t\t\t\t\t<div class=\"elementor-spacer\">\n\t\t\t<div class=\"elementor-spacer-inner\"><\/div>\n\t\t<\/div>\n\t\t\t\t\t\t<\/div>\n\t\t\t\t<\/div>\n\t\t\t\t\t<\/div>\n\t\t<\/div>\n\t\t\t\t\t<\/div>\n\t\t<\/section>\n\t\t\t\t<\/div>\n\t\t","protected":false},"excerpt":{"rendered":"<p>Transporte gratuito al aeropuerto o al hotel Queremos proporcionar a nuestros clientes transporte, seguridad, profesionalidad y eficiencia &#8230; \u00a1el tiempo es precioso, su motocicleta est\u00e1 esperando! Transporte gratuito desde y hacia su ubicaci\u00f3n American Rider ofrece transporte en autob\u00fas de cortes\u00eda hacia y desde la terminal del aeropuerto o los hoteles de Miami a la [&hellip;]<\/p>\n","protected":false},"author":1,"featured_media":0,"parent":0,"menu_order":0,"comment_status":"closed","ping_status":"closed","template":"templates\/home.php","meta":{"footnotes":""},"class_list":["post-5133","page","type-page","status-publish","hentry"],"yoast_head":"<!-- This site is optimized with the Yoast SEO plugin v25.5 - https:\/\/yoast.com\/wordpress\/plugins\/seo\/ -->\n<title>Transporte gratuito al aeropuerto o al hotel - American Rider<\/title>\n<meta name=\"robots\" content=\"index, follow, max-snippet:-1, max-image-preview:large, max-video-preview:-1\" \/>\n<link rel=\"canonical\" href=\"https:\/\/www.americanrider.net\/es\/transporte-gratuito-al-aeropuerto-o-al-hotel\/\" \/>\n<meta property=\"og:locale\" content=\"es_ES\" \/>\n<meta property=\"og:type\" content=\"article\" \/>\n<meta property=\"og:title\" content=\"Transporte gratuito al aeropuerto o al hotel - American Rider\" \/>\n<meta property=\"og:description\" content=\"Transporte gratuito al aeropuerto o al hotel Queremos proporcionar a nuestros clientes transporte, seguridad, profesionalidad y eficiencia &#8230; \u00a1el tiempo es precioso, su motocicleta est\u00e1 esperando! Transporte gratuito desde y hacia su ubicaci\u00f3n American Rider ofrece transporte en autob\u00fas de cortes\u00eda hacia y desde la terminal del aeropuerto o los hoteles de Miami a la [&hellip;]\" \/>\n<meta property=\"og:url\" content=\"https:\/\/www.americanrider.net\/es\/transporte-gratuito-al-aeropuerto-o-al-hotel\/\" \/>\n<meta property=\"og:site_name\" content=\"American Rider\" \/>\n<meta property=\"article:modified_time\" content=\"2019-03-29T16:43:42+00:00\" \/>\n<meta property=\"og:image\" content=\"https:\/\/www.americanrider.net\/wp-content\/uploads\/2019\/02\/van-tours.jpg\" \/>\n\t<meta property=\"og:image:width\" content=\"900\" \/>\n\t<meta property=\"og:image:height\" content=\"600\" \/>\n\t<meta property=\"og:image:type\" content=\"image\/jpeg\" \/>\n<meta name=\"twitter:card\" content=\"summary_large_image\" \/>\n<meta name=\"twitter:label1\" content=\"Tiempo de lectura\" \/>\n\t<meta name=\"twitter:data1\" content=\"1 minuto\" \/>\n<script type=\"application\/ld+json\" class=\"yoast-schema-graph\">{\"@context\":\"https:\/\/schema.org\",\"@graph\":[{\"@type\":\"WebPage\",\"@id\":\"https:\/\/www.americanrider.net\/es\/transporte-gratuito-al-aeropuerto-o-al-hotel\/\",\"url\":\"https:\/\/www.americanrider.net\/es\/transporte-gratuito-al-aeropuerto-o-al-hotel\/\",\"name\":\"Transporte gratuito al aeropuerto o al hotel - American Rider\",\"isPartOf\":{\"@id\":\"https:\/\/www.americanrider.net\/es\/#website\"},\"primaryImageOfPage\":{\"@id\":\"https:\/\/www.americanrider.net\/es\/transporte-gratuito-al-aeropuerto-o-al-hotel\/#primaryimage\"},\"image\":{\"@id\":\"https:\/\/www.americanrider.net\/es\/transporte-gratuito-al-aeropuerto-o-al-hotel\/#primaryimage\"},\"thumbnailUrl\":\"https:\/\/www.americanrider.net\/wp-content\/uploads\/2019\/02\/van-tours.jpg\",\"datePublished\":\"2019-03-29T16:34:17+00:00\",\"dateModified\":\"2019-03-29T16:43:42+00:00\",\"breadcrumb\":{\"@id\":\"https:\/\/www.americanrider.net\/es\/transporte-gratuito-al-aeropuerto-o-al-hotel\/#breadcrumb\"},\"inLanguage\":\"es\",\"potentialAction\":[{\"@type\":\"ReadAction\",\"target\":[\"https:\/\/www.americanrider.net\/es\/transporte-gratuito-al-aeropuerto-o-al-hotel\/\"]}]},{\"@type\":\"ImageObject\",\"inLanguage\":\"es\",\"@id\":\"https:\/\/www.americanrider.net\/es\/transporte-gratuito-al-aeropuerto-o-al-hotel\/#primaryimage\",\"url\":\"https:\/\/www.americanrider.net\/wp-content\/uploads\/2019\/02\/van-tours.jpg\",\"contentUrl\":\"https:\/\/www.americanrider.net\/wp-content\/uploads\/2019\/02\/van-tours.jpg\"},{\"@type\":\"BreadcrumbList\",\"@id\":\"https:\/\/www.americanrider.net\/es\/transporte-gratuito-al-aeropuerto-o-al-hotel\/#breadcrumb\",\"itemListElement\":[{\"@type\":\"ListItem\",\"position\":1,\"name\":\"Home\",\"item\":\"https:\/\/www.americanrider.net\/es\/\"},{\"@type\":\"ListItem\",\"position\":2,\"name\":\"Transporte gratuito al aeropuerto o al hotel\"}]},{\"@type\":\"WebSite\",\"@id\":\"https:\/\/www.americanrider.net\/es\/#website\",\"url\":\"https:\/\/www.americanrider.net\/es\/\",\"name\":\"American Rider\",\"description\":\"Motorcycle Rentals and Tours\",\"publisher\":{\"@id\":\"https:\/\/www.americanrider.net\/es\/#organization\"},\"potentialAction\":[{\"@type\":\"SearchAction\",\"target\":{\"@type\":\"EntryPoint\",\"urlTemplate\":\"https:\/\/www.americanrider.net\/es\/?s={search_term_string}\"},\"query-input\":{\"@type\":\"PropertyValueSpecification\",\"valueRequired\":true,\"valueName\":\"search_term_string\"}}],\"inLanguage\":\"es\"},{\"@type\":\"Organization\",\"@id\":\"https:\/\/www.americanrider.net\/es\/#organization\",\"name\":\"American Rider\",\"url\":\"https:\/\/www.americanrider.net\/es\/\",\"logo\":{\"@type\":\"ImageObject\",\"inLanguage\":\"es\",\"@id\":\"https:\/\/www.americanrider.net\/es\/#\/schema\/logo\/image\/\",\"url\":\"https:\/\/www.americanrider.net\/wp-content\/uploads\/2018\/05\/logo-american-rider.png\",\"contentUrl\":\"https:\/\/www.americanrider.net\/wp-content\/uploads\/2018\/05\/logo-american-rider.png\",\"width\":694,\"height\":184,\"caption\":\"American Rider\"},\"image\":{\"@id\":\"https:\/\/www.americanrider.net\/es\/#\/schema\/logo\/image\/\"}}]}<\/script>\n<!-- \/ Yoast SEO plugin. -->","yoast_head_json":{"title":"Transporte gratuito al aeropuerto o al hotel - American Rider","robots":{"index":"index","follow":"follow","max-snippet":"max-snippet:-1","max-image-preview":"max-image-preview:large","max-video-preview":"max-video-preview:-1"},"canonical":"https:\/\/www.americanrider.net\/es\/transporte-gratuito-al-aeropuerto-o-al-hotel\/","og_locale":"es_ES","og_type":"article","og_title":"Transporte gratuito al aeropuerto o al hotel - American Rider","og_description":"Transporte gratuito al aeropuerto o al hotel Queremos proporcionar a nuestros clientes transporte, seguridad, profesionalidad y eficiencia &#8230; \u00a1el tiempo es precioso, su motocicleta est\u00e1 esperando! Transporte gratuito desde y hacia su ubicaci\u00f3n American Rider ofrece transporte en autob\u00fas de cortes\u00eda hacia y desde la terminal del aeropuerto o los hoteles de Miami a la [&hellip;]","og_url":"https:\/\/www.americanrider.net\/es\/transporte-gratuito-al-aeropuerto-o-al-hotel\/","og_site_name":"American Rider","article_modified_time":"2019-03-29T16:43:42+00:00","og_image":[{"width":900,"height":600,"url":"https:\/\/www.americanrider.net\/wp-content\/uploads\/2019\/02\/van-tours.jpg","type":"image\/jpeg"}],"twitter_card":"summary_large_image","twitter_misc":{"Tiempo de lectura":"1 minuto"},"schema":{"@context":"https:\/\/schema.org","@graph":[{"@type":"WebPage","@id":"https:\/\/www.americanrider.net\/es\/transporte-gratuito-al-aeropuerto-o-al-hotel\/","url":"https:\/\/www.americanrider.net\/es\/transporte-gratuito-al-aeropuerto-o-al-hotel\/","name":"Transporte gratuito al aeropuerto o al hotel - American Rider","isPartOf":{"@id":"https:\/\/www.americanrider.net\/es\/#website"},"primaryImageOfPage":{"@id":"https:\/\/www.americanrider.net\/es\/transporte-gratuito-al-aeropuerto-o-al-hotel\/#primaryimage"},"image":{"@id":"https:\/\/www.americanrider.net\/es\/transporte-gratuito-al-aeropuerto-o-al-hotel\/#primaryimage"},"thumbnailUrl":"https:\/\/www.americanrider.net\/wp-content\/uploads\/2019\/02\/van-tours.jpg","datePublished":"2019-03-29T16:34:17+00:00","dateModified":"2019-03-29T16:43:42+00:00","breadcrumb":{"@id":"https:\/\/www.americanrider.net\/es\/transporte-gratuito-al-aeropuerto-o-al-hotel\/#breadcrumb"},"inLanguage":"es","potentialAction":[{"@type":"ReadAction","target":["https:\/\/www.americanrider.net\/es\/transporte-gratuito-al-aeropuerto-o-al-hotel\/"]}]},{"@type":"ImageObject","inLanguage":"es","@id":"https:\/\/www.americanrider.net\/es\/transporte-gratuito-al-aeropuerto-o-al-hotel\/#primaryimage","url":"https:\/\/www.americanrider.net\/wp-content\/uploads\/2019\/02\/van-tours.jpg","contentUrl":"https:\/\/www.americanrider.net\/wp-content\/uploads\/2019\/02\/van-tours.jpg"},{"@type":"BreadcrumbList","@id":"https:\/\/www.americanrider.net\/es\/transporte-gratuito-al-aeropuerto-o-al-hotel\/#breadcrumb","itemListElement":[{"@type":"ListItem","position":1,"name":"Home","item":"https:\/\/www.americanrider.net\/es\/"},{"@type":"ListItem","position":2,"name":"Transporte gratuito al aeropuerto o al hotel"}]},{"@type":"WebSite","@id":"https:\/\/www.americanrider.net\/es\/#website","url":"https:\/\/www.americanrider.net\/es\/","name":"American Rider","description":"Motorcycle Rentals and Tours","publisher":{"@id":"https:\/\/www.americanrider.net\/es\/#organization"},"potentialAction":[{"@type":"SearchAction","target":{"@type":"EntryPoint","urlTemplate":"https:\/\/www.americanrider.net\/es\/?s={search_term_string}"},"query-input":{"@type":"PropertyValueSpecification","valueRequired":true,"valueName":"search_term_string"}}],"inLanguage":"es"},{"@type":"Organization","@id":"https:\/\/www.americanrider.net\/es\/#organization","name":"American Rider","url":"https:\/\/www.americanrider.net\/es\/","logo":{"@type":"ImageObject","inLanguage":"es","@id":"https:\/\/www.americanrider.net\/es\/#\/schema\/logo\/image\/","url":"https:\/\/www.americanrider.net\/wp-content\/uploads\/2018\/05\/logo-american-rider.png","contentUrl":"https:\/\/www.americanrider.net\/wp-content\/uploads\/2018\/05\/logo-american-rider.png","width":694,"height":184,"caption":"American Rider"},"image":{"@id":"https:\/\/www.americanrider.net\/es\/#\/schema\/logo\/image\/"}}]}},"_links":{"self":[{"href":"https:\/\/www.americanrider.net\/es\/wp-json\/wp\/v2\/pages\/5133","targetHints":{"allow":["GET"]}}],"collection":[{"href":"https:\/\/www.americanrider.net\/es\/wp-json\/wp\/v2\/pages"}],"about":[{"href":"https:\/\/www.americanrider.net\/es\/wp-json\/wp\/v2\/types\/page"}],"author":[{"embeddable":true,"href":"https:\/\/www.americanrider.net\/es\/wp-json\/wp\/v2\/users\/1"}],"replies":[{"embeddable":true,"href":"https:\/\/www.americanrider.net\/es\/wp-json\/wp\/v2\/comments?post=5133"}],"version-history":[{"count":0,"href":"https:\/\/www.americanrider.net\/es\/wp-json\/wp\/v2\/pages\/5133\/revisions"}],"wp:attachment":[{"href":"https:\/\/www.americanrider.net\/es\/wp-json\/wp\/v2\/media?parent=5133"}],"curies":[{"name":"wp","href":"https:\/\/api.w.org\/{rel}","templated":true}]}}