{"id":4807,"date":"2019-03-22T16:38:03","date_gmt":"2019-03-22T16:38:03","guid":{"rendered":"https:\/\/www.americanrider.eu\/miami-fort-lauderdale-eeuu\/"},"modified":"2019-05-22T18:16:05","modified_gmt":"2019-05-22T18:16:05","slug":"ubicacion-miami","status":"publish","type":"page","link":"https:\/\/www.americanrider.net\/es\/ubicacion-miami\/","title":{"rendered":"Miami \/ Fort Lauderdale (EEUU)"},"content":{"rendered":"\t\t<div data-elementor-type=\"wp-post\" data-elementor-id=\"4807\" class=\"elementor elementor-4807 elementor-3038\">\n\t\t\t\t\t\t<section class=\"elementor-section elementor-top-section elementor-element elementor-element-694d3200 elementor-section-content-middle elementor-section-height-min-height elementor-section-boxed elementor-section-height-default elementor-section-items-middle\" data-id=\"694d3200\" data-element_type=\"section\">\n\t\t\t\t\t\t<div class=\"elementor-container elementor-column-gap-no\">\n\t\t\t\t\t<div class=\"elementor-column elementor-col-100 elementor-top-column elementor-element elementor-element-18bce6e8\" data-id=\"18bce6e8\" data-element_type=\"column\">\n\t\t\t<div class=\"elementor-widget-wrap elementor-element-populated\">\n\t\t\t\t\t\t<section class=\"elementor-section elementor-inner-section elementor-element elementor-element-34adc4eb elementor-section-content-middle elementor-section-boxed elementor-section-height-default elementor-section-height-default\" data-id=\"34adc4eb\" data-element_type=\"section\">\n\t\t\t\t\t\t<div class=\"elementor-container elementor-column-gap-no\">\n\t\t\t\t\t<div class=\"elementor-column elementor-col-33 elementor-inner-column elementor-element elementor-element-414f212e\" data-id=\"414f212e\" data-element_type=\"column\">\n\t\t\t<div class=\"elementor-widget-wrap elementor-element-populated\">\n\t\t\t\t\t\t<div class=\"elementor-element elementor-element-2c5b7b03 elementor-widget elementor-widget-image\" data-id=\"2c5b7b03\" data-element_type=\"widget\" data-widget_type=\"image.default\">\n\t\t\t\t<div class=\"elementor-widget-container\">\n\t\t\t\t\t\t\t\t\t\t\t\t\t\t\t<img fetchpriority=\"high\" decoding=\"async\" width=\"1024\" height=\"768\" src=\"https:\/\/www.americanrider.net\/wp-content\/uploads\/2019\/02\/01-location-miami-1024x768.jpg\" class=\"attachment-large size-large wp-image-4381\" alt=\"Miami Location\" srcset=\"https:\/\/www.americanrider.net\/wp-content\/uploads\/2019\/02\/01-location-miami.jpg 1024w, https:\/\/www.americanrider.net\/wp-content\/uploads\/2019\/02\/01-location-miami-300x225.jpg 300w, https:\/\/www.americanrider.net\/wp-content\/uploads\/2019\/02\/01-location-miami-768x576.jpg 768w, https:\/\/www.americanrider.net\/wp-content\/uploads\/2019\/02\/01-location-miami-350x263.jpg 350w, https:\/\/www.americanrider.net\/wp-content\/uploads\/2019\/02\/01-location-miami-600x450.jpg 600w\" sizes=\"(max-width: 1024px) 100vw, 1024px\" \/>\t\t\t\t\t\t\t\t\t\t\t\t\t\t\t<\/div>\n\t\t\t\t<\/div>\n\t\t\t\t\t<\/div>\n\t\t<\/div>\n\t\t\t\t<div class=\"elementor-column elementor-col-33 elementor-inner-column elementor-element elementor-element-6789c0ca\" data-id=\"6789c0ca\" data-element_type=\"column\">\n\t\t\t<div class=\"elementor-widget-wrap elementor-element-populated\">\n\t\t\t\t\t\t<div class=\"elementor-element elementor-element-69c5d16 elementor-widget elementor-widget-heading\" data-id=\"69c5d16\" data-element_type=\"widget\" data-widget_type=\"heading.default\">\n\t\t\t\t<div class=\"elementor-widget-container\">\n\t\t\t\t\t<h2 class=\"elementor-heading-title elementor-size-default\">Horario<\/h2>\t\t\t\t<\/div>\n\t\t\t\t<\/div>\n\t\t\t\t<div class=\"elementor-element elementor-element-74db499 elementor-widget elementor-widget-text-editor\" data-id=\"74db499\" data-element_type=\"widget\" data-widget_type=\"text-editor.default\">\n\t\t\t\t<div class=\"elementor-widget-container\">\n\t\t\t\t\t\t\t\t\t<div class=\"item\">Lun a Vi: 10:00-18:00<\/div>\n<div class=\"item\">Sab: 10:00-17:00 &#8211; Dom: Cerrado<\/div>\n\t\t\t\t\t\t\t\t<\/div>\n\t\t\t\t<\/div>\n\t\t\t\t\t<\/div>\n\t\t<\/div>\n\t\t\t\t<div class=\"elementor-column elementor-col-33 elementor-inner-column elementor-element elementor-element-5d54767b\" data-id=\"5d54767b\" data-element_type=\"column\">\n\t\t\t<div class=\"elementor-widget-wrap elementor-element-populated\">\n\t\t\t\t\t\t<div class=\"elementor-element elementor-element-f41f190 elementor-widget elementor-widget-image\" data-id=\"f41f190\" data-element_type=\"widget\" data-widget_type=\"image.default\">\n\t\t\t\t<div class=\"elementor-widget-container\">\n\t\t\t\t\t\t\t\t\t\t\t\t\t\t\t<img decoding=\"async\" width=\"1024\" height=\"768\" src=\"https:\/\/www.americanrider.net\/wp-content\/uploads\/2019\/02\/03-location-miami-1024x768.jpg\" class=\"attachment-large size-large wp-image-4383\" alt=\"Miami Location\" srcset=\"https:\/\/www.americanrider.net\/wp-content\/uploads\/2019\/02\/03-location-miami.jpg 1024w, https:\/\/www.americanrider.net\/wp-content\/uploads\/2019\/02\/03-location-miami-300x225.jpg 300w, https:\/\/www.americanrider.net\/wp-content\/uploads\/2019\/02\/03-location-miami-768x576.jpg 768w, https:\/\/www.americanrider.net\/wp-content\/uploads\/2019\/02\/03-location-miami-350x263.jpg 350w, https:\/\/www.americanrider.net\/wp-content\/uploads\/2019\/02\/03-location-miami-600x450.jpg 600w\" sizes=\"(max-width: 1024px) 100vw, 1024px\" \/>\t\t\t\t\t\t\t\t\t\t\t\t\t\t\t<\/div>\n\t\t\t\t<\/div>\n\t\t\t\t\t<\/div>\n\t\t<\/div>\n\t\t\t\t\t<\/div>\n\t\t<\/section>\n\t\t\t\t<section class=\"elementor-section elementor-inner-section elementor-element elementor-element-18c37f1e elementor-section-content-middle elementor-section-boxed elementor-section-height-default elementor-section-height-default\" data-id=\"18c37f1e\" data-element_type=\"section\">\n\t\t\t\t\t\t<div class=\"elementor-container elementor-column-gap-no\">\n\t\t\t\t\t<div class=\"elementor-column elementor-col-33 elementor-inner-column elementor-element elementor-element-2aab4086\" data-id=\"2aab4086\" data-element_type=\"column\">\n\t\t\t<div class=\"elementor-widget-wrap elementor-element-populated\">\n\t\t\t\t\t\t<div class=\"elementor-element elementor-element-7f10d58a elementor-widget elementor-widget-heading\" data-id=\"7f10d58a\" data-element_type=\"widget\" data-widget_type=\"heading.default\">\n\t\t\t\t<div class=\"elementor-widget-container\">\n\t\t\t\t\t<h2 class=\"elementor-heading-title elementor-size-default\">Direcci\u00f3n<\/h2>\t\t\t\t<\/div>\n\t\t\t\t<\/div>\n\t\t\t\t<div class=\"elementor-element elementor-element-5ff2103d elementor-widget elementor-widget-text-editor\" data-id=\"5ff2103d\" data-element_type=\"widget\" data-widget_type=\"text-editor.default\">\n\t\t\t\t<div class=\"elementor-widget-container\">\n\t\t\t\t\t\t\t\t\t<div class=\"item\">2000 Stirling Rd F1 Dania Beach, FL<\/div>\n<div class=\"item\">33004 (EEUU)<\/div>\n\t\t\t\t\t\t\t\t<\/div>\n\t\t\t\t<\/div>\n\t\t\t\t\t<\/div>\n\t\t<\/div>\n\t\t\t\t<div class=\"elementor-column elementor-col-33 elementor-inner-column elementor-element elementor-element-5a688f7\" data-id=\"5a688f7\" data-element_type=\"column\">\n\t\t\t<div class=\"elementor-widget-wrap elementor-element-populated\">\n\t\t\t\t\t\t<div class=\"elementor-element elementor-element-70980e11 elementor-widget elementor-widget-image\" data-id=\"70980e11\" data-element_type=\"widget\" data-widget_type=\"image.default\">\n\t\t\t\t<div class=\"elementor-widget-container\">\n\t\t\t\t\t\t\t\t\t\t\t\t\t\t\t<img decoding=\"async\" width=\"1024\" height=\"768\" src=\"https:\/\/www.americanrider.net\/wp-content\/uploads\/2019\/02\/02-location-miami-1024x768.jpg\" class=\"attachment-large size-large wp-image-4382\" alt=\"Miami Location\" srcset=\"https:\/\/www.americanrider.net\/wp-content\/uploads\/2019\/02\/02-location-miami.jpg 1024w, https:\/\/www.americanrider.net\/wp-content\/uploads\/2019\/02\/02-location-miami-300x225.jpg 300w, https:\/\/www.americanrider.net\/wp-content\/uploads\/2019\/02\/02-location-miami-768x576.jpg 768w, https:\/\/www.americanrider.net\/wp-content\/uploads\/2019\/02\/02-location-miami-350x263.jpg 350w, https:\/\/www.americanrider.net\/wp-content\/uploads\/2019\/02\/02-location-miami-600x450.jpg 600w\" sizes=\"(max-width: 1024px) 100vw, 1024px\" \/>\t\t\t\t\t\t\t\t\t\t\t\t\t\t\t<\/div>\n\t\t\t\t<\/div>\n\t\t\t\t\t<\/div>\n\t\t<\/div>\n\t\t\t\t<div class=\"elementor-column elementor-col-33 elementor-inner-column elementor-element elementor-element-5eac48f3\" data-id=\"5eac48f3\" data-element_type=\"column\">\n\t\t\t<div class=\"elementor-widget-wrap elementor-element-populated\">\n\t\t\t\t\t\t<div class=\"elementor-element elementor-element-41785fc9 elementor-widget elementor-widget-heading\" data-id=\"41785fc9\" data-element_type=\"widget\" data-widget_type=\"heading.default\">\n\t\t\t\t<div class=\"elementor-widget-container\">\n\t\t\t\t\t<h2 class=\"elementor-heading-title elementor-size-default\">Tel\u00e9fono e Email<\/h2>\t\t\t\t<\/div>\n\t\t\t\t<\/div>\n\t\t\t\t<div class=\"elementor-element elementor-element-6aa09e8f elementor-widget elementor-widget-text-editor\" data-id=\"6aa09e8f\" data-element_type=\"widget\" data-widget_type=\"text-editor.default\">\n\t\t\t\t<div class=\"elementor-widget-container\">\n\t\t\t\t\t\t\t\t\t<div class=\"item\">rentals@americanrider.net<\/div><div class=\"item\">(+001) 954 894 9193<\/div>\t\t\t\t\t\t\t\t<\/div>\n\t\t\t\t<\/div>\n\t\t\t\t\t<\/div>\n\t\t<\/div>\n\t\t\t\t\t<\/div>\n\t\t<\/section>\n\t\t\t\t\t<\/div>\n\t\t<\/div>\n\t\t\t\t\t<\/div>\n\t\t<\/section>\n\t\t\t\t<section class=\"elementor-section elementor-top-section elementor-element elementor-element-91fae66 elementor-section-boxed elementor-section-height-default elementor-section-height-default\" data-id=\"91fae66\" data-element_type=\"section\">\n\t\t\t\t\t\t<div class=\"elementor-container elementor-column-gap-default\">\n\t\t\t\t\t<div class=\"elementor-column elementor-col-100 elementor-top-column elementor-element elementor-element-7544377\" data-id=\"7544377\" data-element_type=\"column\">\n\t\t\t<div class=\"elementor-widget-wrap elementor-element-populated\">\n\t\t\t\t\t\t<div class=\"elementor-element elementor-element-bac9d58 elementor-widget elementor-widget-ovacrs_service\" data-id=\"bac9d58\" data-element_type=\"widget\" data-widget_type=\"ovacrs_service.default\">\n\t\t\t\t<div class=\"elementor-widget-container\">\n\t\t\t\t\t<div class=\"ireca_service  style1 show_border\"><i class=\"flaticon-info\"><\/i><div class=\"content\"><h3>Informaci\u00f3n importante<\/h3><div class=\"desc\"><p>Para poder ofrecerle un mejor servicio, cont\u00e1ctenos para concertar una cita.<\/p><\/div><div class=\"line\"><\/div><\/div><\/div>\t\t\t\t<\/div>\n\t\t\t\t<\/div>\n\t\t\t\t\t<\/div>\n\t\t<\/div>\n\t\t\t\t\t<\/div>\n\t\t<\/section>\n\t\t\t\t<section class=\"elementor-section elementor-top-section elementor-element elementor-element-d2611f2 elementor-section-boxed elementor-section-height-default elementor-section-height-default\" data-id=\"d2611f2\" data-element_type=\"section\">\n\t\t\t\t\t\t<div class=\"elementor-container elementor-column-gap-default\">\n\t\t\t\t\t<div class=\"elementor-column elementor-col-100 elementor-top-column elementor-element elementor-element-a157ae8\" data-id=\"a157ae8\" data-element_type=\"column\">\n\t\t\t<div class=\"elementor-widget-wrap elementor-element-populated\">\n\t\t\t\t\t\t<div class=\"elementor-element elementor-element-d8deb15 elementor-widget elementor-widget-spacer\" data-id=\"d8deb15\" data-element_type=\"widget\" data-widget_type=\"spacer.default\">\n\t\t\t\t<div class=\"elementor-widget-container\">\n\t\t\t\t\t\t\t<div class=\"elementor-spacer\">\n\t\t\t<div class=\"elementor-spacer-inner\"><\/div>\n\t\t<\/div>\n\t\t\t\t\t\t<\/div>\n\t\t\t\t<\/div>\n\t\t\t\t\t<\/div>\n\t\t<\/div>\n\t\t\t\t\t<\/div>\n\t\t<\/section>\n\t\t\t\t<section class=\"elementor-section elementor-top-section elementor-element elementor-element-2f678dd9 elementor-section-full_width elementor-section-height-default elementor-section-height-default\" data-id=\"2f678dd9\" data-element_type=\"section\">\n\t\t\t\t\t\t<div class=\"elementor-container elementor-column-gap-no\">\n\t\t\t\t\t<div class=\"elementor-column elementor-col-100 elementor-top-column elementor-element elementor-element-204a9673\" data-id=\"204a9673\" data-element_type=\"column\">\n\t\t\t<div class=\"elementor-widget-wrap elementor-element-populated\">\n\t\t\t\t\t\t<div class=\"elementor-element elementor-element-7ff68f11 elementor-widget elementor-widget-google_maps\" data-id=\"7ff68f11\" data-element_type=\"widget\" data-widget_type=\"google_maps.default\">\n\t\t\t\t<div class=\"elementor-widget-container\">\n\t\t\t\t\t\t\t<div class=\"elementor-custom-embed\">\n\t\t\t<iframe loading=\"lazy\"\n\t\t\t\t\tsrc=\"https:\/\/maps.google.com\/maps?q=fort%20lauderdale&#038;t=m&#038;z=12&#038;output=embed&#038;iwloc=near\"\n\t\t\t\t\ttitle=\"fort lauderdale\"\n\t\t\t\t\taria-label=\"fort lauderdale\"\n\t\t\t><\/iframe>\n\t\t<\/div>\n\t\t\t\t\t\t<\/div>\n\t\t\t\t<\/div>\n\t\t\t\t<section class=\"elementor-section elementor-inner-section elementor-element elementor-element-89e021e elementor-section-content-middle elementor-section-boxed elementor-section-height-default elementor-section-height-default\" data-id=\"89e021e\" data-element_type=\"section\">\n\t\t\t\t\t\t<div class=\"elementor-container elementor-column-gap-no\">\n\t\t\t\t\t<div class=\"elementor-column elementor-col-33 elementor-inner-column elementor-element elementor-element-251e65e4\" data-id=\"251e65e4\" data-element_type=\"column\">\n\t\t\t<div class=\"elementor-widget-wrap elementor-element-populated\">\n\t\t\t\t\t\t<div class=\"elementor-element elementor-element-b39df2c elementor-widget elementor-widget-heading\" data-id=\"b39df2c\" data-element_type=\"widget\" data-widget_type=\"heading.default\">\n\t\t\t\t<div class=\"elementor-widget-container\">\n\t\t\t\t\t<h6 class=\"elementor-heading-title elementor-size-default\">Ubicaci\u00f3n<\/h6>\t\t\t\t<\/div>\n\t\t\t\t<\/div>\n\t\t\t\t<div class=\"elementor-element elementor-element-32665475 elementor-widget elementor-widget-text-editor\" data-id=\"32665475\" data-element_type=\"widget\" data-widget_type=\"text-editor.default\">\n\t\t\t\t<div class=\"elementor-widget-container\">\n\t\t\t\t\t\t\t\t\t<div class=\"item\">2000 Stirling Rd F1 Dania Beach, FL<\/div>\n<div class=\"item\">33004 (EEUU)<\/div>\n\t\t\t\t\t\t\t\t<\/div>\n\t\t\t\t<\/div>\n\t\t\t\t\t<\/div>\n\t\t<\/div>\n\t\t\t\t<div class=\"elementor-column elementor-col-33 elementor-inner-column elementor-element elementor-element-28ddfa68\" data-id=\"28ddfa68\" data-element_type=\"column\">\n\t\t\t<div class=\"elementor-widget-wrap elementor-element-populated\">\n\t\t\t\t\t\t<div class=\"elementor-element elementor-element-6a903d64 elementor-widget elementor-widget-heading\" data-id=\"6a903d64\" data-element_type=\"widget\" data-widget_type=\"heading.default\">\n\t\t\t\t<div class=\"elementor-widget-container\">\n\t\t\t\t\t<h6 class=\"elementor-heading-title elementor-size-default\">Nuestro horario<\/h6>\t\t\t\t<\/div>\n\t\t\t\t<\/div>\n\t\t\t\t<div class=\"elementor-element elementor-element-239bcd30 elementor-widget elementor-widget-text-editor\" data-id=\"239bcd30\" data-element_type=\"widget\" data-widget_type=\"text-editor.default\">\n\t\t\t\t<div class=\"elementor-widget-container\">\n\t\t\t\t\t\t\t\t\t<div class=\"item\">Lun a Vi: 10:00-18:00<\/div>\n<div class=\"item\">Sab: 10:00-17:00 &#8211; Dom: Cerrado<\/div>\n\t\t\t\t\t\t\t\t<\/div>\n\t\t\t\t<\/div>\n\t\t\t\t\t<\/div>\n\t\t<\/div>\n\t\t\t\t<div class=\"elementor-column elementor-col-33 elementor-inner-column elementor-element elementor-element-6c0a3b8c\" data-id=\"6c0a3b8c\" data-element_type=\"column\">\n\t\t\t<div class=\"elementor-widget-wrap elementor-element-populated\">\n\t\t\t\t\t\t<div class=\"elementor-element elementor-element-c15a601 elementor-widget elementor-widget-heading\" data-id=\"c15a601\" data-element_type=\"widget\" data-widget_type=\"heading.default\">\n\t\t\t\t<div class=\"elementor-widget-container\">\n\t\t\t\t\t<h6 class=\"elementor-heading-title elementor-size-default\">Contacto<\/h6>\t\t\t\t<\/div>\n\t\t\t\t<\/div>\n\t\t\t\t<div class=\"elementor-element elementor-element-203d7b38 elementor-widget elementor-widget-text-editor\" data-id=\"203d7b38\" data-element_type=\"widget\" data-widget_type=\"text-editor.default\">\n\t\t\t\t<div class=\"elementor-widget-container\">\n\t\t\t\t\t\t\t\t\t<div class=\"item\">rentals@americanrider.net<\/div><div class=\"item\">(+001) 954 894 9193<\/div>\t\t\t\t\t\t\t\t<\/div>\n\t\t\t\t<\/div>\n\t\t\t\t\t<\/div>\n\t\t<\/div>\n\t\t\t\t\t<\/div>\n\t\t<\/section>\n\t\t\t\t\t<\/div>\n\t\t<\/div>\n\t\t\t\t\t<\/div>\n\t\t<\/section>\n\t\t\t\t<\/div>\n\t\t","protected":false},"excerpt":{"rendered":"<p>Horario Lun a Vi: 10:00-18:00 Sab: 10:00-17:00 &#8211; Dom: Cerrado Direcci\u00f3n 2000 Stirling Rd F1 Dania Beach, FL 33004 (EEUU) Tel\u00e9fono e Email rentals@americanrider.net(+001) 954 894 9193 Informaci\u00f3n importante Para poder ofrecerle un mejor servicio, cont\u00e1ctenos para concertar una cita. Ubicaci\u00f3n 2000 Stirling Rd F1 Dania Beach, FL 33004 (EEUU) Nuestro horario Lun a Vi: [&hellip;]<\/p>\n","protected":false},"author":1,"featured_media":0,"parent":0,"menu_order":0,"comment_status":"closed","ping_status":"closed","template":"templates\/home.php","meta":{"footnotes":""},"class_list":["post-4807","page","type-page","status-publish","hentry"],"yoast_head":"<!-- This site is optimized with the Yoast SEO plugin v25.5 - https:\/\/yoast.com\/wordpress\/plugins\/seo\/ -->\n<title>Miami \/ Fort Lauderdale (EEUU) - American Rider<\/title>\n<meta name=\"robots\" content=\"index, follow, max-snippet:-1, max-image-preview:large, max-video-preview:-1\" \/>\n<link rel=\"canonical\" href=\"https:\/\/www.americanrider.net\/es\/ubicacion-miami\/\" \/>\n<meta property=\"og:locale\" content=\"es_ES\" \/>\n<meta property=\"og:type\" content=\"article\" \/>\n<meta property=\"og:title\" content=\"Miami \/ Fort Lauderdale (EEUU) - American Rider\" \/>\n<meta property=\"og:description\" content=\"Horario Lun a Vi: 10:00-18:00 Sab: 10:00-17:00 &#8211; Dom: Cerrado Direcci\u00f3n 2000 Stirling Rd F1 Dania Beach, FL 33004 (EEUU) Tel\u00e9fono e Email rentals@americanrider.net(+001) 954 894 9193 Informaci\u00f3n importante Para poder ofrecerle un mejor servicio, cont\u00e1ctenos para concertar una cita. Ubicaci\u00f3n 2000 Stirling Rd F1 Dania Beach, FL 33004 (EEUU) Nuestro horario Lun a Vi: [&hellip;]\" \/>\n<meta property=\"og:url\" content=\"https:\/\/www.americanrider.net\/es\/ubicacion-miami\/\" \/>\n<meta property=\"og:site_name\" content=\"American Rider\" \/>\n<meta property=\"article:modified_time\" content=\"2019-05-22T18:16:05+00:00\" \/>\n<meta property=\"og:image\" content=\"https:\/\/www.americanrider.net\/wp-content\/uploads\/2019\/02\/01-location-miami.jpg\" \/>\n\t<meta property=\"og:image:width\" content=\"1024\" \/>\n\t<meta property=\"og:image:height\" content=\"768\" \/>\n\t<meta property=\"og:image:type\" content=\"image\/jpeg\" \/>\n<meta name=\"twitter:card\" content=\"summary_large_image\" \/>\n<script type=\"application\/ld+json\" class=\"yoast-schema-graph\">{\"@context\":\"https:\/\/schema.org\",\"@graph\":[{\"@type\":\"WebPage\",\"@id\":\"https:\/\/www.americanrider.net\/es\/ubicacion-miami\/\",\"url\":\"https:\/\/www.americanrider.net\/es\/ubicacion-miami\/\",\"name\":\"Miami \/ Fort Lauderdale (EEUU) - American Rider\",\"isPartOf\":{\"@id\":\"https:\/\/www.americanrider.net\/es\/#website\"},\"primaryImageOfPage\":{\"@id\":\"https:\/\/www.americanrider.net\/es\/ubicacion-miami\/#primaryimage\"},\"image\":{\"@id\":\"https:\/\/www.americanrider.net\/es\/ubicacion-miami\/#primaryimage\"},\"thumbnailUrl\":\"https:\/\/www.americanrider.net\/wp-content\/uploads\/2019\/02\/01-location-miami-1024x768.jpg\",\"datePublished\":\"2019-03-22T16:38:03+00:00\",\"dateModified\":\"2019-05-22T18:16:05+00:00\",\"breadcrumb\":{\"@id\":\"https:\/\/www.americanrider.net\/es\/ubicacion-miami\/#breadcrumb\"},\"inLanguage\":\"es\",\"potentialAction\":[{\"@type\":\"ReadAction\",\"target\":[\"https:\/\/www.americanrider.net\/es\/ubicacion-miami\/\"]}]},{\"@type\":\"ImageObject\",\"inLanguage\":\"es\",\"@id\":\"https:\/\/www.americanrider.net\/es\/ubicacion-miami\/#primaryimage\",\"url\":\"https:\/\/www.americanrider.net\/wp-content\/uploads\/2019\/02\/01-location-miami-1024x768.jpg\",\"contentUrl\":\"https:\/\/www.americanrider.net\/wp-content\/uploads\/2019\/02\/01-location-miami-1024x768.jpg\"},{\"@type\":\"BreadcrumbList\",\"@id\":\"https:\/\/www.americanrider.net\/es\/ubicacion-miami\/#breadcrumb\",\"itemListElement\":[{\"@type\":\"ListItem\",\"position\":1,\"name\":\"Home\",\"item\":\"https:\/\/www.americanrider.net\/es\/\"},{\"@type\":\"ListItem\",\"position\":2,\"name\":\"Miami \/ Fort Lauderdale (EEUU)\"}]},{\"@type\":\"WebSite\",\"@id\":\"https:\/\/www.americanrider.net\/es\/#website\",\"url\":\"https:\/\/www.americanrider.net\/es\/\",\"name\":\"American Rider\",\"description\":\"Motorcycle Rentals and Tours\",\"publisher\":{\"@id\":\"https:\/\/www.americanrider.net\/es\/#organization\"},\"potentialAction\":[{\"@type\":\"SearchAction\",\"target\":{\"@type\":\"EntryPoint\",\"urlTemplate\":\"https:\/\/www.americanrider.net\/es\/?s={search_term_string}\"},\"query-input\":{\"@type\":\"PropertyValueSpecification\",\"valueRequired\":true,\"valueName\":\"search_term_string\"}}],\"inLanguage\":\"es\"},{\"@type\":\"Organization\",\"@id\":\"https:\/\/www.americanrider.net\/es\/#organization\",\"name\":\"American Rider\",\"url\":\"https:\/\/www.americanrider.net\/es\/\",\"logo\":{\"@type\":\"ImageObject\",\"inLanguage\":\"es\",\"@id\":\"https:\/\/www.americanrider.net\/es\/#\/schema\/logo\/image\/\",\"url\":\"https:\/\/www.americanrider.net\/wp-content\/uploads\/2018\/05\/logo-american-rider.png\",\"contentUrl\":\"https:\/\/www.americanrider.net\/wp-content\/uploads\/2018\/05\/logo-american-rider.png\",\"width\":694,\"height\":184,\"caption\":\"American Rider\"},\"image\":{\"@id\":\"https:\/\/www.americanrider.net\/es\/#\/schema\/logo\/image\/\"}}]}<\/script>\n<!-- \/ Yoast SEO plugin. -->","yoast_head_json":{"title":"Miami \/ Fort Lauderdale (EEUU) - American Rider","robots":{"index":"index","follow":"follow","max-snippet":"max-snippet:-1","max-image-preview":"max-image-preview:large","max-video-preview":"max-video-preview:-1"},"canonical":"https:\/\/www.americanrider.net\/es\/ubicacion-miami\/","og_locale":"es_ES","og_type":"article","og_title":"Miami \/ Fort Lauderdale (EEUU) - American Rider","og_description":"Horario Lun a Vi: 10:00-18:00 Sab: 10:00-17:00 &#8211; Dom: Cerrado Direcci\u00f3n 2000 Stirling Rd F1 Dania Beach, FL 33004 (EEUU) Tel\u00e9fono e Email rentals@americanrider.net(+001) 954 894 9193 Informaci\u00f3n importante Para poder ofrecerle un mejor servicio, cont\u00e1ctenos para concertar una cita. Ubicaci\u00f3n 2000 Stirling Rd F1 Dania Beach, FL 33004 (EEUU) Nuestro horario Lun a Vi: [&hellip;]","og_url":"https:\/\/www.americanrider.net\/es\/ubicacion-miami\/","og_site_name":"American Rider","article_modified_time":"2019-05-22T18:16:05+00:00","og_image":[{"width":1024,"height":768,"url":"https:\/\/www.americanrider.net\/wp-content\/uploads\/2019\/02\/01-location-miami.jpg","type":"image\/jpeg"}],"twitter_card":"summary_large_image","schema":{"@context":"https:\/\/schema.org","@graph":[{"@type":"WebPage","@id":"https:\/\/www.americanrider.net\/es\/ubicacion-miami\/","url":"https:\/\/www.americanrider.net\/es\/ubicacion-miami\/","name":"Miami \/ Fort Lauderdale (EEUU) - American Rider","isPartOf":{"@id":"https:\/\/www.americanrider.net\/es\/#website"},"primaryImageOfPage":{"@id":"https:\/\/www.americanrider.net\/es\/ubicacion-miami\/#primaryimage"},"image":{"@id":"https:\/\/www.americanrider.net\/es\/ubicacion-miami\/#primaryimage"},"thumbnailUrl":"https:\/\/www.americanrider.net\/wp-content\/uploads\/2019\/02\/01-location-miami-1024x768.jpg","datePublished":"2019-03-22T16:38:03+00:00","dateModified":"2019-05-22T18:16:05+00:00","breadcrumb":{"@id":"https:\/\/www.americanrider.net\/es\/ubicacion-miami\/#breadcrumb"},"inLanguage":"es","potentialAction":[{"@type":"ReadAction","target":["https:\/\/www.americanrider.net\/es\/ubicacion-miami\/"]}]},{"@type":"ImageObject","inLanguage":"es","@id":"https:\/\/www.americanrider.net\/es\/ubicacion-miami\/#primaryimage","url":"https:\/\/www.americanrider.net\/wp-content\/uploads\/2019\/02\/01-location-miami-1024x768.jpg","contentUrl":"https:\/\/www.americanrider.net\/wp-content\/uploads\/2019\/02\/01-location-miami-1024x768.jpg"},{"@type":"BreadcrumbList","@id":"https:\/\/www.americanrider.net\/es\/ubicacion-miami\/#breadcrumb","itemListElement":[{"@type":"ListItem","position":1,"name":"Home","item":"https:\/\/www.americanrider.net\/es\/"},{"@type":"ListItem","position":2,"name":"Miami \/ Fort Lauderdale (EEUU)"}]},{"@type":"WebSite","@id":"https:\/\/www.americanrider.net\/es\/#website","url":"https:\/\/www.americanrider.net\/es\/","name":"American Rider","description":"Motorcycle Rentals and Tours","publisher":{"@id":"https:\/\/www.americanrider.net\/es\/#organization"},"potentialAction":[{"@type":"SearchAction","target":{"@type":"EntryPoint","urlTemplate":"https:\/\/www.americanrider.net\/es\/?s={search_term_string}"},"query-input":{"@type":"PropertyValueSpecification","valueRequired":true,"valueName":"search_term_string"}}],"inLanguage":"es"},{"@type":"Organization","@id":"https:\/\/www.americanrider.net\/es\/#organization","name":"American Rider","url":"https:\/\/www.americanrider.net\/es\/","logo":{"@type":"ImageObject","inLanguage":"es","@id":"https:\/\/www.americanrider.net\/es\/#\/schema\/logo\/image\/","url":"https:\/\/www.americanrider.net\/wp-content\/uploads\/2018\/05\/logo-american-rider.png","contentUrl":"https:\/\/www.americanrider.net\/wp-content\/uploads\/2018\/05\/logo-american-rider.png","width":694,"height":184,"caption":"American Rider"},"image":{"@id":"https:\/\/www.americanrider.net\/es\/#\/schema\/logo\/image\/"}}]}},"_links":{"self":[{"href":"https:\/\/www.americanrider.net\/es\/wp-json\/wp\/v2\/pages\/4807","targetHints":{"allow":["GET"]}}],"collection":[{"href":"https:\/\/www.americanrider.net\/es\/wp-json\/wp\/v2\/pages"}],"about":[{"href":"https:\/\/www.americanrider.net\/es\/wp-json\/wp\/v2\/types\/page"}],"author":[{"embeddable":true,"href":"https:\/\/www.americanrider.net\/es\/wp-json\/wp\/v2\/users\/1"}],"replies":[{"embeddable":true,"href":"https:\/\/www.americanrider.net\/es\/wp-json\/wp\/v2\/comments?post=4807"}],"version-history":[{"count":0,"href":"https:\/\/www.americanrider.net\/es\/wp-json\/wp\/v2\/pages\/4807\/revisions"}],"wp:attachment":[{"href":"https:\/\/www.americanrider.net\/es\/wp-json\/wp\/v2\/media?parent=4807"}],"curies":[{"name":"wp","href":"https:\/\/api.w.org\/{rel}","templated":true}]}}