{"id":4799,"date":"2019-03-22T16:30:20","date_gmt":"2019-03-22T16:30:20","guid":{"rendered":"https:\/\/www.americanrider.eu\/madrid\/"},"modified":"2019-10-07T09:49:38","modified_gmt":"2019-10-07T09:49:38","slug":"ubicacion-madrid","status":"publish","type":"page","link":"https:\/\/www.americanrider.net\/es\/ubicacion-madrid\/","title":{"rendered":"Madrid"},"content":{"rendered":"\t\t<div data-elementor-type=\"wp-post\" data-elementor-id=\"4799\" class=\"elementor elementor-4799 elementor-3032\">\n\t\t\t\t\t\t<section class=\"elementor-section elementor-top-section elementor-element elementor-element-642cbb0 elementor-section-content-middle elementor-section-boxed elementor-section-height-default elementor-section-height-default\" data-id=\"642cbb0\" data-element_type=\"section\">\n\t\t\t\t\t\t<div class=\"elementor-container elementor-column-gap-no\">\n\t\t\t\t\t<div class=\"elementor-column elementor-col-100 elementor-top-column elementor-element elementor-element-8791b4c\" data-id=\"8791b4c\" data-element_type=\"column\">\n\t\t\t<div class=\"elementor-widget-wrap elementor-element-populated\">\n\t\t\t\t\t\t<section class=\"elementor-section elementor-inner-section elementor-element elementor-element-106d0fe elementor-section-content-middle elementor-section-boxed elementor-section-height-default elementor-section-height-default\" data-id=\"106d0fe\" data-element_type=\"section\">\n\t\t\t\t\t\t<div class=\"elementor-container elementor-column-gap-no\">\n\t\t\t\t\t<div class=\"elementor-column elementor-col-33 elementor-inner-column elementor-element elementor-element-d2335a8\" data-id=\"d2335a8\" data-element_type=\"column\">\n\t\t\t<div class=\"elementor-widget-wrap elementor-element-populated\">\n\t\t\t\t\t\t<div class=\"elementor-element elementor-element-6175194 elementor-widget elementor-widget-image\" data-id=\"6175194\" data-element_type=\"widget\" data-widget_type=\"image.default\">\n\t\t\t\t<div class=\"elementor-widget-container\">\n\t\t\t\t\t\t\t\t\t\t\t\t\t\t\t<img fetchpriority=\"high\" decoding=\"async\" width=\"1024\" height=\"768\" src=\"https:\/\/www.americanrider.net\/wp-content\/uploads\/2019\/02\/location-madrid-1024x768.jpg\" class=\"attachment-large size-large wp-image-4368\" alt=\"Madrid Location\" srcset=\"https:\/\/www.americanrider.net\/wp-content\/uploads\/2019\/02\/location-madrid.jpg 1024w, https:\/\/www.americanrider.net\/wp-content\/uploads\/2019\/02\/location-madrid-300x225.jpg 300w, https:\/\/www.americanrider.net\/wp-content\/uploads\/2019\/02\/location-madrid-768x576.jpg 768w, https:\/\/www.americanrider.net\/wp-content\/uploads\/2019\/02\/location-madrid-350x263.jpg 350w, https:\/\/www.americanrider.net\/wp-content\/uploads\/2019\/02\/location-madrid-600x450.jpg 600w\" sizes=\"(max-width: 1024px) 100vw, 1024px\" \/>\t\t\t\t\t\t\t\t\t\t\t\t\t\t\t<\/div>\n\t\t\t\t<\/div>\n\t\t\t\t\t<\/div>\n\t\t<\/div>\n\t\t\t\t<div class=\"elementor-column elementor-col-33 elementor-inner-column elementor-element elementor-element-7ec8e39\" data-id=\"7ec8e39\" data-element_type=\"column\">\n\t\t\t<div class=\"elementor-widget-wrap elementor-element-populated\">\n\t\t\t\t\t\t<div class=\"elementor-element elementor-element-4653bab elementor-widget elementor-widget-heading\" data-id=\"4653bab\" data-element_type=\"widget\" data-widget_type=\"heading.default\">\n\t\t\t\t<div class=\"elementor-widget-container\">\n\t\t\t\t\t<h2 class=\"elementor-heading-title elementor-size-default\">Horario<\/h2>\t\t\t\t<\/div>\n\t\t\t\t<\/div>\n\t\t\t\t<div class=\"elementor-element elementor-element-9617995 elementor-widget elementor-widget-text-editor\" data-id=\"9617995\" data-element_type=\"widget\" data-widget_type=\"text-editor.default\">\n\t\t\t\t<div class=\"elementor-widget-container\">\n\t\t\t\t\t\t\t\t\t<div class=\"item\">Lun a Vi: 10:00-18:00<\/div>\n<div class=\"item\">Sab: 10:00-17:00 &#8211; Dom: Cerrado<\/div>\n\t\t\t\t\t\t\t\t<\/div>\n\t\t\t\t<\/div>\n\t\t\t\t\t<\/div>\n\t\t<\/div>\n\t\t\t\t<div class=\"elementor-column elementor-col-33 elementor-inner-column elementor-element elementor-element-5e99511\" data-id=\"5e99511\" data-element_type=\"column\">\n\t\t\t<div class=\"elementor-widget-wrap elementor-element-populated\">\n\t\t\t\t\t\t<div class=\"elementor-element elementor-element-b59e04f elementor-widget elementor-widget-image\" data-id=\"b59e04f\" data-element_type=\"widget\" data-widget_type=\"image.default\">\n\t\t\t\t<div class=\"elementor-widget-container\">\n\t\t\t\t\t\t\t\t\t\t\t\t\t\t\t<img decoding=\"async\" width=\"1024\" height=\"768\" src=\"https:\/\/www.americanrider.net\/wp-content\/uploads\/2019\/02\/01-location-madrid-1024x768.jpg\" class=\"attachment-large size-large wp-image-4474\" alt=\"Madrid Location\" srcset=\"https:\/\/www.americanrider.net\/wp-content\/uploads\/2019\/02\/01-location-madrid.jpg 1024w, https:\/\/www.americanrider.net\/wp-content\/uploads\/2019\/02\/01-location-madrid-300x225.jpg 300w, https:\/\/www.americanrider.net\/wp-content\/uploads\/2019\/02\/01-location-madrid-768x576.jpg 768w, https:\/\/www.americanrider.net\/wp-content\/uploads\/2019\/02\/01-location-madrid-350x263.jpg 350w, https:\/\/www.americanrider.net\/wp-content\/uploads\/2019\/02\/01-location-madrid-600x450.jpg 600w\" sizes=\"(max-width: 1024px) 100vw, 1024px\" \/>\t\t\t\t\t\t\t\t\t\t\t\t\t\t\t<\/div>\n\t\t\t\t<\/div>\n\t\t\t\t\t<\/div>\n\t\t<\/div>\n\t\t\t\t\t<\/div>\n\t\t<\/section>\n\t\t\t\t<section class=\"elementor-section elementor-inner-section elementor-element elementor-element-a2dd809 elementor-section-content-middle elementor-section-boxed elementor-section-height-default elementor-section-height-default\" data-id=\"a2dd809\" data-element_type=\"section\">\n\t\t\t\t\t\t<div class=\"elementor-container elementor-column-gap-no\">\n\t\t\t\t\t<div class=\"elementor-column elementor-col-33 elementor-inner-column elementor-element elementor-element-eacf0ff\" data-id=\"eacf0ff\" data-element_type=\"column\">\n\t\t\t<div class=\"elementor-widget-wrap elementor-element-populated\">\n\t\t\t\t\t\t<div class=\"elementor-element elementor-element-13d1fcb elementor-widget elementor-widget-heading\" data-id=\"13d1fcb\" data-element_type=\"widget\" data-widget_type=\"heading.default\">\n\t\t\t\t<div class=\"elementor-widget-container\">\n\t\t\t\t\t<h2 class=\"elementor-heading-title elementor-size-default\">Direcci\u00f3n<\/h2>\t\t\t\t<\/div>\n\t\t\t\t<\/div>\n\t\t\t\t<div class=\"elementor-element elementor-element-cfee166 elementor-widget elementor-widget-text-editor\" data-id=\"cfee166\" data-element_type=\"widget\" data-widget_type=\"text-editor.default\">\n\t\t\t\t<div class=\"elementor-widget-container\">\n\t\t\t\t\t\t\t\t\t<div class=\"item\">Madrid- Spain<\/div>\n<div class=\"item\"><strong>Muy pronto!<\/strong><\/div>\n\t\t\t\t\t\t\t\t<\/div>\n\t\t\t\t<\/div>\n\t\t\t\t\t<\/div>\n\t\t<\/div>\n\t\t\t\t<div class=\"elementor-column elementor-col-33 elementor-inner-column elementor-element elementor-element-290235e\" data-id=\"290235e\" data-element_type=\"column\">\n\t\t\t<div class=\"elementor-widget-wrap elementor-element-populated\">\n\t\t\t\t\t\t<div class=\"elementor-element elementor-element-e092800 elementor-widget elementor-widget-image\" data-id=\"e092800\" data-element_type=\"widget\" data-widget_type=\"image.default\">\n\t\t\t\t<div class=\"elementor-widget-container\">\n\t\t\t\t\t\t\t\t\t\t\t\t\t\t\t<img decoding=\"async\" width=\"1024\" height=\"768\" src=\"https:\/\/www.americanrider.net\/wp-content\/uploads\/2019\/02\/02-location-madrid-1024x768.jpg\" class=\"attachment-large size-large wp-image-4475\" alt=\"Madrid Location\" srcset=\"https:\/\/www.americanrider.net\/wp-content\/uploads\/2019\/02\/02-location-madrid.jpg 1024w, https:\/\/www.americanrider.net\/wp-content\/uploads\/2019\/02\/02-location-madrid-300x225.jpg 300w, https:\/\/www.americanrider.net\/wp-content\/uploads\/2019\/02\/02-location-madrid-768x576.jpg 768w, https:\/\/www.americanrider.net\/wp-content\/uploads\/2019\/02\/02-location-madrid-350x263.jpg 350w, https:\/\/www.americanrider.net\/wp-content\/uploads\/2019\/02\/02-location-madrid-600x450.jpg 600w\" sizes=\"(max-width: 1024px) 100vw, 1024px\" \/>\t\t\t\t\t\t\t\t\t\t\t\t\t\t\t<\/div>\n\t\t\t\t<\/div>\n\t\t\t\t\t<\/div>\n\t\t<\/div>\n\t\t\t\t<div class=\"elementor-column elementor-col-33 elementor-inner-column elementor-element elementor-element-6ef2654\" data-id=\"6ef2654\" data-element_type=\"column\">\n\t\t\t<div class=\"elementor-widget-wrap elementor-element-populated\">\n\t\t\t\t\t\t<div class=\"elementor-element elementor-element-834a901 elementor-widget elementor-widget-heading\" data-id=\"834a901\" data-element_type=\"widget\" data-widget_type=\"heading.default\">\n\t\t\t\t<div class=\"elementor-widget-container\">\n\t\t\t\t\t<h2 class=\"elementor-heading-title elementor-size-default\">Tel\u00e9fono e Email<\/h2>\t\t\t\t<\/div>\n\t\t\t\t<\/div>\n\t\t\t\t<div class=\"elementor-element elementor-element-2d943d8 elementor-widget elementor-widget-text-editor\" data-id=\"2d943d8\" data-element_type=\"widget\" data-widget_type=\"text-editor.default\">\n\t\t\t\t<div class=\"elementor-widget-container\">\n\t\t\t\t\t\t\t\t\t<div class=\"item\">rentals@americanrider.net<\/div><div class=\"item\">(+34) 659 408 263<\/div>\t\t\t\t\t\t\t\t<\/div>\n\t\t\t\t<\/div>\n\t\t\t\t\t<\/div>\n\t\t<\/div>\n\t\t\t\t\t<\/div>\n\t\t<\/section>\n\t\t\t\t\t<\/div>\n\t\t<\/div>\n\t\t\t\t\t<\/div>\n\t\t<\/section>\n\t\t\t\t<section class=\"elementor-section elementor-top-section elementor-element elementor-element-2035455 elementor-section-boxed elementor-section-height-default elementor-section-height-default\" data-id=\"2035455\" data-element_type=\"section\">\n\t\t\t\t\t\t<div class=\"elementor-container elementor-column-gap-default\">\n\t\t\t\t\t<div class=\"elementor-column elementor-col-100 elementor-top-column elementor-element elementor-element-4643154\" data-id=\"4643154\" data-element_type=\"column\">\n\t\t\t<div class=\"elementor-widget-wrap elementor-element-populated\">\n\t\t\t\t\t\t<div class=\"elementor-element elementor-element-3004d4a elementor-widget elementor-widget-ovacrs_service\" data-id=\"3004d4a\" data-element_type=\"widget\" data-widget_type=\"ovacrs_service.default\">\n\t\t\t\t<div class=\"elementor-widget-container\">\n\t\t\t\t\t<div class=\"ireca_service  style1 show_border\"><i class=\"flaticon-info\"><\/i><div class=\"content\"><h3>Informaci\u00f3n importante<\/h3><div class=\"desc\"><p>Para poder ofrecerle un mejor servicio, cont\u00e1ctenos para concertar una cita.<\/p><\/div><div class=\"line\"><\/div><\/div><\/div>\t\t\t\t<\/div>\n\t\t\t\t<\/div>\n\t\t\t\t\t<\/div>\n\t\t<\/div>\n\t\t\t\t\t<\/div>\n\t\t<\/section>\n\t\t\t\t<section class=\"elementor-section elementor-top-section elementor-element elementor-element-2fdfce1 elementor-section-boxed elementor-section-height-default elementor-section-height-default\" data-id=\"2fdfce1\" data-element_type=\"section\">\n\t\t\t\t\t\t<div class=\"elementor-container elementor-column-gap-default\">\n\t\t\t\t\t<div class=\"elementor-column elementor-col-100 elementor-top-column elementor-element elementor-element-478b71c\" data-id=\"478b71c\" data-element_type=\"column\">\n\t\t\t<div class=\"elementor-widget-wrap elementor-element-populated\">\n\t\t\t\t\t\t<div class=\"elementor-element elementor-element-f044913 elementor-widget elementor-widget-spacer\" data-id=\"f044913\" data-element_type=\"widget\" data-widget_type=\"spacer.default\">\n\t\t\t\t<div class=\"elementor-widget-container\">\n\t\t\t\t\t\t\t<div class=\"elementor-spacer\">\n\t\t\t<div class=\"elementor-spacer-inner\"><\/div>\n\t\t<\/div>\n\t\t\t\t\t\t<\/div>\n\t\t\t\t<\/div>\n\t\t\t\t\t<\/div>\n\t\t<\/div>\n\t\t\t\t\t<\/div>\n\t\t<\/section>\n\t\t\t\t<section class=\"elementor-section elementor-top-section elementor-element elementor-element-43f440e7 elementor-section-full_width elementor-section-height-default elementor-section-height-default\" data-id=\"43f440e7\" data-element_type=\"section\">\n\t\t\t\t\t\t<div class=\"elementor-container elementor-column-gap-no\">\n\t\t\t\t\t<div class=\"elementor-column elementor-col-100 elementor-top-column elementor-element elementor-element-5c1196d7\" data-id=\"5c1196d7\" data-element_type=\"column\">\n\t\t\t<div class=\"elementor-widget-wrap elementor-element-populated\">\n\t\t\t\t\t\t<div class=\"elementor-element elementor-element-2df4bbd0 elementor-widget elementor-widget-google_maps\" data-id=\"2df4bbd0\" data-element_type=\"widget\" data-widget_type=\"google_maps.default\">\n\t\t\t\t<div class=\"elementor-widget-container\">\n\t\t\t\t\t\t\t<div class=\"elementor-custom-embed\">\n\t\t\t<iframe loading=\"lazy\"\n\t\t\t\t\tsrc=\"https:\/\/maps.google.com\/maps?q=Madrid&#038;t=m&#038;z=12&#038;output=embed&#038;iwloc=near\"\n\t\t\t\t\ttitle=\"Madrid\"\n\t\t\t\t\taria-label=\"Madrid\"\n\t\t\t><\/iframe>\n\t\t<\/div>\n\t\t\t\t\t\t<\/div>\n\t\t\t\t<\/div>\n\t\t\t\t<section class=\"elementor-section elementor-inner-section elementor-element elementor-element-6758f61b elementor-section-content-middle elementor-section-boxed elementor-section-height-default elementor-section-height-default\" data-id=\"6758f61b\" data-element_type=\"section\">\n\t\t\t\t\t\t<div class=\"elementor-container elementor-column-gap-no\">\n\t\t\t\t\t<div class=\"elementor-column elementor-col-33 elementor-inner-column elementor-element elementor-element-75d8f63a\" data-id=\"75d8f63a\" data-element_type=\"column\">\n\t\t\t<div class=\"elementor-widget-wrap elementor-element-populated\">\n\t\t\t\t\t\t<div class=\"elementor-element elementor-element-1be75063 elementor-widget elementor-widget-heading\" data-id=\"1be75063\" data-element_type=\"widget\" data-widget_type=\"heading.default\">\n\t\t\t\t<div class=\"elementor-widget-container\">\n\t\t\t\t\t<h6 class=\"elementor-heading-title elementor-size-default\">Ubicaci\u00f3n<\/h6>\t\t\t\t<\/div>\n\t\t\t\t<\/div>\n\t\t\t\t<div class=\"elementor-element elementor-element-5d7e0174 elementor-widget elementor-widget-text-editor\" data-id=\"5d7e0174\" data-element_type=\"widget\" data-widget_type=\"text-editor.default\">\n\t\t\t\t<div class=\"elementor-widget-container\">\n\t\t\t\t\t\t\t\t\t<div class=\"item\">Madrid &#8211; Espa\u00f1a<\/div>\n<div class=\"item\"><strong>Muy pronto!<\/strong><\/div>\n\t\t\t\t\t\t\t\t<\/div>\n\t\t\t\t<\/div>\n\t\t\t\t\t<\/div>\n\t\t<\/div>\n\t\t\t\t<div class=\"elementor-column elementor-col-33 elementor-inner-column elementor-element elementor-element-1f562ec7\" data-id=\"1f562ec7\" data-element_type=\"column\">\n\t\t\t<div class=\"elementor-widget-wrap elementor-element-populated\">\n\t\t\t\t\t\t<div class=\"elementor-element elementor-element-75b37036 elementor-widget elementor-widget-heading\" data-id=\"75b37036\" data-element_type=\"widget\" data-widget_type=\"heading.default\">\n\t\t\t\t<div class=\"elementor-widget-container\">\n\t\t\t\t\t<h6 class=\"elementor-heading-title elementor-size-default\">Nuestro horario<\/h6>\t\t\t\t<\/div>\n\t\t\t\t<\/div>\n\t\t\t\t<div class=\"elementor-element elementor-element-19a1a329 elementor-widget elementor-widget-text-editor\" data-id=\"19a1a329\" data-element_type=\"widget\" data-widget_type=\"text-editor.default\">\n\t\t\t\t<div class=\"elementor-widget-container\">\n\t\t\t\t\t\t\t\t\t<div class=\"item\">Lun a Vi: 10:00-18:00<\/div>\n<div class=\"item\">Sab: 10:00-17:00 &#8211; Dom: Cerrado<\/div>\n\t\t\t\t\t\t\t\t<\/div>\n\t\t\t\t<\/div>\n\t\t\t\t\t<\/div>\n\t\t<\/div>\n\t\t\t\t<div class=\"elementor-column elementor-col-33 elementor-inner-column elementor-element elementor-element-f7a946\" data-id=\"f7a946\" data-element_type=\"column\">\n\t\t\t<div class=\"elementor-widget-wrap elementor-element-populated\">\n\t\t\t\t\t\t<div class=\"elementor-element elementor-element-4316cc7f elementor-widget elementor-widget-heading\" data-id=\"4316cc7f\" data-element_type=\"widget\" data-widget_type=\"heading.default\">\n\t\t\t\t<div class=\"elementor-widget-container\">\n\t\t\t\t\t<h6 class=\"elementor-heading-title elementor-size-default\">Contacto<\/h6>\t\t\t\t<\/div>\n\t\t\t\t<\/div>\n\t\t\t\t<div class=\"elementor-element elementor-element-b9fa0df elementor-widget elementor-widget-text-editor\" data-id=\"b9fa0df\" data-element_type=\"widget\" data-widget_type=\"text-editor.default\">\n\t\t\t\t<div class=\"elementor-widget-container\">\n\t\t\t\t\t\t\t\t\t<div class=\"item\">rentals@americanrider.net<\/div><div class=\"item\">(+34) 918 565 552<\/div>\t\t\t\t\t\t\t\t<\/div>\n\t\t\t\t<\/div>\n\t\t\t\t\t<\/div>\n\t\t<\/div>\n\t\t\t\t\t<\/div>\n\t\t<\/section>\n\t\t\t\t\t<\/div>\n\t\t<\/div>\n\t\t\t\t\t<\/div>\n\t\t<\/section>\n\t\t\t\t<\/div>\n\t\t","protected":false},"excerpt":{"rendered":"<p>Horario Lun a Vi: 10:00-18:00 Sab: 10:00-17:00 &#8211; Dom: Cerrado Direcci\u00f3n Madrid- Spain Muy pronto! Tel\u00e9fono e Email rentals@americanrider.net(+34) 659 408 263 Informaci\u00f3n importante Para poder ofrecerle un mejor servicio, cont\u00e1ctenos para concertar una cita. Ubicaci\u00f3n Madrid &#8211; Espa\u00f1a Muy pronto! Nuestro horario Lun a Vi: 10:00-18:00 Sab: 10:00-17:00 &#8211; Dom: Cerrado Contacto rentals@americanrider.net(+34) 918 [&hellip;]<\/p>\n","protected":false},"author":1,"featured_media":0,"parent":0,"menu_order":0,"comment_status":"closed","ping_status":"closed","template":"templates\/home.php","meta":{"footnotes":""},"class_list":["post-4799","page","type-page","status-publish","hentry"],"yoast_head":"<!-- This site is optimized with the Yoast SEO plugin v25.5 - https:\/\/yoast.com\/wordpress\/plugins\/seo\/ -->\n<title>Madrid - American Rider<\/title>\n<meta name=\"robots\" content=\"index, follow, max-snippet:-1, max-image-preview:large, max-video-preview:-1\" \/>\n<link rel=\"canonical\" href=\"https:\/\/www.americanrider.net\/es\/ubicacion-madrid\/\" \/>\n<meta property=\"og:locale\" content=\"es_ES\" \/>\n<meta property=\"og:type\" content=\"article\" \/>\n<meta property=\"og:title\" content=\"Madrid - American Rider\" \/>\n<meta property=\"og:description\" content=\"Horario Lun a Vi: 10:00-18:00 Sab: 10:00-17:00 &#8211; Dom: Cerrado Direcci\u00f3n Madrid- Spain Muy pronto! Tel\u00e9fono e Email rentals@americanrider.net(+34) 659 408 263 Informaci\u00f3n importante Para poder ofrecerle un mejor servicio, cont\u00e1ctenos para concertar una cita. Ubicaci\u00f3n Madrid &#8211; Espa\u00f1a Muy pronto! Nuestro horario Lun a Vi: 10:00-18:00 Sab: 10:00-17:00 &#8211; Dom: Cerrado Contacto rentals@americanrider.net(+34) 918 [&hellip;]\" \/>\n<meta property=\"og:url\" content=\"https:\/\/www.americanrider.net\/es\/ubicacion-madrid\/\" \/>\n<meta property=\"og:site_name\" content=\"American Rider\" \/>\n<meta property=\"article:modified_time\" content=\"2019-10-07T09:49:38+00:00\" \/>\n<meta property=\"og:image\" content=\"https:\/\/www.americanrider.net\/wp-content\/uploads\/2019\/02\/location-madrid.jpg\" \/>\n\t<meta property=\"og:image:width\" content=\"1024\" \/>\n\t<meta property=\"og:image:height\" content=\"768\" \/>\n\t<meta property=\"og:image:type\" content=\"image\/jpeg\" \/>\n<meta name=\"twitter:card\" content=\"summary_large_image\" \/>\n<script type=\"application\/ld+json\" class=\"yoast-schema-graph\">{\"@context\":\"https:\/\/schema.org\",\"@graph\":[{\"@type\":\"WebPage\",\"@id\":\"https:\/\/www.americanrider.net\/es\/ubicacion-madrid\/\",\"url\":\"https:\/\/www.americanrider.net\/es\/ubicacion-madrid\/\",\"name\":\"Madrid - American Rider\",\"isPartOf\":{\"@id\":\"https:\/\/www.americanrider.net\/es\/#website\"},\"primaryImageOfPage\":{\"@id\":\"https:\/\/www.americanrider.net\/es\/ubicacion-madrid\/#primaryimage\"},\"image\":{\"@id\":\"https:\/\/www.americanrider.net\/es\/ubicacion-madrid\/#primaryimage\"},\"thumbnailUrl\":\"https:\/\/www.americanrider.net\/wp-content\/uploads\/2019\/02\/location-madrid-1024x768.jpg\",\"datePublished\":\"2019-03-22T16:30:20+00:00\",\"dateModified\":\"2019-10-07T09:49:38+00:00\",\"breadcrumb\":{\"@id\":\"https:\/\/www.americanrider.net\/es\/ubicacion-madrid\/#breadcrumb\"},\"inLanguage\":\"es\",\"potentialAction\":[{\"@type\":\"ReadAction\",\"target\":[\"https:\/\/www.americanrider.net\/es\/ubicacion-madrid\/\"]}]},{\"@type\":\"ImageObject\",\"inLanguage\":\"es\",\"@id\":\"https:\/\/www.americanrider.net\/es\/ubicacion-madrid\/#primaryimage\",\"url\":\"https:\/\/www.americanrider.net\/wp-content\/uploads\/2019\/02\/location-madrid-1024x768.jpg\",\"contentUrl\":\"https:\/\/www.americanrider.net\/wp-content\/uploads\/2019\/02\/location-madrid-1024x768.jpg\"},{\"@type\":\"BreadcrumbList\",\"@id\":\"https:\/\/www.americanrider.net\/es\/ubicacion-madrid\/#breadcrumb\",\"itemListElement\":[{\"@type\":\"ListItem\",\"position\":1,\"name\":\"Home\",\"item\":\"https:\/\/www.americanrider.net\/es\/\"},{\"@type\":\"ListItem\",\"position\":2,\"name\":\"Madrid\"}]},{\"@type\":\"WebSite\",\"@id\":\"https:\/\/www.americanrider.net\/es\/#website\",\"url\":\"https:\/\/www.americanrider.net\/es\/\",\"name\":\"American Rider\",\"description\":\"Motorcycle Rentals and Tours\",\"publisher\":{\"@id\":\"https:\/\/www.americanrider.net\/es\/#organization\"},\"potentialAction\":[{\"@type\":\"SearchAction\",\"target\":{\"@type\":\"EntryPoint\",\"urlTemplate\":\"https:\/\/www.americanrider.net\/es\/?s={search_term_string}\"},\"query-input\":{\"@type\":\"PropertyValueSpecification\",\"valueRequired\":true,\"valueName\":\"search_term_string\"}}],\"inLanguage\":\"es\"},{\"@type\":\"Organization\",\"@id\":\"https:\/\/www.americanrider.net\/es\/#organization\",\"name\":\"American Rider\",\"url\":\"https:\/\/www.americanrider.net\/es\/\",\"logo\":{\"@type\":\"ImageObject\",\"inLanguage\":\"es\",\"@id\":\"https:\/\/www.americanrider.net\/es\/#\/schema\/logo\/image\/\",\"url\":\"https:\/\/www.americanrider.net\/wp-content\/uploads\/2018\/05\/logo-american-rider.png\",\"contentUrl\":\"https:\/\/www.americanrider.net\/wp-content\/uploads\/2018\/05\/logo-american-rider.png\",\"width\":694,\"height\":184,\"caption\":\"American Rider\"},\"image\":{\"@id\":\"https:\/\/www.americanrider.net\/es\/#\/schema\/logo\/image\/\"}}]}<\/script>\n<!-- \/ Yoast SEO plugin. -->","yoast_head_json":{"title":"Madrid - American Rider","robots":{"index":"index","follow":"follow","max-snippet":"max-snippet:-1","max-image-preview":"max-image-preview:large","max-video-preview":"max-video-preview:-1"},"canonical":"https:\/\/www.americanrider.net\/es\/ubicacion-madrid\/","og_locale":"es_ES","og_type":"article","og_title":"Madrid - American Rider","og_description":"Horario Lun a Vi: 10:00-18:00 Sab: 10:00-17:00 &#8211; Dom: Cerrado Direcci\u00f3n Madrid- Spain Muy pronto! Tel\u00e9fono e Email rentals@americanrider.net(+34) 659 408 263 Informaci\u00f3n importante Para poder ofrecerle un mejor servicio, cont\u00e1ctenos para concertar una cita. Ubicaci\u00f3n Madrid &#8211; Espa\u00f1a Muy pronto! Nuestro horario Lun a Vi: 10:00-18:00 Sab: 10:00-17:00 &#8211; Dom: Cerrado Contacto rentals@americanrider.net(+34) 918 [&hellip;]","og_url":"https:\/\/www.americanrider.net\/es\/ubicacion-madrid\/","og_site_name":"American Rider","article_modified_time":"2019-10-07T09:49:38+00:00","og_image":[{"width":1024,"height":768,"url":"https:\/\/www.americanrider.net\/wp-content\/uploads\/2019\/02\/location-madrid.jpg","type":"image\/jpeg"}],"twitter_card":"summary_large_image","schema":{"@context":"https:\/\/schema.org","@graph":[{"@type":"WebPage","@id":"https:\/\/www.americanrider.net\/es\/ubicacion-madrid\/","url":"https:\/\/www.americanrider.net\/es\/ubicacion-madrid\/","name":"Madrid - American Rider","isPartOf":{"@id":"https:\/\/www.americanrider.net\/es\/#website"},"primaryImageOfPage":{"@id":"https:\/\/www.americanrider.net\/es\/ubicacion-madrid\/#primaryimage"},"image":{"@id":"https:\/\/www.americanrider.net\/es\/ubicacion-madrid\/#primaryimage"},"thumbnailUrl":"https:\/\/www.americanrider.net\/wp-content\/uploads\/2019\/02\/location-madrid-1024x768.jpg","datePublished":"2019-03-22T16:30:20+00:00","dateModified":"2019-10-07T09:49:38+00:00","breadcrumb":{"@id":"https:\/\/www.americanrider.net\/es\/ubicacion-madrid\/#breadcrumb"},"inLanguage":"es","potentialAction":[{"@type":"ReadAction","target":["https:\/\/www.americanrider.net\/es\/ubicacion-madrid\/"]}]},{"@type":"ImageObject","inLanguage":"es","@id":"https:\/\/www.americanrider.net\/es\/ubicacion-madrid\/#primaryimage","url":"https:\/\/www.americanrider.net\/wp-content\/uploads\/2019\/02\/location-madrid-1024x768.jpg","contentUrl":"https:\/\/www.americanrider.net\/wp-content\/uploads\/2019\/02\/location-madrid-1024x768.jpg"},{"@type":"BreadcrumbList","@id":"https:\/\/www.americanrider.net\/es\/ubicacion-madrid\/#breadcrumb","itemListElement":[{"@type":"ListItem","position":1,"name":"Home","item":"https:\/\/www.americanrider.net\/es\/"},{"@type":"ListItem","position":2,"name":"Madrid"}]},{"@type":"WebSite","@id":"https:\/\/www.americanrider.net\/es\/#website","url":"https:\/\/www.americanrider.net\/es\/","name":"American Rider","description":"Motorcycle Rentals and Tours","publisher":{"@id":"https:\/\/www.americanrider.net\/es\/#organization"},"potentialAction":[{"@type":"SearchAction","target":{"@type":"EntryPoint","urlTemplate":"https:\/\/www.americanrider.net\/es\/?s={search_term_string}"},"query-input":{"@type":"PropertyValueSpecification","valueRequired":true,"valueName":"search_term_string"}}],"inLanguage":"es"},{"@type":"Organization","@id":"https:\/\/www.americanrider.net\/es\/#organization","name":"American Rider","url":"https:\/\/www.americanrider.net\/es\/","logo":{"@type":"ImageObject","inLanguage":"es","@id":"https:\/\/www.americanrider.net\/es\/#\/schema\/logo\/image\/","url":"https:\/\/www.americanrider.net\/wp-content\/uploads\/2018\/05\/logo-american-rider.png","contentUrl":"https:\/\/www.americanrider.net\/wp-content\/uploads\/2018\/05\/logo-american-rider.png","width":694,"height":184,"caption":"American Rider"},"image":{"@id":"https:\/\/www.americanrider.net\/es\/#\/schema\/logo\/image\/"}}]}},"_links":{"self":[{"href":"https:\/\/www.americanrider.net\/es\/wp-json\/wp\/v2\/pages\/4799","targetHints":{"allow":["GET"]}}],"collection":[{"href":"https:\/\/www.americanrider.net\/es\/wp-json\/wp\/v2\/pages"}],"about":[{"href":"https:\/\/www.americanrider.net\/es\/wp-json\/wp\/v2\/types\/page"}],"author":[{"embeddable":true,"href":"https:\/\/www.americanrider.net\/es\/wp-json\/wp\/v2\/users\/1"}],"replies":[{"embeddable":true,"href":"https:\/\/www.americanrider.net\/es\/wp-json\/wp\/v2\/comments?post=4799"}],"version-history":[{"count":0,"href":"https:\/\/www.americanrider.net\/es\/wp-json\/wp\/v2\/pages\/4799\/revisions"}],"wp:attachment":[{"href":"https:\/\/www.americanrider.net\/es\/wp-json\/wp\/v2\/media?parent=4799"}],"curies":[{"name":"wp","href":"https:\/\/api.w.org\/{rel}","templated":true}]}}