{"id":4755,"date":"2019-03-21T18:40:18","date_gmt":"2019-03-21T18:40:18","guid":{"rendered":"https:\/\/www.americanrider.eu\/nosotros\/"},"modified":"2019-04-09T15:57:08","modified_gmt":"2019-04-09T15:57:08","slug":"nosotros","status":"publish","type":"page","link":"https:\/\/www.americanrider.net\/es\/nosotros\/","title":{"rendered":"Nosotros"},"content":{"rendered":"\t\t<div data-elementor-type=\"wp-post\" data-elementor-id=\"4755\" class=\"elementor elementor-4755 elementor-1384 elementor-bc-flex-widget\">\n\t\t\t\t\t\t<section class=\"elementor-section elementor-top-section elementor-element elementor-element-2bc0e4d elementor-section-stretched elementor-section-full_width elementor-section-height-default elementor-section-height-default\" data-id=\"2bc0e4d\" data-element_type=\"section\" data-settings=\"{&quot;stretch_section&quot;:&quot;section-stretched&quot;}\">\n\t\t\t\t\t\t<div class=\"elementor-container elementor-column-gap-default\">\n\t\t\t\t\t<div class=\"elementor-column elementor-col-50 elementor-top-column elementor-element elementor-element-b15297c\" data-id=\"b15297c\" data-element_type=\"column\" data-settings=\"{&quot;background_background&quot;:&quot;classic&quot;}\">\n\t\t\t<div class=\"elementor-widget-wrap elementor-element-populated\">\n\t\t\t\t\t\t<div class=\"elementor-element elementor-element-50971cb elementor-widget elementor-widget-ovacrs_about_info\" data-id=\"50971cb\" data-element_type=\"widget\" data-widget_type=\"ovacrs_about_info.default\">\n\t\t\t\t<div class=\"elementor-widget-container\">\n\t\t\t\t\t<div class=\"ovacrs_about_info  text-right \"><div class=\"title\">Los viajes<\/div><div class=\"number\">1,109<\/div><\/div>\t\t\t\t<\/div>\n\t\t\t\t<\/div>\n\t\t\t\t\t<\/div>\n\t\t<\/div>\n\t\t\t\t<div class=\"elementor-column elementor-col-50 elementor-top-column elementor-element elementor-element-6dfcabd\" data-id=\"6dfcabd\" data-element_type=\"column\" data-settings=\"{&quot;background_background&quot;:&quot;classic&quot;}\">\n\t\t\t<div class=\"elementor-widget-wrap elementor-element-populated\">\n\t\t\t\t\t\t<div class=\"elementor-element elementor-element-dd0d2f1 elementor-widget elementor-widget-ovacrs_about_info\" data-id=\"dd0d2f1\" data-element_type=\"widget\" data-widget_type=\"ovacrs_about_info.default\">\n\t\t\t\t<div class=\"elementor-widget-container\">\n\t\t\t\t\t<div class=\"ovacrs_about_info  text-left \"><div class=\"title\">Clientes felices<\/div><div class=\"number\">7,010<\/div><\/div>\t\t\t\t<\/div>\n\t\t\t\t<\/div>\n\t\t\t\t\t<\/div>\n\t\t<\/div>\n\t\t\t\t\t<\/div>\n\t\t<\/section>\n\t\t\t\t<section class=\"elementor-section elementor-top-section elementor-element elementor-element-410517a elementor-section-boxed elementor-section-height-default elementor-section-height-default\" data-id=\"410517a\" data-element_type=\"section\">\n\t\t\t\t\t\t<div class=\"elementor-container elementor-column-gap-default\">\n\t\t\t\t\t<div class=\"elementor-column elementor-col-100 elementor-top-column elementor-element elementor-element-6623fb0\" data-id=\"6623fb0\" data-element_type=\"column\">\n\t\t\t<div class=\"elementor-widget-wrap elementor-element-populated\">\n\t\t\t\t\t\t<div class=\"elementor-element elementor-element-0ff5448 elementor-widget elementor-widget-ovacrs_divide\" data-id=\"0ff5448\" data-element_type=\"widget\" data-widget_type=\"ovacrs_divide.default\">\n\t\t\t\t<div class=\"elementor-widget-container\">\n\t\t\t\t\t<div class=\"ireca_devide \"><img decoding=\"async\" src=\"http:\/\/americanrider.eu\/wp-content\/uploads\/2019\/02\/BOCETO01.jpg\" alt=\"logo\" \/><\/div>\t\t\t\t<\/div>\n\t\t\t\t<\/div>\n\t\t\t\t\t<\/div>\n\t\t<\/div>\n\t\t\t\t\t<\/div>\n\t\t<\/section>\n\t\t\t\t<section class=\"elementor-section elementor-top-section elementor-element elementor-element-d0b2af2 elementor-section-boxed elementor-section-height-default elementor-section-height-default\" data-id=\"d0b2af2\" data-element_type=\"section\">\n\t\t\t\t\t\t<div class=\"elementor-container elementor-column-gap-default\">\n\t\t\t\t\t<div class=\"elementor-column elementor-col-100 elementor-top-column elementor-element elementor-element-920058b\" data-id=\"920058b\" data-element_type=\"column\">\n\t\t\t<div class=\"elementor-widget-wrap elementor-element-populated\">\n\t\t\t\t\t\t<div class=\"elementor-element elementor-element-f914db8 elementor-widget elementor-widget-text-editor\" data-id=\"f914db8\" data-element_type=\"widget\" data-widget_type=\"text-editor.default\">\n\t\t\t\t<div class=\"elementor-widget-container\">\n\t\t\t\t\t\t\t\t\t<p>\u00abSomos una familia global de entusiastas de las dos ruedas que hacen realidad los sue\u00f1os de todas las personas con la misma pasi\u00f3n y amor por las motocicletas y para disfrutar de los hermosos caminos de este mundo &#8230; Venga y \u00fanase a la familia global que es American Rider.\u00bb<\/p>\n<p><em><strong>FRAN MANEN<\/strong><\/em><\/p>\n\t\t\t\t\t\t\t\t<\/div>\n\t\t\t\t<\/div>\n\t\t\t\t\t<\/div>\n\t\t<\/div>\n\t\t\t\t\t<\/div>\n\t\t<\/section>\n\t\t\t\t<section class=\"elementor-section elementor-top-section elementor-element elementor-element-4ab80de elementor-section-stretched elementor-section-full_width elementor-section-height-default elementor-section-height-default\" data-id=\"4ab80de\" data-element_type=\"section\" data-settings=\"{&quot;stretch_section&quot;:&quot;section-stretched&quot;,&quot;background_background&quot;:&quot;classic&quot;}\">\n\t\t\t\t\t\t<div class=\"elementor-container elementor-column-gap-default\">\n\t\t\t\t\t<div class=\"elementor-column elementor-col-100 elementor-top-column elementor-element elementor-element-50ddc44\" data-id=\"50ddc44\" data-element_type=\"column\">\n\t\t\t<div class=\"elementor-widget-wrap elementor-element-populated\">\n\t\t\t\t\t\t<section class=\"elementor-section elementor-inner-section elementor-element elementor-element-dad61e7 elementor-section-boxed elementor-section-height-default elementor-section-height-default\" data-id=\"dad61e7\" data-element_type=\"section\">\n\t\t\t\t\t\t<div class=\"elementor-container elementor-column-gap-default\">\n\t\t\t\t\t<div class=\"elementor-column elementor-col-100 elementor-inner-column elementor-element elementor-element-fdd918c\" data-id=\"fdd918c\" data-element_type=\"column\">\n\t\t\t<div class=\"elementor-widget-wrap elementor-element-populated\">\n\t\t\t\t\t\t<div class=\"elementor-element elementor-element-22ea25b elementor-widget elementor-widget-shortcode\" data-id=\"22ea25b\" data-element_type=\"widget\" data-widget_type=\"shortcode.default\">\n\t\t\t\t<div class=\"elementor-widget-container\">\n\t\t\t\t\t\t\t<div class=\"elementor-shortcode\">\n<div class=\"wpcf7 no-js\" id=\"wpcf7-f1397-o1\" lang=\"en-US\" dir=\"ltr\" data-wpcf7-id=\"1397\">\n<div class=\"screen-reader-response\"><p role=\"status\" aria-live=\"polite\" aria-atomic=\"true\"><\/p> <ul><\/ul><\/div>\n<form action=\"\/es\/wp-json\/wp\/v2\/pages\/4755#wpcf7-f1397-o1\" method=\"post\" class=\"wpcf7-form init\" aria-label=\"Contact form\" novalidate=\"novalidate\" data-status=\"init\">\n<fieldset class=\"hidden-fields-container\"><input type=\"hidden\" name=\"_wpcf7\" value=\"1397\" \/><input type=\"hidden\" name=\"_wpcf7_version\" value=\"6.1\" \/><input type=\"hidden\" name=\"_wpcf7_locale\" value=\"en_US\" \/><input type=\"hidden\" name=\"_wpcf7_unit_tag\" value=\"wpcf7-f1397-o1\" \/><input type=\"hidden\" name=\"_wpcf7_container_post\" value=\"0\" \/><input type=\"hidden\" name=\"_wpcf7_posted_data_hash\" value=\"\" \/><input type=\"hidden\" name=\"_wpcf7cf_hidden_group_fields\" value=\"[]\" \/><input type=\"hidden\" name=\"_wpcf7cf_hidden_groups\" value=\"[]\" \/><input type=\"hidden\" name=\"_wpcf7cf_visible_groups\" value=\"[]\" \/><input type=\"hidden\" name=\"_wpcf7cf_repeaters\" value=\"[]\" \/><input type=\"hidden\" name=\"_wpcf7cf_steps\" value=\"{}\" \/><input type=\"hidden\" name=\"_wpcf7cf_options\" value=\"{&quot;form_id&quot;:1397,&quot;conditions&quot;:[],&quot;settings&quot;:{&quot;animation&quot;:&quot;yes&quot;,&quot;animation_intime&quot;:&quot;200&quot;,&quot;animation_outtime&quot;:&quot;200&quot;,&quot;conditions_ui&quot;:&quot;normal&quot;,&quot;notice_dismissed&quot;:&quot;&quot;,&quot;wpcf7cf_settings_saved&quot;:&quot;1&quot;,&quot;notice_dismissed_update-cf7-6.1&quot;:true}}\" \/>\n<\/fieldset>\n<div class=\"ireca_get_in_touch\">\n\t<h3 class=\"title\">Get in touch\n\t<\/h3>\n\t<div class=\"fields\">\n\t\t<p><label><span class=\"wpcf7-form-control-wrap\" data-name=\"your-name\"><input size=\"40\" maxlength=\"400\" class=\"wpcf7-form-control wpcf7-text wpcf7-validates-as-required\" aria-required=\"true\" aria-invalid=\"false\" placeholder=\"your-name\" value=\"\" type=\"text\" name=\"your-name\" \/><\/span> <\/label>\n\t\t<\/p>\n\t\t<p><label><span class=\"wpcf7-form-control-wrap\" data-name=\"your-email\"><input size=\"40\" maxlength=\"400\" class=\"wpcf7-form-control wpcf7-email wpcf7-validates-as-required wpcf7-text wpcf7-validates-as-email\" aria-required=\"true\" aria-invalid=\"false\" placeholder=\"email@company.com\" value=\"\" type=\"email\" name=\"your-email\" \/><\/span> <\/label>\n\t\t<\/p>\n\t\t<p><label><span class=\"wpcf7-form-control-wrap\" data-name=\"your-subject\"><input size=\"40\" maxlength=\"400\" class=\"wpcf7-form-control wpcf7-text\" aria-invalid=\"false\" placeholder=\"your-subject\" value=\"\" type=\"text\" name=\"your-subject\" \/><\/span> <\/label>\n\t\t<\/p>\n\t\t<p><label><span class=\"wpcf7-form-control-wrap\" data-name=\"your-message\"><textarea cols=\"40\" rows=\"10\" maxlength=\"2000\" class=\"wpcf7-form-control wpcf7-textarea\" aria-invalid=\"false\" placeholder=\"Your Message\" name=\"your-message\"><\/textarea><\/span> <\/label>\n\t\t<\/p>\n\t\t<p><input class=\"wpcf7-form-control wpcf7-submit has-spinner\" type=\"submit\" value=\"Send\" \/>\n\t\t<\/p>\n\t<\/div>\n<\/div><p style=\"display: none !important;\" class=\"akismet-fields-container\" data-prefix=\"_wpcf7_ak_\"><label>&#916;<textarea name=\"_wpcf7_ak_hp_textarea\" cols=\"45\" rows=\"8\" maxlength=\"100\"><\/textarea><\/label><input type=\"hidden\" id=\"ak_js_1\" name=\"_wpcf7_ak_js\" value=\"247\"\/><script>document.getElementById( \"ak_js_1\" ).setAttribute( \"value\", ( new Date() ).getTime() );<\/script><\/p><div class=\"wpcf7-response-output\" aria-hidden=\"true\"><\/div>\n<\/form>\n<\/div>\n<\/div>\n\t\t\t\t\t\t<\/div>\n\t\t\t\t<\/div>\n\t\t\t\t\t<\/div>\n\t\t<\/div>\n\t\t\t\t\t<\/div>\n\t\t<\/section>\n\t\t\t\t\t<\/div>\n\t\t<\/div>\n\t\t\t\t\t<\/div>\n\t\t<\/section>\n\t\t\t\t<section class=\"elementor-section elementor-top-section elementor-element elementor-element-ee4c150 elementor-section-boxed elementor-section-height-default elementor-section-height-default\" data-id=\"ee4c150\" data-element_type=\"section\">\n\t\t\t\t\t\t<div class=\"elementor-container elementor-column-gap-default\">\n\t\t\t\t\t<div class=\"elementor-column elementor-col-100 elementor-top-column elementor-element elementor-element-12c3a60\" data-id=\"12c3a60\" data-element_type=\"column\">\n\t\t\t<div class=\"elementor-widget-wrap elementor-element-populated\">\n\t\t\t\t\t\t<div class=\"elementor-element elementor-element-89f5174 elementor-widget elementor-widget-ovacrs_heading1\" data-id=\"89f5174\" data-element_type=\"widget\" data-widget_type=\"ovacrs_heading1.default\">\n\t\t\t\t<div class=\"elementor-widget-container\">\n\t\t\t\t\t<div class=\"ovacrs_heading1  style1  text-center border_yes\"><h3 class=\"title\"><span>Nuestro equipo<\/span><\/h3><div class=\"desc\"><p>Los miembros del equipo siempre est\u00e1n llenos de responsabilidad.<\/p><\/div><\/div>\t\t\t\t<\/div>\n\t\t\t\t<\/div>\n\t\t\t\t\t<\/div>\n\t\t<\/div>\n\t\t\t\t\t<\/div>\n\t\t<\/section>\n\t\t\t\t<section class=\"elementor-section elementor-top-section elementor-element elementor-element-290fcff7 elementor-section-boxed elementor-section-height-default elementor-section-height-default\" data-id=\"290fcff7\" data-element_type=\"section\">\n\t\t\t\t\t\t<div class=\"elementor-container elementor-column-gap-default\">\n\t\t\t\t\t<div class=\"elementor-column elementor-col-100 elementor-top-column elementor-element elementor-element-2438d1ba\" data-id=\"2438d1ba\" data-element_type=\"column\">\n\t\t\t<div class=\"elementor-widget-wrap elementor-element-populated\">\n\t\t\t\t\t\t<div class=\"elementor-element elementor-element-29de76f3 elementor-widget elementor-widget-ovacrs_team\" data-id=\"29de76f3\" data-element_type=\"widget\" data-widget_type=\"ovacrs_team.default\">\n\t\t\t\t<div class=\"elementor-widget-container\">\n\t\t\t\t\t<div class=\"ovacrs_team owl-carousel \" data-loop=\"true\" data-auto_slider=\"true\" data-duration=\"3000\" data-pagination=\"true\" data-count=\"4\" data-count_ipad=\"2\" data-count_mobile=\"1\" ><div class=\"item \"><img decoding=\"async\" src=\"http:\/\/americanrider.eu\/wp-content\/uploads\/2019\/02\/fran_manen.jpg\" alt=\"Fran Manen\"><div class=\"name\"><a href=\"#\" target=\"_self\">Fran Manen<\/a><\/div><div class=\"job\">Managing Director<\/div><div class=\"desc\"><\/div><\/div><div class=\"item \"><img decoding=\"async\" src=\"http:\/\/americanrider.eu\/wp-content\/uploads\/2019\/02\/chema_navarta.jpg\" alt=\"Chema Navarta\"><div class=\"name\"><a href=\"#\" target=\"_self\">Chema Navarta<\/a><\/div><div class=\"job\">Marketing<\/div><div class=\"desc\"><\/div><\/div><div class=\"item \"><img decoding=\"async\" src=\"http:\/\/demo.ovathemes.com\/ireca\/wp-content\/uploads\/2018\/06\/team3.jpg\" alt=\"Ray Pereira\"><div class=\"name\"><a href=\"#\" target=\"_self\">Ray Pereira<\/a><\/div><div class=\"job\">Guide & USA manager<\/div><div class=\"desc\"><\/div><\/div><div class=\"item \"><img decoding=\"async\" src=\"http:\/\/americanrider.eu\/wp-content\/uploads\/2019\/02\/geroge_ranney.jpg\" alt=\"George Ranney\"><div class=\"name\"><a href=\"#\" target=\"_self\">George Ranney<\/a><\/div><div class=\"job\">USA Director<\/div><div class=\"desc\"><\/div><\/div><div class=\"item \"><img decoding=\"async\" src=\"http:\/\/demo.ovathemes.com\/ireca\/wp-content\/uploads\/2018\/06\/team2.jpg\" alt=\"Ken Rod\"><div class=\"name\"><a href=\"#\" target=\"_self\">Ken Rod<\/a><\/div><div class=\"job\">USA Guide<\/div><div class=\"desc\"><\/div><\/div><div class=\"item \"><img decoding=\"async\" src=\"http:\/\/americanrider.eu\/wp-content\/uploads\/2018\/06\/team1.jpg\" alt=\"Craig Oliver\"><div class=\"name\"><a href=\"#\" target=\"_self\">Craig Oliver<\/a><\/div><div class=\"job\">Guide<\/div><div class=\"desc\"><\/div><\/div><\/div>\t\t\t\t<\/div>\n\t\t\t\t<\/div>\n\t\t\t\t\t<\/div>\n\t\t<\/div>\n\t\t\t\t\t<\/div>\n\t\t<\/section>\n\t\t\t\t<\/div>\n\t\t","protected":false},"excerpt":{"rendered":"<p>Los viajes1,109 Clientes felices7,010 \u00abSomos una familia global de entusiastas de las dos ruedas que hacen realidad los sue\u00f1os de todas las personas con la misma pasi\u00f3n y amor por las motocicletas y para disfrutar de los hermosos caminos de este mundo &#8230; Venga y \u00fanase a la familia global que es American Rider.\u00bb FRAN [&hellip;]<\/p>\n","protected":false},"author":1,"featured_media":0,"parent":0,"menu_order":0,"comment_status":"closed","ping_status":"closed","template":"templates\/home.php","meta":{"footnotes":""},"class_list":["post-4755","page","type-page","status-publish","hentry"],"yoast_head":"<!-- This site is optimized with the Yoast SEO plugin v25.5 - https:\/\/yoast.com\/wordpress\/plugins\/seo\/ -->\n<title>Nosotros - American Rider<\/title>\n<meta name=\"robots\" content=\"index, follow, max-snippet:-1, max-image-preview:large, max-video-preview:-1\" \/>\n<link rel=\"canonical\" href=\"https:\/\/www.americanrider.net\/es\/nosotros\/\" \/>\n<meta property=\"og:locale\" content=\"es_ES\" \/>\n<meta property=\"og:type\" content=\"article\" \/>\n<meta property=\"og:title\" content=\"Nosotros - American Rider\" \/>\n<meta property=\"og:description\" content=\"Los viajes1,109 Clientes felices7,010 \u00abSomos una familia global de entusiastas de las dos ruedas que hacen realidad los sue\u00f1os de todas las personas con la misma pasi\u00f3n y amor por las motocicletas y para disfrutar de los hermosos caminos de este mundo &#8230; Venga y \u00fanase a la familia global que es American Rider.\u00bb FRAN [&hellip;]\" \/>\n<meta property=\"og:url\" content=\"https:\/\/www.americanrider.net\/es\/nosotros\/\" \/>\n<meta property=\"og:site_name\" content=\"American Rider\" \/>\n<meta property=\"article:modified_time\" content=\"2019-04-09T15:57:08+00:00\" \/>\n<meta property=\"og:image\" content=\"http:\/\/americanrider.eu\/wp-content\/uploads\/2019\/02\/BOCETO01.jpg\" \/>\n<meta name=\"twitter:card\" content=\"summary_large_image\" \/>\n<script type=\"application\/ld+json\" class=\"yoast-schema-graph\">{\"@context\":\"https:\/\/schema.org\",\"@graph\":[{\"@type\":\"WebPage\",\"@id\":\"https:\/\/www.americanrider.net\/es\/nosotros\/\",\"url\":\"https:\/\/www.americanrider.net\/es\/nosotros\/\",\"name\":\"Nosotros - American Rider\",\"isPartOf\":{\"@id\":\"https:\/\/www.americanrider.net\/es\/#website\"},\"primaryImageOfPage\":{\"@id\":\"https:\/\/www.americanrider.net\/es\/nosotros\/#primaryimage\"},\"image\":{\"@id\":\"https:\/\/www.americanrider.net\/es\/nosotros\/#primaryimage\"},\"thumbnailUrl\":\"http:\/\/americanrider.eu\/wp-content\/uploads\/2019\/02\/BOCETO01.jpg\",\"datePublished\":\"2019-03-21T18:40:18+00:00\",\"dateModified\":\"2019-04-09T15:57:08+00:00\",\"breadcrumb\":{\"@id\":\"https:\/\/www.americanrider.net\/es\/nosotros\/#breadcrumb\"},\"inLanguage\":\"es\",\"potentialAction\":[{\"@type\":\"ReadAction\",\"target\":[\"https:\/\/www.americanrider.net\/es\/nosotros\/\"]}]},{\"@type\":\"ImageObject\",\"inLanguage\":\"es\",\"@id\":\"https:\/\/www.americanrider.net\/es\/nosotros\/#primaryimage\",\"url\":\"http:\/\/americanrider.eu\/wp-content\/uploads\/2019\/02\/BOCETO01.jpg\",\"contentUrl\":\"http:\/\/americanrider.eu\/wp-content\/uploads\/2019\/02\/BOCETO01.jpg\"},{\"@type\":\"BreadcrumbList\",\"@id\":\"https:\/\/www.americanrider.net\/es\/nosotros\/#breadcrumb\",\"itemListElement\":[{\"@type\":\"ListItem\",\"position\":1,\"name\":\"Home\",\"item\":\"https:\/\/www.americanrider.net\/es\/\"},{\"@type\":\"ListItem\",\"position\":2,\"name\":\"Nosotros\"}]},{\"@type\":\"WebSite\",\"@id\":\"https:\/\/www.americanrider.net\/es\/#website\",\"url\":\"https:\/\/www.americanrider.net\/es\/\",\"name\":\"American Rider\",\"description\":\"Motorcycle Rentals and Tours\",\"publisher\":{\"@id\":\"https:\/\/www.americanrider.net\/es\/#organization\"},\"potentialAction\":[{\"@type\":\"SearchAction\",\"target\":{\"@type\":\"EntryPoint\",\"urlTemplate\":\"https:\/\/www.americanrider.net\/es\/?s={search_term_string}\"},\"query-input\":{\"@type\":\"PropertyValueSpecification\",\"valueRequired\":true,\"valueName\":\"search_term_string\"}}],\"inLanguage\":\"es\"},{\"@type\":\"Organization\",\"@id\":\"https:\/\/www.americanrider.net\/es\/#organization\",\"name\":\"American Rider\",\"url\":\"https:\/\/www.americanrider.net\/es\/\",\"logo\":{\"@type\":\"ImageObject\",\"inLanguage\":\"es\",\"@id\":\"https:\/\/www.americanrider.net\/es\/#\/schema\/logo\/image\/\",\"url\":\"https:\/\/www.americanrider.net\/wp-content\/uploads\/2018\/05\/logo-american-rider.png\",\"contentUrl\":\"https:\/\/www.americanrider.net\/wp-content\/uploads\/2018\/05\/logo-american-rider.png\",\"width\":694,\"height\":184,\"caption\":\"American Rider\"},\"image\":{\"@id\":\"https:\/\/www.americanrider.net\/es\/#\/schema\/logo\/image\/\"}}]}<\/script>\n<!-- \/ Yoast SEO plugin. -->","yoast_head_json":{"title":"Nosotros - American Rider","robots":{"index":"index","follow":"follow","max-snippet":"max-snippet:-1","max-image-preview":"max-image-preview:large","max-video-preview":"max-video-preview:-1"},"canonical":"https:\/\/www.americanrider.net\/es\/nosotros\/","og_locale":"es_ES","og_type":"article","og_title":"Nosotros - American Rider","og_description":"Los viajes1,109 Clientes felices7,010 \u00abSomos una familia global de entusiastas de las dos ruedas que hacen realidad los sue\u00f1os de todas las personas con la misma pasi\u00f3n y amor por las motocicletas y para disfrutar de los hermosos caminos de este mundo &#8230; Venga y \u00fanase a la familia global que es American Rider.\u00bb FRAN [&hellip;]","og_url":"https:\/\/www.americanrider.net\/es\/nosotros\/","og_site_name":"American Rider","article_modified_time":"2019-04-09T15:57:08+00:00","og_image":[{"url":"http:\/\/americanrider.eu\/wp-content\/uploads\/2019\/02\/BOCETO01.jpg","type":"","width":"","height":""}],"twitter_card":"summary_large_image","schema":{"@context":"https:\/\/schema.org","@graph":[{"@type":"WebPage","@id":"https:\/\/www.americanrider.net\/es\/nosotros\/","url":"https:\/\/www.americanrider.net\/es\/nosotros\/","name":"Nosotros - American Rider","isPartOf":{"@id":"https:\/\/www.americanrider.net\/es\/#website"},"primaryImageOfPage":{"@id":"https:\/\/www.americanrider.net\/es\/nosotros\/#primaryimage"},"image":{"@id":"https:\/\/www.americanrider.net\/es\/nosotros\/#primaryimage"},"thumbnailUrl":"http:\/\/americanrider.eu\/wp-content\/uploads\/2019\/02\/BOCETO01.jpg","datePublished":"2019-03-21T18:40:18+00:00","dateModified":"2019-04-09T15:57:08+00:00","breadcrumb":{"@id":"https:\/\/www.americanrider.net\/es\/nosotros\/#breadcrumb"},"inLanguage":"es","potentialAction":[{"@type":"ReadAction","target":["https:\/\/www.americanrider.net\/es\/nosotros\/"]}]},{"@type":"ImageObject","inLanguage":"es","@id":"https:\/\/www.americanrider.net\/es\/nosotros\/#primaryimage","url":"http:\/\/americanrider.eu\/wp-content\/uploads\/2019\/02\/BOCETO01.jpg","contentUrl":"http:\/\/americanrider.eu\/wp-content\/uploads\/2019\/02\/BOCETO01.jpg"},{"@type":"BreadcrumbList","@id":"https:\/\/www.americanrider.net\/es\/nosotros\/#breadcrumb","itemListElement":[{"@type":"ListItem","position":1,"name":"Home","item":"https:\/\/www.americanrider.net\/es\/"},{"@type":"ListItem","position":2,"name":"Nosotros"}]},{"@type":"WebSite","@id":"https:\/\/www.americanrider.net\/es\/#website","url":"https:\/\/www.americanrider.net\/es\/","name":"American Rider","description":"Motorcycle Rentals and Tours","publisher":{"@id":"https:\/\/www.americanrider.net\/es\/#organization"},"potentialAction":[{"@type":"SearchAction","target":{"@type":"EntryPoint","urlTemplate":"https:\/\/www.americanrider.net\/es\/?s={search_term_string}"},"query-input":{"@type":"PropertyValueSpecification","valueRequired":true,"valueName":"search_term_string"}}],"inLanguage":"es"},{"@type":"Organization","@id":"https:\/\/www.americanrider.net\/es\/#organization","name":"American Rider","url":"https:\/\/www.americanrider.net\/es\/","logo":{"@type":"ImageObject","inLanguage":"es","@id":"https:\/\/www.americanrider.net\/es\/#\/schema\/logo\/image\/","url":"https:\/\/www.americanrider.net\/wp-content\/uploads\/2018\/05\/logo-american-rider.png","contentUrl":"https:\/\/www.americanrider.net\/wp-content\/uploads\/2018\/05\/logo-american-rider.png","width":694,"height":184,"caption":"American Rider"},"image":{"@id":"https:\/\/www.americanrider.net\/es\/#\/schema\/logo\/image\/"}}]}},"_links":{"self":[{"href":"https:\/\/www.americanrider.net\/es\/wp-json\/wp\/v2\/pages\/4755","targetHints":{"allow":["GET"]}}],"collection":[{"href":"https:\/\/www.americanrider.net\/es\/wp-json\/wp\/v2\/pages"}],"about":[{"href":"https:\/\/www.americanrider.net\/es\/wp-json\/wp\/v2\/types\/page"}],"author":[{"embeddable":true,"href":"https:\/\/www.americanrider.net\/es\/wp-json\/wp\/v2\/users\/1"}],"replies":[{"embeddable":true,"href":"https:\/\/www.americanrider.net\/es\/wp-json\/wp\/v2\/comments?post=4755"}],"version-history":[{"count":0,"href":"https:\/\/www.americanrider.net\/es\/wp-json\/wp\/v2\/pages\/4755\/revisions"}],"wp:attachment":[{"href":"https:\/\/www.americanrider.net\/es\/wp-json\/wp\/v2\/media?parent=4755"}],"curies":[{"name":"wp","href":"https:\/\/api.w.org\/{rel}","templated":true}]}}